{"id":9422,"date":"2024-08-16T19:49:26","date_gmt":"2024-08-17T02:49:26","guid":{"rendered":"https:\/\/www.recyclemachine.net\/?page_id=9422"},"modified":"2024-08-16T19:49:27","modified_gmt":"2024-08-17T02:49:27","slug":"ayirici-ekipman-genel-bakis","status":"publish","type":"page","link":"https:\/\/www.recyclemachine.net\/tr\/ayirici-ekipman-genel-bakis\/","title":{"rendered":"Ay\u0131r\u0131c\u0131 Ekipman Genel Bak\u0131\u015f\u0131"},"content":{"rendered":"<h3 class=\"wp-block-heading\">Ay\u0131r\u0131c\u0131 Ekipman Genel Bak\u0131\u015f\u0131<\/h3>\n\n\n\n<p><strong>Ay\u0131r\u0131c\u0131 ekipman<\/strong> \u00d6zellikle geri d\u00f6n\u00fc\u015f\u00fcm ve at\u0131k y\u00f6netiminde \u00e7e\u015fitli end\u00fcstrilerde, yo\u011funluk, manyetizma ve par\u00e7ac\u0131k boyutu gibi fiziksel \u00f6zelliklerine g\u00f6re malzemeleri ay\u0131rma ve ay\u0131rmada hayati bir rol oynad\u0131\u011f\u0131 i\u00e7in \u00f6nemlidir. Bu ekipman, i\u015fleme operasyonlar\u0131n\u0131n verimlili\u011fini ve etkinli\u011fini art\u0131rmak, farkl\u0131 malzemelerin daha fazla i\u015fleme veya bertaraf i\u00e7in do\u011fru \u015fekilde s\u0131ralanmas\u0131n\u0131 sa\u011flamak i\u00e7in tasarlanm\u0131\u015ft\u0131r.<\/p>\n\n\n\n<h4 class=\"wp-block-heading\">Ay\u0131r\u0131c\u0131 Ekipman \u00c7e\u015fitleri:<\/h4>\n\n\n\n<ol class=\"wp-block-list\">\n<li><strong>Manyetik Ay\u0131r\u0131c\u0131lar<\/strong>:<\/li>\n<\/ol>\n\n\n\n<ul class=\"wp-block-list\">\n<li>At\u0131k ak\u0131mlar\u0131ndan demirli metalleri uzakla\u015ft\u0131rmak i\u00e7in kullan\u0131l\u0131r.<\/li>\n\n\n\n<li>Geri d\u00f6n\u00fc\u015f\u00fcm tesislerinde demir ve \u00e7eli\u011fin di\u011fer malzemelerden ayr\u0131lmas\u0131 i\u00e7in idealdir.<\/li>\n<\/ul>\n\n\n\n<ol class=\"wp-block-list\">\n<li><strong>Girdap Ak\u0131m\u0131 Ay\u0131r\u0131c\u0131lar\u0131<\/strong>:<\/li>\n<\/ol>\n\n\n\n<ul class=\"wp-block-list\">\n<li>Al\u00fcminyum ve bak\u0131r gibi demir d\u0131\u015f\u0131 metalleri di\u011fer at\u0131k maddelerden ay\u0131rmak i\u00e7in kullan\u0131l\u0131r.<\/li>\n\n\n\n<li>At\u0131k ak\u0131\u015f\u0131ndan metalleri iten bir elektrik ak\u0131m\u0131 olu\u015fturarak \u00e7al\u0131\u015f\u0131r.<\/li>\n<\/ul>\n\n\n\n<ol class=\"wp-block-list\">\n<li><strong><a href=\"https:\/\/www.recyclemachine.net\/tr\/zig-zag-havali-siniflandirici-en-iyi-sekilde-hassas-ayiklama\/html\/\" data-type=\"post\" data-id=\"7675\">Hava S\u0131n\u0131fland\u0131r\u0131c\u0131lar\u0131<\/a><\/strong>:<\/li>\n<\/ol>\n\n\n\n<ul class=\"wp-block-list\">\n<li>Hava ak\u0131m\u0131n\u0131 kullanarak malzemeleri yo\u011funluklar\u0131na g\u00f6re ay\u0131r\u0131r.<\/li>\n\n\n\n<li>Genellikle plastik gibi hafif malzemeleri cam veya metal gibi daha a\u011f\u0131r olanlardan ay\u0131rmak i\u00e7in kullan\u0131l\u0131r.<\/li>\n<\/ul>\n\n\n\n<ol class=\"wp-block-list\">\n<li><strong>Bat\u0131rma\/Y\u00fczd\u00fcrme Ay\u0131rma Tanklar\u0131<\/strong>:<\/li>\n<\/ol>\n\n\n\n<ul class=\"wp-block-list\">\n<li>\u00d6zellikle plastik geri d\u00f6n\u00fc\u015f\u00fcm\u00fc i\u00e7in tasarlanm\u0131\u015ft\u0131r.<\/li>\n\n\n\n<li>Malzemelerin suya dald\u0131r\u0131lmas\u0131yla \u00e7al\u0131\u015f\u0131r, b\u00f6ylece daha a\u011f\u0131r kirleticiler batar ve daha hafif plastikler kolayca ayr\u0131larak y\u00fczer.<\/li>\n<\/ul>\n\n\n\n<ol class=\"wp-block-list\">\n<li><strong><a href=\"https:\/\/www.recyclemachine.net\/tr\/plastik-sise-etiketi-cikarma-makinesi\/html\/\" data-type=\"post\" data-id=\"7670\">Etiket \u00c7\u0131kar\u0131c\u0131lar<\/a><\/strong>:<\/li>\n<\/ol>\n\n\n\n<ul class=\"wp-block-list\">\n<li>Plastik \u015fi\u015felerin geri d\u00f6n\u00fc\u015f\u00fcm\u00fcnde olmazsa olmaz olan bu makineler, etiket ve yap\u0131\u015ft\u0131r\u0131c\u0131lar\u0131 temizleyerek geri d\u00f6n\u00fc\u015ft\u00fcr\u00fclen malzemenin safl\u0131\u011f\u0131n\u0131 koruyor.<\/li>\n<\/ul>\n\n\n\n<ol class=\"wp-block-list\">\n<li><strong>Balyalay\u0131c\u0131lar<\/strong>:<\/li>\n<\/ol>\n\n\n\n<ul class=\"wp-block-list\">\n<li>Geri d\u00f6n\u00fc\u015ft\u00fcr\u00fclebilir malzemelerin balyalar\u0131n\u0131 par\u00e7alayarak daha ileri i\u015flemlere haz\u0131rlamak i\u00e7in kullan\u0131l\u0131r.<\/li>\n<\/ul>\n\n\n\n<h3 class=\"wp-block-heading\">Uygulamalar ve Avantajlar:<\/h3>\n\n\n\n<ul class=\"wp-block-list\">\n<li><strong>Geri D\u00f6n\u00fc\u015f\u00fcm Sekt\u00f6r\u00fc<\/strong>: Ay\u0131r\u0131c\u0131 ekipman, PET \u015fi\u015feleri, elektronik at\u0131klar\u0131 ve di\u011fer geri d\u00f6n\u00fc\u015ft\u00fcr\u00fclebilir malzemeleri i\u015flemek i\u00e7in \u00e7ok \u00f6nemlidir. Malzemelerin verimli geri d\u00f6n\u00fc\u015f\u00fcm i\u00e7in temiz bir \u015fekilde ayr\u0131lmas\u0131n\u0131 sa\u011flar.<\/li>\n\n\n\n<li><strong>At\u0131k Y\u00f6netimi<\/strong>: Belediye ve end\u00fcstriyel at\u0131k ak\u0131\u015flar\u0131nda ay\u0131r\u0131c\u0131lar de\u011ferli malzemelerin geri kazan\u0131lmas\u0131na, depolama at\u0131klar\u0131n\u0131n azalt\u0131lmas\u0131na ve \u00e7evresel s\u00fcrd\u00fcr\u00fclebilirli\u011fin desteklenmesine yard\u0131mc\u0131 olur.<\/li>\n\n\n\n<li><strong>Malzeme Geri Kazan\u0131m\u0131<\/strong>:Bu makineler, yeniden kullan\u0131labilen malzemelerin geri kazan\u0131lmas\u0131n\u0131 sa\u011flayarak, bakir kaynaklara olan ihtiyac\u0131 azalt\u0131r ve \u00e7evresel etkiyi en aza indirir.<\/li>\n<\/ul>\n\n\n\n<h3 class=\"wp-block-heading\">\u00d6zelle\u015ftirme ve Entegrasyon:<\/h3>\n\n\n\n<p>Modern ay\u0131r\u0131c\u0131 ekipmanlar, farkl\u0131 end\u00fcstrilerin \u00f6zel ihtiya\u00e7lar\u0131n\u0131 kar\u015f\u0131lamak \u00fczere \u00f6zelle\u015ftirilebilir. Bu sistemler genellikle verimlili\u011fi ve \u00e7\u0131kt\u0131y\u0131 en \u00fcst d\u00fczeye \u00e7\u0131karan kusursuz bir operasyon olu\u015fturmak i\u00e7in di\u011fer i\u015fleme ekipmanlar\u0131yla entegre edilir. Otomatik kontroller ve ger\u00e7ek zamanl\u0131 izleme, i\u015f\u00e7ilik maliyetlerini azaltmaya ve ay\u0131rma s\u00fcre\u00e7lerinde do\u011frulu\u011fu art\u0131rmaya yard\u0131mc\u0131 olan yayg\u0131n \u00f6zelliklerdir.<\/p>","protected":false},"excerpt":{"rendered":"<p>Ay\u0131r\u0131c\u0131 Ekipman Genel Bilgisi Ay\u0131r\u0131c\u0131 ekipman, \u00f6zellikle geri d\u00f6n\u00fc\u015f\u00fcm ve at\u0131k y\u00f6netimi sekt\u00f6rlerinde \u00e7e\u015fitli sanayilerde hayati \u00f6neme sahiptir. Bu ekipman, malzemelerin yo\u011funluk, manyetizma ve partik\u00fcl boyutlar\u0131na g\u00f6re fiziksel \u00f6zelliklerine g\u00f6re s\u0131n\u0131fland\u0131rma ve ay\u0131rma i\u015flemlerinde kritik bir rol oynar. Bu ekipman, i\u015fleme operasyonlar\u0131n\u0131n verimlili\u011fini ve etkisini art\u0131rmak i\u00e7in tasarlanm\u0131\u015ft\u0131r, farkl\u0131 \u2026 <a href=\"https:\/\/www.recyclemachine.net\/tr\/ayirici-ekipman-genel-bakis\/\" class=\"more-link\">okumaya devam et <span class=\"screen-reader-text\">Ay\u0131r\u0131c\u0131 Ekipman Genel Bak\u0131\u015f\u0131<\/span><\/a><\/p>","protected":false},"author":1,"featured_media":9425,"parent":0,"menu_order":0,"comment_status":"closed","ping_status":"closed","template":"","meta":{"footnotes":""},"class_list":["post-9422","page","type-page","status-publish","has-post-thumbnail","hentry"],"tsf_title":"Separator Equipment Overview &#x2d; Premium Plastic Recycling Machines","tsf_description":"Discover advanced separator equipment for recycling and waste management. Improve sorting, increase efficiency, and support sustainability with custom solutions.","_links":{"self":[{"href":"https:\/\/www.recyclemachine.net\/tr\/wp-json\/wp\/v2\/pages\/9422","targetHints":{"allow":["GET"]}}],"collection":[{"href":"https:\/\/www.recyclemachine.net\/tr\/wp-json\/wp\/v2\/pages"}],"about":[{"href":"https:\/\/www.recyclemachine.net\/tr\/wp-json\/wp\/v2\/types\/page"}],"author":[{"embeddable":true,"href":"https:\/\/www.recyclemachine.net\/tr\/wp-json\/wp\/v2\/users\/1"}],"replies":[{"embeddable":true,"href":"https:\/\/www.recyclemachine.net\/tr\/wp-json\/wp\/v2\/comments?post=9422"}],"version-history":[{"count":0,"href":"https:\/\/www.recyclemachine.net\/tr\/wp-json\/wp\/v2\/pages\/9422\/revisions"}],"wp:featuredmedia":[{"embeddable":true,"href":"https:\/\/www.recyclemachine.net\/tr\/wp-json\/wp\/v2\/media\/9425"}],"wp:attachment":[{"href":"https:\/\/www.recyclemachine.net\/tr\/wp-json\/wp\/v2\/media?parent=9422"}],"curies":[{"name":"wp","href":"https:\/\/api.w.org\/{rel}","templated":true}]}}