{"id":8324,"date":"2024-03-15T04:26:09","date_gmt":"2024-03-15T11:26:09","guid":{"rendered":"https:\/\/recyclemachine.net\/?page_id=8324"},"modified":"2024-03-15T04:26:09","modified_gmt":"2024-03-15T11:26:09","slug":"sartlar-ve-kosullar","status":"publish","type":"page","link":"https:\/\/www.recyclemachine.net\/tr\/sartlar-ve-kosullar\/","title":{"rendered":"\u015fartlar ve ko\u015fullar"},"content":{"rendered":"<p>Bu belge, bu web sitesinde bulunan t\u00fcm i\u00e7erik, hizmetler ve \u00fcr\u00fcnler de dahil olmak \u00fczere, bu web sitesini kullan\u0131m\u0131n\u0131z\u0131 d\u00fczenleyen \u015fart ve ko\u015fullar\u0131 ortaya koymaktad\u0131r. Web sitesinin sahibi ve i\u015fleticisi <a href=\"https:\/\/www.recyclemachine.net\/tr\/\">Rumtoo Machinery Co, LTD<\/a>. Web sitesini kullanman\u0131z, t\u00fcm bu \u015fart ve ko\u015fullar\u0131n yan\u0131 s\u0131ra di\u011fer i\u015fletim kurallar\u0131 ve politikalar\u0131n\u0131 (Rumtoo Machinery Co., LTD&#039;nin kurallar\u0131 dahil ancak bunlarla s\u0131n\u0131rl\u0131 olmamak \u00fczere) hi\u00e7bir de\u011fi\u015fiklik yapmadan kabul etmenize ba\u011fl\u0131d\u0131r. <a href=\"https:\/\/www.recyclemachine.net\/tr\/gizlilik-politikasi\/\">Gizlilik Politikas\u0131<\/a>) ve Rumtoo Machinery Co., LTD&#039;nin zaman zaman bu sitede yay\u0131nlayabilece\u011fi prosed\u00fcrler (topluca &quot;S\u00f6zle\u015fme&quot; olarak an\u0131lacakt\u0131r).<\/p>\n<p>Web sitesine eri\u015fmeye veya web sitesini kullanmaya ba\u015flamadan \u00f6nce bu S\u00f6zle\u015fmeyi dikkatlice incelemeniz tavsiye edilir. Web sitesinin herhangi bir b\u00f6l\u00fcm\u00fcne kat\u0131larak, bu S\u00f6zle\u015fmeye tabi olmay\u0131 kabul etti\u011finizi belirtirsiniz. Bu \u015fart ve ko\u015fullar\u0131n herhangi bir k\u0131sm\u0131n\u0131 kabul etmemeniz durumunda, web sitesine eri\u015fmekten veya site arac\u0131l\u0131\u011f\u0131yla sunulan herhangi bir hizmeti kullanmaktan ka\u00e7\u0131nmal\u0131s\u0131n\u0131z. Bu S\u00f6zle\u015fme, taraf\u0131ndan sunulan bir teklifi temsil etmektedir. <a href=\"https:\/\/www.recyclemachine.net\/tr\/\" target=\"_new\" rel=\"noopener\">Rumtoo Machinery Co, LTD<\/a>kabul\u00fc kesinlikle bu \u015fartlarla s\u0131n\u0131rl\u0131d\u0131r. Web sitesine eri\u015fim yaln\u0131zca en az 13 ya\u015f\u0131nda olan ki\u015filere verilmektedir.<\/p>\n<ol>\n<li><strong>Hesab\u0131n\u0131z ve Siteniz:<br \/>\n<\/strong>Hesap ve Site Y\u00f6netimi. Web Sitesinde bir hesap olu\u015fturursan\u0131z, hesab\u0131n\u0131z\u0131n ve i\u00e7eri\u011finin korunmas\u0131n\u0131n sorumlulu\u011funu \u00fcstlenirsiniz ve hesab\u0131n\u0131z alt\u0131nda ger\u00e7ekle\u015ftirilen t\u00fcm faaliyetler ve Web Sitesindeki ilgili t\u00fcm eylemlerin t\u00fcm sorumlulu\u011funu \u00fcstlenirsiniz. Hesab\u0131n\u0131za, \u00f6zellikle ba\u015fkalar\u0131n\u0131n ad\u0131n\u0131 veya itibar\u0131n\u0131 istismar edecek \u015fekilde yanl\u0131\u015f beyanda bulunmaman\u0131z veya yasa d\u0131\u015f\u0131 bir \u015fekilde i\u00e7erik atamaman\u0131z zorunludur. <a href=\"https:\/\/www.recyclemachine.net\/tr\/\">Rumtoo Machinery Co, LTD<\/a> Uygunsuz, yasa d\u0131\u015f\u0131 veya Rumtoo Machinery Co., LTD&#039;nin hukuki sorunlara neden olma potansiyeli ta\u015f\u0131yan i\u00e7erik tan\u0131mlay\u0131c\u0131lar\u0131 veya anahtar kelimeleri de\u011fi\u015ftirme veya kald\u0131rma hakk\u0131n\u0131 sakl\u0131 tutar. Hesab\u0131n\u0131za yetkisiz eri\u015fim veya herhangi bir g\u00fcvenlik ihlali durumunda Rumtoo Machinery Co., LTD&#039;yi derhal bilgilendirmek sizin sorumlulu\u011funuzdad\u0131r. <a href=\"https:\/\/www.recyclemachine.net\/tr\/\">Rumtoo Machinery Co, LTD<\/a> bu t\u00fcr olaylardan kaynaklanan zararlar da dahil olmak \u00fczere, eylemleriniz veya ihmalleriniz i\u00e7in hi\u00e7bir sorumluluk kabul etmez.<\/li>\n<li><strong><strong>Katk\u0131da Bulunanlar\u0131n Sorumlulu\u011fu:<\/strong><\/strong><strong><strong><br \/>\n<\/strong><\/strong>\u0130\u00e7erik Sorumlulu\u011fu ve Haklar\u0131. Bir hesap i\u015fletti\u011finizde, yorum yapt\u0131\u011f\u0131n\u0131zda, materyal yay\u0131nlad\u0131\u011f\u0131n\u0131zda, ba\u011flant\u0131 payla\u015ft\u0131\u011f\u0131n\u0131zda veya Web Sitesine ba\u015fka bir \u015fekilde i\u00e7erik katk\u0131da bulundu\u011funuzda, metin, grafik veya di\u011fer formatlardan olu\u015fup olu\u015fmad\u0131\u011f\u0131na bak\u0131lmaks\u0131z\u0131n bu i\u00e7eri\u011fin do\u011fas\u0131 ve sonu\u00e7lar\u0131 konusunda t\u00fcm sorumluluk size ait olur. \u0130\u00e7erik payla\u015farak \u015funlar\u0131 onayl\u0131yor ve garanti ediyorsunuz:<\/p>\n<ul>\n<li>\u0130\u00e7eri\u011fi kullan\u0131m\u0131n\u0131z herhangi bir \u00fc\u00e7\u00fcnc\u00fc taraf\u0131n telif hakk\u0131, patent, ticari marka veya ticari s\u0131r haklar\u0131 gibi m\u00fclkiyet haklar\u0131n\u0131 ihlal etmez.<\/li>\n<li>\u0130\u015fvereninizin, olu\u015fturdu\u011funuz fikri m\u00fclkiyet haklar\u0131na sahip olmas\u0131 durumunda, ya i\u00e7eri\u011fi payla\u015fma izni alm\u0131\u015fs\u0131n\u0131zd\u0131r ya da i\u015fvereninizden haklardan feragat etmi\u015fsinizdir.<\/li>\n<li>\u0130\u00e7erikle ilgili t\u00fcm \u00fc\u00e7\u00fcnc\u00fc taraf lisanslar\u0131na ba\u011fl\u0131 kalarak gerekli t\u00fcm \u015fartlar\u0131n son kullan\u0131c\u0131lara iletilmesini sa\u011flad\u0131n\u0131z.<\/li>\n<li>\u0130\u00e7erikte vir\u00fcs, k\u00f6t\u00fc ama\u00e7l\u0131 yaz\u0131l\u0131m veya di\u011fer k\u00f6t\u00fc ama\u00e7l\u0131 veya y\u0131k\u0131c\u0131 unsurlar bulunmaz.<\/li>\n<li>\u0130\u00e7erik spam de\u011fildir, otomasyonla veya rastgele olu\u015fturulmam\u0131\u015ft\u0131r ve trafi\u011fi \u00fc\u00e7\u00fcnc\u00fc taraf sitelere y\u00f6nlendirmek, \u00fc\u00e7\u00fcnc\u00fc taraf site arama s\u0131ralamalar\u0131n\u0131 y\u00fckseltmek veya yasa d\u0131\u015f\u0131 eylemleri (kimlik av\u0131 gibi) desteklemek i\u00e7in tasarlanm\u0131\u015f etik olmayan veya istenmeyen ticari mesajlar i\u00e7ermemektedir veya al\u0131c\u0131lar\u0131 kaynak hakk\u0131nda aldatmak (\u00f6rne\u011fin sahtecilik).<\/li>\n<li>\u0130\u00e7erik m\u00fcstehcen, iftira niteli\u011finde, karalay\u0131c\u0131, nefret dolu, \u0131rksal veya etnik a\u00e7\u0131dan sald\u0131rgan de\u011fildir ve herhangi bir \u00fc\u00e7\u00fcnc\u00fc taraf\u0131n gizlilik veya tan\u0131t\u0131m haklar\u0131n\u0131 ihlal etmez.<\/li>\n<li>\u0130stenmeyen elektronik iletiler veya di\u011fer spam g\u00f6nderme teknikleri yoluyla hesab\u0131n\u0131z\u0131n tan\u0131t\u0131m\u0131n\u0131 yapmazs\u0131n\u0131z.<\/li>\n<li>Hesap ad\u0131n\u0131z, okuyucular\u0131 sizin ba\u015fka biri oldu\u011funuza veya ba\u015fka bir kurulu\u015fu temsil etti\u011finize inand\u0131racak \u015fekilde yan\u0131ltmaz.<\/li>\n<li>Bilgisayar kodu i\u00e7eren i\u00e7erik s\u00f6z konusu oldu\u011funda, a\u00e7\u0131k\u00e7a talep edilip edilmedi\u011fine bak\u0131lmaks\u0131z\u0131n, bu i\u00e7eri\u011fin t\u00fcr\u00fcn\u00fc, yap\u0131s\u0131n\u0131, kullan\u0131mlar\u0131n\u0131 ve etkilerini do\u011fru bir \u015fekilde kategorize ettiniz veya tan\u0131mlad\u0131n\u0131z.<\/li>\n<\/ul>\n<p><a href=\"https:\/\/www.recyclemachine.net\/tr\/\">Rumtoo Machinery Co, LTD<\/a> herhangi bir nedenle herhangi bir i\u00e7eri\u011fi kald\u0131rma veya hizmete eri\u015fimi k\u0131s\u0131tlama ve \u00e7al\u0131\u015fmalar\u0131n\u0131z\u0131 web sitelerinde veya ba\u011fl\u0131 platformlar\u0131nda kullanma veya da\u011f\u0131tma hakk\u0131n\u0131 sakl\u0131 tutar. Y\u00fcklenen t\u00fcm eserlerin telif hakk\u0131 ilgili sahiplerinin m\u00fclkiyetinde kal\u0131r. <a href=\"https:\/\/www.recyclemachine.net\/tr\/\">Rumtoo Machinery Co, LTD<\/a> talep \u00fczerine i\u00e7eri\u011fi kald\u0131rmak i\u00e7in makul \u00e7abay\u0131 g\u00f6sterecektir ancak \u00f6nbelle\u011fe alma veya referanslar hemen silinemeyebilir.<\/p>\n<p><a href=\"https:\/\/www.recyclemachine.net\/tr\/\">Rumtoo Machinery Co, LTD<\/a> Politikalar\u0131n\u0131 ihlal eden veya zararl\u0131 veya sak\u0131ncal\u0131 g\u00f6r\u00fclen i\u00e7eri\u011fi reddetme, kald\u0131rma veya d\u00fczenleme ve herhangi bir nedenle web sitesine eri\u015fimi reddetme veya hesaplar\u0131 sonland\u0131rma takdirine sahiptir. <a href=\"https:\/\/www.recyclemachine.net\/tr\/\">Rumtoo Machinery Co, LTD<\/a> bu ko\u015fullar alt\u0131nda daha \u00f6nce yap\u0131lan \u00f6demeleri iade etme y\u00fck\u00fcml\u00fcl\u00fc\u011f\u00fc yoktur.<\/li>\n<li><strong>Web Sitesi Ziyaret\u00e7ilerinin Sorumlulu\u011fu:<\/strong><strong><br \/>\n<\/strong><a href=\"https:\/\/www.recyclemachine.net\/tr\/\">Rumtoo Machinery Co, LTD<\/a> Web Sitesinde yay\u0131nlanan t\u00fcm materyalleri incelemez ve bu nedenle bu materyallerin i\u00e7eri\u011finden, kullan\u0131m\u0131ndan veya sonu\u00e7lar\u0131ndan sorumlu tutulamaz. Web Sitesinin i\u015fletilmesi, taraf\u0131ndan onayland\u0131\u011f\u0131 anlam\u0131na gelmez. <a href=\"https:\/\/www.recyclemachine.net\/tr\/\">Rumtoo Machinery Co, LTD<\/a> yay\u0131nlanan herhangi bir materyalin do\u011frulu\u011funu, kullan\u0131\u015fl\u0131l\u0131\u011f\u0131n\u0131 veya g\u00fcvenli\u011fini garanti etmez. Dikkatli davranmak ve bilgisayar sistemlerinizi vir\u00fcslerden, solucanlardan, Truva atlar\u0131ndan ve di\u011fer zararl\u0131 veya y\u0131k\u0131c\u0131 unsurlardan korumak sizin g\u00f6revinizdir. Web Sitesi, teknik yanl\u0131\u015fl\u0131klar, yaz\u0131m hatalar\u0131 ve di\u011fer hatalar\u0131 i\u00e7erebilecek materyale ek olarak sald\u0131rgan, uygunsuz veya ba\u015fka \u015fekilde sak\u0131ncal\u0131 say\u0131labilecek i\u00e7eri\u011fe sahip olabilir. Ayr\u0131ca Web Sitesi, \u00fc\u00e7\u00fcnc\u00fc taraflar\u0131n gizlili\u011fini, tan\u0131t\u0131m haklar\u0131n\u0131 veya di\u011fer m\u00fclkiyet haklar\u0131n\u0131 ihlal eden i\u00e7erik veya a\u00e7\u0131k\u00e7a belirtilmi\u015f olsun ya da olmas\u0131n ek h\u00fck\u00fcm ve ko\u015fullara tabi i\u00e7erik i\u00e7erebilir. <a href=\"https:\/\/www.recyclemachine.net\/tr\/\">Rumtoo Machinery Co, LTD<\/a> ziyaret\u00e7ilerin Web Sitesini kullan\u0131m\u0131ndan veya burada yay\u0131nlanan i\u00e7eri\u011fin indirilmesinden kaynaklanan zararlarla ilgili her t\u00fcrl\u00fc sorumlulu\u011fu a\u00e7\u0131k\u00e7a reddeder.<strong><br \/>\n<\/strong><\/li>\n<li><strong>Di\u011fer Web Sitelerinde Yay\u0131nlanan \u0130\u00e7erik:<br \/>\n<\/strong><a href=\"https:\/\/www.recyclemachine.net\/tr\/\">Rumtoo Machinery Co, LTD<\/a> Rumtoo Machinery Co., LTD&#039;ye veya buradan ba\u011flant\u0131l\u0131 web siteleri ve web sayfalar\u0131 arac\u0131l\u0131\u011f\u0131yla eri\u015filebilen, bilgisayar yaz\u0131l\u0131m\u0131 da dahil olmak \u00fczere t\u00fcm materyalleri incelememi\u015ftir ve bu harici siteler ve sayfalar \u00fczerinde kontrol\u00fc yoktur. Bu nedenle bunlar\u0131n i\u00e7eri\u011fi veya kullan\u0131m\u0131 konusunda sorumluluk kabul edemez. Harici bir web sitesine veya web sayfas\u0131na ba\u011flant\u0131 verilmesi Rumtoo Machinery Co., LTD&#039;nin o siteyi veya sayfay\u0131 onaylad\u0131\u011f\u0131 anlam\u0131na gelmez. Kendinizi ve bilgisayar sistemlerinizi vir\u00fcslere, solucanlara, Truva atlar\u0131na ve di\u011fer zararl\u0131 veya y\u0131k\u0131c\u0131 unsurlara kar\u015f\u0131 korumak i\u00e7in gerekli \u00f6nlemleri almak sizin sorumlulu\u011funuzdad\u0131r. Rumtoo Machinery Co., LTD, Rumtoo Machinery Co., LTD ile ba\u011flant\u0131s\u0131 olmayan web siteleri ve web sayfalar\u0131yla etkile\u015fiminizden kaynaklanan zararlara ili\u015fkin her t\u00fcrl\u00fc sorumlulu\u011fu a\u00e7\u0131k\u00e7a reddeder.<strong><br \/>\n<\/strong><\/li>\n<li><strong>Telif hakk\u0131 ihlali:<br \/>\n<\/strong><a href=\"https:\/\/www.recyclemachine.net\/tr\/\">Rumtoo Machinery Co, LTD<\/a>, kendi fikri m\u00fclkiyet haklar\u0131na sayg\u0131 konusunda \u0131srar ederken, ba\u015fkalar\u0131n\u0131n fikri m\u00fclkiyet haklar\u0131na da e\u015fit derecede sayg\u0131 g\u00f6sterir. taraf\u0131ndan bar\u0131nd\u0131r\u0131lan veya ba\u011flant\u0131l\u0131 herhangi bir materyalin oldu\u011fundan \u015f\u00fcpheleniyorsan\u0131z <a href=\"https:\/\/www.recyclemachine.net\/tr\/\">Rumtoo Machinery Co, LTD<\/a> Telif hakk\u0131n\u0131z\u0131 ihlal ediyorsa Rumtoo Machinery Co., LTD&#039;yi bu konuda bilgilendirmeniz rica olunur. Rumtoo Machinery Co., LTD, gerekti\u011finde veya uygun oldu\u011funda, ihlal eden i\u00e7eri\u011fi kald\u0131rmak veya ihlal eden materyale olan t\u00fcm ba\u011flant\u0131lar\u0131 devre d\u0131\u015f\u0131 b\u0131rakmak da dahil olmak \u00fczere bu t\u00fcr bildirimleri derhal ele almay\u0131 taahh\u00fct eder. Bir ziyaret\u00e7inin telif haklar\u0131n\u0131 veya di\u011fer fikri m\u00fclkiyet haklar\u0131n\u0131 ihlal etti\u011fi veya tekrar tekrar ihlal etti\u011fi tespit edildi\u011finde <a href=\"https:\/\/www.recyclemachine.net\/tr\/\">Rumtoo Machinery Co, LTD<\/a> Rumtoo Machinery Co., LTD, kendi takdirine ba\u011fl\u0131 olarak Web Sitesine eri\u015fimi ve Web Sitesini kullanmay\u0131 sonland\u0131rma veya reddetme hakk\u0131n\u0131 sakl\u0131 tutar. B\u00f6yle bir fesih ger\u00e7ekle\u015fmesi durumunda, Rumtoo Machinery Co., LTD&#039;nin daha \u00f6nce yap\u0131lan \u00f6demelere ili\u015fkin geri \u00f6deme yapma y\u00fck\u00fcml\u00fcl\u00fc\u011f\u00fc yoktur.<strong><br \/>\n<\/strong><\/li>\n<li><strong>Fikri m\u00fclkiyet:<br \/>\n<\/strong>Bu S\u00f6zle\u015fme size Rumtoo Machinery Co., LTD&#039;nin veya herhangi bir \u00fc\u00e7\u00fcnc\u00fc taraf\u0131n fikri m\u00fclkiyetine ili\u015fkin herhangi bir hak vermez. Bu t\u00fcr fikri m\u00fclkiyete ili\u015fkin t\u00fcm haklar, unvanlar ve menfaatler yaln\u0131zca <a href=\"https:\/\/www.recyclemachine.net\/tr\/\">Rumtoo Machinery Co, LTD<\/a>. Rumtoo Machinery Co., LTD logosu, Rumtoo Machinery Co., LTD veya Web Sitesi ile ba\u011flant\u0131l\u0131 olarak kullan\u0131lan t\u00fcm di\u011fer ticari markalar, hizmet markalar\u0131, grafikler ve logolar, Rumtoo Machinery Co., LTD&#039;nin ticari markalar\u0131 veya tescilli ticari markalar\u0131d\u0131r. <a href=\"https:\/\/www.recyclemachine.net\/tr\/\">Rumtoo Machinery Co, LTD<\/a> veya lisans verenleri. Web Sitesinde kullan\u0131lan \u00fc\u00e7\u00fcnc\u00fc \u015fah\u0131slara ait ticari markalar, hizmet markalar\u0131, grafikler ve logolar ilgili sahiplerinin m\u00fclkiyetinde kalacakt\u0131r. Web Sitesine eri\u015fiminiz size herhangi bir lisans\u0131 veya herhangi bir \u015feyi kullanma hakk\u0131n\u0131 vermez. <a href=\"https:\/\/www.recyclemachine.net\/tr\/\">Rumtoo Machinery Co, LTD<\/a> veya a\u00e7\u0131k izin olmaks\u0131z\u0131n \u00fc\u00e7\u00fcnc\u00fc taraf ticari markalar\u0131.<strong><br \/>\n<\/strong><\/li>\n<li><strong>De\u011fi\u015fiklikler:<br \/>\n<\/strong><a href=\"https:\/\/www.recyclemachine.net\/tr\/\">Rumtoo Machinery Co, LTD<\/a> kendi takdirine ba\u011fl\u0131 olarak bu S\u00f6zle\u015fmenin herhangi bir b\u00f6l\u00fcm\u00fcn\u00fc de\u011fi\u015ftirme veya tadil etme hakk\u0131n\u0131 sakl\u0131 tutar. Herhangi bir de\u011fi\u015fiklik i\u00e7in bu S\u00f6zle\u015fmeyi d\u00fczenli olarak g\u00f6zden ge\u00e7irmek sizin sorumlulu\u011funuzdad\u0131r. Bu S\u00f6zle\u015fmede herhangi bir g\u00fcncelleme yap\u0131ld\u0131ktan sonra Web Sitesine devam eden kat\u0131l\u0131m\u0131n\u0131z veya Web Sitesine eri\u015fiminiz, bu de\u011fi\u015fiklikleri kabul etti\u011finiz anlam\u0131na gelir. Ayr\u0131ca Rumtoo Machinery Co., LTD gelecekte Web Sitesine yeni ara\u00e7lar ve kaynaklar da dahil olmak \u00fczere yeni hizmetler ve\/veya \u00f6zellikler sunabilir. Bu yeni teklifler ayn\u0131 zamanda bu S\u00f6zle\u015fmede belirtilen h\u00fck\u00fcm ve ko\u015fullara da uyacakt\u0131r.<strong><br \/>\n<\/strong><\/li>\n<li><strong>Sonland\u0131rma:<br \/>\n<\/strong><a href=\"https:\/\/www.recyclemachine.net\/tr\/\">Rumtoo Machinery Co, LTD<\/a> Web Sitesine eri\u015fiminizi tamamen veya k\u0131smen, herhangi bir zamanda ve herhangi bir nedenle, \u00f6nceden bildirimde bulunarak veya bulunmaks\u0131z\u0131n derhal ge\u00e7erli olmak \u00fczere sonland\u0131rma hakk\u0131n\u0131 sakl\u0131 tutar. Bu S\u00f6zle\u015fmeyi veya s\u00f6zle\u015fmenizi feshetmeye karar verirseniz <a href=\"https:\/\/www.recyclemachine.net\/tr\/\">Rumtoo Machinery Co, LTD<\/a> hesab\u0131n\u0131z varsa (e\u011fer varsa), Web Sitesini kullanmay\u0131 b\u0131rakman\u0131z yeterlidir. Ancak VIP Hizmetleri hesab\u0131na sahip olanlar i\u00e7in fesih <a href=\"https:\/\/www.recyclemachine.net\/tr\/\">Rumtoo Machinery Co, LTD<\/a> bu S\u00f6zle\u015fmenin esasl\u0131 bir ihlalinin Rumtoo Machinery Co., LTD&#039;nin bu ihlale ili\u015fkin bildirimini takip eden otuz (30) g\u00fcn i\u00e7inde giderilmemesi ko\u015fuluna ba\u011fl\u0131d\u0131r. Buna ra\u011fmen, <a href=\"https:\/\/www.recyclemachine.net\/tr\/\">Rumtoo Machinery Co, LTD<\/a> Hizmetimizin genel olarak durdurulmas\u0131n\u0131n bir par\u00e7as\u0131 olarak Web Sitesini derhal sonland\u0131rma hakk\u0131n\u0131 sakl\u0131 tutar. Feshin ard\u0131ndan, bu S\u00f6zle\u015fmenin do\u011fas\u0131 gere\u011fi devam etmesi gereken t\u00fcm unsurlar\u0131, m\u00fclkiyet, garanti reddi, tazminat ve sorumluluk s\u0131n\u0131rlamalar\u0131na ili\u015fkin h\u00fck\u00fcmler dahil ancak bunlarla s\u0131n\u0131rl\u0131 olmamak \u00fczere y\u00fcr\u00fcrl\u00fckte kalacakt\u0131r.<strong><br \/>\n<\/strong><\/li>\n<li><strong>Garantilerin Reddi:<br \/>\n<\/strong>Web Sitesi taraf\u0131n\u0131za \u201coldu\u011fu gibi\u201d sunulmaktad\u0131r. <a href=\"https:\/\/www.recyclemachine.net\/tr\/\">Rumtoo Machinery Co, LTD<\/a>, tedarik\u00e7ileri ve lisans verenleriyle birlikte, ticarete elveri\u015flilik, belirli bir amaca uygunluk ve ihlal etmeme garantileri dahil ancak bunlarla s\u0131n\u0131rl\u0131 olmamak \u00fczere, a\u00e7\u0131k veya z\u0131mni her t\u00fcrl\u00fc garantiyi a\u00e7\u0131k\u00e7a reddeder. Ne Rumtoo Machinery Co., LTD ne de tedarik\u00e7ileri ve lisans verenleri Web Sitesinin hatas\u0131z olaca\u011f\u0131n\u0131 veya siteye eri\u015fimin s\u00fcrekli veya kesintisiz olaca\u011f\u0131n\u0131 garanti etmez. Web Sitesinden indirdi\u011finiz veya Web Sitesi arac\u0131l\u0131\u011f\u0131yla ba\u015fka bir \u015fekilde edindi\u011finiz her t\u00fcrl\u00fc i\u00e7erik veya hizmetin, kendi takdiriniz ve riskiniz alt\u0131nda elde edildi\u011fini anlaman\u0131z \u00f6nemlidir.<strong><br \/>\n<\/strong><\/li>\n<li><strong>Sorumlulu\u011fun S\u0131n\u0131rland\u0131r\u0131lmas\u0131:<br \/>\n<\/strong>Hi\u00e7bir durumda <a href=\"https:\/\/www.recyclemachine.net\/tr\/\">Rumtoo Machinery Co, LTD<\/a>veya tedarik\u00e7ileri veya lisans verenleri, s\u00f6zle\u015fmeden, ihmalden, kesin sorumluluktan veya ba\u015fka herhangi bir yasal veya hakkaniyete uygun teoriden kaynaklans\u0131n, bu s\u00f6zle\u015fmeyle ilgili olarak a\u015fa\u011f\u0131dakiler dahil ancak bunlarla s\u0131n\u0131rl\u0131 olmamak \u00fczere herhangi bir iddiadan sorumlu tutulamaz: (i) herhangi bir \u00f6zel, ar\u0131zi, veya sonu\u00e7 olarak ortaya \u00e7\u0131kan zararlar; (ii) ikame \u00fcr\u00fcn veya hizmetlerin sat\u0131n alma maliyeti; (iii) verilerin kullan\u0131m\u0131n\u0131n kesintiye u\u011framas\u0131 veya kaybolmas\u0131 veya bozulmas\u0131; veya (iv) dava tarihinden \u00f6nceki on iki (12) ay i\u00e7inde bu s\u00f6zle\u015fme kapsam\u0131nda Rumtoo Machinery Co., LTD&#039;ye \u00f6dedi\u011finiz \u00fccretleri a\u015fan herhangi bir miktar. Rumtoo Machinery Co., LTD, makul kontrol\u00fc d\u0131\u015f\u0131ndaki ko\u015fullardan kaynaklanan performanstaki herhangi bir ba\u015far\u0131s\u0131zl\u0131k veya gecikmeden sorumlu de\u011fildir. Bu sorumluluk s\u0131n\u0131rlamas\u0131, y\u00fcr\u00fcrl\u00fckteki yasalarca yasakland\u0131\u011f\u0131 durumlarda ge\u00e7erli de\u011fildir.<strong><br \/>\n<\/strong><\/li>\n<li><strong>Genel Temsil ve Garanti:<br \/>\n<\/strong>\u015eunlar\u0131 onayl\u0131yor ve garanti ediyorsunuz: (i) Web Sitesiyle olan etkile\u015fiminiz, <a href=\"https:\/\/www.recyclemachine.net\/tr\/\">Rumtoo Machinery Co, LTD<\/a> <a href=\"https:\/\/www.recyclemachine.net\/tr\/gizlilik-politikasi\/\">Gizlilik Politikas\u0131<\/a>, bu S\u00f6zle\u015fme ve ilgili t\u00fcm yasa ve d\u00fczenlemeler. Bu, \u00e7evrimi\u00e7i davran\u0131\u015f ve kabul edilebilir i\u00e7erikle ilgili olarak \u00fclkenizde, eyaletinizde, \u015fehrinizde veya di\u011fer resmi yarg\u0131 b\u00f6lgelerindeki t\u00fcm yerel yasa veya d\u00fczenlemelerin yan\u0131 s\u0131ra Amerika Birle\u015fik Devletleri&#039;nden ihra\u00e7 edilen teknik verilerin aktar\u0131m\u0131yla ilgili t\u00fcm ge\u00e7erli yasalar\u0131 i\u00e7erir ancak bunlarla s\u0131n\u0131rl\u0131 de\u011fildir. \u0130kamet etti\u011finiz eyaletler veya \u00fclke; ve (ii) Web Sitesini kullan\u0131m\u0131n\u0131z herhangi bir \u00fc\u00e7\u00fcnc\u00fc taraf\u0131n fikri m\u00fclkiyet haklar\u0131n\u0131 ihlal etmeyecek veya k\u00f6t\u00fcye kullanmayacakt\u0131r.<strong><br \/>\n<\/strong><\/li>\n<li><strong>Tazminat:<br \/>\n<\/strong>Tazmin etmeyi ve savunmay\u0131 taahh\u00fct ediyorsunuz <a href=\"https:\/\/www.recyclemachine.net\/tr\/\">Rumtoo Machinery Co, LTD<\/a>, y\u00fcklenicileri, lisans verenleri ve bunlar\u0131n ilgili y\u00f6neticileri, memurlar\u0131, \u00e7al\u0131\u015fanlar\u0131 ve acenteleri, Web Sitesini kullanman\u0131zdan kaynaklanan avukatl\u0131k \u00fccretleri de dahil olmak \u00fczere her t\u00fcrl\u00fc talep ve masrafa kar\u015f\u0131. Bu, bu S\u00f6zle\u015fmeyi ihlal etmenizden kaynaklanan t\u00fcm iddialar\u0131 i\u00e7erir ancak bunlarla s\u0131n\u0131rl\u0131 de\u011fildir.<strong><br \/>\n<\/strong><\/li>\n<li><strong>\u00c7e\u015fitli:<br \/>\n<\/strong>Bu Anla\u015fma, aras\u0131ndaki tam anlay\u0131\u015f\u0131 temsil eder. <a href=\"https:\/\/www.recyclemachine.net\/tr\/\">Rumtoo Machinery Co, LTD<\/a> ve konusuyla ilgili olarak ve yaln\u0131zca Rumtoo Machinery Co., LTD&#039;nin yetkili bir y\u00f6neticisi taraf\u0131ndan imzalanan yaz\u0131l\u0131 bir de\u011fi\u015fiklik veya Rumtoo Machinery Co., LTD taraf\u0131ndan revize edilmi\u015f bir versiyonun yay\u0131nlanmas\u0131 yoluyla de\u011fi\u015ftirilebilir. Y\u00fcr\u00fcrl\u00fckteki kanunlarda aksi belirtilmedik\u00e7e, i\u015fbu S\u00f6zle\u015fme ve Web Sitesine eri\u015fim veya Web Sitesinin kullan\u0131m\u0131 Amerika Birle\u015fik Devletleri, Birle\u015fik Krall\u0131k kanunlar\u0131, Avrupa Hukuku ve Uluslararas\u0131 Hukuka tabi olacakt\u0131r.<strong><br \/>\n<\/strong><\/li>\n<\/ol>","protected":false},"excerpt":{"rendered":"<p>Bu belge, bu web sitesinde bulunan t\u00fcm i\u00e7erik, hizmetler ve \u00fcr\u00fcnler de dahil olmak \u00fczere, bu web sitesini kullan\u0131m\u0131n\u0131z\u0131 d\u00fczenleyen \u015fart ve ko\u015fullar\u0131 ortaya koymaktad\u0131r. Web sitesinin sahibi ve i\u015fletmecisi Rumtoo Machinery Co., LTD&#039;dir. Web sitesini kullan\u0131m\u0131n\u0131z, t\u00fcm bu \u015fart ve ko\u015fullar\u0131 hi\u00e7bir de\u011fi\u015fiklik yapmadan kabul etmenize ba\u011fl\u0131d\u0131r. <a href=\"https:\/\/www.recyclemachine.net\/tr\/sartlar-ve-kosullar\/\" class=\"more-link\">okumaya devam et <span class=\"screen-reader-text\">\u015fartlar ve ko\u015fullar<\/span><\/a><\/p>","protected":false},"author":1,"featured_media":0,"parent":0,"menu_order":0,"comment_status":"closed","ping_status":"open","template":"","meta":{"footnotes":""},"class_list":["post-8324","page","type-page","status-publish","hentry"],"tsf_seo":{"title":"\u015eartlar ve Ko\u015fullar - Rumtoo Machinery","description":"Bu belge, bu web sitesinde bulunan t\u00fcm i\u00e7erik, hizmetler ve \u00fcr\u00fcnler de dahil olmak \u00fczere, bu web sitesini kullan\u0131m\u0131n\u0131z\u0131 d\u00fczenleyen \u015fart ve ko\u015fullar\u0131 ortaya koymaktad\u0131r.","robots":"index, follow","canonical":"https:\/\/www.recyclemachine.net\/tr\/sartlar-ve-kosullar\/","og_title":"Terms &#038; Conditions &#x2d; Rumtoo Machinery","og_description":"This document sets forth the terms and conditions that govern your use of this website, including all content, services, and products available within it.","og_image":""},"_links":{"self":[{"href":"https:\/\/www.recyclemachine.net\/tr\/wp-json\/wp\/v2\/pages\/8324","targetHints":{"allow":["GET"]}}],"collection":[{"href":"https:\/\/www.recyclemachine.net\/tr\/wp-json\/wp\/v2\/pages"}],"about":[{"href":"https:\/\/www.recyclemachine.net\/tr\/wp-json\/wp\/v2\/types\/page"}],"author":[{"embeddable":true,"href":"https:\/\/www.recyclemachine.net\/tr\/wp-json\/wp\/v2\/users\/1"}],"replies":[{"embeddable":true,"href":"https:\/\/www.recyclemachine.net\/tr\/wp-json\/wp\/v2\/comments?post=8324"}],"version-history":[{"count":0,"href":"https:\/\/www.recyclemachine.net\/tr\/wp-json\/wp\/v2\/pages\/8324\/revisions"}],"wp:attachment":[{"href":"https:\/\/www.recyclemachine.net\/tr\/wp-json\/wp\/v2\/media?parent=8324"}],"curies":[{"name":"wp","href":"https:\/\/api.w.org\/{rel}","templated":true}]}}