{"id":8000,"date":"2023-11-28T23:15:57","date_gmt":"2023-11-29T07:15:57","guid":{"rendered":"https:\/\/recyclemachine.net\/?page_id=8000"},"modified":"2026-04-04T08:08:42","modified_gmt":"2026-04-04T08:08:42","slug":"msw-ayiklama-makineleri","status":"publish","type":"page","link":"https:\/\/www.recyclemachine.net\/tr\/msw-ayiklama-makineleri\/","title":{"rendered":"MSW Ay\u0131rma Makineleri"},"content":{"rendered":"<style data-rtm-material-symbols=\"\">\n.rtm-ms-chip{\n  display:inline-flex !important;\n  align-items:center !important;\n  justify-content:center !important;\n  width:46px !important;\n  height:46px !important;\n  min-width:46px !important;\n  border-radius:14px !important;\n  border:0 !important;\n  padding:0 !important;\n  background:var(--rtm-ms-bg, rgba(125, 145, 196, 0.14)) !important;\n  color:var(--rtm-ms-fg, #5f739f) !important;\n  box-shadow:none !important;\n  filter:none !important;\n  flex:0 0 auto !important;\n}\n.rtm-ms-chip.rtm-ms-tone-1{--rtm-ms-bg:rgba(124,145,196,0.14);--rtm-ms-fg:#6479a8;}\n.rtm-ms-chip.rtm-ms-tone-2{--rtm-ms-bg:rgba(120,191,173,0.15);--rtm-ms-fg:#4e8f7d;}\n.rtm-ms-chip.rtm-ms-tone-3{--rtm-ms-bg:rgba(236,186,139,0.16);--rtm-ms-fg:#b17849;}\n.rtm-ms-chip.rtm-ms-tone-4{--rtm-ms-bg:rgba(218,166,196,0.16);--rtm-ms-fg:#9f6a8b;}\n.rtm-ms-chip.rtm-ms-tone-5{--rtm-ms-bg:rgba(171,180,229,0.16);--rtm-ms-fg:#6d76b8;}\n.rtm-ms-chip.rtm-ms-tone-6{--rtm-ms-bg:rgba(148,209,205,0.15);--rtm-ms-fg:#4c8f8a;}\n.rtm-ms-glyph{\n  font-family:\"Material Symbols Outlined\" !important;\n  font-weight:400 !important;\n  font-style:normal !important;\n  font-size:24px !important;\n  line-height:1 !important;\n  letter-spacing:normal !important;\n  text-transform:none !important;\n  white-space:nowrap !important;\n  word-wrap:normal !important;\n  direction:ltr !important;\n  display:block !important;\n  -webkit-font-smoothing:antialiased !important;\n  -moz-osx-font-smoothing:grayscale !important;\n  font-feature-settings:\"liga\" 1, \"kern\" 1 !important;\n  font-variation-settings:\"FILL\" 0,\"wght\" 400,\"GRAD\" 0,\"opsz\" 24;\n}\n.rtm-ms-inline{\n  display:inline-flex !important;\n  align-items:center !important;\n  justify-content:center !important;\n  vertical-align:middle !important;\n}\n<\/style>\n<style>\n    \/* Scoped Dark Theme for Hub Page *\/\n    .rtm-hub-container{--hub-primary: #4bd6a0;\n        --hub-primary-hover: #3ac98f;\n        --hub-bg-main: #04070c;\n        --hub-bg-card: #0b121c;\n        --hub-text-main: #f3f6ff;\n        --hub-text-sub: #9ba8bc;\n        --hub-border: rgba(75, 214, 160, 0.22);\n\n        \n        \/* Inherit WordPress font *\/\n        \n        \n        padding: 60px 0;\n        line-height: 1.6;}\n\n    .rtm-hub-container * {\n        box-sizing: border-box;\n    }\n\n    .rtm-hub-container a {\n        text-decoration: none;\n        \n    }\n\n    .rtm-hub-wrapper {\n        max-width: 1200px;\n        margin: 0 auto;\n        padding: 0 24px;\n    }\n\n    \/* Hero Section *\/\n    .hub-hero {\n        text-align: center;\n        margin-bottom: 60px;\n        padding: 60px 20px;\n        \n        border-radius: 20px;\n        border: 1px solid var(--hub-border);\n    }\n\n    .hub-hero h1 {\n        \n        margin-bottom: 20px;\n        \n    }\n\n    .hub-hero h1 span {\n        \n    }\n\n    .hub-hero p {\n        \n        \n        max-width: 800px;\n        margin: 0 auto;\n    }\n\n    \/* Product Grid *\/\n    .hub-grid {\n        display: grid;\n        grid-template-columns: repeat(auto-fit, minmax(320px, 1fr));\n        gap: 30px;\n    }\n\n    .hub-card {border-radius: 16px;\n        overflow: hidden;\n        transition: transform 0.3s ease, box-shadow 0.3s ease, border-color 0.3s ease;\n        display: flex;\n        flex-direction: column;background:#f5f5f7;}\n\n    .hub-card:hover {transform: translateY(-8px);\n        box-shadow: 0 15px 40px rgba(4, 7, 12, 0.6);background:#f5f5f7;}\n\n    .card-image {\n        height: 240px;\n        \n        display: flex;\n        align-items: center;\n        justify-content: center;\n        overflow: hidden;\n        position: relative;\n    }\n\n    .card-image img {\n        width: 100%;\n        height: 100%;\n        object-fit: cover;\n        transition: transform 0.5s ease;\n    }\n\n    .hub-card:hover .card-image img {\n        transform: scale(1.05);\n    }\n\n    .card-icon {\n        \n        color: rgba(75, 214, 160, 0.2);\n    }\n\n    .card-content {\n        padding: 30px;\n        flex-grow: 1;\n        display: flex;\n        flex-direction: column;\n    }\n\n    .card-content h2 {\n        \n        margin: 0 0 15px 0;\n        \n    }\n\n    .card-content p {\n        \n        margin-bottom: 25px;\n        flex-grow: 1;\n    }\n\n    .card-btn {\n        display: inline-block;\n        padding: 12px 24px;\n        background: rgba(75, 214, 160, 0.1);\n        color: var(--hub-primary);\n        border: 1px solid var(--hub-border);\n        border-radius: 8px;\n        text-align: center;\n        font-weight: 600;\n        transition: all 0.3s ease;\n    }\n\n    .hub-card:hover .card-btn {\n        background: var(--hub-primary);\n        \n    }\n\n    @media (max-width: 768px){\n        .hub-hero h1 {\n            \n        }\n\n        .hub-hero {\n            padding: 40px 20px;\n        }\n    }\n\n    \/* Benefits Section *\/\n    .hub-benefits {\n        margin-top: 80px;\n        padding-top: 60px;\n        border-top: 1px solid var(--hub-border);\n    }\n\n    .hub-benefits h2 {\n        text-align: center;\n        \n        margin-bottom: 50px;\n        \n    }\n\n    .benefits-wrapper {\n        display: grid;\n        grid-template-columns: repeat(auto-fit, minmax(300px, 1fr));\n        gap: 40px;\n    }\n\n    .benefit-box {\n        text-align: center;\n        padding: 0 20px;\n    }\n\n    .benefit-box i {\n        font-size: 2.5em;\n        \n        margin-bottom: 20px;\n        \n        width: 80px;\n        height: 80px;\n        line-height: 80px;\n        border-radius: 50%;\n        display: inline-block;\n    }\n\n    .benefit-box h3 {\n        \n        margin-bottom: 15px;\n        \n    }\n\n    .benefit-box p {\n        \n    }\n<\/style>\n<div class=\"rtm-hub-container\">\n<div class=\"rtm-hub-wrapper\">\n<!-- Hero Header -->\n<div class=\"hub-hero\">\n<h1><span>MSW Ay\u0131rma Makineleri<\/span> &amp; Te\u00e7hizat<\/h1>\n<p>Belediye kat\u0131 at\u0131klar\u0131n\u0131n (MSW) etkili bir \u015fekilde ayr\u0131\u015ft\u0131r\u0131lmas\u0131 ve geri d\u00f6n\u00fc\u015ft\u00fcr\u00fclmesi i\u00e7in tasarlanm\u0131\u015f kapsaml\u0131 makine yelpazemizi ke\u015ffedin.<\/p>\n<\/div>\n<!-- Product List -->\n<div class=\"hub-grid\">\n<!-- 1. MSW Sorting Machine (Main Plant) -->\n<a class=\"hub-card\" href=\"\/tr\/msw-sorting-machine-waste-management.html\/\">\n<div class=\"card-image\">\n<img decoding=\"async\" alt=\"Kat\u0131 At\u0131k Ay\u0131rma Makinesi Fabrikas\u0131\" src=\"https:\/\/www.recyclemachine.net\/wp-content\/uploads\/2025\/05\/MSW-Sorting-Machine.webp\"\/>\n<\/div>\n<div class=\"card-content\">\n<h2>Kat\u0131 At\u0131k Ay\u0131rma Makinesi \u2014 At\u0131k Geri D\u00f6n\u00fc\u015f\u00fcm Tesisi<\/h2>\n<p>Belediyelerin kar\u0131\u015f\u0131k at\u0131klar\u0131n\u0131 plastik, metal ve organik maddeler gibi geri d\u00f6n\u00fc\u015ft\u00fcr\u00fclebilir fraksiyonlara otomatik olarak ay\u0131rmak i\u00e7in eksiksiz, anahtar teslim bir \u00e7\u00f6z\u00fcm.<\/p>\n<span class=\"card-btn\">G\u00f6r\u00fcnt\u00fcleme Sistemi<\/span>\n<\/div>\n<\/a>\n<!-- 2. Trommel Screen -->\n<a class=\"hub-card\" href=\"https:\/\/www.recyclemachine.net\/tr\/tamburlu-ekran\/\">\n<div class=\"card-image\">\n<img decoding=\"async\" alt=\"Trommel Elek Makinesi\" src=\"https:\/\/www.recyclemachine.net\/wp-content\/uploads\/2025\/07\/Trommel-Machine-768x432.webp\"\/>\n<\/div>\n<div class=\"card-content\">\n<h2>Trommel Elek<\/h2>\n<p>At\u0131klar\u0131n birincil boyut ayr\u0131m\u0131 i\u00e7in a\u011f\u0131r hizmet tipi d\u00f6ner elek. \u0130nce taneleri, organik maddeleri ve k\u00fc\u00e7\u00fck kal\u0131nt\u0131lar\u0131 daha b\u00fcy\u00fck geri d\u00f6n\u00fc\u015ft\u00fcr\u00fclebilir malzemelerden etkili bir \u015fekilde ay\u0131r\u0131r.<\/p>\n<span class=\"card-btn\">Makineyi G\u00f6r\u00fcnt\u00fcle<\/span>\n<\/div>\n<\/a>\n<!-- 3. Chain Waste Conveyor -->\n<a class=\"hub-card\" href=\"https:\/\/www.recyclemachine.net\/tr\/zincirli-atik-konveyoru\/\">\n<div class=\"card-image\">\n<img decoding=\"async\" alt=\"Zincirli At\u0131k Konvey\u00f6r\u00fc\" src=\"https:\/\/www.recyclemachine.net\/wp-content\/uploads\/2025\/01\/Chain-Waste-Conveyor.webp\"\/>\n<\/div>\n<div class=\"card-content\">\n<h2>Zincirli At\u0131k Konvey\u00f6r\u00fc<\/h2>\n<p>A\u011f\u0131r ve hacimli at\u0131k y\u00fcklerini maksimum g\u00fcvenilirlikle par\u00e7alama makinelerine veya ay\u0131rma hatlar\u0131na ta\u015f\u0131mak i\u00e7in tasarlanm\u0131\u015f sa\u011flam \u00e7elik levha konvey\u00f6r sistemi.<\/p>\n<span class=\"card-btn\">Makineyi G\u00f6r\u00fcnt\u00fcle<\/span>\n<\/div>\n<\/a>\n<\/div>\n<!-- Why Choose Section -->\n<div class=\"hub-benefits\">\n<h2>Rumtoo MSW \u00c7\u00f6z\u00fcmlerini Neden Se\u00e7melisiniz?<\/h2>\n<div class=\"benefits-wrapper\">\n<div class=\"benefit-box\">\n<span class=\"rtm-ms-chip rtm-ms-tone-4\"><span data-no-translation=\"\" data-no-dynamic-translation=\"\" translate=\"no\" aria-hidden=\"true\" class=\"material-symbols-outlined rtm-ms-glyph\">engineering<\/span><\/span>\n<h3>Anahtar Teslim M\u00fchendislik<\/h3>\n<p>\u0130lk tesis yerle\u015fim plan\u0131 tasar\u0131m\u0131ndan imalata, kuruluma ve yerinde devreye almaya kadar eksiksiz proje deste\u011fi sa\u011fl\u0131yoruz.<\/p>\n<\/div>\n<div class=\"benefit-box\">\n<span class=\"rtm-ms-chip rtm-ms-tone-4\"><span data-no-translation=\"\" data-no-dynamic-translation=\"\" translate=\"no\" aria-hidden=\"true\" class=\"material-symbols-outlined rtm-ms-glyph\">speed<\/span><\/span>\n<h3>\u00d6zel Yap\u0131land\u0131rma<\/h3>\n<p>Her at\u0131k ak\u0131\u015f\u0131 kendine \u00f6zg\u00fcd\u00fcr. Ay\u0131rma hatlar\u0131m\u0131z\u0131, yerel malzeme bile\u015fimine ve i\u015flem hacmi gereksinimlerinize uyacak \u015fekilde \u00f6zelle\u015ftiriyoruz.<\/p>\n<\/div>\n<div class=\"benefit-box\">\n<span class=\"rtm-ms-chip rtm-ms-tone-3\"><span data-no-translation=\"\" data-no-dynamic-translation=\"\" translate=\"no\" aria-hidden=\"true\" class=\"material-symbols-outlined rtm-ms-glyph\">recycling<\/span><\/span>\n<h3>Y\u00fcksek Kurtarma Oran\u0131<\/h3>\n<p>Geri kazan\u0131lan geri d\u00f6n\u00fc\u015ft\u00fcr\u00fclebilir malzemelerin safl\u0131\u011f\u0131n\u0131 ve de\u011ferini en \u00fcst d\u00fczeye \u00e7\u0131karmak i\u00e7in geli\u015fmi\u015f tambur, hava ve manyetik ay\u0131rma teknolojileriyle entegre edilmi\u015ftir.<\/p>\n<\/div>\n<\/div>\n<\/div>\n<\/div>\n<\/div>","protected":false},"excerpt":{"rendered":"<p>MSW Sorting Machines &amp; Equipment Explore our comprehensive range of machinery designed for the effective separation and recycling of Municipal Solid Waste (MSW). MSW Sorting Machine \u2014 Waste Recycling Plant A complete turnkey solution for automatic segregation of mixed municipal waste into recyclable fractions like plastics, metals, and organics. View System Trommel Screen Heavy-duty rotary \u2026 <a href=\"https:\/\/www.recyclemachine.net\/tr\/msw-ayiklama-makineleri\/\" class=\"more-link\">okumaya devam et <span class=\"screen-reader-text\">MSW Ay\u0131rma Makineleri<\/span><\/a><\/p>","protected":false},"author":1,"featured_media":0,"parent":0,"menu_order":23,"comment_status":"closed","ping_status":"closed","template":"","meta":{"footnotes":""},"class_list":["post-8000","page","type-page","status-publish","hentry"],"tsf_seo":{"title":"MSW Ay\u0131rma Makineleri","description":"MSW ay\u0131klama makineleri, daha y\u00fcksek geri d\u00f6n\u00fc\u015f\u00fcm oranlar\u0131n\u0131 kolayla\u015ft\u0131rarak ve \u00e7\u00f6p sahalar\u0131na g\u00f6nderilen at\u0131k hacmini azaltarak \u00e7evresel s\u00fcrd\u00fcr\u00fclebilirli\u011fe \u00f6nemli \u00f6l\u00e7\u00fcde katk\u0131da bulunur.","robots":"index, follow","canonical":"https:\/\/www.recyclemachine.net\/tr\/msw-ayiklama-makineleri\/","og_title":"MSW Sorting Machines","og_description":"MSW sorting machines significantly contribute to environmental sustainability by facilitating higher recycling rates and reducing the volume of waste sent to landfills.","og_image":""},"_links":{"self":[{"href":"https:\/\/www.recyclemachine.net\/tr\/wp-json\/wp\/v2\/pages\/8000","targetHints":{"allow":["GET"]}}],"collection":[{"href":"https:\/\/www.recyclemachine.net\/tr\/wp-json\/wp\/v2\/pages"}],"about":[{"href":"https:\/\/www.recyclemachine.net\/tr\/wp-json\/wp\/v2\/types\/page"}],"author":[{"embeddable":true,"href":"https:\/\/www.recyclemachine.net\/tr\/wp-json\/wp\/v2\/users\/1"}],"replies":[{"embeddable":true,"href":"https:\/\/www.recyclemachine.net\/tr\/wp-json\/wp\/v2\/comments?post=8000"}],"version-history":[{"count":0,"href":"https:\/\/www.recyclemachine.net\/tr\/wp-json\/wp\/v2\/pages\/8000\/revisions"}],"wp:attachment":[{"href":"https:\/\/www.recyclemachine.net\/tr\/wp-json\/wp\/v2\/media?parent=8000"}],"curies":[{"name":"wp","href":"https:\/\/api.w.org\/{rel}","templated":true}]}}