{"id":7982,"date":"2023-11-26T18:37:59","date_gmt":"2023-11-27T02:37:59","guid":{"rendered":"https:\/\/recyclemachine.net\/?page_id=7982"},"modified":"2024-07-16T23:50:47","modified_gmt":"2024-07-17T06:50:47","slug":"geri-donusum-makinesi-bicaklari","status":"publish","type":"page","link":"https:\/\/www.recyclemachine.net\/tr\/geri-donusum-makinesi-bicaklari\/","title":{"rendered":"Geri D\u00f6n\u00fc\u015f\u00fcm Makinas\u0131 B\u0131\u00e7aklar\u0131"},"content":{"rendered":"<div class=\"wpb-content-wrapper\">\r\n<div class=\"vc_row ts-row wpb_row vc_row-fluid ts-total-col-1 ts-zindex-0 container ts-bgimage-position-center_center\">\r\n\r\n        \r\n\t\r\n\t\r\n\t\t\r\n<div class=\"ts-column wpb_column vc_column_container vc_col-sm-12 ts-zindex-0\">\r\n\t<div class=\"vc_column-inner\">\r\n\t\t\t\t<div class=\"wpb_wrapper\">\r\n\t\t\t<div class=\"themestek-boxes themestek-boxes-blog themestek-boxes-view-default themestek-boxes-col-three themestek-boxes-sortable-no themestek-boxes-textalign-center themestek-boxes-sortablebutton-  wpb_animate_when_almost_visible wpb_fadeInDown fadeInDown\">\r\n\t\t<div class=\"themestek-boxes-inner themestek-boxes-blog-inner\"><div class=\"themestek-box-heading-wrapper ts-element-align-center\"><div class=\"ts-element-heading-wrapper ts-heading-inner ts-element-align-center ts-seperator-none\"><section class=\"ts-vc_cta3-container\"><div class=\"ts-vc_general ts-vc_cta3 ts-cta3-only ts-vc_cta3-style-classic ts-vc_cta3-shape-rounded ts-vc_cta3-align-center ts-vc_cta3-color-transparent ts-vc_cta3-icon-size-md ts-vc_cta3-actions-no ts-cta3-with-desc\"><div class=\"ts-vc_cta3_content-container\"><div class=\"ts-vc_cta3-content\"><div class=\"ts-vc_cta3-content-header ts-wrap\"><div class=\"ts-vc_cta3-headers ts-wrap-cell\"><h4 class=\"ts-custom-heading\" >K\u0131r\u0131lmaz Verimlilik: Kesintisiz Geri D\u00f6n\u00fc\u015f\u00fcm i\u00e7in Uzun \u00d6m\u00fcrl\u00fc B\u0131\u00e7aklar<\/h4>\n<h2 class=\"ts-custom-heading\" ><a href=\"https:\/\/www.recyclemachine.net\/tr\/geri-donusum-makinesi-bicaklari\/\">Geri D\u00f6n\u00fc\u015f\u00fcm Makinas\u0131 B\u0131\u00e7aklar\u0131<\/a><\/h2>\n<\/div><\/div><div class=\"ts-cta3-content-wrapper\"><p>Hassas Kenar, En Y\u00fcksek Performans: Kazanmak i\u00e7in Tasarlanan Geri D\u00f6n\u00fc\u015f\u00fcm B\u0131\u00e7aklar\u0131<br \/>\nPar\u00e7alama G\u00fcc\u00fc Ortaya \u00c7\u0131kt\u0131: At\u0131\u011f\u0131 Kazanca D\u00f6n\u00fc\u015ft\u00fcren B\u0131\u00e7aklar<br \/>\n\u00e7e\u015fitli malzemeleri par\u00e7alayan b\u0131\u00e7aklarla donat\u0131lm\u0131\u015f g\u00fc\u00e7l\u00fc geri d\u00f6n\u00fc\u015f\u00fcm makinesi<\/p><\/div><\/div><\/div><\/div><\/section><\/div> <!-- .ts-element-heading-wrapper container --> <\/div> <!-- .ts-element-heading-wrapper container --> \n\t\t\t\n\t\t\t<div class=\"row multi-columns-row themestek-boxes-row-wrapper themestek-boxes-row-wrapper-blog\">\n\t\t\t\t<div class=\"ts-box-col-wrapper col-lg-4 col-sm-6 col-md-4 col-xs-12 ts-term-236\"><article class=\"themestek-box themestek-box-blog ts-blogbox-style-1 themestek-box-style1 themestek-blogbox-format-image\">\r\n\t<div class=\"post-item\">\r\n\t\t\r\n\t\t<div class=\"ts-blog-image-with-meta\">\r\n\t\t\t<div class=\"ts-featured-wrapper ts-post-featured-wrapper ts-post-format-image\"><img loading=\"lazy\" decoding=\"async\" width=\"864\" height=\"590\" src=\"https:\/\/www.recyclemachine.net\/wp-content\/uploads\/2024\/01\/01bbb0a6-520c-4cd5-83ff-e1c438c885b4.webp\" class=\"attachment-themestek-img-800x700 size-themestek-img-800x700 wp-post-image\" alt=\"Premium Plastik K\u0131r\u0131c\u0131 ve Par\u00e7alay\u0131c\u0131 B\u0131\u00e7aklar\u0131\" srcset=\"https:\/\/www.recyclemachine.net\/wp-content\/uploads\/2024\/01\/01bbb0a6-520c-4cd5-83ff-e1c438c885b4.webp 864w, https:\/\/www.recyclemachine.net\/wp-content\/uploads\/2024\/01\/01bbb0a6-520c-4cd5-83ff-e1c438c885b4-300x205.webp 300w, https:\/\/www.recyclemachine.net\/wp-content\/uploads\/2024\/01\/01bbb0a6-520c-4cd5-83ff-e1c438c885b4-768x524.webp 768w\" sizes=\"auto, (max-width: 864px) 100vw, 864px\" data-id=\"8241\" \/><\/div>\t\t\t\t\t<div class=\"ts-featured-meta-wrapper ts-featured-overlay\">\t\t\t\t\t\t\t\r\n\r\n\t\t\t\t\t\t\t\t\t\t\t\t\t<span class=\"ts-meta-line cat-links\"><i class=\"ts-industco-icon-category\"><\/i> <span class=\"screen-reader-text ts-hide\">Kategoriler <\/span><a href=\"https:\/\/www.recyclemachine.net\/tr\/kategori\/bicaklar\/\">Geri D\u00f6n\u00fc\u015f\u00fcm Makinas\u0131 B\u0131\u00e7aklar\u0131<\/a><\/span>\r\n\t\t\t\t\t\t\r\n\t\t\t\t\t\t\t\t\t\t\t\t<span class=\"ts-meta-line posted-on\">\r\n\t\t\t\t\t\t\t<i class=\"ts-industco-icon-clock\"><\/i> \r\n\t\t\t\t\t\t\t<span class=\"screen-reader-text ts-hide\">Yay\u0131nlanan <\/span>\r\n\t\t\t\t\t\t\t<a href=\"https:\/\/www.recyclemachine.net\/tr\/goreceli-fiyat\/\" rel=\"bookmark\">\r\n\t\t\t\t\t\t\t\t<time class=\"entry-date published\" datetime=\"2025-10-15T01:31:49-07:00\">10\/15\/2025<\/time>\r\n\t\t\t\t\t\t\t\t<time class=\"updated ts-hide\" datetime=\"2026-04-07T05:20:24-07:00\">04\/07\/2026<\/time>\r\n\t\t\t\t\t\t\t<\/a>\r\n\t\t\t\t\t\t<\/span>\r\n\r\n\t\t\t\t\t<\/div>\r\n\t\t<\/div>\t\t\r\n\r\n\t\t<div class=\"themestek-box-content\">\t\r\n\t\t\t<div class=\"themestek-box-title\"><h4><a href=\"https:\/\/www.recyclemachine.net\/tr\/goreceli-fiyat\/\">Plastik Geri D\u00f6n\u00fc\u015f\u00fcm B\u0131\u00e7a\u011f\u0131 i\u00e7in SKD-11, D2, DC53 ve 55SiCr i\u00e7in Temel K\u0131lavuz<\/a><\/h4><\/div>\t\t\t<div class=\"themestek-box-desc\">\r\n\t\t\t\t<div class=\"themestek-box-desc-text\">Plastik Geri D\u00f6n\u00fc\u015f\u00fcm Sekt\u00f6r\u00fc \u0130\u00e7in Esas: SKD-11, D2, DC53 ve 55SiCr Kesici Malzemelere \u0130li\u015fkin Kapsaml\u0131 Kar\u015f\u0131la\u015ft\u0131rma ve K\u0131lavuz<\/div>\r\n\t\t\t<\/div>\r\n\r\n\t\t\t<div class=\"themestek-blogbox-footer-readmore\">\r\n\t\t\t\t\t\t\t<\/div>\r\n\r\n\t\t<\/div>\r\n\t<\/div>\r\n<\/article>\r\n\r\n<\/div><div class=\"ts-box-col-wrapper col-lg-4 col-sm-6 col-md-4 col-xs-12 ts-term-236\"><article class=\"themestek-box themestek-box-blog ts-blogbox-style-1 themestek-box-style1 themestek-blogbox-format-image\">\r\n\t<div class=\"post-item\">\r\n\t\t\r\n\t\t<div class=\"ts-blog-image-with-meta\">\r\n\t\t\t<div class=\"ts-featured-wrapper ts-post-featured-wrapper ts-post-format-image\"><img loading=\"lazy\" decoding=\"async\" width=\"1920\" height=\"1080\" src=\"https:\/\/www.recyclemachine.net\/wp-content\/uploads\/2023\/11\/Shredder_Rotor_Knives.webp\" class=\"attachment-themestek-img-800x700 size-themestek-img-800x700 wp-post-image\" alt=\"Resimde, genellikle par\u00e7alay\u0131c\u0131 rotor b\u0131\u00e7aklar\u0131 olarak bilinen, i\u00e7b\u00fckey y\u00fczeylere ve merkezi deliklere sahip iki metalik bile\u015fen g\u00f6sterilmektedir. Bunlar end\u00fcstriyel par\u00e7alay\u0131c\u0131larda malzemeleri kesmek veya \u00f6\u011f\u00fctmek i\u00e7in kullan\u0131l\u0131r. Farkl\u0131 boyutlar, bunlar\u0131n farkl\u0131 kapasiteler veya par\u00e7alama a\u015famalar\u0131 i\u00e7in olabilece\u011fini d\u00fc\u015f\u00fcnd\u00fcrmektedir. Tasar\u0131m, geri d\u00f6n\u00fc\u015f\u00fcm veya \u00fcretim s\u00fcre\u00e7lerinde s\u00fcrekli, a\u011f\u0131r i\u015f operasyonlar\u0131 i\u00e7in hayati \u00f6nem ta\u015f\u0131yan dayan\u0131kl\u0131l\u0131k ve verimlili\u011fe odaklan\u0131yor.\" srcset=\"https:\/\/www.recyclemachine.net\/wp-content\/uploads\/2023\/11\/Shredder_Rotor_Knives.webp 1920w, https:\/\/www.recyclemachine.net\/wp-content\/uploads\/2023\/11\/Shredder_Rotor_Knives-300x169.webp 300w, https:\/\/www.recyclemachine.net\/wp-content\/uploads\/2023\/11\/Shredder_Rotor_Knives-1024x576.webp 1024w, https:\/\/www.recyclemachine.net\/wp-content\/uploads\/2023\/11\/Shredder_Rotor_Knives-768x432.webp 768w, https:\/\/www.recyclemachine.net\/wp-content\/uploads\/2023\/11\/Shredder_Rotor_Knives-1536x864.webp 1536w\" sizes=\"auto, (max-width: 1920px) 100vw, 1920px\" data-id=\"7975\" \/><\/div>\t\t\t\t\t<div class=\"ts-featured-meta-wrapper ts-featured-overlay\">\t\t\t\t\t\t\t\r\n\r\n\t\t\t\t\t\t\t\t\t\t\t\t\t<span class=\"ts-meta-line cat-links\"><i class=\"ts-industco-icon-category\"><\/i> <span class=\"screen-reader-text ts-hide\">Kategoriler <\/span><a href=\"https:\/\/www.recyclemachine.net\/tr\/kategori\/bicaklar\/\">Geri D\u00f6n\u00fc\u015f\u00fcm Makinas\u0131 B\u0131\u00e7aklar\u0131<\/a><\/span>\r\n\t\t\t\t\t\t\r\n\t\t\t\t\t\t\t\t\t\t\t\t<span class=\"ts-meta-line posted-on\">\r\n\t\t\t\t\t\t\t<i class=\"ts-industco-icon-clock\"><\/i> \r\n\t\t\t\t\t\t\t<span class=\"screen-reader-text ts-hide\">Yay\u0131nlanan <\/span>\r\n\t\t\t\t\t\t\t<a href=\"https:\/\/www.recyclemachine.net\/tr\/parcalayici-rotor-bicaklari\/\" rel=\"bookmark\">\r\n\t\t\t\t\t\t\t\t<time class=\"entry-date published\" datetime=\"2025-01-30T04:53:02-08:00\">01\/30\/2025<\/time>\r\n\t\t\t\t\t\t\t\t<time class=\"updated ts-hide\" datetime=\"2026-04-07T05:20:25-07:00\">04\/07\/2026<\/time>\r\n\t\t\t\t\t\t\t<\/a>\r\n\t\t\t\t\t\t<\/span>\r\n\r\n\t\t\t\t\t<\/div>\r\n\t\t<\/div>\t\t\r\n\r\n\t\t<div class=\"themestek-box-content\">\t\r\n\t\t\t<div class=\"themestek-box-title\"><h4><a href=\"https:\/\/www.recyclemachine.net\/tr\/parcalayici-rotor-bicaklari\/\">Par\u00e7alay\u0131c\u0131 Rotor B\u0131\u00e7aklar\u0131<\/a><\/h4><\/div>\t\t\t<div class=\"themestek-box-desc\">\r\n\t\t\t\t<div class=\"themestek-box-desc-text\">Tungsten karb\u00fcr kaplamalar, geli\u015fmi\u015f \u0131s\u0131l i\u015flem ve verimli plastik geri d\u00f6n\u00fc\u015f\u00fcm\u00fc i\u00e7in \u00f6zelle\u015ftirilmi\u015f \u00e7\u00f6z\u00fcmler i\u00e7eren Rumtoo Par\u00e7alay\u0131c\u0131 Rotor B\u0131\u00e7aklar\u0131n\u0131n \u00fcst\u00fcn kalitesini ke\u015ffedin.<\/div>\r\n\t\t\t<\/div>\r\n\r\n\t\t\t<div class=\"themestek-blogbox-footer-readmore\">\r\n\t\t\t\t\t\t\t<\/div>\r\n\r\n\t\t<\/div>\r\n\t<\/div>\r\n<\/article>\r\n\r\n<\/div>\n\t\t\t<\/div>\n\t\t<div class=\"clearfix\"><\/div><\/div><!-- .themestek-boxes-inner -->   <\/div><!-- .themestek-boxes -->  \t\t<\/div>\r\n\t<\/div>\r\n<\/div>\r\n\r\n\r\n\t<\/div>\r\n\r\n\r\n\n<\/div>","protected":false},"excerpt":{"rendered":"Tungsten Karb\u00fcr Kakmal\u0131 Par\u00e7alay\u0131c\u0131 Rotor B\u0131\u00e7aklar\u0131 Maksimum a\u015f\u0131nma direnci ve uzun \u00f6m\u00fcr i\u00e7in tasarlanan par\u00e7alay\u0131c\u0131 rotor b\u0131\u00e7aklar\u0131m\u0131z, Plastik Par\u00e7alay\u0131c\u0131n\u0131z\u0131n kalbidir. Makinenizin performans\u0131n\u0131 ve verimlili\u011fini art\u0131rmak i\u00e7in birinci s\u0131n\u0131f, \u00f6zelle\u015ftirilmi\u015f b\u0131\u00e7aklar sunuyoruz. Teklif Al\u0131n Rumtoo Avantaj\u0131 Par\u00e7alay\u0131c\u0131 b\u0131\u00e7aklar\u0131m\u0131z, performanslar\u0131 ve dayan\u0131kl\u0131l\u0131klar\u0131 ile d\u00fcnya \u00e7ap\u0131ndaki geri d\u00f6n\u00fc\u015f\u00fcm profesyonellerinin g\u00fcvenini ... <a href=\"https:\/\/www.recyclemachine.net\/tr\/parcalayici-rotor-bicaklari\/\" class=\"more-link\">okumaya devam et <span class=\"screen-reader-text\">Par\u00e7alay\u0131c\u0131 Rotor B\u0131\u00e7aklar\u0131<\/span><\/a>","protected":false},"author":1,"featured_media":0,"parent":0,"menu_order":23,"comment_status":"closed","ping_status":"closed","template":"","meta":{"footnotes":""},"class_list":["post-7982","page","type-page","status-publish","hentry"],"tsf_seo":{"title":"Geri D\u00f6n\u00fc\u015f\u00fcm Makinas\u0131 B\u0131\u00e7aklar\u0131","description":"Zorlu uygulamalarda dayan\u0131kl\u0131l\u0131k ve optimum kesme performans\u0131 i\u00e7in tasarlanm\u0131\u015f y\u00fcksek performansl\u0131 b\u0131\u00e7aklar\u0131m\u0131zla geri d\u00f6n\u00fc\u015f\u00fcm ekipmanlar\u0131n\u0131z\u0131n \u00f6mr\u00fcn\u00fc uzat\u0131n.","robots":"index, follow","canonical":"https:\/\/www.recyclemachine.net\/tr\/geri-donusum-makinesi-bicaklari\/","og_title":"Recycling Machine Blades","og_description":"Extend the life of your recycling equipment with our high&#x2d;performance blades, designed for durability and optimal cutting performance in demanding applications.","og_image":""},"_links":{"self":[{"href":"https:\/\/www.recyclemachine.net\/tr\/wp-json\/wp\/v2\/pages\/7982","targetHints":{"allow":["GET"]}}],"collection":[{"href":"https:\/\/www.recyclemachine.net\/tr\/wp-json\/wp\/v2\/pages"}],"about":[{"href":"https:\/\/www.recyclemachine.net\/tr\/wp-json\/wp\/v2\/types\/page"}],"author":[{"embeddable":true,"href":"https:\/\/www.recyclemachine.net\/tr\/wp-json\/wp\/v2\/users\/1"}],"replies":[{"embeddable":true,"href":"https:\/\/www.recyclemachine.net\/tr\/wp-json\/wp\/v2\/comments?post=7982"}],"version-history":[{"count":0,"href":"https:\/\/www.recyclemachine.net\/tr\/wp-json\/wp\/v2\/pages\/7982\/revisions"}],"wp:attachment":[{"href":"https:\/\/www.recyclemachine.net\/tr\/wp-json\/wp\/v2\/media?parent=7982"}],"curies":[{"name":"wp","href":"https:\/\/api.w.org\/{rel}","templated":true}]}}