{"id":4080,"date":"2021-04-27T10:38:18","date_gmt":"2021-04-27T17:38:18","guid":{"rendered":"http:\/\/industco-demo.pbminfotech.com\/?page_id=4080"},"modified":"2023-04-09T23:10:57","modified_gmt":"2023-04-10T06:10:57","slug":"proje-tarzi","status":"publish","type":"page","link":"https:\/\/www.recyclemachine.net\/tr\/proje-tarzi\/","title":{"rendered":"Proje Tarz\u0131"},"content":{"rendered":"<div class=\"wpb-content-wrapper\">\r\n<div class=\"vc_row ts-row wpb_row vc_row-fluid ts-total-col-1 ts-zindex-0 container ts-bgimage-position-center_center\">\r\n\r\n        \r\n\t\r\n\t\r\n\t\t\r\n<div class=\"ts-column wpb_column vc_column_container vc_col-sm-12 ts-zindex-0\">\r\n\t<div class=\"vc_column-inner\">\r\n\t\t\t\t<div class=\"wpb_wrapper\">\r\n\t\t\t<div class=\"themestek-boxes themestek-boxes-portfolio themestek-boxes-view-default themestek-boxes-col-three themestek-boxes-sortable-yes themestek-boxes-textalign-center themestek-boxes-sortablebutton-\">\r\n\t\t<div class=\"themestek-boxes-inner themestek-boxes-portfolio-inner\">\n\t\t\t<div class=\"ts-sortable-wrapper ts-sortable-wrapper-portfolio\"><nav class=\"ts-sortable-list\"><ul><li class=\"ts-sortable-link ts-sortable-all-link\"><a class=\"selected\" href=\"javascript:void(0);\" data-filter=\"*\"> T\u00fcm <\/a><\/li><li class=\"ts-sortable-link\"><a href=\"javascript:void(0);\" data-filter=\".ts-term-18\">Proje \u00d6rne\u011fi<\/a><\/li><li class=\"ts-sortable-link\"><a href=\"javascript:void(0);\" data-filter=\".ts-term-1998\">End\u00fcstriyel K\u0131r\u0131c\u0131<\/a><\/li><li class=\"ts-sortable-link\"><a href=\"javascript:void(0);\" data-filter=\".ts-term-23\">Resimleri g\u00f6ster<\/a><\/li><\/ul><\/nav><\/div>\n\t\t\t<div class=\"row multi-columns-row themestek-boxes-row-wrapper themestek-boxes-row-wrapper-portfolio\">\n\t\t\t\t<div class=\"ts-box-col-wrapper col-lg-4 col-sm-6 col-md-4 col-xs-12 ts-term-18\"><article class=\"themestek-box themestek-box-portfolio ts-portfoliobox-style-2 themestek-box-view-overlay ts-hover-style-3\">\r\n\t<div class=\"themestek-post-item\">\r\n\t\t\t\t<div class=\"themestek-box-content themestek-overlay\">\r\n\t\t\t<div class=\"themestek-box-content-inner\">\t\t\t  \r\n\t\t\t\t<div class=\"themestek-pf-box-title\">\r\n\t\t\t\t\t<h3><a href=\"https:\/\/www.recyclemachine.net\/tr\/urun-2\/500kg-h-pp-dokuma-canta-yikama-sikma-geri-donusum-hatti\/\">500KG\/H PP Woven Bag Washing &#038; Squeezing Recycling Line<\/a><\/h3>\r\n\t\t\t\t\t<div class=\"themestek-box-category\"><a href=\"https:\/\/www.recyclemachine.net\/tr\/urun-kategorisi\/proje-durumu\/\" rel=\"tag\">Proje \u00d6rne\u011fi<\/a><\/div>\r\n\t\t\t\t<\/div>\t\r\n\t\t\t\t<div class=\"themestek-icon-box themestek-media-link\">\r\n\t\t\t\t\t<a class=\"ts_prettyphoto\" title=\"500KG\/H PP Woven Bag Washing &#038; Squeezing Recycling Line\" href=\"\"><i class=\"demo-icon ts-industco-icon-resize-full\"><\/i><\/a>\t\t\t\t<\/div>\r\n            <\/div>\r\n\t\t<\/div>\r\n\t<\/div>\r\n<\/article><\/div><div class=\"ts-box-col-wrapper col-lg-4 col-sm-6 col-md-4 col-xs-12 ts-term-18\"><article class=\"themestek-box themestek-box-portfolio ts-portfoliobox-style-2 themestek-box-view-overlay ts-hover-style-3\">\r\n\t<div class=\"themestek-post-item\">\r\n\t\t\t\t<div class=\"themestek-box-content themestek-overlay\">\r\n\t\t\t<div class=\"themestek-box-content-inner\">\t\t\t  \r\n\t\t\t\t<div class=\"themestek-pf-box-title\">\r\n\t\t\t\t\t<h3><a href=\"https:\/\/www.recyclemachine.net\/tr\/urun-2\/500kg-pp-pe-dokuma-canta-yikama-geri-donusum-hatti\/\">500KG\/H PP\/PE Woven Bags Washing Recycling Line<\/a><\/h3>\r\n\t\t\t\t\t<div class=\"themestek-box-category\"><a href=\"https:\/\/www.recyclemachine.net\/tr\/urun-kategorisi\/proje-durumu\/\" rel=\"tag\">Proje \u00d6rne\u011fi<\/a><\/div>\r\n\t\t\t\t<\/div>\t\r\n\t\t\t\t<div class=\"themestek-icon-box themestek-media-link\">\r\n\t\t\t\t\t<a class=\"ts_prettyphoto\" title=\"500KG\/H PP\/PE Woven Bags Washing Recycling Line\" href=\"\"><i class=\"demo-icon ts-industco-icon-resize-full\"><\/i><\/a>\t\t\t\t<\/div>\r\n            <\/div>\r\n\t\t<\/div>\r\n\t<\/div>\r\n<\/article><\/div><div class=\"ts-box-col-wrapper col-lg-4 col-sm-6 col-md-4 col-xs-12 ts-term-18\"><article class=\"themestek-box themestek-box-portfolio ts-portfoliobox-style-2 themestek-box-view-overlay ts-hover-style-3\">\r\n\t<div class=\"themestek-post-item\">\r\n\t\t\t\t<div class=\"themestek-box-content themestek-overlay\">\r\n\t\t\t<div class=\"themestek-box-content-inner\">\t\t\t  \r\n\t\t\t\t<div class=\"themestek-pf-box-title\">\r\n\t\t\t\t\t<h3><a href=\"https:\/\/www.recyclemachine.net\/tr\/urun-2\/guney-afrikaya-pet-sise-yikama-ipi\/\">G\u00fcney Afrika&#039;ya PET \u015ei\u015fe Y\u0131kama Hatt\u0131<\/a><\/h3>\r\n\t\t\t\t\t<div class=\"themestek-box-category\"><a href=\"https:\/\/www.recyclemachine.net\/tr\/urun-kategorisi\/proje-durumu\/\" rel=\"tag\">Proje \u00d6rne\u011fi<\/a><\/div>\r\n\t\t\t\t<\/div>\t\r\n\t\t\t\t<div class=\"themestek-icon-box themestek-media-link\">\r\n\t\t\t\t\t<a class=\"ts_prettyphoto\" title=\"G\u00fcney Afrika&#039;ya PET \u015ei\u015fe Y\u0131kama Hatt\u0131\" href=\"\"><i class=\"demo-icon ts-industco-icon-resize-full\"><\/i><\/a>\t\t\t\t<\/div>\r\n            <\/div>\r\n\t\t<\/div>\r\n\t<\/div>\r\n<\/article><\/div><div class=\"ts-box-col-wrapper col-lg-4 col-sm-6 col-md-4 col-xs-12 ts-term-18\"><article class=\"themestek-box themestek-box-portfolio ts-portfoliobox-style-2 themestek-box-view-overlay ts-hover-style-3\">\r\n\t<div class=\"themestek-post-item\">\r\n\t\t\t\t<div class=\"themestek-box-content themestek-overlay\">\r\n\t\t\t<div class=\"themestek-box-content-inner\">\t\t\t  \r\n\t\t\t\t<div class=\"themestek-pf-box-title\">\r\n\t\t\t\t\t<h3><a href=\"https:\/\/www.recyclemachine.net\/tr\/urun-2\/500kg-plastik-kimyasal-kova-yikama-ve-geri-donusum-hatti\/\">500 kg&#039;l\u0131k Plastik Kimyasal Kovalar\u0131n Y\u0131kama ve Geri D\u00f6n\u00fc\u015f\u00fcm Hatt\u0131<\/a><\/h3>\r\n\t\t\t\t\t<div class=\"themestek-box-category\"><a href=\"https:\/\/www.recyclemachine.net\/tr\/urun-kategorisi\/proje-durumu\/\" rel=\"tag\">Proje \u00d6rne\u011fi<\/a><\/div>\r\n\t\t\t\t<\/div>\t\r\n\t\t\t\t<div class=\"themestek-icon-box themestek-media-link\">\r\n\t\t\t\t\t<a class=\"ts_prettyphoto\" title=\"500 kg&#039;l\u0131k Plastik Kimyasal Kovalar\u0131n Y\u0131kama ve Geri D\u00f6n\u00fc\u015f\u00fcm Hatt\u0131\" href=\"\"><i class=\"demo-icon ts-industco-icon-resize-full\"><\/i><\/a>\t\t\t\t<\/div>\r\n            <\/div>\r\n\t\t<\/div>\r\n\t<\/div>\r\n<\/article><\/div><div class=\"ts-box-col-wrapper col-lg-4 col-sm-6 col-md-4 col-xs-12 ts-term-18\"><article class=\"themestek-box themestek-box-portfolio ts-portfoliobox-style-2 themestek-box-view-overlay ts-hover-style-3\">\r\n\t<div class=\"themestek-post-item\">\r\n\t\t\t\t<div class=\"themestek-box-content themestek-overlay\">\r\n\t\t\t<div class=\"themestek-box-content-inner\">\t\t\t  \r\n\t\t\t\t<div class=\"themestek-pf-box-title\">\r\n\t\t\t\t\t<h3><a href=\"https:\/\/www.recyclemachine.net\/tr\/urun-2\/500kg-plastik-kimyasal-kova-yikama-ve-geri-donusum-hatti-2\/\">500 KG\/H Plastik Kimyasal Kova Y\u0131kama ve Geri D\u00f6n\u00fc\u015f\u00fcm Hatt\u0131<\/a><\/h3>\r\n\t\t\t\t\t<div class=\"themestek-box-category\"><a href=\"https:\/\/www.recyclemachine.net\/tr\/urun-kategorisi\/proje-durumu\/\" rel=\"tag\">Proje \u00d6rne\u011fi<\/a><\/div>\r\n\t\t\t\t<\/div>\t\r\n\t\t\t\t<div class=\"themestek-icon-box themestek-media-link\">\r\n\t\t\t\t\t<a class=\"ts_prettyphoto\" title=\"500 KG\/H Plastik Kimyasal Kova Y\u0131kama ve Geri D\u00f6n\u00fc\u015f\u00fcm Hatt\u0131\" href=\"\"><i class=\"demo-icon ts-industco-icon-resize-full\"><\/i><\/a>\t\t\t\t<\/div>\r\n            <\/div>\r\n\t\t<\/div>\r\n\t<\/div>\r\n<\/article><\/div><div class=\"ts-box-col-wrapper col-lg-4 col-sm-6 col-md-4 col-xs-12 ts-term-18\"><article class=\"themestek-box themestek-box-portfolio ts-portfoliobox-style-2 themestek-box-view-overlay ts-hover-style-3\">\r\n\t<div class=\"themestek-post-item\">\r\n\t\t\t\t<div class=\"themestek-box-content themestek-overlay\">\r\n\t\t\t<div class=\"themestek-box-content-inner\">\t\t\t  \r\n\t\t\t\t<div class=\"themestek-pf-box-title\">\r\n\t\t\t\t\t<h3><a href=\"https:\/\/www.recyclemachine.net\/tr\/urun-2\/500kg-pe-film-yikama-geri-donusum-hatti\/\">500 KG\/H PE Film Y\u0131kama Geri D\u00f6n\u00fc\u015f\u00fcm Hatt\u0131<\/a><\/h3>\r\n\t\t\t\t\t<div class=\"themestek-box-category\"><a href=\"https:\/\/www.recyclemachine.net\/tr\/urun-kategorisi\/proje-durumu\/\" rel=\"tag\">Proje \u00d6rne\u011fi<\/a><\/div>\r\n\t\t\t\t<\/div>\t\r\n\t\t\t\t<div class=\"themestek-icon-box themestek-media-link\">\r\n\t\t\t\t\t<a class=\"ts_prettyphoto\" title=\"500 KG\/H PE Film Y\u0131kama Geri D\u00f6n\u00fc\u015f\u00fcm Hatt\u0131\" href=\"\"><i class=\"demo-icon ts-industco-icon-resize-full\"><\/i><\/a>\t\t\t\t<\/div>\r\n            <\/div>\r\n\t\t<\/div>\r\n\t<\/div>\r\n<\/article><\/div><div class=\"ts-box-col-wrapper col-lg-4 col-sm-6 col-md-4 col-xs-12 ts-term-1998\"><article class=\"themestek-box themestek-box-portfolio ts-portfoliobox-style-2 themestek-box-view-overlay ts-hover-style-3\">\r\n\t<div class=\"themestek-post-item\">\r\n\t\t\r\n\t\t<span class=\"themestek-item-thumbnail\">\r\n\t\t\t<span class=\"themestek-item-thumbnail-inner\">\r\n\t\t\t\t<img loading=\"lazy\" decoding=\"async\" width=\"800\" height=\"715\" src=\"https:\/\/www.recyclemachine.net\/wp-content\/uploads\/2025\/01\/Standard-Plastic-Crusher-01-800x715.webp\" class=\"attachment-themestek-img-800x715 size-themestek-img-800x715 wp-post-image\" alt=\"Standart Plastik K\u0131r\u0131c\u0131\" data-id=\"13160\" \/>\r\n\t\t\t<\/span>\r\n\t\t<\/span>\t\t<div class=\"themestek-box-content themestek-overlay\">\r\n\t\t\t<div class=\"themestek-box-content-inner\">\t\t\t  \r\n\t\t\t\t<div class=\"themestek-pf-box-title\">\r\n\t\t\t\t\t<h3><a href=\"https:\/\/www.recyclemachine.net\/tr\/urun-2\/standart-plastik-kirici\/\">Standart Plastik K\u0131r\u0131c\u0131<\/a><\/h3>\r\n\t\t\t\t\t<div class=\"themestek-box-category\"><a href=\"https:\/\/www.recyclemachine.net\/tr\/urun-kategorisi\/endustriyel-kirici\/\" rel=\"tag\">End\u00fcstriyel K\u0131r\u0131c\u0131<\/a><\/div>\r\n\t\t\t\t<\/div>\t\r\n\t\t\t\t<div class=\"themestek-icon-box themestek-media-link\">\r\n\t\t\t\t\t<a class=\"ts_prettyphoto\" title=\"Standart Plastik K\u0131r\u0131c\u0131\" href=\"https:\/\/www.recyclemachine.net\/wp-content\/uploads\/2025\/01\/Standard-Plastic-Crusher-01.webp\"><i class=\"demo-icon ts-industco-icon-resize-full\"><\/i><\/a>\t\t\t\t<\/div>\r\n            <\/div>\r\n\t\t<\/div>\r\n\t<\/div>\r\n<\/article><\/div><div class=\"ts-box-col-wrapper col-lg-4 col-sm-6 col-md-4 col-xs-12 ts-term-23\"><article class=\"themestek-box themestek-box-portfolio ts-portfoliobox-style-2 themestek-box-view-overlay ts-hover-style-3\">\r\n\t<div class=\"themestek-post-item\">\r\n\t\t\t\t<div class=\"themestek-box-content themestek-overlay\">\r\n\t\t\t<div class=\"themestek-box-content-inner\">\t\t\t  \r\n\t\t\t\t<div class=\"themestek-pf-box-title\">\r\n\t\t\t\t\t<h3><a href=\"https:\/\/www.recyclemachine.net\/tr\/urun-2\/pet-sise-yikama-ipi-abd\/\">PET \u015ei\u015fe Y\u0131kama Hatt\u0131 ABD<\/a><\/h3>\r\n\t\t\t\t\t<div class=\"themestek-box-category\"><a href=\"https:\/\/www.recyclemachine.net\/tr\/urun-kategorisi\/resimleri-goster\/\" rel=\"tag\">Resimleri g\u00f6ster<\/a><\/div>\r\n\t\t\t\t<\/div>\t\r\n\t\t\t\t<div class=\"themestek-icon-box themestek-media-link\">\r\n\t\t\t\t\t<a class=\"ts_prettyphoto\" title=\"PET \u015ei\u015fe Y\u0131kama Hatt\u0131 ABD\" href=\"\"><i class=\"demo-icon ts-industco-icon-resize-full\"><\/i><\/a>\t\t\t\t<\/div>\r\n            <\/div>\r\n\t\t<\/div>\r\n\t<\/div>\r\n<\/article><\/div>\n\t\t\t<\/div>\n\t\t<\/div><!-- .themestek-boxes-inner -->   <\/div><!-- .themestek-boxes -->  \t\t<\/div>\r\n\t<\/div>\r\n<\/div>\r\n\r\n\r\n\t<\/div>\r\n\r\n\r\n\n<\/div>","protected":false},"excerpt":{"rendered":"recycling Project Overview: PET Bottle Recycling in USA This flagship project case highlights the successful deployment of our advanced PET Bottle Washing Line in the United States market. Driven by strict local environmental regulations and the high purity standards required for downstream fiber and packaging applications, the client required a robust, highly automated solution. Rumtoo &hellip; <a href=\"https:\/\/www.recyclemachine.net\/tr\/urun-2\/pet-sise-yikama-ipi-abd\/\" class=\"more-link\">okumaya devam et <span class=\"screen-reader-text\">PET \u015ei\u015fe Y\u0131kama Hatt\u0131 ABD<\/span><\/a>","protected":false},"author":1,"featured_media":0,"parent":0,"menu_order":19,"comment_status":"closed","ping_status":"closed","template":"","meta":{"footnotes":""},"class_list":["post-4080","page","type-page","status-publish","hentry"],"tsf_title":"","tsf_description":"","_links":{"self":[{"href":"https:\/\/www.recyclemachine.net\/tr\/wp-json\/wp\/v2\/pages\/4080","targetHints":{"allow":["GET"]}}],"collection":[{"href":"https:\/\/www.recyclemachine.net\/tr\/wp-json\/wp\/v2\/pages"}],"about":[{"href":"https:\/\/www.recyclemachine.net\/tr\/wp-json\/wp\/v2\/types\/page"}],"author":[{"embeddable":true,"href":"https:\/\/www.recyclemachine.net\/tr\/wp-json\/wp\/v2\/users\/1"}],"replies":[{"embeddable":true,"href":"https:\/\/www.recyclemachine.net\/tr\/wp-json\/wp\/v2\/comments?post=4080"}],"version-history":[{"count":0,"href":"https:\/\/www.recyclemachine.net\/tr\/wp-json\/wp\/v2\/pages\/4080\/revisions"}],"wp:attachment":[{"href":"https:\/\/www.recyclemachine.net\/tr\/wp-json\/wp\/v2\/media?parent=4080"}],"curies":[{"name":"wp","href":"https:\/\/api.w.org\/{rel}","templated":true}]}}