{"id":9422,"date":"2024-08-16T19:49:26","date_gmt":"2024-08-17T02:49:26","guid":{"rendered":"https:\/\/www.recyclemachine.net\/?page_id=9422"},"modified":"2024-08-16T19:49:27","modified_gmt":"2024-08-17T02:49:27","slug":"prezentare-generala-a-echipamentului-separator","status":"publish","type":"page","link":"https:\/\/www.recyclemachine.net\/ro\/prezentare-generala-a-echipamentului-separator\/","title":{"rendered":"Prezentare general\u0103 a echipamentului de separare"},"content":{"rendered":"<h3 class=\"wp-block-heading\">Prezentare general\u0103 a echipamentului de separare<\/h3>\n\n\n\n<p><strong>Echipament separator<\/strong> este esen\u021bial\u0103 \u00een diverse industrii, \u00een special \u00een reciclare \u0219i gestionarea de\u0219eurilor, unde joac\u0103 un rol vital \u00een sortarea \u0219i separarea materialelor pe baza propriet\u0103\u021bilor lor fizice, cum ar fi densitatea, magnetismul \u0219i dimensiunea particulelor. Acest echipament este conceput pentru a \u00eembun\u0103t\u0103\u021bi eficien\u021ba \u0219i eficacitatea opera\u021biunilor de prelucrare, asigur\u00e2ndu-se c\u0103 diferitele materiale sunt sortate corect pentru prelucrare ulterioar\u0103 sau eliminare.<\/p>\n\n\n\n<h4 class=\"wp-block-heading\">Tipuri de echipamente de separare:<\/h4>\n\n\n\n<ol class=\"wp-block-list\">\n<li><strong>Separatoare magnetice<\/strong>:<\/li>\n<\/ol>\n\n\n\n<ul class=\"wp-block-list\">\n<li>Folosit pentru \u00eendep\u0103rtarea metalelor feroase din fluxurile de de\u0219euri.<\/li>\n\n\n\n<li>Ideal pentru instala\u021biile de reciclare pentru a separa fierul \u0219i o\u021belul de alte materiale.<\/li>\n<\/ul>\n\n\n\n<ol class=\"wp-block-list\">\n<li><strong>Separatoare de curen\u021bi turbionari<\/strong>:<\/li>\n<\/ol>\n\n\n\n<ul class=\"wp-block-list\">\n<li>Folosit pentru separarea metalelor neferoase precum aluminiul \u0219i cuprul de alte de\u0219euri.<\/li>\n\n\n\n<li>Func\u021bioneaz\u0103 prin inducerea unui curent electric care respinge metalele din fluxul de de\u0219euri.<\/li>\n<\/ul>\n\n\n\n<ol class=\"wp-block-list\">\n<li><strong><a href=\"https:\/\/www.recyclemachine.net\/ro\/zig-zag-aer-clasificator-de-clasificare-de-precizie-de-sortare-la-cele-mai-bune-sale\/html\/\" data-type=\"post\" data-id=\"7675\">Clasificatoare de aer<\/a><\/strong>:<\/li>\n<\/ol>\n\n\n\n<ul class=\"wp-block-list\">\n<li>Separ\u0103 materialele \u00een func\u021bie de densitate folosind fluxul de aer.<\/li>\n\n\n\n<li>Folosit \u00een mod obi\u0219nuit pentru a sorta materiale mai u\u0219oare, cum ar fi plasticul, de altele mai grele, cum ar fi sticla sau metalul.<\/li>\n<\/ul>\n\n\n\n<ol class=\"wp-block-list\">\n<li><strong>Rezervoare de separare chiuvet\u0103\/flot<\/strong>:<\/li>\n<\/ol>\n\n\n\n<ul class=\"wp-block-list\">\n<li>Conceput special pentru reciclarea plasticului.<\/li>\n\n\n\n<li>Func\u021bioneaz\u0103 prin scufundarea materialelor \u00een ap\u0103, unde contaminan\u021bii mai grei se scufund\u0103 \u0219i plasticele mai u\u0219oare plutesc pentru o separare u\u0219oar\u0103.<\/li>\n<\/ul>\n\n\n\n<ol class=\"wp-block-list\">\n<li><strong><a href=\"https:\/\/www.recyclemachine.net\/ro\/masina-de-indepartare-a-etichetei-sticlei-de-plastic\/html\/\" data-type=\"post\" data-id=\"7670\">Eliminatoare de etichete<\/a><\/strong>:<\/li>\n<\/ol>\n\n\n\n<ul class=\"wp-block-list\">\n<li>Esen\u021biale \u00een reciclarea sticlelor de plastic, aceste ma\u0219ini \u00eendep\u0103rteaz\u0103 etichetele \u0219i lipiciul, asigur\u00e2nd puritatea materialului reciclat.<\/li>\n<\/ul>\n\n\n\n<ol class=\"wp-block-list\">\n<li><strong>Debalatorii<\/strong>:<\/li>\n<\/ol>\n\n\n\n<ul class=\"wp-block-list\">\n<li>Folosit pentru a descompune balotii de materiale reciclabile, preg\u0103tindu-le pentru prelucrare ulterioar\u0103.<\/li>\n<\/ul>\n\n\n\n<h3 class=\"wp-block-heading\">Aplica\u021bii \u0219i beneficii:<\/h3>\n\n\n\n<ul class=\"wp-block-list\">\n<li><strong>Industria de reciclare<\/strong>: Echipamentul de separare este crucial pentru procesarea sticlelor PET, a de\u0219eurilor electronice \u0219i a altor materiale reciclabile. Se asigur\u0103 c\u0103 materialele sunt separate curat pentru o reciclare eficient\u0103.<\/li>\n\n\n\n<li><strong>Gestionarea de\u0219eurilor<\/strong>: \u00cen fluxurile de de\u0219euri municipale \u0219i industriale, separatoarele ajut\u0103 la recuperarea materialelor valoroase, reduc\u00e2nd de\u0219eurile din depozitul de de\u0219euri \u0219i sus\u021bin\u00e2nd sustenabilitatea mediului.<\/li>\n\n\n\n<li><strong>Recuperarea materialului<\/strong>: Aceste ma\u0219ini permit recuperarea materialelor care pot fi reutilizate, reduc\u00e2nd nevoia de resurse virgine \u0219i minimiz\u00e2nd impactul asupra mediului.<\/li>\n<\/ul>\n\n\n\n<h3 class=\"wp-block-heading\">Personalizare \u0219i integrare:<\/h3>\n\n\n\n<p>Echipamentele moderne de separare pot fi personalizate pentru a satisface nevoile specifice ale diferitelor industrii. Aceste sisteme sunt adesea integrate cu alte echipamente de procesare pentru a crea o opera\u021biune f\u0103r\u0103 \u00eentreruperi care maximizeaz\u0103 eficien\u021ba \u0219i produc\u021bia. Controalele automate \u0219i monitorizarea \u00een timp real sunt caracteristici comune care ajut\u0103 la reducerea costurilor cu for\u021ba de munc\u0103 \u0219i la \u00eembun\u0103t\u0103\u021birea acurate\u021bei proceselor de separare.<\/p>","protected":false},"excerpt":{"rendered":"<p>Echipamente de separare - Rezumat Echipamentele de separare sunt esen\u021biale \u00een diverse industrii, \u00een special \u00een reciclare \u0219i gestionarea de\u0219eurilor, unde joac\u0103 un rol vital \u00een sortarea \u0219i separarea materialelor pe baza propriet\u0103\u021bilor lor fizice, cum ar fi densitatea, magnetismul \u0219i dimensiunea particulelor. Aceste echipamente sunt concepute pentru a \u00eembun\u0103t\u0103\u021bi eficien\u021ba \u0219i eficacitatea opera\u021biunilor de procesare, asigur\u00e2ndu-se c\u0103 diferitele \u2026 <a href=\"https:\/\/www.recyclemachine.net\/ro\/prezentare-generala-a-echipamentului-separator\/\" class=\"more-link\">Continu\u0103 s\u0103 cite\u0219ti <span class=\"screen-reader-text\">Prezentare general\u0103 a echipamentului de separare<\/span><\/a><\/p>","protected":false},"author":1,"featured_media":9425,"parent":0,"menu_order":0,"comment_status":"closed","ping_status":"closed","template":"","meta":{"footnotes":""},"class_list":["post-9422","page","type-page","status-publish","has-post-thumbnail","hentry"],"tsf_title":"Separator Equipment Overview &#x2d; Premium Plastic Recycling Machines","tsf_description":"Discover advanced separator equipment for recycling and waste management. Improve sorting, increase efficiency, and support sustainability with custom solutions.","_links":{"self":[{"href":"https:\/\/www.recyclemachine.net\/ro\/wp-json\/wp\/v2\/pages\/9422","targetHints":{"allow":["GET"]}}],"collection":[{"href":"https:\/\/www.recyclemachine.net\/ro\/wp-json\/wp\/v2\/pages"}],"about":[{"href":"https:\/\/www.recyclemachine.net\/ro\/wp-json\/wp\/v2\/types\/page"}],"author":[{"embeddable":true,"href":"https:\/\/www.recyclemachine.net\/ro\/wp-json\/wp\/v2\/users\/1"}],"replies":[{"embeddable":true,"href":"https:\/\/www.recyclemachine.net\/ro\/wp-json\/wp\/v2\/comments?post=9422"}],"version-history":[{"count":0,"href":"https:\/\/www.recyclemachine.net\/ro\/wp-json\/wp\/v2\/pages\/9422\/revisions"}],"wp:featuredmedia":[{"embeddable":true,"href":"https:\/\/www.recyclemachine.net\/ro\/wp-json\/wp\/v2\/media\/9425"}],"wp:attachment":[{"href":"https:\/\/www.recyclemachine.net\/ro\/wp-json\/wp\/v2\/media?parent=9422"}],"curies":[{"name":"wp","href":"https:\/\/api.w.org\/{rel}","templated":true}]}}