{"id":8324,"date":"2024-03-15T04:26:09","date_gmt":"2024-03-15T11:26:09","guid":{"rendered":"https:\/\/recyclemachine.net\/?page_id=8324"},"modified":"2024-03-15T04:26:09","modified_gmt":"2024-03-15T11:26:09","slug":"termeni-si-conditii","status":"publish","type":"page","link":"https:\/\/www.recyclemachine.net\/ro\/termeni-si-conditii\/","title":{"rendered":"Termeni \u0219i condi\u021bii"},"content":{"rendered":"<p>Acest document stabile\u0219te termenii \u0219i condi\u021biile care guverneaz\u0103 utilizarea de c\u0103tre dumneavoastr\u0103 a acestui site web, inclusiv tot con\u021binutul, serviciile \u0219i produsele disponibile \u00een cadrul acestuia. Site-ul este de\u021binut \u0219i operat de <a href=\"https:\/\/www.recyclemachine.net\/ro\/\">Rumtoo Machinery Co., LTD<\/a>. Utilizarea de c\u0103tre dvs. a site-ului web este condi\u021bionat\u0103 de acordul dvs., f\u0103r\u0103 modific\u0103ri, la to\u021bi ace\u0219ti termeni \u0219i condi\u021bii, precum \u0219i orice alte reguli de func\u021bionare, politici (inclusiv, f\u0103r\u0103 limitare, Rumtoo Machinery Co., LTD&#039;s <a href=\"https:\/\/www.recyclemachine.net\/ro\/politica-de-confidentialitate\/\">Politica de confiden\u021bialitate<\/a>), \u0219i procedurile pe care Rumtoo Machinery Co., LTD le poate publica pe acest site din c\u00e2nd \u00een c\u00e2nd (denumite \u00een mod colectiv \u201eAcordul\u201d).<\/p>\n<p>V\u0103 recomand\u0103m s\u0103 examina\u021bi cu aten\u021bie acest Acord \u00eenainte de a continua s\u0103 accesa\u021bi sau s\u0103 utiliza\u021bi site-ul web. Prin interac\u021biunea cu orice sec\u021biune a site-ului web, v\u0103 exprima\u021bi acordul de a fi legat de acest Acord. \u00cen cazul \u00een care nu sunte\u021bi de acord cu orice parte a acestor termeni \u0219i condi\u021bii, trebuie s\u0103 v\u0103 ab\u021bine\u021bi de la accesarea site-ului web sau de la utilizarea oric\u0103ror servicii oferite prin intermediul acestuia. Acest acord reprezint\u0103 o ofert\u0103 de c\u0103tre <a href=\"https:\/\/www.recyclemachine.net\/ro\/\" target=\"_new\" rel=\"noopener\">Rumtoo Machinery Co., LTD<\/a>, cu acceptarea strict limitat\u0103 la ace\u0219ti termeni. Accesul la site este acordat exclusiv persoanelor care au cel pu\u021bin 13 ani.<\/p>\n<ol>\n<li><strong>Contul \u0219i site-ul dvs.:<br \/>\n<\/strong>Gestionarea contului \u0219i a site-ului. \u00cen cazul \u00een care v\u0103 crea\u021bi un cont pe site, ave\u021bi responsabilitatea pentru protejarea contului \u0219i a con\u021binutului acestuia \u0219i v\u0103 asuma\u021bi \u00eentreaga responsabilitate pentru toate activit\u0103\u021bile care au loc \u00een contul dvs. \u0219i orice ac\u021biuni asociate pe site. Este imperativ s\u0103 nu denatura\u021bi sau s\u0103 nu atribui\u021bi ilegal con\u021binut contului dvs., \u00een special \u00een moduri care ar putea exploata numele sau reputa\u021bia altora. <a href=\"https:\/\/www.recyclemachine.net\/ro\/\">Rumtoo Machinery Co., LTD<\/a> \u00ee\u0219i rezerv\u0103 dreptul de a modifica sau elimina orice descriptor de con\u021binut sau cuvinte cheie considerate inadecvate, ilegale sau poten\u021bial susceptibile de a cauza probleme juridice Rumtoo Machinery Co., LTD. \u00cen cazul accesului neautorizat la contul dumneavoastr\u0103 sau al oric\u0103ror \u00eenc\u0103lc\u0103ri de securitate, este responsabilitatea dumneavoastr\u0103 s\u0103 informa\u021bi prompt Rumtoo Machinery Co., LTD. <a href=\"https:\/\/www.recyclemachine.net\/ro\/\">Rumtoo Machinery Co., LTD<\/a> declin\u0103 orice r\u0103spundere pentru ac\u021biunile sau omisiunile dumneavoastr\u0103, inclusiv orice daune rezultate din astfel de incidente.<\/li>\n<li><strong><strong>Responsabilitatea colaboratorilor:<\/strong><\/strong><strong><strong><br \/>\n<\/strong><\/strong>Responsabilitatea \u0219i drepturile de con\u021binut. Atunci c\u00e2nd opera\u021bi un cont, comenta\u021bi, posta\u021bi materiale, partaja\u021bi link-uri sau contribui\u021bi \u00een alt mod cu con\u021binut pe site, ave\u021bi \u00eentreaga responsabilitate pentru natura \u0219i consecin\u021bele acelui con\u021binut, indiferent dac\u0103 acesta cuprinde text, grafic\u0103 sau alte formate. Prin partajarea con\u021binutului, afirmi \u0219i garantezi c\u0103:<\/p>\n<ul>\n<li>Utilizarea de c\u0103tre dvs. a con\u021binutului nu \u00eencalc\u0103 drepturile de proprietate, cum ar fi drepturile de autor, brevetele, m\u0103rcile comerciale sau drepturile de secret comercial, ale oric\u0103rei ter\u021be p\u0103r\u021bi.<\/li>\n<li>\u00cen cazul \u00een care angajatorul dvs. de\u021bine drepturi de proprietate intelectual\u0103 pe care o crea\u021bi, a\u021bi ob\u021binut fie permisiunea de a partaja con\u021binutul, fie o renun\u021bare la drepturile de la angajator.<\/li>\n<li>A\u021bi respectat orice licen\u021b\u0103 ter\u021b\u0103 parte legat\u0103 de con\u021binut, asigur\u00e2ndu-v\u0103 c\u0103 to\u021bi termenii necesari sunt transmise utilizatorilor finali.<\/li>\n<li>Con\u021binutul nu con\u021bine viru\u0219i, programe malware sau alte elemente r\u0103u inten\u021bionate sau distructive.<\/li>\n<li>Con\u021binutul nu este spam, nu este generat prin automatizare sau aleatoriu \u0219i nu include mesaje comerciale lipsite de etic\u0103 sau nedorite, concepute pentru a conduce trafic c\u0103tre site-uri ter\u021be, pentru a \u00eembun\u0103t\u0103\u021bi clasamentele de c\u0103utare pe site-uri ter\u021be sau pentru a sprijini acte ilegale (cum ar fi phishing) sau \u00een\u0219ela destinatarii cu privire la surs\u0103 (cum ar fi falsificarea).<\/li>\n<li>Con\u021binutul nu este obscen, calomnios, def\u0103im\u0103tor, instigator la ur\u0103, ofensator rasial sau etnic \u0219i nu \u00eencalc\u0103 drepturile de confiden\u021bialitate sau publicitate ale vreunei ter\u021be p\u0103r\u021bi.<\/li>\n<li>Nu v\u0103 promova\u021bi contul prin mesaje electronice nesolicitate sau prin alte tehnici de spam.<\/li>\n<li>Numele contului dvs. nu duce \u00een eroare cititorilor s\u0103 cread\u0103 c\u0103 sunte\u021bi altcineva sau reprezenta\u021bi o alt\u0103 organiza\u021bie.<\/li>\n<li>\u00cen cazurile de con\u021binut care include cod de computer, a\u021bi clasificat sau descris cu exactitate tipul, natura, utiliz\u0103rile \u0219i efectele acestuia, indiferent dac\u0103 acest lucru este solicitat \u00een mod explicit.<\/li>\n<\/ul>\n<p><a href=\"https:\/\/www.recyclemachine.net\/ro\/\">Rumtoo Machinery Co., LTD<\/a> \u00ee\u0219i rezerv\u0103 dreptul de a elimina orice con\u021binut sau de a restric\u021biona accesul la serviciu din orice motiv \u0219i de a utiliza sau distribui munca dvs. pe site-urile sale web sau platformele afiliate. Toate lucr\u0103rile \u00eenc\u0103rcate r\u0103m\u00e2n protejate prin drepturi de autor de c\u0103tre proprietarii respectivi. <a href=\"https:\/\/www.recyclemachine.net\/ro\/\">Rumtoo Machinery Co., LTD<\/a> va depune eforturi rezonabile pentru a elimina con\u021binutul la cerere, dar stocarea \u00een cache sau referin\u021bele nu pot fi \u0219terse imediat.<\/p>\n<p><a href=\"https:\/\/www.recyclemachine.net\/ro\/\">Rumtoo Machinery Co., LTD<\/a> are libertatea de a refuza, elimina sau edita con\u021binutul care \u00eencalc\u0103 politicile sale sau care este considerat d\u0103un\u0103tor sau inacceptabil \u0219i de a refuza accesul la site sau de a \u00eenchide conturile din orice motiv. <a href=\"https:\/\/www.recyclemachine.net\/ro\/\">Rumtoo Machinery Co., LTD<\/a> nu are obliga\u021bia de a rambursa nicio plat\u0103 efectuat\u0103 anterior \u00een astfel de circumstan\u021be.<\/li>\n<li><strong>Responsabilitatea vizitatorilor site-ului:<\/strong><strong><br \/>\n<\/strong><a href=\"https:\/\/www.recyclemachine.net\/ro\/\">Rumtoo Machinery Co., LTD<\/a> nu examineaz\u0103 toate materialele postate pe site \u0219i, prin urmare, nu poate fi f\u0103cut responsabil pentru con\u021binutul, utilizarea sau consecin\u021bele acestor materiale. Func\u021bionarea site-ului web nu constituie o aprobare de c\u0103tre <a href=\"https:\/\/www.recyclemachine.net\/ro\/\">Rumtoo Machinery Co., LTD<\/a> a oric\u0103ror materiale postate \u0219i nici nu garanteaz\u0103 acurate\u021bea, utilitatea sau siguran\u021ba acestor materiale. Este de datoria dumneavoastr\u0103 s\u0103 fi\u021bi precaut \u0219i s\u0103 v\u0103 proteja\u021bi sistemele informatice de viru\u0219i, viermi, cai troieni \u0219i alte elemente d\u0103un\u0103toare sau distructive. Site-ul web poate prezenta con\u021binut care ar putea fi considerat ofensator, indecent sau \u00een orice alt mod inacceptabil, \u00een plus fa\u021b\u0103 de material care poate con\u021bine inexactit\u0103\u021bi tehnice, erori tipografice \u0219i alte gre\u0219eli. \u00cen plus, site-ul web poate include con\u021binut care \u00eencalc\u0103 confiden\u021bialitatea, drepturile de publicitate sau alte drepturi de proprietate ale ter\u021bilor, sau con\u021binut care este guvernat de termeni \u0219i condi\u021bii suplimentare, fie c\u0103 sunt sau nu men\u021bionate \u00een mod explicit. <a href=\"https:\/\/www.recyclemachine.net\/ro\/\">Rumtoo Machinery Co., LTD<\/a> declin\u0103 \u00een mod expres orice r\u0103spundere pentru prejudiciul rezultat din utilizarea de c\u0103tre vizitatori a site-ului web sau din desc\u0103rcarea con\u021binutului postat \u00een acesta.<strong><br \/>\n<\/strong><\/li>\n<li><strong>Con\u021binut postat pe alte site-uri web:<br \/>\n<\/strong><a href=\"https:\/\/www.recyclemachine.net\/ro\/\">Rumtoo Machinery Co., LTD<\/a> nu a examinat tot materialul, inclusiv software-ul de calculator, accesibil prin site-uri web \u0219i pagini web legate de sau de la Rumtoo Machinery Co., LTD \u0219i nici nu are control asupra acelor site-uri \u0219i pagini externe. Ca atare, nu \u00ee\u0219i poate asuma responsabilitatea pentru con\u021binutul sau utilizarea acestora. Faptul de a lega un site sau o pagin\u0103 web extern\u0103 nu implic\u0103 aprobarea de c\u0103tre Rumtoo Machinery Co., LTD a site-ului sau paginii respective. Este responsabilitatea dumneavoastr\u0103 s\u0103 lua\u021bi m\u0103surile de precau\u021bie necesare pentru a v\u0103 proteja pe dvs. \u0219i sistemele dumneavoastr\u0103 informatice \u00eempotriva viru\u0219ilor, viermilor, cailor troieni \u0219i a altor elemente d\u0103un\u0103toare sau distructive. Rumtoo Machinery Co., LTD \u00ee\u0219i declin\u0103 \u00een mod expres orice r\u0103spundere pentru daunele rezultate din implicarea dumneavoastr\u0103 cu site-uri web \u0219i pagini web care nu sunt afiliate cu Rumtoo Machinery Co., LTD.<strong><br \/>\n<\/strong><\/li>\n<li><strong>\u00cenc\u0103lcarea drepturilor de autor:<br \/>\n<\/strong><a href=\"https:\/\/www.recyclemachine.net\/ro\/\">Rumtoo Machinery Co., LTD<\/a>, \u00een timp ce insist\u0103 asupra respect\u0103rii propriilor drepturi de proprietate intelectual\u0103, respect\u0103 \u00een egal\u0103 m\u0103sur\u0103 drepturile de proprietate intelectual\u0103 ale altora. Dac\u0103 b\u0103nui\u021bi c\u0103 orice material fie g\u0103zduit sau legat de <a href=\"https:\/\/www.recyclemachine.net\/ro\/\">Rumtoo Machinery Co., LTD<\/a> v\u0103 \u00eencalc\u0103 drepturile de autor, sunte\u021bi \u00eendemnat s\u0103 informa\u021bi Rumtoo Machinery Co., LTD despre aceasta. Rumtoo Machinery Co., LTD se angajeaz\u0103 s\u0103 adreseze prompt astfel de notific\u0103ri, inclusiv, dac\u0103 este necesar sau adecvat, prin eliminarea con\u021binutului care \u00eencalc\u0103 drepturile sau dezactivarea tuturor leg\u0103turilor c\u0103tre materialul care \u00eencalc\u0103 drepturile. \u00cen cazurile \u00een care se constat\u0103 c\u0103 un vizitator \u00eencalc\u0103 sau \u00eencalc\u0103 \u00een mod repetat drepturile de autor sau alte drepturi de proprietate intelectual\u0103 ale <a href=\"https:\/\/www.recyclemachine.net\/ro\/\">Rumtoo Machinery Co., LTD<\/a> sau ter\u021bi, Rumtoo Machinery Co., LTD \u00ee\u0219i rezerv\u0103 dreptul, la discre\u021bia sa, de a rezilia sau de a refuza accesul \u0219i utilizarea site-ului web. \u00cen cazul \u00een care are loc o astfel de reziliere, Rumtoo Machinery Co., LTD nu are nicio obliga\u021bie de a emite o rambursare pentru orice pl\u0103\u021bi efectuate anterior.<strong><br \/>\n<\/strong><\/li>\n<li><strong>Proprietate intelectual\u0103:<br \/>\n<\/strong>Acest acord nu v\u0103 acord\u0103 niciun drept asupra propriet\u0103\u021bii intelectuale a Rumtoo Machinery Co., LTD sau a oric\u0103rei ter\u021be p\u0103r\u021bi. Toate drepturile, titlurile \u0219i interesele asupra unei astfel de propriet\u0103\u021bi intelectuale vor r\u0103m\u00e2ne exclusiv cu <a href=\"https:\/\/www.recyclemachine.net\/ro\/\">Rumtoo Machinery Co., LTD<\/a>. Sigla Rumtoo Machinery Co., LTD, \u00eempreun\u0103 cu toate celelalte m\u0103rci comerciale, m\u0103rci de servicii, grafice \u0219i logo-uri utilizate \u00een asociere cu Rumtoo Machinery Co., LTD sau site-ul web, sunt m\u0103rci comerciale sau m\u0103rci comerciale \u00eenregistrate ale <a href=\"https:\/\/www.recyclemachine.net\/ro\/\">Rumtoo Machinery Co., LTD<\/a> sau licen\u021biatorii s\u0103i. M\u0103rcile comerciale, m\u0103rcile de servicii, elementele grafice \u0219i siglele utilizate pe site-ul web care apar\u021bin unor ter\u021bi r\u0103m\u00e2n proprietatea acelor proprietari. Accesul dumneavoastr\u0103 la Site nu v\u0103 confer\u0103 nicio licen\u021b\u0103 sau drept de utilizare <a href=\"https:\/\/www.recyclemachine.net\/ro\/\">Rumtoo Machinery Co., LTD<\/a> sau m\u0103rci comerciale ale unor ter\u021bi f\u0103r\u0103 permisiunea explicit\u0103.<strong><br \/>\n<\/strong><\/li>\n<li><strong>Schimb\u0103ri:<br \/>\n<\/strong><a href=\"https:\/\/www.recyclemachine.net\/ro\/\">Rumtoo Machinery Co., LTD<\/a> \u00ee\u0219i p\u0103streaz\u0103 dreptul exclusiv de a modifica sau modifica orice parte a prezentului acord, la discre\u021bia sa. V\u0103 revine s\u0103 revizui\u021bi \u00een mod regulat acest Acord pentru orice modific\u0103ri. Angajamentul dumneavoastr\u0103 continuu sau accesul la site-ul web dup\u0103 orice actualiz\u0103ri ale acestui acord \u00eenseamn\u0103 acceptarea acestor modific\u0103ri. \u00cen plus, Rumtoo Machinery Co., LTD poate introduce noi servicii \u0219i\/sau caracteristici pe site-ul \u00een viitor, inclusiv noi instrumente \u0219i resurse. Aceste noi oferte vor respecta, de asemenea, termenii \u0219i condi\u021biile stabilite \u00een prezentul Acord.<strong><br \/>\n<\/strong><\/li>\n<li><strong>Rezilierea:<br \/>\n<\/strong><a href=\"https:\/\/www.recyclemachine.net\/ro\/\">Rumtoo Machinery Co., LTD<\/a> \u00ee\u0219i rezerv\u0103 dreptul de a rezilia accesul dumneavoastr\u0103 la Site, \u00een \u00eentregime sau par\u021bial, \u00een orice moment \u0219i pentru orice motiv, cu sau f\u0103r\u0103 notificare prealabil\u0103, cu efect imediat. Dac\u0103 decide\u021bi s\u0103 rezilia\u021bi acest Acord sau dvs <a href=\"https:\/\/www.recyclemachine.net\/ro\/\">Rumtoo Machinery Co., LTD<\/a> cont (dac\u0103 ave\u021bi unul), este suficient\u0103 \u00eentreruperea utiliz\u0103rii site-ului. Cu toate acestea, pentru cei care de\u021bin un cont de servicii VIP, rezilierea p\u00e2n\u0103 la <a href=\"https:\/\/www.recyclemachine.net\/ro\/\">Rumtoo Machinery Co., LTD<\/a> este condi\u021bionat\u0103 de o \u00eenc\u0103lcare material\u0103 a prezentului acord care nu este remediat\u0103 \u00een termen de treizeci (30) de zile de la notificarea de c\u0103tre Rumtoo Machinery Co., LTD a unei astfel de \u00eenc\u0103lc\u0103ri. \u00cen ciuda, <a href=\"https:\/\/www.recyclemachine.net\/ro\/\">Rumtoo Machinery Co., LTD<\/a> \u00ee\u0219i rezerv\u0103 dreptul de a rezilia imediat site-ul web ca parte a unei \u00eentreruperi generale a serviciului nostru. Dup\u0103 reziliere, toate elementele acestui Acord care, prin natura lor inerent\u0103, ar trebui s\u0103 persist\u0103, vor r\u0103m\u00e2ne \u00een vigoare, inclusiv, dar f\u0103r\u0103 a se limita la, prevederile referitoare la proprietate, declinarea garan\u021biei, desp\u0103gubiri \u0219i limit\u0103ri de r\u0103spundere.<strong><br \/>\n<\/strong><\/li>\n<li><strong>Declinarea garan\u021biilor:<br \/>\n<\/strong>Site-ul web v\u0103 este pus la dispozi\u021bie \u201eca atare\u201d. <a href=\"https:\/\/www.recyclemachine.net\/ro\/\">Rumtoo Machinery Co., LTD<\/a>, \u00eempreun\u0103 cu furnizorii \u0219i licen\u021biatorii s\u0103i, declin\u0103 \u00een mod expres toate garan\u021biile de orice fel, fie c\u0103 sunt exprese sau implicite, inclusiv, dar f\u0103r\u0103 a se limita la, garan\u021bii de vandabilitate, potrivire pentru un anumit scop \u0219i ne\u00eenc\u0103lcare. Nici Rumtoo Machinery Co., LTD, nici furnizorii \u0219i licen\u021biatorii s\u0103i nu garanteaz\u0103 c\u0103 site-ul web va fi lipsit de erori sau c\u0103 accesul la acesta va fi continuu sau f\u0103r\u0103 \u00eentrerupere. Este important s\u0103 \u00een\u021belege\u021bi c\u0103 orice con\u021binut sau servicii pe care le desc\u0103rca\u021bi de pe site sau le ob\u021bine\u021bi \u00een alt mod prin intermediul site-ului web sunt achizi\u021bionate la discre\u021bia \u0219i riscul dumneavoastr\u0103.<strong><br \/>\n<\/strong><\/li>\n<li><strong>Limitare a r\u0103spunderii:<br \/>\n<\/strong>Sub nicio form\u0103 nu va <a href=\"https:\/\/www.recyclemachine.net\/ro\/\">Rumtoo Machinery Co., LTD<\/a>, sau furnizorii sau licen\u021biatorii s\u0103i, vor fi f\u0103cu\u021bi r\u0103spunz\u0103tori pentru orice preten\u021bii legate de acest acord, indiferent dac\u0103 decurg din contract, neglijen\u021b\u0103, r\u0103spundere strict\u0103 sau orice alt\u0103 teorie legal\u0103 sau echitabil\u0103, inclusiv, dar f\u0103r\u0103 a se limita la: (i) orice special, incidental, sau daune consecutive; (ii) costul achizi\u021biei pentru produse sau servicii de substitu\u021bie; (iii) \u00eentreruperea utiliz\u0103rii sau pierderea sau coruperea datelor; sau (iv) orice sume care dep\u0103\u0219esc taxele pe care le-a\u021bi pl\u0103tit c\u0103tre Rumtoo Machinery Co., LTD \u00een temeiul acestui acord \u00een cele dou\u0103sprezece (12) luni anterioare cauzei ac\u021biunii. Rumtoo Machinery Co., LTD nu este responsabil\u0103 pentru nicio e\u0219ec sau \u00eent\u00e2rziere \u00een performan\u021b\u0103 cauzat\u0103 de circumstan\u021be care nu sunt controlate \u00een mod rezonabil. Aceast\u0103 limitare a r\u0103spunderii nu se aplic\u0103 acolo unde este interzis\u0103 de legea aplicabil\u0103.<strong><br \/>\n<\/strong><\/li>\n<li><strong>Reprezentare general\u0103 \u0219i garan\u021bie:<br \/>\n<\/strong>Afirma\u021bi \u0219i garanta\u021bi c\u0103: (i) angajamentul dumneavoastr\u0103 cu site-ul web va adera strict la <a href=\"https:\/\/www.recyclemachine.net\/ro\/\">Rumtoo Machinery Co., LTD<\/a> <a href=\"https:\/\/www.recyclemachine.net\/ro\/politica-de-confidentialitate\/\">Politica de confiden\u021bialitate<\/a>, acest Acord \u0219i toate legile \u0219i reglement\u0103rile relevante. Aceasta include, dar nu se limiteaz\u0103 la, orice legi sau reglement\u0103ri locale din \u021bara, statul, ora\u0219ul sau alt\u0103 jurisdic\u021bie guvernamental\u0103, referitoare la comportamentul online \u0219i con\u021binutul acceptabil, precum \u0219i toate legile aplicabile privind transmiterea datelor tehnice exportate din Statele Unite. Statele sau \u021bara \u00een care locui\u021bi; \u0219i (ii) utilizarea de c\u0103tre dvs. a site-ului web nu va \u00eenc\u0103lca \u0219i nici nu va \u00eensu\u0219i \u00een mod abuziv drepturile de proprietate intelectual\u0103 ale vreunei ter\u021be p\u0103r\u021bi.<strong><br \/>\n<\/strong><\/li>\n<li><strong>Desp\u0103gubiri:<br \/>\n<\/strong>V\u0103 angaja\u021bi s\u0103 desp\u0103gubi\u021bi \u0219i s\u0103 v\u0103 ap\u0103ra\u021bi <a href=\"https:\/\/www.recyclemachine.net\/ro\/\">Rumtoo Machinery Co., LTD<\/a>, contractorii, licen\u021biatorii s\u0103i \u0219i directorii, ofi\u021berii, angaja\u021bii \u0219i agen\u021bii respectivi ai acestora \u00eempotriva oric\u0103ror cereri \u0219i cheltuieli, inclusiv onorariile avoca\u021bilor, rezultate din utilizarea de c\u0103tre dvs. a site-ului web. Aceasta include, dar nu se limiteaz\u0103 la, orice preten\u021bii care decurg din \u00eenc\u0103lcarea de c\u0103tre dvs. a prezentului Acord.<strong><br \/>\n<\/strong><\/li>\n<li><strong>Diverse:<br \/>\n<\/strong>Acest acord reprezint\u0103 \u00een\u021belegerea complet\u0103 \u00eentre <a href=\"https:\/\/www.recyclemachine.net\/ro\/\">Rumtoo Machinery Co., LTD<\/a> \u0219i dvs. \u00een ceea ce prive\u0219te subiectul acestuia \u0219i poate fi modificat numai printr-un amendament scris semnat de un director autorizat al Rumtoo Machinery Co., LTD sau prin publicarea unei versiuni revizuite de c\u0103tre Rumtoo Machinery Co., LTD. Cu excep\u021bia cazului \u00een care legea aplicabil\u0103 prevede altfel, acest acord, precum \u0219i orice acces la sau utilizare a site-ului web, vor fi guvernate de legile Statelor Unite ale Americii, Regatului Unit, legisla\u021bia european\u0103 \u0219i dreptul interna\u021bional.<strong><br \/>\n<\/strong><\/li>\n<\/ol>","protected":false},"excerpt":{"rendered":"<p>Acest document stabile\u0219te termenii \u0219i condi\u021biile care guverneaz\u0103 utilizarea acestui website, inclusiv toate con\u021binuturile, serviciile \u0219i produsele disponibile \u00een el. Website-ul este de\u021binut \u0219i operat de Rumtoo Machinery Co., LTD. Utilizarea website-ului este condi\u021bionat\u0103 de acordul dvs., f\u0103r\u0103 modific\u0103ri, asupra tuturor acestor termeni \u0219i condi\u021bii, la fel \u2026 <a href=\"https:\/\/www.recyclemachine.net\/ro\/termeni-si-conditii\/\" class=\"more-link\">Continu\u0103 s\u0103 cite\u0219ti <span class=\"screen-reader-text\">Termeni \u0219i condi\u021bii<\/span><\/a><\/p>","protected":false},"author":1,"featured_media":0,"parent":0,"menu_order":0,"comment_status":"closed","ping_status":"open","template":"","meta":{"footnotes":""},"class_list":["post-8324","page","type-page","status-publish","hentry"],"tsf_seo":{"title":"Termeni \u0219i condi\u021bii - Rumtoo Machinery","description":"Acest document stabile\u0219te termenii \u0219i condi\u021biile care guverneaz\u0103 utilizarea de c\u0103tre dumneavoastr\u0103 a acestui site web, inclusiv tot con\u021binutul, serviciile \u0219i produsele disponibile \u00een cadrul acestuia.","robots":"index, follow","canonical":"https:\/\/www.recyclemachine.net\/ro\/termeni-si-conditii\/","og_title":"Terms &#038; Conditions &#x2d; Rumtoo Machinery","og_description":"This document sets forth the terms and conditions that govern your use of this website, including all content, services, and products available within it.","og_image":""},"_links":{"self":[{"href":"https:\/\/www.recyclemachine.net\/ro\/wp-json\/wp\/v2\/pages\/8324","targetHints":{"allow":["GET"]}}],"collection":[{"href":"https:\/\/www.recyclemachine.net\/ro\/wp-json\/wp\/v2\/pages"}],"about":[{"href":"https:\/\/www.recyclemachine.net\/ro\/wp-json\/wp\/v2\/types\/page"}],"author":[{"embeddable":true,"href":"https:\/\/www.recyclemachine.net\/ro\/wp-json\/wp\/v2\/users\/1"}],"replies":[{"embeddable":true,"href":"https:\/\/www.recyclemachine.net\/ro\/wp-json\/wp\/v2\/comments?post=8324"}],"version-history":[{"count":0,"href":"https:\/\/www.recyclemachine.net\/ro\/wp-json\/wp\/v2\/pages\/8324\/revisions"}],"wp:attachment":[{"href":"https:\/\/www.recyclemachine.net\/ro\/wp-json\/wp\/v2\/media?parent=8324"}],"curies":[{"name":"wp","href":"https:\/\/api.w.org\/{rel}","templated":true}]}}