{"id":7982,"date":"2023-11-26T18:37:59","date_gmt":"2023-11-27T02:37:59","guid":{"rendered":"https:\/\/recyclemachine.net\/?page_id=7982"},"modified":"2024-07-16T23:50:47","modified_gmt":"2024-07-17T06:50:47","slug":"lamele-masinii-de-reciclare","status":"publish","type":"page","link":"https:\/\/www.recyclemachine.net\/ro\/lamele-masinii-de-reciclare\/","title":{"rendered":"Reciclarea lamelelor ma\u0219inii"},"content":{"rendered":"<div class=\"wpb-content-wrapper\">\r\n<div class=\"vc_row ts-row wpb_row vc_row-fluid ts-total-col-1 ts-zindex-0 container ts-bgimage-position-center_center\">\r\n\r\n        \r\n\t\r\n\t\r\n\t\t\r\n<div class=\"ts-column wpb_column vc_column_container vc_col-sm-12 ts-zindex-0\">\r\n\t<div class=\"vc_column-inner\">\r\n\t\t\t\t<div class=\"wpb_wrapper\">\r\n\t\t\t<div class=\"themestek-boxes themestek-boxes-blog themestek-boxes-view-default themestek-boxes-col-three themestek-boxes-sortable-no themestek-boxes-textalign-center themestek-boxes-sortablebutton-  wpb_animate_when_almost_visible wpb_fadeInDown fadeInDown\">\r\n\t\t<div class=\"themestek-boxes-inner themestek-boxes-blog-inner\"><div class=\"themestek-box-heading-wrapper ts-element-align-center\"><div class=\"ts-element-heading-wrapper ts-heading-inner ts-element-align-center ts-seperator-none\"><section class=\"ts-vc_cta3-container\"><div class=\"ts-vc_general ts-vc_cta3 ts-cta3-only ts-vc_cta3-style-classic ts-vc_cta3-shape-rounded ts-vc_cta3-align-center ts-vc_cta3-color-transparent ts-vc_cta3-icon-size-md ts-vc_cta3-actions-no ts-cta3-with-desc\"><div class=\"ts-vc_cta3_content-container\"><div class=\"ts-vc_cta3-content\"><div class=\"ts-vc_cta3-content-header ts-wrap\"><div class=\"ts-vc_cta3-headers ts-wrap-cell\"><h4 class=\"ts-custom-heading\" >Eficien\u021b\u0103 de nesf\u0103cut: Lame de lung\u0103 durat\u0103 pentru reciclare non-stop<\/h4>\n<h2 class=\"ts-custom-heading\" ><a href=\"https:\/\/www.recyclemachine.net\/ro\/lamele-masinii-de-reciclare\/\">Reciclarea lamelelor ma\u0219inii<\/a><\/h2>\n<\/div><\/div><div class=\"ts-cta3-content-wrapper\"><p>Precision Edge, performan\u021b\u0103 maxim\u0103: lame de reciclare concepute pentru a c\u00e2\u0219tiga<br \/>\nShred Power Unleashed: Lame care transform\u0103 de\u0219eurile \u00een profit<br \/>\nma\u0219in\u0103 puternic\u0103 de reciclare echipat\u0103 cu lame care m\u0103run\u021bit diverse materiale<\/p><\/div><\/div><\/div><\/div><\/section><\/div> <!-- .ts-element-heading-wrapper container --> <\/div> <!-- .ts-element-heading-wrapper container --> \n\t\t\t\n\t\t\t<div class=\"row multi-columns-row themestek-boxes-row-wrapper themestek-boxes-row-wrapper-blog\">\n\t\t\t\t<div class=\"ts-box-col-wrapper col-lg-4 col-sm-6 col-md-4 col-xs-12 ts-term-236\"><article class=\"themestek-box themestek-box-blog ts-blogbox-style-1 themestek-box-style1 themestek-blogbox-format-image\">\r\n\t<div class=\"post-item\">\r\n\t\t\r\n\t\t<div class=\"ts-blog-image-with-meta\">\r\n\t\t\t<div class=\"ts-featured-wrapper ts-post-featured-wrapper ts-post-format-image\"><img loading=\"lazy\" decoding=\"async\" width=\"864\" height=\"590\" src=\"https:\/\/www.recyclemachine.net\/wp-content\/uploads\/2024\/01\/01bbb0a6-520c-4cd5-83ff-e1c438c885b4.webp\" class=\"attachment-themestek-img-800x700 size-themestek-img-800x700 wp-post-image\" alt=\"Premium Plastic Crusher &amp;Shredder Lame\" srcset=\"https:\/\/www.recyclemachine.net\/wp-content\/uploads\/2024\/01\/01bbb0a6-520c-4cd5-83ff-e1c438c885b4.webp 864w, https:\/\/www.recyclemachine.net\/wp-content\/uploads\/2024\/01\/01bbb0a6-520c-4cd5-83ff-e1c438c885b4-300x205.webp 300w, https:\/\/www.recyclemachine.net\/wp-content\/uploads\/2024\/01\/01bbb0a6-520c-4cd5-83ff-e1c438c885b4-768x524.webp 768w\" sizes=\"auto, (max-width: 864px) 100vw, 864px\" data-id=\"8241\" \/><\/div>\t\t\t\t\t<div class=\"ts-featured-meta-wrapper ts-featured-overlay\">\t\t\t\t\t\t\t\r\n\r\n\t\t\t\t\t\t\t\t\t\t\t\t\t<span class=\"ts-meta-line cat-links\"><i class=\"ts-industco-icon-category\"><\/i> <span class=\"screen-reader-text ts-hide\">Categorii <\/span><a href=\"https:\/\/www.recyclemachine.net\/ro\/categorie\/lame\/\">Reciclarea lamelelor ma\u0219inii<\/a><\/span>\r\n\t\t\t\t\t\t\r\n\t\t\t\t\t\t\t\t\t\t\t\t<span class=\"ts-meta-line posted-on\">\r\n\t\t\t\t\t\t\t<i class=\"ts-industco-icon-clock\"><\/i> \r\n\t\t\t\t\t\t\t<span class=\"screen-reader-text ts-hide\">Postat pe <\/span>\r\n\t\t\t\t\t\t\t<a href=\"https:\/\/www.recyclemachine.net\/ro\/pret-relativ\/\" rel=\"bookmark\">\r\n\t\t\t\t\t\t\t\t<time class=\"entry-date published\" datetime=\"2025-10-15T01:31:49-07:00\">10\/15\/2025<\/time>\r\n\t\t\t\t\t\t\t\t<time class=\"updated ts-hide\" datetime=\"2026-04-07T05:20:24-07:00\">04\/07\/2026<\/time>\r\n\t\t\t\t\t\t\t<\/a>\r\n\t\t\t\t\t\t<\/span>\r\n\r\n\t\t\t\t\t<\/div>\r\n\t\t<\/div>\t\t\r\n\r\n\t\t<div class=\"themestek-box-content\">\t\r\n\t\t\t<div class=\"themestek-box-title\"><h4><a href=\"https:\/\/www.recyclemachine.net\/ro\/pret-relativ\/\">Ghidul final pentru SKD-11, D2, DC53 \u0219i 55SiCr pentru lama de reciclare a plasticului<\/a><\/h4><\/div>\t\t\t<div class=\"themestek-box-desc\">\r\n\t\t\t\t<div class=\"themestek-box-desc-text\">Esen\u021bial pentru industria de reciclare a plasticului: compara\u021bie cuprinz\u0103toare \u0219i ghid pentru materialele de t\u0103iat SKD-11, D2, DC53 \u0219i 55SiCr<\/div>\r\n\t\t\t<\/div>\r\n\r\n\t\t\t<div class=\"themestek-blogbox-footer-readmore\">\r\n\t\t\t\t\t\t\t<\/div>\r\n\r\n\t\t<\/div>\r\n\t<\/div>\r\n<\/article>\r\n\r\n<\/div><div class=\"ts-box-col-wrapper col-lg-4 col-sm-6 col-md-4 col-xs-12 ts-term-236\"><article class=\"themestek-box themestek-box-blog ts-blogbox-style-1 themestek-box-style1 themestek-blogbox-format-image\">\r\n\t<div class=\"post-item\">\r\n\t\t\r\n\t\t<div class=\"ts-blog-image-with-meta\">\r\n\t\t\t<div class=\"ts-featured-wrapper ts-post-featured-wrapper ts-post-format-image\"><img loading=\"lazy\" decoding=\"async\" width=\"1920\" height=\"1080\" src=\"https:\/\/www.recyclemachine.net\/wp-content\/uploads\/2023\/11\/Shredder_Rotor_Knives.webp\" class=\"attachment-themestek-img-800x700 size-themestek-img-800x700 wp-post-image\" alt=\"Imaginea prezint\u0103 dou\u0103 componente metalice cu suprafe\u021be concave \u0219i g\u0103uri centrale, cunoscute \u00een mod obi\u0219nuit sub denumirea de cu\u021bite pentru rotorul toc\u0103toarelor. Acestea sunt utilizate \u00een distrug\u0103toarele industriale pentru t\u0103ierea sau m\u0103cinarea materialelor. Dimensiunile diferite sugereaz\u0103 c\u0103 acestea pot fi destinate unor capacit\u0103\u021bi sau etape diferite de m\u0103run\u021bire. Designul se concentreaz\u0103 pe durabilitate \u0219i eficien\u021b\u0103, cruciale pentru opera\u021biunile continue \u0219i grele din procesele de reciclare sau de fabrica\u021bie.\" srcset=\"https:\/\/www.recyclemachine.net\/wp-content\/uploads\/2023\/11\/Shredder_Rotor_Knives.webp 1920w, https:\/\/www.recyclemachine.net\/wp-content\/uploads\/2023\/11\/Shredder_Rotor_Knives-300x169.webp 300w, https:\/\/www.recyclemachine.net\/wp-content\/uploads\/2023\/11\/Shredder_Rotor_Knives-1024x576.webp 1024w, https:\/\/www.recyclemachine.net\/wp-content\/uploads\/2023\/11\/Shredder_Rotor_Knives-768x432.webp 768w, https:\/\/www.recyclemachine.net\/wp-content\/uploads\/2023\/11\/Shredder_Rotor_Knives-1536x864.webp 1536w\" sizes=\"auto, (max-width: 1920px) 100vw, 1920px\" data-id=\"7975\" \/><\/div>\t\t\t\t\t<div class=\"ts-featured-meta-wrapper ts-featured-overlay\">\t\t\t\t\t\t\t\r\n\r\n\t\t\t\t\t\t\t\t\t\t\t\t\t<span class=\"ts-meta-line cat-links\"><i class=\"ts-industco-icon-category\"><\/i> <span class=\"screen-reader-text ts-hide\">Categorii <\/span><a href=\"https:\/\/www.recyclemachine.net\/ro\/categorie\/lame\/\">Reciclarea lamelelor ma\u0219inii<\/a><\/span>\r\n\t\t\t\t\t\t\r\n\t\t\t\t\t\t\t\t\t\t\t\t<span class=\"ts-meta-line posted-on\">\r\n\t\t\t\t\t\t\t<i class=\"ts-industco-icon-clock\"><\/i> \r\n\t\t\t\t\t\t\t<span class=\"screen-reader-text ts-hide\">Postat pe <\/span>\r\n\t\t\t\t\t\t\t<a href=\"https:\/\/www.recyclemachine.net\/ro\/tocator-rotor-cutite\/\" rel=\"bookmark\">\r\n\t\t\t\t\t\t\t\t<time class=\"entry-date published\" datetime=\"2025-01-30T04:53:02-08:00\">01\/30\/2025<\/time>\r\n\t\t\t\t\t\t\t\t<time class=\"updated ts-hide\" datetime=\"2026-04-07T05:20:25-07:00\">04\/07\/2026<\/time>\r\n\t\t\t\t\t\t\t<\/a>\r\n\t\t\t\t\t\t<\/span>\r\n\r\n\t\t\t\t\t<\/div>\r\n\t\t<\/div>\t\t\r\n\r\n\t\t<div class=\"themestek-box-content\">\t\r\n\t\t\t<div class=\"themestek-box-title\"><h4><a href=\"https:\/\/www.recyclemachine.net\/ro\/tocator-rotor-cutite\/\">Cu\u021bite pentru rotor de toc\u0103tor<\/a><\/h4><\/div>\t\t\t<div class=\"themestek-box-desc\">\r\n\t\t\t\t<div class=\"themestek-box-desc-text\">Explora\u021bi calitatea superioar\u0103 a cu\u021bitelor cu rotor Rumtoo Shredder, cu incrusta\u021bii din carbur\u0103 de tungsten, tratament termic avansat \u0219i solu\u021bii personalizate pentru reciclarea eficient\u0103 a plasticului.<\/div>\r\n\t\t\t<\/div>\r\n\r\n\t\t\t<div class=\"themestek-blogbox-footer-readmore\">\r\n\t\t\t\t\t\t\t<\/div>\r\n\r\n\t\t<\/div>\r\n\t<\/div>\r\n<\/article>\r\n\r\n<\/div>\n\t\t\t<\/div>\n\t\t<div class=\"clearfix\"><\/div><\/div><!-- .themestek-boxes-inner -->   <\/div><!-- .themestek-boxes -->  \t\t<\/div>\r\n\t<\/div>\r\n<\/div>\r\n\r\n\r\n\t<\/div>\r\n\r\n\r\n\n<\/div>","protected":false},"excerpt":{"rendered":"Roti de t\u0103iere pentru rotorul de mulciere din carbura de wolfram, proiectate pentru o rezisten\u021b\u0103 maxim\u0103 la uzur\u0103 \u0219i o durat\u0103 de via\u021b\u0103 lung\u0103, foile de rotor ale noastre pentru mulciere sunt inima ma\u0219inii tale de mulciere plastic. Oferim foile premium, personalizate, pentru a \u00eembun\u0103t\u0103\u021bi performan\u021ba \u0219i eficien\u021ba ma\u0219inii tale. Ob\u021bine o ofert\u0103 Avantajul Rumtoo Foile noastre de t\u0103iere pentru mulciere sunt de \u00eencredere de profesioni\u0219tii din reciclare la nivel mondial pentru performan\u021ba lor \u0219i \u2026 <a href=\"https:\/\/www.recyclemachine.net\/ro\/tocator-rotor-cutite\/\" class=\"more-link\">Continu\u0103 s\u0103 cite\u0219ti <span class=\"screen-reader-text\">Cu\u021bite pentru rotor de toc\u0103tor<\/span><\/a>","protected":false},"author":1,"featured_media":0,"parent":0,"menu_order":23,"comment_status":"closed","ping_status":"closed","template":"","meta":{"footnotes":""},"class_list":["post-7982","page","type-page","status-publish","hentry"],"tsf_seo":{"title":"Reciclarea lamelelor ma\u0219inii","description":"Prelungi\u021bi durata de via\u021b\u0103 a echipamentului dvs. de reciclare cu lamele noastre de \u00eenalt\u0103 performan\u021b\u0103, proiectate pentru durabilitate \u0219i performan\u021b\u0103 optim\u0103 de t\u0103iere \u00een aplica\u021bii solicitante.","robots":"index, follow","canonical":"https:\/\/www.recyclemachine.net\/ro\/lamele-masinii-de-reciclare\/","og_title":"Recycling Machine Blades","og_description":"Extend the life of your recycling equipment with our high&#x2d;performance blades, designed for durability and optimal cutting performance in demanding applications.","og_image":""},"_links":{"self":[{"href":"https:\/\/www.recyclemachine.net\/ro\/wp-json\/wp\/v2\/pages\/7982","targetHints":{"allow":["GET"]}}],"collection":[{"href":"https:\/\/www.recyclemachine.net\/ro\/wp-json\/wp\/v2\/pages"}],"about":[{"href":"https:\/\/www.recyclemachine.net\/ro\/wp-json\/wp\/v2\/types\/page"}],"author":[{"embeddable":true,"href":"https:\/\/www.recyclemachine.net\/ro\/wp-json\/wp\/v2\/users\/1"}],"replies":[{"embeddable":true,"href":"https:\/\/www.recyclemachine.net\/ro\/wp-json\/wp\/v2\/comments?post=7982"}],"version-history":[{"count":0,"href":"https:\/\/www.recyclemachine.net\/ro\/wp-json\/wp\/v2\/pages\/7982\/revisions"}],"wp:attachment":[{"href":"https:\/\/www.recyclemachine.net\/ro\/wp-json\/wp\/v2\/media?parent=7982"}],"curies":[{"name":"wp","href":"https:\/\/api.w.org\/{rel}","templated":true}]}}