{"id":4080,"date":"2021-04-27T10:38:18","date_gmt":"2021-04-27T17:38:18","guid":{"rendered":"http:\/\/industco-demo.pbminfotech.com\/?page_id=4080"},"modified":"2023-04-09T23:10:57","modified_gmt":"2023-04-10T06:10:57","slug":"stilul-proiectelor","status":"publish","type":"page","link":"https:\/\/www.recyclemachine.net\/ro\/stilul-proiectelor\/","title":{"rendered":"Proiecte de stil"},"content":{"rendered":"<div class=\"wpb-content-wrapper\">\r\n<div class=\"vc_row ts-row wpb_row vc_row-fluid ts-total-col-1 ts-zindex-0 container ts-bgimage-position-center_center\">\r\n\r\n        \r\n\t\r\n\t\r\n\t\t\r\n<div class=\"ts-column wpb_column vc_column_container vc_col-sm-12 ts-zindex-0\">\r\n\t<div class=\"vc_column-inner\">\r\n\t\t\t\t<div class=\"wpb_wrapper\">\r\n\t\t\t<div class=\"themestek-boxes themestek-boxes-portfolio themestek-boxes-view-default themestek-boxes-col-three themestek-boxes-sortable-yes themestek-boxes-textalign-center themestek-boxes-sortablebutton-\">\r\n\t\t<div class=\"themestek-boxes-inner themestek-boxes-portfolio-inner\">\r\n\t\t\t<div class=\"ts-sortable-wrapper ts-sortable-wrapper-portfolio\"><nav class=\"ts-sortable-list\"><ul><li class=\"ts-sortable-link ts-sortable-all-link\"><a class=\"selected\" href=\"javascript:void(0);\" data-filter=\"*\"> Toate <\/a><\/li><li class=\"ts-sortable-link\"><a href=\"javascript:void(0);\" data-filter=\".ts-term-18\">Cazul proiectului<\/a><\/li><li class=\"ts-sortable-link\"><a href=\"javascript:void(0);\" data-filter=\".ts-term-1998\">Concasor industrial<\/a><\/li><li class=\"ts-sortable-link\"><a href=\"javascript:void(0);\" data-filter=\".ts-term-23\">Arat\u0103 imagini<\/a><\/li><\/ul><\/nav><\/div>\r\n\t\t\t<div class=\"row multi-columns-row themestek-boxes-row-wrapper\">\r\n\t\t\t\t<div class=\"ts-box-col-wrapper col-lg-4 col-sm-6 col-md-4 col-xs-12 ts-term-18\"><article class=\"themestek-box themestek-box-portfolio ts-portfoliobox-style-2 themestek-box-view-overlay ts-hover-style-3\">\r\n\t<div class=\"themestek-post-item\">\r\n\t\t\r\n\t\t<span class=\"themestek-item-thumbnail\">\r\n\t\t\t<span class=\"themestek-item-thumbnail-inner\">\r\n\t\t\t\t<img loading=\"lazy\" decoding=\"async\" width=\"800\" height=\"715\" src=\"https:\/\/www.recyclemachine.net\/wp-content\/uploads\/2022\/03\/500KG-H_PP_woven_bag_washing_squeezing_recycling_line-800x715.jpg\" class=\"attachment-themestek-img-800x715 size-themestek-img-800x715 wp-post-image\" alt=\"500KG\/H PP \u021besute sac de sp\u0103lare sp\u0103lare stoarcere linie de reciclare stoarcere\" data-id=\"7337\" \/>\r\n\t\t\t<\/span>\r\n\t\t<\/span>\t\t<div class=\"themestek-box-content themestek-overlay\">\r\n\t\t\t<div class=\"themestek-box-content-inner\">\t\t\t  \r\n\t\t\t\t<div class=\"themestek-pf-box-title\">\r\n\t\t\t\t\t<h3><a href=\"https:\/\/www.recyclemachine.net\/ro\/produs-2\/500-kg-h-pp-linie-de-reciclare-cu-stoarcere-de-spalare-a-pungi-tesute\/\">500KG \/ H PP \u021besute sac de sp\u0103lare Squeezing sp\u0103lare Linia de reciclare<\/a><\/h3>\r\n\t\t\t\t\t<div class=\"themestek-box-category\"><a href=\"https:\/\/www.recyclemachine.net\/ro\/categorie-produs\/caz-de-proiect\/\" rel=\"tag\">Cazul proiectului<\/a><\/div>\r\n\t\t\t\t<\/div>\t\r\n\t\t\t\t<div class=\"themestek-icon-box themestek-media-link\">\r\n\t\t\t\t\t<a class=\"ts_prettyphoto\" title=\"500KG \/ H PP \u021besute sac de sp\u0103lare Squeezing sp\u0103lare Linia de reciclare\" href=\"https:\/\/www.recyclemachine.net\/wp-content\/uploads\/2022\/03\/500KG-H_PP_woven_bag_washing_squeezing_recycling_line.jpg\"><i class=\"demo-icon ts-industco-icon-resize-full\"><\/i><\/a>\t\t\t\t<\/div>\r\n            <\/div>\r\n\t\t<\/div>\r\n\t<\/div>\r\n<\/article><\/div><div class=\"ts-box-col-wrapper col-lg-4 col-sm-6 col-md-4 col-xs-12 ts-term-18\"><article class=\"themestek-box themestek-box-portfolio ts-portfoliobox-style-2 themestek-box-view-overlay ts-hover-style-3\">\r\n\t<div class=\"themestek-post-item\">\r\n\t\t\r\n\t\t<span class=\"themestek-item-thumbnail\">\r\n\t\t\t<span class=\"themestek-item-thumbnail-inner\">\r\n\t\t\t\t<img loading=\"lazy\" decoding=\"async\" width=\"800\" height=\"454\" src=\"https:\/\/www.recyclemachine.net\/wp-content\/uploads\/2021\/09\/500kg-h_PP-PE_Woven_Bags_washing_recycling_line-800x454.jpg\" class=\"attachment-themestek-img-800x715 size-themestek-img-800x715 wp-post-image\" alt=\"Ma\u0219ini industriale de reciclare \u00een depozit\" data-id=\"7330\" \/>\r\n\t\t\t<\/span>\r\n\t\t<\/span>\t\t<div class=\"themestek-box-content themestek-overlay\">\r\n\t\t\t<div class=\"themestek-box-content-inner\">\t\t\t  \r\n\t\t\t\t<div class=\"themestek-pf-box-title\">\r\n\t\t\t\t\t<h3><a href=\"https:\/\/www.recyclemachine.net\/ro\/produs-2\/500-kg-pp-pe-saci-tesute-linie-de-reciclare-de-spalat\/\">500 kg \/ h PP \/ PE \u021besute pungi de sp\u0103lare linie de reciclare sp\u0103lare<\/a><\/h3>\r\n\t\t\t\t\t<div class=\"themestek-box-category\"><a href=\"https:\/\/www.recyclemachine.net\/ro\/categorie-produs\/caz-de-proiect\/\" rel=\"tag\">Cazul proiectului<\/a><\/div>\r\n\t\t\t\t<\/div>\t\r\n\t\t\t\t<div class=\"themestek-icon-box themestek-media-link\">\r\n\t\t\t\t\t<a class=\"ts_prettyphoto\" title=\"500 kg \/ h PP \/ PE \u021besute pungi de sp\u0103lare linie de reciclare sp\u0103lare\" href=\"https:\/\/www.recyclemachine.net\/wp-content\/uploads\/2021\/09\/500kg-h_PP-PE_Woven_Bags_washing_recycling_line.jpg\"><i class=\"demo-icon ts-industco-icon-resize-full\"><\/i><\/a>\t\t\t\t<\/div>\r\n            <\/div>\r\n\t\t<\/div>\r\n\t<\/div>\r\n<\/article><\/div><div class=\"ts-box-col-wrapper col-lg-4 col-sm-6 col-md-4 col-xs-12 ts-term-18\"><article class=\"themestek-box themestek-box-portfolio ts-portfoliobox-style-2 themestek-box-view-overlay ts-hover-style-3\">\r\n\t<div class=\"themestek-post-item\">\r\n\t\t\r\n\t\t<span class=\"themestek-item-thumbnail\">\r\n\t\t\t<span class=\"themestek-item-thumbnail-inner\">\r\n\t\t\t\t<img loading=\"lazy\" decoding=\"async\" width=\"800\" height=\"600\" src=\"https:\/\/www.recyclemachine.net\/wp-content\/uploads\/2018\/01\/DM_20230410135417_001_cleanup.jpg\" class=\"attachment-themestek-img-800x715 size-themestek-img-800x715 wp-post-image\" alt=\"PET linie de sp\u0103lare a sticlei PET \u00een Africa de Sud\" srcset=\"https:\/\/www.recyclemachine.net\/wp-content\/uploads\/2018\/01\/DM_20230410135417_001_cleanup.jpg 800w, https:\/\/www.recyclemachine.net\/wp-content\/uploads\/2018\/01\/DM_20230410135417_001_cleanup-300x225.jpg 300w, https:\/\/www.recyclemachine.net\/wp-content\/uploads\/2018\/01\/DM_20230410135417_001_cleanup-768x576.jpg 768w\" sizes=\"auto, (max-width: 800px) 100vw, 800px\" data-id=\"7352\" \/>\r\n\t\t\t<\/span>\r\n\t\t<\/span>\t\t<div class=\"themestek-box-content themestek-overlay\">\r\n\t\t\t<div class=\"themestek-box-content-inner\">\t\t\t  \r\n\t\t\t\t<div class=\"themestek-pf-box-title\">\r\n\t\t\t\t\t<h3><a href=\"https:\/\/www.recyclemachine.net\/ro\/produs-2\/linie-de-spalat-sticle-pentru-animale-de-companie-in-africa-de-sud\/\">PET linie de sp\u0103lare a sticlei PET \u00een Africa de Sud<\/a><\/h3>\r\n\t\t\t\t\t<div class=\"themestek-box-category\"><a href=\"https:\/\/www.recyclemachine.net\/ro\/categorie-produs\/caz-de-proiect\/\" rel=\"tag\">Cazul proiectului<\/a><\/div>\r\n\t\t\t\t<\/div>\t\r\n\t\t\t\t<div class=\"themestek-icon-box themestek-media-link\">\r\n\t\t\t\t\t<a class=\"ts_prettyphoto\" title=\"PET linie de sp\u0103lare a sticlei PET \u00een Africa de Sud\" href=\"https:\/\/www.recyclemachine.net\/wp-content\/uploads\/2018\/01\/DM_20230410135417_001_cleanup.jpg\"><i class=\"demo-icon ts-industco-icon-resize-full\"><\/i><\/a>\t\t\t\t<\/div>\r\n            <\/div>\r\n\t\t<\/div>\r\n\t<\/div>\r\n<\/article><\/div><div class=\"ts-box-col-wrapper col-lg-4 col-sm-6 col-md-4 col-xs-12 ts-term-18\"><article class=\"themestek-box themestek-box-portfolio ts-portfoliobox-style-2 themestek-box-view-overlay ts-hover-style-3\">\r\n\t<div class=\"themestek-post-item\">\r\n\t\t\r\n\t\t<span class=\"themestek-item-thumbnail\">\r\n\t\t\t<span class=\"themestek-item-thumbnail-inner\">\r\n\t\t\t\t<img loading=\"lazy\" decoding=\"async\" width=\"800\" height=\"534\" src=\"https:\/\/www.recyclemachine.net\/wp-content\/uploads\/2018\/02\/500kg-Plastic-Chemical-Buckets-Washing-And-Recycling-Line1.jpg\" class=\"attachment-themestek-img-800x715 size-themestek-img-800x715 wp-post-image\" alt=\"500 kg de plastic chimice chimice g\u0103le\u021bi de sp\u0103lare \u0219i linie de reciclare\" srcset=\"https:\/\/www.recyclemachine.net\/wp-content\/uploads\/2018\/02\/500kg-Plastic-Chemical-Buckets-Washing-And-Recycling-Line1.jpg 800w, https:\/\/www.recyclemachine.net\/wp-content\/uploads\/2018\/02\/500kg-Plastic-Chemical-Buckets-Washing-And-Recycling-Line1-300x200.jpg 300w, https:\/\/www.recyclemachine.net\/wp-content\/uploads\/2018\/02\/500kg-Plastic-Chemical-Buckets-Washing-And-Recycling-Line1-768x513.jpg 768w\" sizes=\"auto, (max-width: 800px) 100vw, 800px\" data-id=\"7343\" \/>\r\n\t\t\t<\/span>\r\n\t\t<\/span>\t\t<div class=\"themestek-box-content themestek-overlay\">\r\n\t\t\t<div class=\"themestek-box-content-inner\">\t\t\t  \r\n\t\t\t\t<div class=\"themestek-pf-box-title\">\r\n\t\t\t\t\t<h3><a href=\"https:\/\/www.recyclemachine.net\/ro\/produs-2\/linie-de-spalare-si-reciclare-a-galetilor-din-plastic-pentru-produse-chimice-de-500-kg\/\">500 kg de plastic chimice chimice g\u0103le\u021bi de sp\u0103lare \u0219i linie de reciclare<\/a><\/h3>\r\n\t\t\t\t\t<div class=\"themestek-box-category\"><a href=\"https:\/\/www.recyclemachine.net\/ro\/categorie-produs\/caz-de-proiect\/\" rel=\"tag\">Cazul proiectului<\/a><\/div>\r\n\t\t\t\t<\/div>\t\r\n\t\t\t\t<div class=\"themestek-icon-box themestek-media-link\">\r\n\t\t\t\t\t<a class=\"ts_prettyphoto\" title=\"500 kg de plastic chimice chimice g\u0103le\u021bi de sp\u0103lare \u0219i linie de reciclare\" href=\"https:\/\/www.recyclemachine.net\/wp-content\/uploads\/2018\/02\/500kg-Plastic-Chemical-Buckets-Washing-And-Recycling-Line1.jpg\"><i class=\"demo-icon ts-industco-icon-resize-full\"><\/i><\/a>\t\t\t\t<\/div>\r\n            <\/div>\r\n\t\t<\/div>\r\n\t<\/div>\r\n<\/article><\/div><div class=\"ts-box-col-wrapper col-lg-4 col-sm-6 col-md-4 col-xs-12 ts-term-18\"><article class=\"themestek-box themestek-box-portfolio ts-portfoliobox-style-2 themestek-box-view-overlay ts-hover-style-3\">\r\n\t<div class=\"themestek-post-item\">\r\n\t\t\r\n\t\t<span class=\"themestek-item-thumbnail\">\r\n\t\t\t<span class=\"themestek-item-thumbnail-inner\">\r\n\t\t\t\t<img loading=\"lazy\" decoding=\"async\" width=\"800\" height=\"600\" src=\"https:\/\/www.recyclemachine.net\/wp-content\/uploads\/2021\/06\/500kg-Plastic-Chemical-Buckets-Washing-And-Recycling-Line4.jpg\" class=\"attachment-themestek-img-800x715 size-themestek-img-800x715 wp-post-image\" alt=\"Plastic chimice g\u0103le\u021bi chimice de sp\u0103lare \u0219i linia de reciclare\" srcset=\"https:\/\/www.recyclemachine.net\/wp-content\/uploads\/2021\/06\/500kg-Plastic-Chemical-Buckets-Washing-And-Recycling-Line4.jpg 800w, https:\/\/www.recyclemachine.net\/wp-content\/uploads\/2021\/06\/500kg-Plastic-Chemical-Buckets-Washing-And-Recycling-Line4-300x225.jpg 300w, https:\/\/www.recyclemachine.net\/wp-content\/uploads\/2021\/06\/500kg-Plastic-Chemical-Buckets-Washing-And-Recycling-Line4-768x576.jpg 768w\" sizes=\"auto, (max-width: 800px) 100vw, 800px\" data-id=\"7346\" \/>\r\n\t\t\t<\/span>\r\n\t\t<\/span>\t\t<div class=\"themestek-box-content themestek-overlay\">\r\n\t\t\t<div class=\"themestek-box-content-inner\">\t\t\t  \r\n\t\t\t\t<div class=\"themestek-pf-box-title\">\r\n\t\t\t\t\t<h3><a href=\"https:\/\/www.recyclemachine.net\/ro\/produs-2\/linia-de-spalare-si-reciclare-a-galetilor-din-plastic-pentru-produse-chimice-de-500-kg-2\/\">500 kg \/ h Plastic chimice g\u0103le\u021bi de sp\u0103lare \u0219i reciclare Linia de sp\u0103lare \u0219i reciclare<\/a><\/h3>\r\n\t\t\t\t\t<div class=\"themestek-box-category\"><a href=\"https:\/\/www.recyclemachine.net\/ro\/categorie-produs\/caz-de-proiect\/\" rel=\"tag\">Cazul proiectului<\/a><\/div>\r\n\t\t\t\t<\/div>\t\r\n\t\t\t\t<div class=\"themestek-icon-box themestek-media-link\">\r\n\t\t\t\t\t<a class=\"ts_prettyphoto\" title=\"500 kg \/ h Plastic chimice g\u0103le\u021bi de sp\u0103lare \u0219i reciclare Linia de sp\u0103lare \u0219i reciclare\" href=\"https:\/\/www.recyclemachine.net\/wp-content\/uploads\/2021\/06\/500kg-Plastic-Chemical-Buckets-Washing-And-Recycling-Line4.jpg\"><i class=\"demo-icon ts-industco-icon-resize-full\"><\/i><\/a>\t\t\t\t<\/div>\r\n            <\/div>\r\n\t\t<\/div>\r\n\t<\/div>\r\n<\/article><\/div><div class=\"ts-box-col-wrapper col-lg-4 col-sm-6 col-md-4 col-xs-12 ts-term-18\"><article class=\"themestek-box themestek-box-portfolio ts-portfoliobox-style-2 themestek-box-view-overlay ts-hover-style-3\">\r\n\t<div class=\"themestek-post-item\">\r\n\t\t\r\n\t\t<span class=\"themestek-item-thumbnail\">\r\n\t\t\t<span class=\"themestek-item-thumbnail-inner\">\r\n\t\t\t\t<img loading=\"lazy\" decoding=\"async\" width=\"800\" height=\"600\" src=\"https:\/\/www.recyclemachine.net\/wp-content\/uploads\/2018\/02\/DM_20230410110446_001_cleanup.jpg\" class=\"attachment-themestek-img-800x715 size-themestek-img-800x715 wp-post-image\" alt=\"500 kg \/ h PE Film de sp\u0103lare a liniei de reciclare de sp\u0103lare\" srcset=\"https:\/\/www.recyclemachine.net\/wp-content\/uploads\/2018\/02\/DM_20230410110446_001_cleanup.jpg 800w, https:\/\/www.recyclemachine.net\/wp-content\/uploads\/2018\/02\/DM_20230410110446_001_cleanup-300x225.jpg 300w, https:\/\/www.recyclemachine.net\/wp-content\/uploads\/2018\/02\/DM_20230410110446_001_cleanup-768x576.jpg 768w\" sizes=\"auto, (max-width: 800px) 100vw, 800px\" data-id=\"7348\" \/>\r\n\t\t\t<\/span>\r\n\t\t<\/span>\t\t<div class=\"themestek-box-content themestek-overlay\">\r\n\t\t\t<div class=\"themestek-box-content-inner\">\t\t\t  \r\n\t\t\t\t<div class=\"themestek-pf-box-title\">\r\n\t\t\t\t\t<h3><a href=\"https:\/\/www.recyclemachine.net\/ro\/produs-2\/linie-de-reciclare-a-spalarii-filmului-de-500-kg-pe\/\">500 kg \/ h PE Film de sp\u0103lare a liniei de reciclare de sp\u0103lare<\/a><\/h3>\r\n\t\t\t\t\t<div class=\"themestek-box-category\"><a href=\"https:\/\/www.recyclemachine.net\/ro\/categorie-produs\/caz-de-proiect\/\" rel=\"tag\">Cazul proiectului<\/a><\/div>\r\n\t\t\t\t<\/div>\t\r\n\t\t\t\t<div class=\"themestek-icon-box themestek-media-link\">\r\n\t\t\t\t\t<a class=\"ts_prettyphoto\" title=\"500 kg \/ h PE Film de sp\u0103lare a liniei de reciclare de sp\u0103lare\" href=\"https:\/\/www.recyclemachine.net\/wp-content\/uploads\/2018\/02\/DM_20230410110446_001_cleanup.jpg\"><i class=\"demo-icon ts-industco-icon-resize-full\"><\/i><\/a>\t\t\t\t<\/div>\r\n            <\/div>\r\n\t\t<\/div>\r\n\t<\/div>\r\n<\/article><\/div><div class=\"ts-box-col-wrapper col-lg-4 col-sm-6 col-md-4 col-xs-12 ts-term-1998\"><article class=\"themestek-box themestek-box-portfolio ts-portfoliobox-style-2 themestek-box-view-overlay ts-hover-style-3\">\r\n\t<div class=\"themestek-post-item\">\r\n\t\t\r\n\t\t<span class=\"themestek-item-thumbnail\">\r\n\t\t\t<span class=\"themestek-item-thumbnail-inner\">\r\n\t\t\t\t<img loading=\"lazy\" decoding=\"async\" width=\"800\" height=\"715\" src=\"https:\/\/www.recyclemachine.net\/wp-content\/uploads\/2025\/01\/Standard-Plastic-Crusher-01-800x715.webp\" class=\"attachment-themestek-img-800x715 size-themestek-img-800x715 wp-post-image\" alt=\"Concasor standard din plastic\" data-id=\"13160\" \/>\r\n\t\t\t<\/span>\r\n\t\t<\/span>\t\t<div class=\"themestek-box-content themestek-overlay\">\r\n\t\t\t<div class=\"themestek-box-content-inner\">\t\t\t  \r\n\t\t\t\t<div class=\"themestek-pf-box-title\">\r\n\t\t\t\t\t<h3><a href=\"https:\/\/www.recyclemachine.net\/ro\/produs-2\/concasor-standard-din-plastic\/\">Concasor standard din plastic<\/a><\/h3>\r\n\t\t\t\t\t<div class=\"themestek-box-category\"><a href=\"https:\/\/www.recyclemachine.net\/ro\/categorie-produs\/concasor-industrial\/\" rel=\"tag\">Concasor industrial<\/a><\/div>\r\n\t\t\t\t<\/div>\t\r\n\t\t\t\t<div class=\"themestek-icon-box themestek-media-link\">\r\n\t\t\t\t\t<a class=\"ts_prettyphoto\" title=\"Concasor standard din plastic\" href=\"https:\/\/www.recyclemachine.net\/wp-content\/uploads\/2025\/01\/Standard-Plastic-Crusher-01.webp\"><i class=\"demo-icon ts-industco-icon-resize-full\"><\/i><\/a>\t\t\t\t<\/div>\r\n            <\/div>\r\n\t\t<\/div>\r\n\t<\/div>\r\n<\/article><\/div><div class=\"ts-box-col-wrapper col-lg-4 col-sm-6 col-md-4 col-xs-12 ts-term-23\"><article class=\"themestek-box themestek-box-portfolio ts-portfoliobox-style-2 themestek-box-view-overlay ts-hover-style-3\">\r\n\t<div class=\"themestek-post-item\">\r\n\t\t\r\n\t\t<span class=\"themestek-item-thumbnail\">\r\n\t\t\t<span class=\"themestek-item-thumbnail-inner\">\r\n\t\t\t\t<img loading=\"lazy\" decoding=\"async\" width=\"800\" height=\"715\" src=\"https:\/\/www.recyclemachine.net\/wp-content\/uploads\/2023\/03\/PET_Bottle_Washing_Line-800x715.jpg\" class=\"attachment-themestek-img-800x715 size-themestek-img-800x715 wp-post-image\" alt=\"PET linie de sp\u0103lare a sticlei, ma\u0219in\u0103 de reciclare a plasticului, ma\u0219in\u0103 rumtoo\" data-id=\"7324\" \/>\r\n\t\t\t<\/span>\r\n\t\t<\/span>\t\t<div class=\"themestek-box-content themestek-overlay\">\r\n\t\t\t<div class=\"themestek-box-content-inner\">\t\t\t  \r\n\t\t\t\t<div class=\"themestek-pf-box-title\">\r\n\t\t\t\t\t<h3><a href=\"https:\/\/www.recyclemachine.net\/ro\/produs-2\/linie-de-spalare-a-sticlei-de-animale-de-companie-sua\/\">PET Sticl\u0103 de sp\u0103lare a sticlei Linia de sp\u0103lare SUA<\/a><\/h3>\r\n\t\t\t\t\t<div class=\"themestek-box-category\"><a href=\"https:\/\/www.recyclemachine.net\/ro\/categorie-produs\/arata-imagini\/\" rel=\"tag\">Arat\u0103 imagini<\/a><\/div>\r\n\t\t\t\t<\/div>\t\r\n\t\t\t\t<div class=\"themestek-icon-box themestek-media-link\">\r\n\t\t\t\t\t<a class=\"ts_prettyphoto\" title=\"PET Sticl\u0103 de sp\u0103lare a sticlei Linia de sp\u0103lare SUA\" href=\"https:\/\/www.recyclemachine.net\/wp-content\/uploads\/2023\/03\/PET_Bottle_Washing_Line.jpg\"><i class=\"demo-icon ts-industco-icon-resize-full\"><\/i><\/a>\t\t\t\t<\/div>\r\n            <\/div>\r\n\t\t<\/div>\r\n\t<\/div>\r\n<\/article><\/div>\r\n\t\t\t<\/div>\r\n\t\t<\/div><!-- .themestek-boxes-inner -->   <\/div><!-- .themestek-boxes -->  \t\t<\/div>\r\n\t<\/div>\r\n<\/div>\r\n\r\n\r\n\t<\/div>\r\n\r\n\r\n\n<\/div>","protected":false},"excerpt":{"rendered":"PET Sticl\u0103 de sp\u0103lare a sticlei de sp\u0103lare SUA Afla\u021bi mai mult","protected":false},"author":1,"featured_media":0,"parent":0,"menu_order":19,"comment_status":"closed","ping_status":"closed","template":"","meta":{"footnotes":""},"class_list":["post-4080","page","type-page","status-publish","hentry"],"_links":{"self":[{"href":"https:\/\/www.recyclemachine.net\/ro\/wp-json\/wp\/v2\/pages\/4080","targetHints":{"allow":["GET"]}}],"collection":[{"href":"https:\/\/www.recyclemachine.net\/ro\/wp-json\/wp\/v2\/pages"}],"about":[{"href":"https:\/\/www.recyclemachine.net\/ro\/wp-json\/wp\/v2\/types\/page"}],"author":[{"embeddable":true,"href":"https:\/\/www.recyclemachine.net\/ro\/wp-json\/wp\/v2\/users\/1"}],"replies":[{"embeddable":true,"href":"https:\/\/www.recyclemachine.net\/ro\/wp-json\/wp\/v2\/comments?post=4080"}],"version-history":[{"count":0,"href":"https:\/\/www.recyclemachine.net\/ro\/wp-json\/wp\/v2\/pages\/4080\/revisions"}],"wp:attachment":[{"href":"https:\/\/www.recyclemachine.net\/ro\/wp-json\/wp\/v2\/media?parent=4080"}],"curies":[{"name":"wp","href":"https:\/\/api.w.org\/{rel}","templated":true}]}}