{"id":3906,"date":"2023-09-24T06:15:07","date_gmt":"2023-09-24T13:15:07","guid":{"rendered":"http:\/\/industco-demo.pbminfotech.com\/?page_id=3906"},"modified":"2026-04-04T08:08:30","modified_gmt":"2026-04-04T08:08:30","slug":"despre-noi","status":"publish","type":"page","link":"https:\/\/www.recyclemachine.net\/ro\/despre-noi\/","title":{"rendered":"Despre noi"},"content":{"rendered":"<style data-rtm-material-symbols=\"\">\n.rtm-ms-chip{\n  display:inline-flex !important;\n  align-items:center !important;\n  justify-content:center !important;\n  width:46px !important;\n  height:46px !important;\n  min-width:46px !important;\n  border-radius:14px !important;\n  border:0 !important;\n  padding:0 !important;\n  background:var(--rtm-ms-bg, rgba(125, 145, 196, 0.14)) !important;\n  color:var(--rtm-ms-fg, #5f739f) !important;\n  box-shadow:none !important;\n  filter:none !important;\n  flex:0 0 auto !important;\n}\n.rtm-ms-chip.rtm-ms-tone-1{--rtm-ms-bg:rgba(124,145,196,0.14);--rtm-ms-fg:#6479a8;}\n.rtm-ms-chip.rtm-ms-tone-2{--rtm-ms-bg:rgba(120,191,173,0.15);--rtm-ms-fg:#4e8f7d;}\n.rtm-ms-chip.rtm-ms-tone-3{--rtm-ms-bg:rgba(236,186,139,0.16);--rtm-ms-fg:#b17849;}\n.rtm-ms-chip.rtm-ms-tone-4{--rtm-ms-bg:rgba(218,166,196,0.16);--rtm-ms-fg:#9f6a8b;}\n.rtm-ms-chip.rtm-ms-tone-5{--rtm-ms-bg:rgba(171,180,229,0.16);--rtm-ms-fg:#6d76b8;}\n.rtm-ms-chip.rtm-ms-tone-6{--rtm-ms-bg:rgba(148,209,205,0.15);--rtm-ms-fg:#4c8f8a;}\n.rtm-ms-glyph{\n  font-family:\"Material Symbols Outlined\" !important;\n  font-weight:400 !important;\n  font-style:normal !important;\n  font-size:24px !important;\n  line-height:1 !important;\n  letter-spacing:normal !important;\n  text-transform:none !important;\n  white-space:nowrap !important;\n  word-wrap:normal !important;\n  direction:ltr !important;\n  display:block !important;\n  -webkit-font-smoothing:antialiased !important;\n  -moz-osx-font-smoothing:grayscale !important;\n  font-feature-settings:\"liga\" 1, \"kern\" 1 !important;\n  font-variation-settings:\"FILL\" 0,\"wght\" 400,\"GRAD\" 0,\"opsz\" 24;\n}\n.rtm-ms-inline{\n  display:inline-flex !important;\n  align-items:center !important;\n  justify-content:center !important;\n  vertical-align:middle !important;\n}\n<\/style>\n<style>\n    .rtm-about{--brand-green: #62ab66;\n        --brand-green-hover: #69b36d;\n        --bg-a: #121212;\n        --bg-b: #1E1E1E;\n        --text-main: #F5F5F7;\n        --text-muted: #B0B8C4;\n        --line: #2f343a;\n        \n        \n        line-height: 1.68;}\n\n    .rtm-about .section {\n        padding: 48px 20px;\n        \n    }\n\n    .rtm-about .section.alt {\n        \n    }\n\n    .rtm-about .wrap {\n        max-width: 1200px;\n        margin: 0 auto;\n    }\n\n    .rtm-about h1,\n    .rtm-about h2,\n    .rtm-about h3 {\n        margin-top: 0;\n    }\n\n    .rtm-about .kicker {\n        display: inline-block;\n        \n        text-transform: uppercase;\n        letter-spacing: 0.08em;\n        font-weight: 700;\n        margin-bottom: 16px;\n    }\n\n    .rtm-about .hero {\n        display: grid;\n        grid-template-columns: 1.2fr 1fr;\n        gap: 30px;\n        align-items: center;\n    }\n\n    .rtm-about .hero h1 {\n        \n        line-height: 1.12;\n        margin-bottom: 18px;\n    }\n\n    .rtm-about .lead {\n        \n        max-width: 780px;\n    }\n\n    .rtm-about .hero-actions {\n        display: flex;\n        gap: 12px;\n        flex-wrap: wrap;\n        margin-top: 24px;\n    }\n\n    .rtm-about .btn {\n        display: inline-flex;\n        align-items: center;\n        gap: 8px;\n        padding: 13px 22px;\n        border-radius: 8px;\n        text-decoration: none;\n        border: 1px solid transparent;\n        transition: transform .2s ease, box-shadow .2s ease, background-color .2s ease;\n    }\n\n    .rtm-about .btn.primary {\n        background: var(--brand-green);\n        \n        box-shadow: 0 4px 14px rgba(98, 171, 102, .16);\n    }\n\n    .rtm-about .btn.primary:hover {\n        background: var(--brand-green-hover);\n        transform: translateY(-2px);\n        box-shadow: 0 7px 18px rgba(98, 171, 102, .24);\n    }\n\n    .rtm-about .btn.ghost {\n        border-color: var(--line);\n        \n        background: transparent;\n    }\n\n    .rtm-about .btn.ghost:hover {\n        border-color: var(--brand-green);\n        \n        transform: translateY(-2px);\n    }\n\n    .rtm-about .hero-media {\n        border: 1px solid var(--line);\n        border-radius: 14px;\n        overflow: hidden;\n    }\n\n    .rtm-about .hero-media img {\n        width: 100%;\n        height: auto;\n        display: block;\n        aspect-ratio: 4 \/ 3;\n        object-fit: cover;\n    }\n\n    .rtm-about .section-title {\n        \n        text-align: center;\n        margin-bottom: 14px;\n    }\n\n    .rtm-about .section-subtitle {\n        \n        text-align: center;\n        max-width: 800px;\n        margin: 0 auto 38px;\n    }\n\n    .rtm-about .stats {\n        display: grid;\n        grid-template-columns: repeat(4, minmax(0, 1fr));\n        gap: 14px;\n    }\n\n    .rtm-about .stats-block {\n        margin-top: 18px;\n    }\n\n    .rtm-about .stat {border-radius: 10px;\n        \n        padding: 16px;background:#f5f5f7;}\n\n    .rtm-about .stat strong {\n        \n        display: block;\n        margin-bottom: 6px;\n    }\n\n    .rtm-about .grid-2 {\n        display: grid;\n        grid-template-columns: 1fr 1fr;\n        gap: 22px;\n        align-items: start;\n    }\n\n    .rtm-about .card-grid {\n        display: grid;\n        grid-template-columns: repeat(3, minmax(0, 1fr));\n        gap: 16px;\n    }\n\n    .rtm-about .card {border-radius: 12px;\n        padding: 18px;background:#f5f5f7;}\n\n    .rtm-about .card i {\n        \n        font-size: 24px;\n        margin-bottom: 10px;\n    }\n\n    .rtm-about .card h3 {\n        margin-bottom: 8px;\n    }\n\n    .rtm-about .card p {\n        \n        margin: 0;\n    }\n\n    .rtm-about .card ul {\n        margin: 0;\n        padding-left: 18px;\n        \n    }\n\n    .rtm-about .card li {\n        margin-bottom: 8px;\n    }\n\n    .rtm-about .card li:last-child {\n        margin-bottom: 0;\n    }\n\n    .rtm-about .highlight-box {border-radius: 12px;\n        padding: 18px;background:#f5f5f7;}\n\n    .rtm-about .highlight-box h3 {\n        \n        margin-bottom: 10px;\n    }\n\n    .rtm-about .highlight-box p {\n        \n        margin: 0;\n    }\n\n    .rtm-about .process {\n        display: grid;\n        grid-template-columns: repeat(4, minmax(0, 1fr));\n        gap: 16px;\n    }\n\n    .rtm-about .step {border-radius: 12px;\n        padding: 18px;\n        position: relative;background:#f5f5f7;}\n\n    .rtm-about .step .no {\n        width: 34px;\n        height: 34px;\n        border-radius: 50%;\n        display: inline-flex;\n        align-items: center;\n        justify-content: center;\n        \n        \n        font-weight: 700;\n        margin-bottom: 10px;\n    }\n\n    .rtm-about .list-clean {\n        list-style: none;\n        padding: 0;\n        margin: 0;\n    }\n\n    .rtm-about .list-clean li {\n        border-bottom: 1px solid var(--line);\n        padding: 12px 0;\n        \n        display: flex;\n        gap: 10px;\n        align-items: flex-start;\n    }\n\n    .rtm-about .list-clean li:last-child {\n        border-bottom: 0;\n    }\n\n    .rtm-about .list-clean i {\n        \n        margin-top: 3px;\n    }\n\n    @media (max-width: 1024px) {\n        .rtm-about .hero {\n            grid-template-columns: 1fr;\n        }\n\n        .rtm-about .stats {\n            grid-template-columns: repeat(2, minmax(0, 1fr));\n        }\n\n        .rtm-about .card-grid {\n            grid-template-columns: repeat(2, minmax(0, 1fr));\n        }\n\n        .rtm-about .process {\n            grid-template-columns: repeat(2, minmax(0, 1fr));\n        }\n    }\n\n    @media (max-width: 640px) {\n        .rtm-about .section {\n            padding: 36px 20px;\n        }\n\n        .rtm-about .stats,\n        .rtm-about .grid-2,\n        .rtm-about .card-grid,\n        .rtm-about .process {\n            grid-template-columns: 1fr;\n        }\n    }\n\n\/* codex-generic-button-clean-about *\/\n.rtm-about .btn.primary,\n.rtm-about .btn.ghost {\n  display: inline-flex;\n  align-items: center;\n  justify-content: center;\n  gap: 8px;\n  font-weight: 600;\n  transition: background-color 0.2s ease, border-color 0.2s ease, color 0.2s ease, transform 0.2s ease;\n}\n.rtm-about .btn.primary {\n  background: #005D30 !important;\n  color: #FFFFFF !important;\n  border: 0 !important;\n  box-shadow: none !important;\n}\n.rtm-about .btn.primary:hover,\n.rtm-about .btn.primary:focus-visible {\n  background: #004624 !important;\n  color: #FFFFFF !important;\n  border: 0 !important;\n  box-shadow: none !important;\n  transform: translateY(-1px);\n}\n.rtm-about .btn.ghost {\n  background: transparent !important;\n  color: #005D30 !important;\n  border: 1px solid #005D30 !important;\n  box-shadow: none !important;\n}\n.rtm-about .btn.ghost:hover,\n.rtm-about .btn.ghost:focus-visible {\n  background: rgba(0, 93, 48, 0.08) !important;\n  color: #005D30 !important;\n  border-color: #005D30 !important;\n  transform: translateY(-1px);\n}\n.rtm-about .btn.primary:focus-visible,\n.rtm-about .btn.ghost:focus-visible {\n  outline: 3px solid rgba(0, 93, 48, 0.18) !important;\n  outline-offset: 3px !important;\n}\n\n<\/style>\n<div class=\"rtm-about\">\n<section class=\"section alt\">\n<div class=\"wrap hero\">\n<div>\n<span class=\"kicker\">Despre Rumtoo<\/span>\n<h1>Construit pentru performan\u021be fiabile de reciclare a plasticului<\/h1>\n<p class=\"lead\">Rumtoo proiecteaz\u0103 \u0219i produce utilaje de reciclare a plasticului pentru sec\u021bii de produc\u021bie reale. Ne concentr\u0103m pe un randament stabil, o \u00eentre\u021binere practic\u0103 \u0219i asisten\u021b\u0103 pe termen lung, astfel \u00eenc\u00e2t linia dumneavoastr\u0103 s\u0103 continue s\u0103 func\u021bioneze cu mai pu\u021bine \u00eentreruperi.<\/p>\n<div class=\"hero-actions\">\n<a class=\"btn primary\" href=\"https:\/\/www.recyclemachine.net\/ro\/contactati-ne\/\" rel=\"noopener\" target=\"_blank\"><span class=\"rtm-ms-inline-wrap\"><span data-no-translation=\"\" data-no-dynamic-translation=\"\" translate=\"no\" aria-hidden=\"true\" class=\"material-symbols-outlined rtm-ms-glyph rtm-ms-inline\">send<\/span><\/span>Contacta\u021bi echipa noastr\u0103<\/a>\n<a class=\"btn ghost\" href=\"https:\/\/www.recyclemachine.net\/ro\/plastic-recycling-lines\/\" rel=\"noopener\" target=\"_blank\">Exploreaz\u0103 liniile de produse<\/a>\n<\/div>\n<\/div>\n<div class=\"hero-media\">\n<img alt=\"Facilitatea de produc\u021bie \u0219i baza de inginerie Rumtoo\" decoding=\"async\" fetchpriority=\"high\" height=\"900\" loading=\"eager\" src=\"https:\/\/recyclemachine.net\/wp-content\/uploads\/2023\/02\/zhangjiagang-1-1.jpg?id=6969\" width=\"1200\"\/>\n<\/div>\n<\/div>\n<\/section>\n<section class=\"section\">\n<div class=\"wrap\">\n<h2 class=\"section-title\">Cine Suntem Noi<\/h2>\n<p class=\"section-subtitle\">Rumtoo Plastic Recycling Machinery este un produc\u0103tor de top specializat \u00een solu\u021bii de \u00eenalt\u0103 performan\u021b\u0103 pentru reciclarea sticlelor PET \u0219i a foliei PP\/PE.<\/p>\n<div class=\"grid-2\">\n<div>\n<p class=\"lead\">Cu peste dou\u0103 decenii de experien\u021b\u0103 \u00een industria recicl\u0103rii materialelor plastice, ne-am impus ca un lider de \u00eencredere \u00een furnizarea de servicii de inginerie integrat\u0103 pentru provoc\u0103ri complexe legate de de\u0219euri.<\/p>\n<p class=\"lead\">Misiunea noastr\u0103 este simpl\u0103: s\u0103 oferim cele mai fiabile \u0219i eficiente utilaje care transform\u0103 de\u0219eurile de plastic \u00een materii prime de \u00eenalt\u0103 puritate, ajut\u00e2nd partenerii no\u0219tri s\u0103 ob\u021bin\u0103 succes at\u00e2t economic, c\u00e2t \u0219i ecologic.<\/p>\n<\/div>\n<div class=\"highlight-box\">\n<h3>Funda\u021bia de brand<\/h3>\n<p>Combin\u0103m capacitatea de produc\u021bie, ingineria de proces \u0219i asisten\u021ba post-v\u00e2nzare pentru a oferi linii de reciclare care func\u021bioneaz\u0103 constant \u00een condi\u021bii reale de produc\u021bie.<\/p>\n<\/div>\n<\/div>\n<div class=\"stats stats-block\">\n<div class=\"stat\"><strong>20+ ani<\/strong><span>Expertiz\u0103 \u00een inginerie pentru reciclarea plasticului<\/span><\/div>\n<div class=\"stat\"><strong>Sute de plante<\/strong><span>Facilit\u0103\u021bi globale suportate<\/span><\/div>\n<div class=\"stat\"><strong>Mii de tone<\/strong><span>Procesat lunar de c\u0103tre opera\u021biunile partenerilor<\/span><\/div>\n<div class=\"stat\"><strong>Livrare interna\u021bional\u0103<\/strong><span>Punere \u00een func\u021biune profesional\u0103 \u0219i asisten\u021b\u0103 tehnic\u0103<\/span><\/div>\n<\/div>\n<\/div>\n<\/section>\n<section class=\"section alt\">\n<div class=\"wrap\">\n<h2 class=\"section-title\">Expertiza noastr\u0103: De la De\u0219eurile \u201c murdare\u201d la Granule de \u00cenalt\u0103 Puritate<\/h2>\n<p class=\"section-subtitle\">Spre deosebire de furnizorii de echipamente standard, Rumtoo este specializat\u0103 \u00een procesarea materialelor post-consum foarte murdare \u0219i dificile.<\/p>\n<div class=\"card-grid\">\n<article class=\"card\">\n<span class=\"rtm-ms-chip rtm-ms-tone-6\"><span data-no-translation=\"\" data-no-dynamic-translation=\"\" translate=\"no\" aria-hidden=\"true\" class=\"material-symbols-outlined rtm-ms-glyph\">recycling<\/span><\/span>\n<h3>Reciclarea sticlelor PET<\/h3>\n<p>Solu\u021bii de cur\u0103\u021bare \u0219i sortare de \u00eenalt\u0103 eficien\u021b\u0103 pentru fulgi de PET de calitate alimentar\u0103 sau fibroas\u0103.<\/p>\n<\/article>\n<article class=\"card\">\n<span class=\"rtm-ms-chip rtm-ms-tone-6\"><span data-no-translation=\"\" data-no-dynamic-translation=\"\" translate=\"no\" aria-hidden=\"true\" class=\"material-symbols-outlined rtm-ms-glyph\">speed<\/span><\/span>\n<h3>Reciclarea Filmului \u0219i Sacilor din PP\/PE<\/h3>\n<p>Conceput pentru a manipula folii stretch LDPE, supersaci ne\u021besuti PP \u0219i pungi de plastic cu un randament stabil.<\/p>\n<\/article>\n<article class=\"card\">\n<span class=\"rtm-ms-chip rtm-ms-tone-4\"><span data-no-translation=\"\" data-no-dynamic-translation=\"\" translate=\"no\" aria-hidden=\"true\" class=\"material-symbols-outlined rtm-ms-glyph\">category<\/span><\/span>\n<h3>Materiale contaminate<\/h3>\n<p>Funii de sp\u0103lat durabile, construite pentru materii prime foarte murdare, transform\u00e2nd de\u0219eurile dificile \u00een granule de plastic premium.<\/p>\n<\/article>\n<\/div>\n<\/div>\n<\/section>\n<section class=\"section\">\n<div class=\"wrap\">\n<h2 class=\"section-title\">Linie complet\u0103 de produse<\/h2>\n<p class=\"section-subtitle\">Oferim un ecosistem complet de utilaje de reciclare pentru o integrare perfect\u0103 \u0219i un timp de func\u021bionare maxim.<\/p>\n<div class=\"card-grid\">\n<article class=\"card\">\n<span class=\"rtm-ms-chip rtm-ms-tone-6\"><span data-no-translation=\"\" data-no-dynamic-translation=\"\" translate=\"no\" aria-hidden=\"true\" class=\"material-symbols-outlined rtm-ms-glyph\">workspace_premium<\/span><\/span>\n<h3>Sisteme de Sp\u0103lare \u0219i Cur\u0103\u021bare<\/h3>\n<p>Sisteme avansate de sp\u0103lare \u0219i uscare pentru reciclarea plasticului, pentru o calitate stabil\u0103 \u00een urma procesului de reciclare.<\/p>\n<\/article>\n<article class=\"card\">\n<span class=\"rtm-ms-chip rtm-ms-tone-6\"><span data-no-translation=\"\" data-no-dynamic-translation=\"\" translate=\"no\" aria-hidden=\"true\" class=\"material-symbols-outlined rtm-ms-glyph\">settings<\/span><\/span>\n<h3>Reducerea dimensiunilor<\/h3>\n<p>Toc\u0103toare de plastic de mare putere \u0219i concasoare de plastic de \u00eenalt\u0103 precizie pentru o preg\u0103tire fiabil\u0103 a materialelor.<\/p>\n<\/article>\n<article class=\"card\">\n<span class=\"rtm-ms-chip rtm-ms-tone-6\"><span data-no-translation=\"\" data-no-dynamic-translation=\"\" translate=\"no\" aria-hidden=\"true\" class=\"material-symbols-outlined rtm-ms-glyph\">verified<\/span><\/span>\n<h3>Linii de peletizare<\/h3>\n<p>Linii de peletizare a plasticului de ultim\u0103 genera\u021bie pentru o calitate constant\u0103 a produc\u021biei \u0219i stabilitate opera\u021bional\u0103.<\/p>\n<\/article>\n<article class=\"card\">\n<span class=\"rtm-ms-chip rtm-ms-tone-6\"><span data-no-translation=\"\" data-no-dynamic-translation=\"\" translate=\"no\" aria-hidden=\"true\" class=\"material-symbols-outlined rtm-ms-glyph\">support_agent<\/span><\/span>\n<h3>Suport \u0219i \u00centre\u021binere<\/h3>\n<p>Echipamente auxiliare, ma\u0219ini de sortare a de\u0219eurilor municipale solide, prese de balotat \u0219i lame pentru ma\u0219ini de reciclare pentru a men\u021bine func\u021bionarea f\u0103r\u0103 probleme a instala\u021biilor.<\/p>\n<\/article>\n<\/div>\n<\/div>\n<\/section>\n<section class=\"section alt\">\n<div class=\"wrap\">\n<h2 class=\"section-title\">De ce s\u0103 alege\u021bi Rumtoo?<\/h2>\n<p class=\"section-subtitle\">Un partener tehnic de \u00eencredere pentru opera\u021biuni de reciclare pe termen lung.<\/p>\n<div class=\"process\">\n<article class=\"step\">\n<span class=\"no\">1<\/span>\n<h3>20+ Ani de Experien\u021b\u0103<\/h3>\n<p class=\"lead\">Decenii de experien\u021b\u0103 \u00een inginerie \u00een proiectarea de ma\u0219ini \u0219i procese de reciclare a plasticului.<\/p>\n<\/article>\n<article class=\"step\">\n<span class=\"no\">2<\/span>\n<h3>Acoperire global\u0103<\/h3>\n<p class=\"lead\">Sprijinind sute de instala\u021bii de reciclare din \u00eentreaga lume, proces\u00e2nd mii de tone lunar.<\/p>\n<\/article>\n<article class=\"step\">\n<span class=\"no\">3<\/span>\n<h3>Standarde interna\u021bionale<\/h3>\n<p class=\"lead\">Punere \u00een func\u021biune de specialitate \u0219i asisten\u021b\u0103 tehnic\u0103 pentru proiecte interna\u021bionale complexe de instalare.<\/p>\n<\/article>\n<article class=\"step\">\n<span class=\"no\">4<\/span>\n<h3>Durabilitate \u0219i Eficien\u021b\u0103<\/h3>\n<p class=\"lead\">Ma\u0219ini proiectate pentru o durat\u0103 lung\u0103 de via\u021b\u0103 \u00een condi\u021bii de reciclare exigente, la scar\u0103 larg\u0103.<\/p>\n<\/article>\n<\/div>\n<\/div>\n<\/section>\n<section class=\"section\">\n<div class=\"wrap\">\n<h2 class=\"section-title\">Stimularea economiei circulare<\/h2>\n<p class=\"section-subtitle\">La Rumtoo, credem c\u0103 plasticul nu este un de\u0219eu, ci o resurs\u0103.<\/p>\n<div class=\"highlight-box\">\n<p>Prin furnizarea tehnologiei necesare pentru a \u00eenchide cercul, suntem m\u00e2ndri s\u0103 fim \u00een avangarda economiei circulare globale, ajut\u00e2nd unit\u0103\u021bile din \u00eentreaga lume s\u0103 transforme provoc\u0103rile de mediu \u00een valoare sustenabil\u0103.<\/p>\n<\/div>\n<\/div>\n<\/section>\n<\/div>","protected":false},"excerpt":{"rendered":"<p>Despre Rumtoo Construit pentru Performan\u021b\u0103 Relabil\u0103 \u00een Reciclarea Plasticului Rumtoo proiecteaz\u0103 \u0219i fabric\u0103 echipamente de reciclare a plasticului pentru realit\u0103\u021bile produc\u021biei. Ne concentr\u0103m pe randament stabil, \u00eentre\u021binere practic\u0103 \u0219i suport de service pe termen lung, astfel \u00eenc\u00e2t linia ta s\u0103 func\u021bioneze cu mai pu\u021bine \u00eentreruperi. trimiteContact Echipa Noastr\u0103 Exploreaz\u0103 Linia de Produse Cine Suntem Rumtoo Echipamente de Reciclare a Plasticului este un produc\u0103tor de prim rang \u2026 <a href=\"https:\/\/www.recyclemachine.net\/ro\/despre-noi\/\" class=\"more-link\">Continu\u0103 s\u0103 cite\u0219ti <span class=\"screen-reader-text\">Despre noi<\/span><\/a><\/p>","protected":false},"author":1,"featured_media":0,"parent":0,"menu_order":8,"comment_status":"closed","ping_status":"closed","template":"","meta":{"footnotes":""},"class_list":["post-3906","page","type-page","status-publish","hentry"],"tsf_seo":{"title":"Despre Rumtoo | Produc\u0103tor lider de ma\u0219ini de reciclare a plasticului","description":"Cu peste 20 de ani de experien\u021b\u0103, Rumtoo produce ma\u0219ini de reciclare a sticlelor PET \u0219i a foliei PP\/PE de \u00eenalt\u0103 calitate, inclusiv linii de sp\u0103lare, toc\u0103toare \u0219i sisteme de peletizare pentru unit\u0103\u021bi globale.","robots":"index, follow","canonical":"https:\/\/www.recyclemachine.net\/ro\/despre-noi\/","og_title":"About Rumtoo | Leading Plastic Recycling Machinery Manufacturer","og_description":"With 20+ years of expertise, Rumtoo manufactures high-quality PET bottle and PP\/PE film recycling machines, including washing lines, shredders, and pelletizing systems for global facilities.","og_image":""},"_links":{"self":[{"href":"https:\/\/www.recyclemachine.net\/ro\/wp-json\/wp\/v2\/pages\/3906","targetHints":{"allow":["GET"]}}],"collection":[{"href":"https:\/\/www.recyclemachine.net\/ro\/wp-json\/wp\/v2\/pages"}],"about":[{"href":"https:\/\/www.recyclemachine.net\/ro\/wp-json\/wp\/v2\/types\/page"}],"author":[{"embeddable":true,"href":"https:\/\/www.recyclemachine.net\/ro\/wp-json\/wp\/v2\/users\/1"}],"replies":[{"embeddable":true,"href":"https:\/\/www.recyclemachine.net\/ro\/wp-json\/wp\/v2\/comments?post=3906"}],"version-history":[{"count":0,"href":"https:\/\/www.recyclemachine.net\/ro\/wp-json\/wp\/v2\/pages\/3906\/revisions"}],"wp:attachment":[{"href":"https:\/\/www.recyclemachine.net\/ro\/wp-json\/wp\/v2\/media?parent=3906"}],"curies":[{"name":"wp","href":"https:\/\/api.w.org\/{rel}","templated":true}]}}