{"id":7982,"date":"2023-11-26T18:37:59","date_gmt":"2023-11-27T02:37:59","guid":{"rendered":"https:\/\/recyclemachine.net\/?page_id=7982"},"modified":"2024-07-16T23:50:47","modified_gmt":"2024-07-17T06:50:47","slug":"reciclagem-de-laminas-de-maquinas","status":"publish","type":"page","link":"https:\/\/www.recyclemachine.net\/pt\/reciclagem-de-laminas-de-maquinas\/","title":{"rendered":"L\u00e2minas para m\u00e1quinas de reciclagem"},"content":{"rendered":"<div class=\"wpb-content-wrapper\">\r\n<div class=\"vc_row ts-row wpb_row vc_row-fluid ts-total-col-1 ts-zindex-0 container ts-bgimage-position-center_center\">\r\n\r\n        \r\n\t\r\n\t\r\n\t\t\r\n<div class=\"ts-column wpb_column vc_column_container vc_col-sm-12 ts-zindex-0\">\r\n\t<div class=\"vc_column-inner\">\r\n\t\t\t\t<div class=\"wpb_wrapper\">\r\n\t\t\t<div class=\"themestek-boxes themestek-boxes-blog themestek-boxes-view-default themestek-boxes-col-three themestek-boxes-sortable-no themestek-boxes-textalign-center themestek-boxes-sortablebutton-  wpb_animate_when_almost_visible wpb_fadeInDown fadeInDown\">\r\n\t\t<div class=\"themestek-boxes-inner themestek-boxes-blog-inner\"><div class=\"themestek-box-heading-wrapper ts-element-align-center\"><div class=\"ts-element-heading-wrapper ts-heading-inner ts-element-align-center ts-seperator-none\"><section class=\"ts-vc_cta3-container\"><div class=\"ts-vc_general ts-vc_cta3 ts-cta3-only ts-vc_cta3-style-classic ts-vc_cta3-shape-rounded ts-vc_cta3-align-center ts-vc_cta3-color-transparent ts-vc_cta3-icon-size-md ts-vc_cta3-actions-no ts-cta3-with-desc\"><div class=\"ts-vc_cta3_content-container\"><div class=\"ts-vc_cta3-content\"><div class=\"ts-vc_cta3-content-header ts-wrap\"><div class=\"ts-vc_cta3-headers ts-wrap-cell\"><h4 class=\"ts-custom-heading\" >Efici\u00eancia inquebr\u00e1vel: l\u00e2minas de longa dura\u00e7\u00e3o para reciclagem ininterrupta<\/h4>\n<h2 class=\"ts-custom-heading\" ><a href=\"https:\/\/www.recyclemachine.net\/pt\/reciclagem-de-laminas-de-maquinas\/\">L\u00e2minas para m\u00e1quinas de reciclagem<\/a><\/h2>\n<\/div><\/div><div class=\"ts-cta3-content-wrapper\"><p>Precision Edge, pico de desempenho: L\u00e2minas de reciclagem projetadas para vencer<br \/>\nShred Power Unleashed: L\u00e2minas que transformam desperd\u00edcio em lucro<br \/>\npoderosa m\u00e1quina de reciclagem equipada com l\u00e2minas que trituram v\u00e1rios materiais<\/p><\/div><\/div><\/div><\/div><\/section><\/div> <!-- .ts-element-heading-wrapper container --> <\/div> <!-- .ts-element-heading-wrapper container --> \n\t\t\t\n\t\t\t<div class=\"row multi-columns-row themestek-boxes-row-wrapper themestek-boxes-row-wrapper-blog\">\n\t\t\t\t<div class=\"ts-box-col-wrapper col-lg-4 col-sm-6 col-md-4 col-xs-12 ts-term-236\"><article class=\"themestek-box themestek-box-blog ts-blogbox-style-1 themestek-box-style1 themestek-blogbox-format-image\">\r\n\t<div class=\"post-item\">\r\n\t\t\r\n\t\t<div class=\"ts-blog-image-with-meta\">\r\n\t\t\t<div class=\"ts-featured-wrapper ts-post-featured-wrapper ts-post-format-image\"><img loading=\"lazy\" decoding=\"async\" width=\"864\" height=\"590\" src=\"https:\/\/www.recyclemachine.net\/wp-content\/uploads\/2024\/01\/01bbb0a6-520c-4cd5-83ff-e1c438c885b4.webp\" class=\"attachment-themestek-img-800x700 size-themestek-img-800x700 wp-post-image\" alt=\"L\u00e2minas de triturador e triturador de pl\u00e1stico Premium\" srcset=\"https:\/\/www.recyclemachine.net\/wp-content\/uploads\/2024\/01\/01bbb0a6-520c-4cd5-83ff-e1c438c885b4.webp 864w, https:\/\/www.recyclemachine.net\/wp-content\/uploads\/2024\/01\/01bbb0a6-520c-4cd5-83ff-e1c438c885b4-300x205.webp 300w, https:\/\/www.recyclemachine.net\/wp-content\/uploads\/2024\/01\/01bbb0a6-520c-4cd5-83ff-e1c438c885b4-768x524.webp 768w\" sizes=\"auto, (max-width: 864px) 100vw, 864px\" data-id=\"8241\" \/><\/div>\t\t\t\t\t<div class=\"ts-featured-meta-wrapper ts-featured-overlay\">\t\t\t\t\t\t\t\r\n\r\n\t\t\t\t\t\t\t\t\t\t\t\t\t<span class=\"ts-meta-line cat-links\"><i class=\"ts-industco-icon-category\"><\/i> <span class=\"screen-reader-text ts-hide\">Categorias <\/span><a href=\"https:\/\/www.recyclemachine.net\/pt\/categoria\/laminas\/\">L\u00e2minas para m\u00e1quinas de reciclagem<\/a><\/span>\r\n\t\t\t\t\t\t\r\n\t\t\t\t\t\t\t\t\t\t\t\t<span class=\"ts-meta-line posted-on\">\r\n\t\t\t\t\t\t\t<i class=\"ts-industco-icon-clock\"><\/i> \r\n\t\t\t\t\t\t\t<span class=\"screen-reader-text ts-hide\">Publicado em <\/span>\r\n\t\t\t\t\t\t\t<a href=\"https:\/\/www.recyclemachine.net\/pt\/laminas-de-triturador-granulador-de-plastico\/\" rel=\"bookmark\">\r\n\t\t\t\t\t\t\t\t<time class=\"entry-date published\" datetime=\"2025-10-15T01:31:49-07:00\">10\/15\/2025<\/time>\r\n\t\t\t\t\t\t\t\t<time class=\"updated ts-hide\" datetime=\"2026-04-07T05:20:24-07:00\">04\/07\/2026<\/time>\r\n\t\t\t\t\t\t\t<\/a>\r\n\t\t\t\t\t\t<\/span>\r\n\r\n\t\t\t\t\t<\/div>\r\n\t\t<\/div>\t\t\r\n\r\n\t\t<div class=\"themestek-box-content\">\t\r\n\t\t\t<div class=\"themestek-box-title\"><h4><a href=\"https:\/\/www.recyclemachine.net\/pt\/laminas-de-triturador-granulador-de-plastico\/\">O guia definitivo para SKD-11, D2, DC53 e 55SiCr para l\u00e2mina de reciclagem de pl\u00e1stico<\/a><\/h4><\/div>\t\t\t<div class=\"themestek-box-desc\">\r\n\t\t\t\t<div class=\"themestek-box-desc-text\">Essencial para a ind\u00fastria de reciclagem de pl\u00e1sticos: Compara\u00e7\u00e3o exaustiva e guia sobre materiais de corte SKD-11, D2, DC53 e 55SiCr<\/div>\r\n\t\t\t<\/div>\r\n\r\n\t\t\t<div class=\"themestek-blogbox-footer-readmore\">\r\n\t\t\t\t\t\t\t<\/div>\r\n\r\n\t\t<\/div>\r\n\t<\/div>\r\n<\/article>\r\n\r\n<\/div><div class=\"ts-box-col-wrapper col-lg-4 col-sm-6 col-md-4 col-xs-12 ts-term-236\"><article class=\"themestek-box themestek-box-blog ts-blogbox-style-1 themestek-box-style1 themestek-blogbox-format-image\">\r\n\t<div class=\"post-item\">\r\n\t\t\r\n\t\t<div class=\"ts-blog-image-with-meta\">\r\n\t\t\t<div class=\"ts-featured-wrapper ts-post-featured-wrapper ts-post-format-image\"><img loading=\"lazy\" decoding=\"async\" width=\"1920\" height=\"1080\" src=\"https:\/\/www.recyclemachine.net\/wp-content\/uploads\/2023\/11\/Shredder_Rotor_Knives.webp\" class=\"attachment-themestek-img-800x700 size-themestek-img-800x700 wp-post-image\" alt=\"A imagem mostra dois componentes met\u00e1licos com superf\u00edcies c\u00f4ncavas e orif\u00edcios centrais, tipicamente conhecidos como facas de rotor de triturador. Estas s\u00e3o utilizadas em trituradores industriais para cortar ou triturar materiais. Os diferentes tamanhos sugerem que podem ser para diferentes capacidades ou fases de tritura\u00e7\u00e3o. O design centra-se na durabilidade e efici\u00eancia, cruciais para opera\u00e7\u00f5es cont\u00ednuas e pesadas em processos de reciclagem ou fabrico.\" srcset=\"https:\/\/www.recyclemachine.net\/wp-content\/uploads\/2023\/11\/Shredder_Rotor_Knives.webp 1920w, https:\/\/www.recyclemachine.net\/wp-content\/uploads\/2023\/11\/Shredder_Rotor_Knives-300x169.webp 300w, https:\/\/www.recyclemachine.net\/wp-content\/uploads\/2023\/11\/Shredder_Rotor_Knives-1024x576.webp 1024w, https:\/\/www.recyclemachine.net\/wp-content\/uploads\/2023\/11\/Shredder_Rotor_Knives-768x432.webp 768w, https:\/\/www.recyclemachine.net\/wp-content\/uploads\/2023\/11\/Shredder_Rotor_Knives-1536x864.webp 1536w\" sizes=\"auto, (max-width: 1920px) 100vw, 1920px\" data-id=\"7975\" \/><\/div>\t\t\t\t\t<div class=\"ts-featured-meta-wrapper ts-featured-overlay\">\t\t\t\t\t\t\t\r\n\r\n\t\t\t\t\t\t\t\t\t\t\t\t\t<span class=\"ts-meta-line cat-links\"><i class=\"ts-industco-icon-category\"><\/i> <span class=\"screen-reader-text ts-hide\">Categorias <\/span><a href=\"https:\/\/www.recyclemachine.net\/pt\/categoria\/laminas\/\">L\u00e2minas para m\u00e1quinas de reciclagem<\/a><\/span>\r\n\t\t\t\t\t\t\r\n\t\t\t\t\t\t\t\t\t\t\t\t<span class=\"ts-meta-line posted-on\">\r\n\t\t\t\t\t\t\t<i class=\"ts-industco-icon-clock\"><\/i> \r\n\t\t\t\t\t\t\t<span class=\"screen-reader-text ts-hide\">Publicado em <\/span>\r\n\t\t\t\t\t\t\t<a href=\"https:\/\/www.recyclemachine.net\/pt\/facas-de-rotor-triturador\/\" rel=\"bookmark\">\r\n\t\t\t\t\t\t\t\t<time class=\"entry-date published\" datetime=\"2025-01-30T04:53:02-08:00\">01\/30\/2025<\/time>\r\n\t\t\t\t\t\t\t\t<time class=\"updated ts-hide\" datetime=\"2026-04-07T05:20:25-07:00\">04\/07\/2026<\/time>\r\n\t\t\t\t\t\t\t<\/a>\r\n\t\t\t\t\t\t<\/span>\r\n\r\n\t\t\t\t\t<\/div>\r\n\t\t<\/div>\t\t\r\n\r\n\t\t<div class=\"themestek-box-content\">\t\r\n\t\t\t<div class=\"themestek-box-title\"><h4><a href=\"https:\/\/www.recyclemachine.net\/pt\/facas-de-rotor-triturador\/\">Facas de rotor triturador<\/a><\/h4><\/div>\t\t\t<div class=\"themestek-box-desc\">\r\n\t\t\t\t<div class=\"themestek-box-desc-text\">Explore a qualidade superior das facas de rotor Shredder Rumtoo, com incrusta\u00e7\u00f5es de carboneto de tungst\u00eanio, tratamento t\u00e9rmico avan\u00e7ado e solu\u00e7\u00f5es personalizadas para reciclagem eficiente de pl\u00e1stico.<\/div>\r\n\t\t\t<\/div>\r\n\r\n\t\t\t<div class=\"themestek-blogbox-footer-readmore\">\r\n\t\t\t\t\t\t\t<\/div>\r\n\r\n\t\t<\/div>\r\n\t<\/div>\r\n<\/article>\r\n\r\n<\/div>\n\t\t\t<\/div>\n\t\t<div class=\"clearfix\"><\/div><\/div><!-- .themestek-boxes-inner -->   <\/div><!-- .themestek-boxes -->  \t\t<\/div>\r\n\t<\/div>\r\n<\/div>\r\n\r\n\r\n\t<\/div>\r\n\r\n\r\n\n<\/div>","protected":false},"excerpt":{"rendered":"Cortadores de Rotor de Britador de Carboneto de Tungst\u00eanio Desenvolvidos para m\u00e1xima resist\u00eancia ao desgaste e longevidade, os cortadores de rotor do nosso britador s\u00e3o o cora\u00e7\u00e3o do seu Britador de Pl\u00e1stico. Oferecemos l\u00e2minas premium e personalizadas para melhorar o desempenho e a efici\u00eancia da sua m\u00e1quina. Pe\u00e7a um Or\u00e7amento A Vantagem do Rumtoo Nossos cortadores de britador s\u00e3o confiantes por profissionais de reciclagem em todo o mundo devido ao seu desempenho e \u2026 <a href=\"https:\/\/www.recyclemachine.net\/pt\/facas-de-rotor-triturador\/\" class=\"more-link\">continue lendo <span class=\"screen-reader-text\">Facas de rotor triturador<\/span><\/a>","protected":false},"author":1,"featured_media":0,"parent":0,"menu_order":23,"comment_status":"closed","ping_status":"closed","template":"","meta":{"footnotes":""},"class_list":["post-7982","page","type-page","status-publish","hentry"],"tsf_seo":{"title":"L\u00e2minas para m\u00e1quinas de reciclagem","description":"Prolongue a vida \u00fatil do seu equipamento de reciclagem com nossas l\u00e2minas de alto desempenho, projetadas para durabilidade e desempenho de corte ideal em aplica\u00e7\u00f5es exigentes.","robots":"index, follow","canonical":"https:\/\/www.recyclemachine.net\/pt\/reciclagem-de-laminas-de-maquinas\/","og_title":"Recycling Machine Blades","og_description":"Extend the life of your recycling equipment with our high&#x2d;performance blades, designed for durability and optimal cutting performance in demanding applications.","og_image":""},"_links":{"self":[{"href":"https:\/\/www.recyclemachine.net\/pt\/wp-json\/wp\/v2\/pages\/7982","targetHints":{"allow":["GET"]}}],"collection":[{"href":"https:\/\/www.recyclemachine.net\/pt\/wp-json\/wp\/v2\/pages"}],"about":[{"href":"https:\/\/www.recyclemachine.net\/pt\/wp-json\/wp\/v2\/types\/page"}],"author":[{"embeddable":true,"href":"https:\/\/www.recyclemachine.net\/pt\/wp-json\/wp\/v2\/users\/1"}],"replies":[{"embeddable":true,"href":"https:\/\/www.recyclemachine.net\/pt\/wp-json\/wp\/v2\/comments?post=7982"}],"version-history":[{"count":0,"href":"https:\/\/www.recyclemachine.net\/pt\/wp-json\/wp\/v2\/pages\/7982\/revisions"}],"wp:attachment":[{"href":"https:\/\/www.recyclemachine.net\/pt\/wp-json\/wp\/v2\/media?parent=7982"}],"curies":[{"name":"wp","href":"https:\/\/api.w.org\/{rel}","templated":true}]}}