{"id":4080,"date":"2021-04-27T10:38:18","date_gmt":"2021-04-27T17:38:18","guid":{"rendered":"http:\/\/industco-demo.pbminfotech.com\/?page_id=4080"},"modified":"2026-05-02T23:36:19","modified_gmt":"2026-05-03T06:36:19","slug":"estilo-de-projetos","status":"publish","type":"page","link":"https:\/\/www.recyclemachine.net\/pt\/estilo-de-projetos\/","title":{"rendered":"Estilo de Projetos"},"content":{"rendered":"<div class=\"wpb-content-wrapper\">\r\n<div class=\"vc_row ts-row wpb_row vc_row-fluid ts-total-col-1 ts-zindex-0 container ts-bgimage-position-center_center\">\r\n\r\n        \r\n\t\r\n\t\r\n\t\t\r\n<div class=\"ts-column wpb_column vc_column_container vc_col-sm-12 ts-zindex-0\">\r\n\t<div class=\"vc_column-inner\">\r\n\t\t\t\t<div class=\"wpb_wrapper\">\r\n\t\t\t<div class=\"themestek-boxes themestek-boxes-portfolio themestek-boxes-view-default themestek-boxes-col-three themestek-boxes-sortable-yes themestek-boxes-textalign-center themestek-boxes-sortablebutton-\">\r\n\t\t<div class=\"themestek-boxes-inner themestek-boxes-portfolio-inner\">\n\t\t\t<div class=\"ts-sortable-wrapper ts-sortable-wrapper-portfolio\"><nav class=\"ts-sortable-list\"><ul><li class=\"ts-sortable-link ts-sortable-all-link\"><a class=\"selected\" href=\"javascript:void(0);\" data-filter=\"*\"> Todos <\/a><\/li><li class=\"ts-sortable-link\"><a href=\"javascript:void(0);\" data-filter=\".ts-term-18\">Caso de projeto<\/a><\/li><li class=\"ts-sortable-link\"><a href=\"javascript:void(0);\" data-filter=\".ts-term-1998\">Triturador industrial<\/a><\/li><li class=\"ts-sortable-link\"><a href=\"javascript:void(0);\" data-filter=\".ts-term-23\">Mostrar fotos<\/a><\/li><\/ul><\/nav><\/div>\n\t\t\t<div class=\"row multi-columns-row themestek-boxes-row-wrapper themestek-boxes-row-wrapper-portfolio\">\n\t\t\t\t<div class=\"ts-box-col-wrapper col-lg-4 col-sm-6 col-md-4 col-xs-12 ts-term-18\"><article class=\"themestek-box themestek-box-portfolio ts-portfoliobox-style-2 themestek-box-view-overlay ts-hover-style-3\">\r\n\t<div class=\"themestek-post-item\">\r\n\t\t\t\t<div class=\"themestek-box-content themestek-overlay\">\r\n\t\t\t<div class=\"themestek-box-content-inner\">\t\t\t  \r\n\t\t\t\t<div class=\"themestek-pf-box-title\">\r\n\t\t\t\t\t<h3><a href=\"https:\/\/www.recyclemachine.net\/pt\/produtos-2\/linha-de-reciclagem-de-lavagem-e-compressao-de-saco-de-tecido-pp-de-500-kg-h\/\">Linha de Lavagem e Espremimento de Sacos de Tecido PP de 500KG\/H<\/a><\/h3>\r\n\t\t\t\t\t<div class=\"themestek-box-category\"><a href=\"https:\/\/www.recyclemachine.net\/pt\/categoria-de-produto\/caso-do-projeto\/\" rel=\"tag\">Caso de projeto<\/a><\/div>\r\n\t\t\t\t<\/div>\t\r\n\t\t\t\t<div class=\"themestek-icon-box themestek-media-link\">\r\n\t\t\t\t\t<a class=\"ts_prettyphoto\" title=\"Linha de Lavagem e Espremimento de Sacos de Tecido PP de 500KG\/H\" href=\"\"><i class=\"demo-icon ts-industco-icon-resize-full\"><\/i><\/a>\t\t\t\t<\/div>\r\n            <\/div>\r\n\t\t<\/div>\r\n\t<\/div>\r\n<\/article><\/div><div class=\"ts-box-col-wrapper col-lg-4 col-sm-6 col-md-4 col-xs-12 ts-term-18\"><article class=\"themestek-box themestek-box-portfolio ts-portfoliobox-style-2 themestek-box-view-overlay ts-hover-style-3\">\r\n\t<div class=\"themestek-post-item\">\r\n\t\t\t\t<div class=\"themestek-box-content themestek-overlay\">\r\n\t\t\t<div class=\"themestek-box-content-inner\">\t\t\t  \r\n\t\t\t\t<div class=\"themestek-pf-box-title\">\r\n\t\t\t\t\t<h3><a href=\"https:\/\/www.recyclemachine.net\/pt\/produtos-2\/linha-de-reciclagem-de-lavagem-de-sacos-tecidos-pp-pe-de-500-kg\/\">Linha de reciclagem para lavagem de sacos de r\u00e1fia PP\/PE de 500 kg\/h<\/a><\/h3>\r\n\t\t\t\t\t<div class=\"themestek-box-category\"><a href=\"https:\/\/www.recyclemachine.net\/pt\/categoria-de-produto\/caso-do-projeto\/\" rel=\"tag\">Caso de projeto<\/a><\/div>\r\n\t\t\t\t<\/div>\t\r\n\t\t\t\t<div class=\"themestek-icon-box themestek-media-link\">\r\n\t\t\t\t\t<a class=\"ts_prettyphoto\" title=\"Linha de reciclagem para lavagem de sacos de r\u00e1fia PP\/PE de 500 kg\/h\" href=\"\"><i class=\"demo-icon ts-industco-icon-resize-full\"><\/i><\/a>\t\t\t\t<\/div>\r\n            <\/div>\r\n\t\t<\/div>\r\n\t<\/div>\r\n<\/article><\/div><div class=\"ts-box-col-wrapper col-lg-4 col-sm-6 col-md-4 col-xs-12 ts-term-18\"><article class=\"themestek-box themestek-box-portfolio ts-portfoliobox-style-2 themestek-box-view-overlay ts-hover-style-3\">\r\n\t<div class=\"themestek-post-item\">\r\n\t\t\t\t<div class=\"themestek-box-content themestek-overlay\">\r\n\t\t\t<div class=\"themestek-box-content-inner\">\t\t\t  \r\n\t\t\t\t<div class=\"themestek-pf-box-title\">\r\n\t\t\t\t\t<h3><a href=\"https:\/\/www.recyclemachine.net\/pt\/produtos-2\/linha-de-lavagem-de-garrafas-pet-para-a-africa-do-sul\/\">Linha de lavagem de garrafas PET para a \u00c1frica do Sul<\/a><\/h3>\r\n\t\t\t\t\t<div class=\"themestek-box-category\"><a href=\"https:\/\/www.recyclemachine.net\/pt\/categoria-de-produto\/caso-do-projeto\/\" rel=\"tag\">Caso de projeto<\/a><\/div>\r\n\t\t\t\t<\/div>\t\r\n\t\t\t\t<div class=\"themestek-icon-box themestek-media-link\">\r\n\t\t\t\t\t<a class=\"ts_prettyphoto\" title=\"Linha de lavagem de garrafas PET para a \u00c1frica do Sul\" href=\"\"><i class=\"demo-icon ts-industco-icon-resize-full\"><\/i><\/a>\t\t\t\t<\/div>\r\n            <\/div>\r\n\t\t<\/div>\r\n\t<\/div>\r\n<\/article><\/div><div class=\"ts-box-col-wrapper col-lg-4 col-sm-6 col-md-4 col-xs-12 ts-term-18\"><article class=\"themestek-box themestek-box-portfolio ts-portfoliobox-style-2 themestek-box-view-overlay ts-hover-style-3\">\r\n\t<div class=\"themestek-post-item\">\r\n\t\t\t\t<div class=\"themestek-box-content themestek-overlay\">\r\n\t\t\t<div class=\"themestek-box-content-inner\">\t\t\t  \r\n\t\t\t\t<div class=\"themestek-pf-box-title\">\r\n\t\t\t\t\t<h3><a href=\"https:\/\/www.recyclemachine.net\/pt\/produtos-2\/linha-de-lavagem-e-reciclagem-de-baldes-quimicos-de-plastico-de-500-kg\/\">Linha de lavagem e reciclagem de baldes pl\u00e1sticos de 500 kg para produtos qu\u00edmicos<\/a><\/h3>\r\n\t\t\t\t\t<div class=\"themestek-box-category\"><a href=\"https:\/\/www.recyclemachine.net\/pt\/categoria-de-produto\/caso-do-projeto\/\" rel=\"tag\">Caso de projeto<\/a><\/div>\r\n\t\t\t\t<\/div>\t\r\n\t\t\t\t<div class=\"themestek-icon-box themestek-media-link\">\r\n\t\t\t\t\t<a class=\"ts_prettyphoto\" title=\"Linha de lavagem e reciclagem de baldes pl\u00e1sticos de 500 kg para produtos qu\u00edmicos\" href=\"\"><i class=\"demo-icon ts-industco-icon-resize-full\"><\/i><\/a>\t\t\t\t<\/div>\r\n            <\/div>\r\n\t\t<\/div>\r\n\t<\/div>\r\n<\/article><\/div><div class=\"ts-box-col-wrapper col-lg-4 col-sm-6 col-md-4 col-xs-12 ts-term-18\"><article class=\"themestek-box themestek-box-portfolio ts-portfoliobox-style-2 themestek-box-view-overlay ts-hover-style-3\">\r\n\t<div class=\"themestek-post-item\">\r\n\t\t\t\t<div class=\"themestek-box-content themestek-overlay\">\r\n\t\t\t<div class=\"themestek-box-content-inner\">\t\t\t  \r\n\t\t\t\t<div class=\"themestek-pf-box-title\">\r\n\t\t\t\t\t<h3><a href=\"https:\/\/www.recyclemachine.net\/pt\/produtos-2\/linha-de-lavagem-e-reciclagem-de-baldes-quimicos-de-plastico-de-500-kg-2\/\">Linha de lavagem e reciclagem de baldes pl\u00e1sticos para produtos qu\u00edmicos com capacidade de 500 kg\/h<\/a><\/h3>\r\n\t\t\t\t\t<div class=\"themestek-box-category\"><a href=\"https:\/\/www.recyclemachine.net\/pt\/categoria-de-produto\/caso-do-projeto\/\" rel=\"tag\">Caso de projeto<\/a><\/div>\r\n\t\t\t\t<\/div>\t\r\n\t\t\t\t<div class=\"themestek-icon-box themestek-media-link\">\r\n\t\t\t\t\t<a class=\"ts_prettyphoto\" title=\"Linha de lavagem e reciclagem de baldes pl\u00e1sticos para produtos qu\u00edmicos com capacidade de 500 kg\/h\" href=\"\"><i class=\"demo-icon ts-industco-icon-resize-full\"><\/i><\/a>\t\t\t\t<\/div>\r\n            <\/div>\r\n\t\t<\/div>\r\n\t<\/div>\r\n<\/article><\/div><div class=\"ts-box-col-wrapper col-lg-4 col-sm-6 col-md-4 col-xs-12 ts-term-18\"><article class=\"themestek-box themestek-box-portfolio ts-portfoliobox-style-2 themestek-box-view-overlay ts-hover-style-3\">\r\n\t<div class=\"themestek-post-item\">\r\n\t\t\t\t<div class=\"themestek-box-content themestek-overlay\">\r\n\t\t\t<div class=\"themestek-box-content-inner\">\t\t\t  \r\n\t\t\t\t<div class=\"themestek-pf-box-title\">\r\n\t\t\t\t\t<h3><a href=\"https:\/\/www.recyclemachine.net\/pt\/produtos-2\/linha-de-reciclagem-de-lavagem-de-filme-pe-de-500-kg\/\">Linha de reciclagem para lavagem de filme PE de 500 kg\/h<\/a><\/h3>\r\n\t\t\t\t\t<div class=\"themestek-box-category\"><a href=\"https:\/\/www.recyclemachine.net\/pt\/categoria-de-produto\/caso-do-projeto\/\" rel=\"tag\">Caso de projeto<\/a><\/div>\r\n\t\t\t\t<\/div>\t\r\n\t\t\t\t<div class=\"themestek-icon-box themestek-media-link\">\r\n\t\t\t\t\t<a class=\"ts_prettyphoto\" title=\"Linha de reciclagem para lavagem de filme PE de 500 kg\/h\" href=\"\"><i class=\"demo-icon ts-industco-icon-resize-full\"><\/i><\/a>\t\t\t\t<\/div>\r\n            <\/div>\r\n\t\t<\/div>\r\n\t<\/div>\r\n<\/article><\/div><div class=\"ts-box-col-wrapper col-lg-4 col-sm-6 col-md-4 col-xs-12 ts-term-1998\"><article class=\"themestek-box themestek-box-portfolio ts-portfoliobox-style-2 themestek-box-view-overlay ts-hover-style-3\">\r\n\t<div class=\"themestek-post-item\">\r\n\t\t\r\n\t\t<span class=\"themestek-item-thumbnail\">\r\n\t\t\t<span class=\"themestek-item-thumbnail-inner\">\r\n\t\t\t\t<img loading=\"lazy\" decoding=\"async\" width=\"800\" height=\"715\" src=\"https:\/\/www.recyclemachine.net\/wp-content\/uploads\/2025\/01\/Standard-Plastic-Crusher-01-800x715.webp\" class=\"attachment-themestek-img-800x715 size-themestek-img-800x715 wp-post-image\" alt=\"Triturador de pl\u00e1stico padr\u00e3o\" data-id=\"13160\" \/>\r\n\t\t\t<\/span>\r\n\t\t<\/span>\t\t<div class=\"themestek-box-content themestek-overlay\">\r\n\t\t\t<div class=\"themestek-box-content-inner\">\t\t\t  \r\n\t\t\t\t<div class=\"themestek-pf-box-title\">\r\n\t\t\t\t\t<h3><a href=\"https:\/\/www.recyclemachine.net\/pt\/produtos-2\/triturador-de-plastico-padrao\/\">Triturador de pl\u00e1stico padr\u00e3o<\/a><\/h3>\r\n\t\t\t\t\t<div class=\"themestek-box-category\"><a href=\"https:\/\/www.recyclemachine.net\/pt\/categoria-de-produto\/triturador-industrial-2\/\" rel=\"tag\">Triturador industrial<\/a><\/div>\r\n\t\t\t\t<\/div>\t\r\n\t\t\t\t<div class=\"themestek-icon-box themestek-media-link\">\r\n\t\t\t\t\t<a class=\"ts_prettyphoto\" title=\"Triturador de pl\u00e1stico padr\u00e3o\" href=\"https:\/\/www.recyclemachine.net\/wp-content\/uploads\/2025\/01\/Standard-Plastic-Crusher-01.webp\"><i class=\"demo-icon ts-industco-icon-resize-full\"><\/i><\/a>\t\t\t\t<\/div>\r\n            <\/div>\r\n\t\t<\/div>\r\n\t<\/div>\r\n<\/article><\/div><div class=\"ts-box-col-wrapper col-lg-4 col-sm-6 col-md-4 col-xs-12 ts-term-23\"><article class=\"themestek-box themestek-box-portfolio ts-portfoliobox-style-2 themestek-box-view-overlay ts-hover-style-3\">\r\n\t<div class=\"themestek-post-item\">\r\n\t\t\t\t<div class=\"themestek-box-content themestek-overlay\">\r\n\t\t\t<div class=\"themestek-box-content-inner\">\t\t\t  \r\n\t\t\t\t<div class=\"themestek-pf-box-title\">\r\n\t\t\t\t\t<h3><a href=\"https:\/\/www.recyclemachine.net\/pt\/produtos-2\/linha-de-lavagem-de-garrafas-pet-nos-eua\/\">Linha de lavagem de garrafas PET EUA<\/a><\/h3>\r\n\t\t\t\t\t<div class=\"themestek-box-category\"><a href=\"https:\/\/www.recyclemachine.net\/pt\/categoria-de-produto\/mostrar-fotos\/\" rel=\"tag\">Mostrar fotos<\/a><\/div>\r\n\t\t\t\t<\/div>\t\r\n\t\t\t\t<div class=\"themestek-icon-box themestek-media-link\">\r\n\t\t\t\t\t<a class=\"ts_prettyphoto\" title=\"Linha de lavagem de garrafas PET EUA\" href=\"\"><i class=\"demo-icon ts-industco-icon-resize-full\"><\/i><\/a>\t\t\t\t<\/div>\r\n            <\/div>\r\n\t\t<\/div>\r\n\t<\/div>\r\n<\/article><\/div>\n\t\t\t<\/div>\n\t\t<\/div><!-- .themestek-boxes-inner -->   <\/div><!-- .themestek-boxes -->  \t\t<\/div>\r\n\t<\/div>\r\n<\/div>\r\n\r\n\r\n\t<\/div>\r\n\r\n\r\n\n<\/div>","protected":false},"excerpt":{"rendered":"recycling Project Overview: PET Bottle Recycling in USA This flagship project case highlights the successful deployment of our advanced PET Bottle Washing Line in the United States market. Driven by strict local environmental regulations and the high purity standards required for downstream fiber and packaging applications, the client required a robust, highly automated solution. Rumtoo &hellip; <a href=\"https:\/\/www.recyclemachine.net\/pt\/produtos-2\/linha-de-lavagem-de-garrafas-pet-nos-eua\/\" class=\"more-link\">continue lendo <span class=\"screen-reader-text\">Linha de lavagem de garrafas PET EUA<\/span><\/a>","protected":false},"author":1,"featured_media":0,"parent":0,"menu_order":19,"comment_status":"closed","ping_status":"closed","template":"","meta":{"footnotes":""},"class_list":["post-4080","page","type-page","status-publish","hentry"],"tsf_seo":{"title":"Estilo de Projetos","description":"Explore exemplos de projetos de reciclagem Rumtoo e aplica\u00e7\u00f5es de equipamentos para lavagem de pl\u00e1stico, tritura\u00e7\u00e3o, secagem, granula\u00e7\u00e3o e sistemas completos de recupera\u00e7\u00e3o de res\u00edduos.","robots":"index, follow","canonical":"https:\/\/www.recyclemachine.net\/pt\/estilo-de-projetos\/","og_title":"Projects Style","og_description":"Explore Rumtoo recycling project examples and equipment applications for plastic washing, shredding, drying, pelletizing, and complete waste recovery systems.","og_image":""},"_links":{"self":[{"href":"https:\/\/www.recyclemachine.net\/pt\/wp-json\/wp\/v2\/pages\/4080","targetHints":{"allow":["GET"]}}],"collection":[{"href":"https:\/\/www.recyclemachine.net\/pt\/wp-json\/wp\/v2\/pages"}],"about":[{"href":"https:\/\/www.recyclemachine.net\/pt\/wp-json\/wp\/v2\/types\/page"}],"author":[{"embeddable":true,"href":"https:\/\/www.recyclemachine.net\/pt\/wp-json\/wp\/v2\/users\/1"}],"replies":[{"embeddable":true,"href":"https:\/\/www.recyclemachine.net\/pt\/wp-json\/wp\/v2\/comments?post=4080"}],"version-history":[{"count":1,"href":"https:\/\/www.recyclemachine.net\/pt\/wp-json\/wp\/v2\/pages\/4080\/revisions"}],"predecessor-version":[{"id":13978,"href":"https:\/\/www.recyclemachine.net\/pt\/wp-json\/wp\/v2\/pages\/4080\/revisions\/13978"}],"wp:attachment":[{"href":"https:\/\/www.recyclemachine.net\/pt\/wp-json\/wp\/v2\/media?parent=4080"}],"curies":[{"name":"wp","href":"https:\/\/api.w.org\/{rel}","templated":true}]}}