{"id":3906,"date":"2023-09-24T06:15:07","date_gmt":"2023-09-24T13:15:07","guid":{"rendered":"http:\/\/industco-demo.pbminfotech.com\/?page_id=3906"},"modified":"2026-04-04T08:08:30","modified_gmt":"2026-04-04T08:08:30","slug":"sobre-nos","status":"publish","type":"page","link":"https:\/\/www.recyclemachine.net\/pt\/sobre-nos\/","title":{"rendered":"Sobre n\u00f3s"},"content":{"rendered":"<style data-rtm-material-symbols=\"\">\n.rtm-ms-chip{\n  display:inline-flex !important;\n  align-items:center !important;\n  justify-content:center !important;\n  width:46px !important;\n  height:46px !important;\n  min-width:46px !important;\n  border-radius:14px !important;\n  border:0 !important;\n  padding:0 !important;\n  background:var(--rtm-ms-bg, rgba(125, 145, 196, 0.14)) !important;\n  color:var(--rtm-ms-fg, #5f739f) !important;\n  box-shadow:none !important;\n  filter:none !important;\n  flex:0 0 auto !important;\n}\n.rtm-ms-chip.rtm-ms-tone-1{--rtm-ms-bg:rgba(124,145,196,0.14);--rtm-ms-fg:#6479a8;}\n.rtm-ms-chip.rtm-ms-tone-2{--rtm-ms-bg:rgba(120,191,173,0.15);--rtm-ms-fg:#4e8f7d;}\n.rtm-ms-chip.rtm-ms-tone-3{--rtm-ms-bg:rgba(236,186,139,0.16);--rtm-ms-fg:#b17849;}\n.rtm-ms-chip.rtm-ms-tone-4{--rtm-ms-bg:rgba(218,166,196,0.16);--rtm-ms-fg:#9f6a8b;}\n.rtm-ms-chip.rtm-ms-tone-5{--rtm-ms-bg:rgba(171,180,229,0.16);--rtm-ms-fg:#6d76b8;}\n.rtm-ms-chip.rtm-ms-tone-6{--rtm-ms-bg:rgba(148,209,205,0.15);--rtm-ms-fg:#4c8f8a;}\n.rtm-ms-glyph{\n  font-family:\"Material Symbols Outlined\" !important;\n  font-weight:400 !important;\n  font-style:normal !important;\n  font-size:24px !important;\n  line-height:1 !important;\n  letter-spacing:normal !important;\n  text-transform:none !important;\n  white-space:nowrap !important;\n  word-wrap:normal !important;\n  direction:ltr !important;\n  display:block !important;\n  -webkit-font-smoothing:antialiased !important;\n  -moz-osx-font-smoothing:grayscale !important;\n  font-feature-settings:\"liga\" 1, \"kern\" 1 !important;\n  font-variation-settings:\"FILL\" 0,\"wght\" 400,\"GRAD\" 0,\"opsz\" 24;\n}\n.rtm-ms-inline{\n  display:inline-flex !important;\n  align-items:center !important;\n  justify-content:center !important;\n  vertical-align:middle !important;\n}\n<\/style>\n<style>\n    .rtm-about{--brand-green: #62ab66;\n        --brand-green-hover: #69b36d;\n        --bg-a: #121212;\n        --bg-b: #1E1E1E;\n        --text-main: #F5F5F7;\n        --text-muted: #B0B8C4;\n        --line: #2f343a;\n        \n        \n        line-height: 1.68;}\n\n    .rtm-about .section {\n        padding: 48px 20px;\n        \n    }\n\n    .rtm-about .section.alt {\n        \n    }\n\n    .rtm-about .wrap {\n        max-width: 1200px;\n        margin: 0 auto;\n    }\n\n    .rtm-about h1,\n    .rtm-about h2,\n    .rtm-about h3 {\n        margin-top: 0;\n    }\n\n    .rtm-about .kicker {\n        display: inline-block;\n        \n        text-transform: uppercase;\n        letter-spacing: 0.08em;\n        font-weight: 700;\n        margin-bottom: 16px;\n    }\n\n    .rtm-about .hero {\n        display: grid;\n        grid-template-columns: 1.2fr 1fr;\n        gap: 30px;\n        align-items: center;\n    }\n\n    .rtm-about .hero h1 {\n        \n        line-height: 1.12;\n        margin-bottom: 18px;\n    }\n\n    .rtm-about .lead {\n        \n        max-width: 780px;\n    }\n\n    .rtm-about .hero-actions {\n        display: flex;\n        gap: 12px;\n        flex-wrap: wrap;\n        margin-top: 24px;\n    }\n\n    .rtm-about .btn {\n        display: inline-flex;\n        align-items: center;\n        gap: 8px;\n        padding: 13px 22px;\n        border-radius: 8px;\n        text-decoration: none;\n        border: 1px solid transparent;\n        transition: transform .2s ease, box-shadow .2s ease, background-color .2s ease;\n    }\n\n    .rtm-about .btn.primary {\n        background: var(--brand-green);\n        \n        box-shadow: 0 4px 14px rgba(98, 171, 102, .16);\n    }\n\n    .rtm-about .btn.primary:hover {\n        background: var(--brand-green-hover);\n        transform: translateY(-2px);\n        box-shadow: 0 7px 18px rgba(98, 171, 102, .24);\n    }\n\n    .rtm-about .btn.ghost {\n        border-color: var(--line);\n        \n        background: transparent;\n    }\n\n    .rtm-about .btn.ghost:hover {\n        border-color: var(--brand-green);\n        \n        transform: translateY(-2px);\n    }\n\n    .rtm-about .hero-media {\n        border: 1px solid var(--line);\n        border-radius: 14px;\n        overflow: hidden;\n    }\n\n    .rtm-about .hero-media img {\n        width: 100%;\n        height: auto;\n        display: block;\n        aspect-ratio: 4 \/ 3;\n        object-fit: cover;\n    }\n\n    .rtm-about .section-title {\n        \n        text-align: center;\n        margin-bottom: 14px;\n    }\n\n    .rtm-about .section-subtitle {\n        \n        text-align: center;\n        max-width: 800px;\n        margin: 0 auto 38px;\n    }\n\n    .rtm-about .stats {\n        display: grid;\n        grid-template-columns: repeat(4, minmax(0, 1fr));\n        gap: 14px;\n    }\n\n    .rtm-about .stats-block {\n        margin-top: 18px;\n    }\n\n    .rtm-about .stat {border-radius: 10px;\n        \n        padding: 16px;background:#f5f5f7;}\n\n    .rtm-about .stat strong {\n        \n        display: block;\n        margin-bottom: 6px;\n    }\n\n    .rtm-about .grid-2 {\n        display: grid;\n        grid-template-columns: 1fr 1fr;\n        gap: 22px;\n        align-items: start;\n    }\n\n    .rtm-about .card-grid {\n        display: grid;\n        grid-template-columns: repeat(3, minmax(0, 1fr));\n        gap: 16px;\n    }\n\n    .rtm-about .card {border-radius: 12px;\n        padding: 18px;background:#f5f5f7;}\n\n    .rtm-about .card i {\n        \n        font-size: 24px;\n        margin-bottom: 10px;\n    }\n\n    .rtm-about .card h3 {\n        margin-bottom: 8px;\n    }\n\n    .rtm-about .card p {\n        \n        margin: 0;\n    }\n\n    .rtm-about .card ul {\n        margin: 0;\n        padding-left: 18px;\n        \n    }\n\n    .rtm-about .card li {\n        margin-bottom: 8px;\n    }\n\n    .rtm-about .card li:last-child {\n        margin-bottom: 0;\n    }\n\n    .rtm-about .highlight-box {border-radius: 12px;\n        padding: 18px;background:#f5f5f7;}\n\n    .rtm-about .highlight-box h3 {\n        \n        margin-bottom: 10px;\n    }\n\n    .rtm-about .highlight-box p {\n        \n        margin: 0;\n    }\n\n    .rtm-about .process {\n        display: grid;\n        grid-template-columns: repeat(4, minmax(0, 1fr));\n        gap: 16px;\n    }\n\n    .rtm-about .step {border-radius: 12px;\n        padding: 18px;\n        position: relative;background:#f5f5f7;}\n\n    .rtm-about .step .no {\n        width: 34px;\n        height: 34px;\n        border-radius: 50%;\n        display: inline-flex;\n        align-items: center;\n        justify-content: center;\n        \n        \n        font-weight: 700;\n        margin-bottom: 10px;\n    }\n\n    .rtm-about .list-clean {\n        list-style: none;\n        padding: 0;\n        margin: 0;\n    }\n\n    .rtm-about .list-clean li {\n        border-bottom: 1px solid var(--line);\n        padding: 12px 0;\n        \n        display: flex;\n        gap: 10px;\n        align-items: flex-start;\n    }\n\n    .rtm-about .list-clean li:last-child {\n        border-bottom: 0;\n    }\n\n    .rtm-about .list-clean i {\n        \n        margin-top: 3px;\n    }\n\n    @media (max-width: 1024px) {\n        .rtm-about .hero {\n            grid-template-columns: 1fr;\n        }\n\n        .rtm-about .stats {\n            grid-template-columns: repeat(2, minmax(0, 1fr));\n        }\n\n        .rtm-about .card-grid {\n            grid-template-columns: repeat(2, minmax(0, 1fr));\n        }\n\n        .rtm-about .process {\n            grid-template-columns: repeat(2, minmax(0, 1fr));\n        }\n    }\n\n    @media (max-width: 640px) {\n        .rtm-about .section {\n            padding: 36px 20px;\n        }\n\n        .rtm-about .stats,\n        .rtm-about .grid-2,\n        .rtm-about .card-grid,\n        .rtm-about .process {\n            grid-template-columns: 1fr;\n        }\n    }\n\n\/* codex-generic-button-clean-about *\/\n.rtm-about .btn.primary,\n.rtm-about .btn.ghost {\n  display: inline-flex;\n  align-items: center;\n  justify-content: center;\n  gap: 8px;\n  font-weight: 600;\n  transition: background-color 0.2s ease, border-color 0.2s ease, color 0.2s ease, transform 0.2s ease;\n}\n.rtm-about .btn.primary {\n  background: #005D30 !important;\n  color: #FFFFFF !important;\n  border: 0 !important;\n  box-shadow: none !important;\n}\n.rtm-about .btn.primary:hover,\n.rtm-about .btn.primary:focus-visible {\n  background: #004624 !important;\n  color: #FFFFFF !important;\n  border: 0 !important;\n  box-shadow: none !important;\n  transform: translateY(-1px);\n}\n.rtm-about .btn.ghost {\n  background: transparent !important;\n  color: #005D30 !important;\n  border: 1px solid #005D30 !important;\n  box-shadow: none !important;\n}\n.rtm-about .btn.ghost:hover,\n.rtm-about .btn.ghost:focus-visible {\n  background: rgba(0, 93, 48, 0.08) !important;\n  color: #005D30 !important;\n  border-color: #005D30 !important;\n  transform: translateY(-1px);\n}\n.rtm-about .btn.primary:focus-visible,\n.rtm-about .btn.ghost:focus-visible {\n  outline: 3px solid rgba(0, 93, 48, 0.18) !important;\n  outline-offset: 3px !important;\n}\n\n<\/style>\n<div class=\"rtm-about\">\n<section class=\"section alt\">\n<div class=\"wrap hero\">\n<div>\n<span class=\"kicker\">Sobre Rumtoo<\/span>\n<h1>Projetado para um desempenho confi\u00e1vel na reciclagem de pl\u00e1stico.<\/h1>\n<p class=\"lead\">A Rumtoo projeta e fabrica m\u00e1quinas de reciclagem de pl\u00e1stico para linhas de produ\u00e7\u00e3o reais. Nosso foco \u00e9 a estabilidade da produ\u00e7\u00e3o, a praticidade da manuten\u00e7\u00e3o e o suporte t\u00e9cnico a longo prazo, para que sua linha continue operando com o m\u00ednimo de interrup\u00e7\u00f5es.<\/p>\n<div class=\"hero-actions\">\n<a class=\"btn primary\" href=\"https:\/\/www.recyclemachine.net\/pt\/contactar-nos\/\" rel=\"noopener\" target=\"_blank\"><span class=\"rtm-ms-inline-wrap\"><span data-no-translation=\"\" data-no-dynamic-translation=\"\" translate=\"no\" aria-hidden=\"true\" class=\"material-symbols-outlined rtm-ms-glyph rtm-ms-inline\">send<\/span><\/span>Entre em contato com nossa equipe<\/a>\n<a class=\"btn ghost\" href=\"https:\/\/www.recyclemachine.net\/pt\/plastic-recycling-lines\/\" rel=\"noopener\" target=\"_blank\">Explore as linhas de produtos.<\/a>\n<\/div>\n<\/div>\n<div class=\"hero-media\">\n<img alt=\"Instala\u00e7\u00f5es de fabrica\u00e7\u00e3o e base de engenharia Rumtoo\" decoding=\"async\" fetchpriority=\"high\" height=\"900\" loading=\"eager\" src=\"https:\/\/recyclemachine.net\/wp-content\/uploads\/2023\/02\/zhangjiagang-1-1.jpg?id=6969\" width=\"1200\"\/>\n<\/div>\n<\/div>\n<\/section>\n<section class=\"section\">\n<div class=\"wrap\">\n<h2 class=\"section-title\">Quem Somos<\/h2>\n<p class=\"section-subtitle\">A Rumtoo Plastic Recycling Machinery \u00e9 uma fabricante l\u00edder especializada em solu\u00e7\u00f5es de alto desempenho para reciclagem de garrafas PET e filmes PP\/PE.<\/p>\n<div class=\"grid-2\">\n<div>\n<p class=\"lead\">Com mais de duas d\u00e9cadas de servi\u00e7os prestados \u00e0 ind\u00fastria de reciclagem de pl\u00e1sticos, consolidamo-nos como uma empresa l\u00edder e confi\u00e1vel no fornecimento de solu\u00e7\u00f5es integradas de engenharia para desafios complexos relacionados a res\u00edduos.<\/p>\n<p class=\"lead\">Nossa miss\u00e3o \u00e9 simples: fornecer as m\u00e1quinas mais confi\u00e1veis e eficientes que transformam res\u00edduos pl\u00e1sticos em mat\u00e9rias-primas de alta pureza, ajudando nossos parceiros a alcan\u00e7ar sucesso tanto econ\u00f4mico quanto ambiental.<\/p>\n<\/div>\n<div class=\"highlight-box\">\n<h3>Fundamentos da marca<\/h3>\n<p>Combinamos capacidade de fabrica\u00e7\u00e3o, engenharia de processos e suporte p\u00f3s-venda para fornecer linhas de reciclagem que apresentam desempenho consistente em condi\u00e7\u00f5es reais de produ\u00e7\u00e3o.<\/p>\n<\/div>\n<\/div>\n<div class=\"stats stats-block\">\n<div class=\"stat\"><strong>Mais de 20 anos<\/strong><span>Especializa\u00e7\u00e3o em engenharia de reciclagem de pl\u00e1stico<\/span><\/div>\n<div class=\"stat\"><strong>Centenas de plantas<\/strong><span>Instala\u00e7\u00f5es globais apoiadas<\/span><\/div>\n<div class=\"stat\"><strong>Milhares de toneladas<\/strong><span>Processado mensalmente pelas opera\u00e7\u00f5es do parceiro.<\/span><\/div>\n<div class=\"stat\"><strong>Entrega internacional<\/strong><span>Comissionamento profissional e suporte t\u00e9cnico.<\/span><\/div>\n<\/div>\n<\/div>\n<\/section>\n<section class=\"section alt\">\n<div class=\"wrap\">\n<h2 class=\"section-title\">Nossa Especializa\u00e7\u00e3o: Do Res\u00edduo \u201cSujo\u201d para Granulados de Alta Pureza<\/h2>\n<p class=\"section-subtitle\">Diferentemente dos fornecedores de equipamentos padr\u00e3o, a Rumtoo se especializa no processamento de materiais p\u00f3s-consumo altamente sujos e complexos.<\/p>\n<div class=\"card-grid\">\n<article class=\"card\">\n<span class=\"rtm-ms-chip rtm-ms-tone-6\"><span data-no-translation=\"\" data-no-dynamic-translation=\"\" translate=\"no\" aria-hidden=\"true\" class=\"material-symbols-outlined rtm-ms-glyph\">recycling<\/span><\/span>\n<h3>Reciclagem de garrafas PET<\/h3>\n<p>Solu\u00e7\u00f5es de limpeza e triagem de alta efici\u00eancia para flocos de PET de grau aliment\u00edcio ou de grau fibroso.<\/p>\n<\/article>\n<article class=\"card\">\n<span class=\"rtm-ms-chip rtm-ms-tone-6\"><span data-no-translation=\"\" data-no-dynamic-translation=\"\" translate=\"no\" aria-hidden=\"true\" class=\"material-symbols-outlined rtm-ms-glyph\">speed<\/span><\/span>\n<h3>Reciclagem de filmes e sacos de PP\/PE<\/h3>\n<p>Projetada para manusear filmes extens\u00edveis de LDPE, big bags de PP n\u00e3o tecido e sacos pl\u00e1sticos com vaz\u00e3o est\u00e1vel.<\/p>\n<\/article>\n<article class=\"card\">\n<span class=\"rtm-ms-chip rtm-ms-tone-4\"><span data-no-translation=\"\" data-no-dynamic-translation=\"\" translate=\"no\" aria-hidden=\"true\" class=\"material-symbols-outlined rtm-ms-glyph\">category<\/span><\/span>\n<h3>Materiais contaminados<\/h3>\n<p>Linhas de lavagem dur\u00e1veis, projetadas para mat\u00e9ria-prima muito suja, transformando res\u00edduos dif\u00edceis em gr\u00e2nulos de pl\u00e1stico de alta qualidade.<\/p>\n<\/article>\n<\/div>\n<\/div>\n<\/section>\n<section class=\"section\">\n<div class=\"wrap\">\n<h2 class=\"section-title\">Linha de produtos completa<\/h2>\n<p class=\"section-subtitle\">Oferecemos um ecossistema completo de m\u00e1quinas de reciclagem para integra\u00e7\u00e3o perfeita e tempo de atividade m\u00e1ximo.<\/p>\n<div class=\"card-grid\">\n<article class=\"card\">\n<span class=\"rtm-ms-chip rtm-ms-tone-6\"><span data-no-translation=\"\" data-no-dynamic-translation=\"\" translate=\"no\" aria-hidden=\"true\" class=\"material-symbols-outlined rtm-ms-glyph\">workspace_premium<\/span><\/span>\n<h3>Sistemas de lavagem e limpeza<\/h3>\n<p>Sistemas avan\u00e7ados de lavagem e secagem para reciclagem de pl\u00e1stico, garantindo qualidade est\u00e1vel nas etapas subsequentes.<\/p>\n<\/article>\n<article class=\"card\">\n<span class=\"rtm-ms-chip rtm-ms-tone-6\"><span data-no-translation=\"\" data-no-dynamic-translation=\"\" translate=\"no\" aria-hidden=\"true\" class=\"material-symbols-outlined rtm-ms-glyph\">settings<\/span><\/span>\n<h3>Redu\u00e7\u00e3o de tamanho<\/h3>\n<p>Trituradores de pl\u00e1stico robustos e trituradores de pl\u00e1stico de alta precis\u00e3o para prepara\u00e7\u00e3o confi\u00e1vel de materiais.<\/p>\n<\/article>\n<article class=\"card\">\n<span class=\"rtm-ms-chip rtm-ms-tone-6\"><span data-no-translation=\"\" data-no-dynamic-translation=\"\" translate=\"no\" aria-hidden=\"true\" class=\"material-symbols-outlined rtm-ms-glyph\">verified<\/span><\/span>\n<h3>Linhas de granula\u00e7\u00e3o<\/h3>\n<p>Linhas de granula\u00e7\u00e3o de pl\u00e1stico de \u00faltima gera\u00e7\u00e3o para qualidade de produ\u00e7\u00e3o consistente e estabilidade operacional.<\/p>\n<\/article>\n<article class=\"card\">\n<span class=\"rtm-ms-chip rtm-ms-tone-6\"><span data-no-translation=\"\" data-no-dynamic-translation=\"\" translate=\"no\" aria-hidden=\"true\" class=\"material-symbols-outlined rtm-ms-glyph\">support_agent<\/span><\/span>\n<h3>Suporte e manuten\u00e7\u00e3o<\/h3>\n<p>Equipamentos auxiliares, m\u00e1quinas de triagem de res\u00edduos s\u00f3lidos urbanos, enfardadeiras e l\u00e2minas para m\u00e1quinas de reciclagem, para manter as instala\u00e7\u00f5es funcionando sem problemas.<\/p>\n<\/article>\n<\/div>\n<\/div>\n<\/section>\n<section class=\"section alt\">\n<div class=\"wrap\">\n<h2 class=\"section-title\">Por que escolher a Rumtoo?<\/h2>\n<p class=\"section-subtitle\">Um parceiro t\u00e9cnico de confian\u00e7a para opera\u00e7\u00f5es de reciclagem a longo prazo.<\/p>\n<div class=\"process\">\n<article class=\"step\">\n<span class=\"no\">1<\/span>\n<h3>20+ Anos de Especializa\u00e7\u00e3o<\/h3>\n<p class=\"lead\">D\u00e9cadas de experi\u00eancia em engenharia de m\u00e1quinas e projetos de processos de reciclagem de pl\u00e1stico.<\/p>\n<\/article>\n<article class=\"step\">\n<span class=\"no\">2<\/span>\n<h3>Alcance global<\/h3>\n<p class=\"lead\">Apoiamos centenas de instala\u00e7\u00f5es de reciclagem em todo o mundo, processando milhares de toneladas mensalmente.<\/p>\n<\/article>\n<article class=\"step\">\n<span class=\"no\">3<\/span>\n<h3>Normas internacionais<\/h3>\n<p class=\"lead\">Comissionamento especializado e suporte t\u00e9cnico para projetos complexos de instala\u00e7\u00e3o internacional.<\/p>\n<\/article>\n<article class=\"step\">\n<span class=\"no\">4<\/span>\n<h3>Durabilidade e Efici\u00eancia<\/h3>\n<p class=\"lead\">M\u00e1quinas projetadas para longa vida \u00fatil em condi\u00e7\u00f5es exigentes de reciclagem em larga escala.<\/p>\n<\/article>\n<\/div>\n<\/div>\n<\/section>\n<section class=\"section\">\n<div class=\"wrap\">\n<h2 class=\"section-title\">Impulsionando a Economia Circular<\/h2>\n<p class=\"section-subtitle\">Na Rumtoo, acreditamos que o pl\u00e1stico n\u00e3o \u00e9 lixo, mas sim um recurso.<\/p>\n<div class=\"highlight-box\">\n<p>Ao fornecer a tecnologia para fechar o ciclo, orgulhamo-nos de estar na vanguarda da economia circular global, ajudando instala\u00e7\u00f5es em todo o mundo a transformar desafios ambientais em valor sustent\u00e1vel.<\/p>\n<\/div>\n<\/div>\n<\/section>\n<\/div>","protected":false},"excerpt":{"rendered":"<p>Sobre Rumtoo Constru\u00eddo para Performance Confi\u00e1vel em Reciclagem de Pl\u00e1stico Rumtoo projeta e fabrica maquinaria de reciclagem de pl\u00e1stico para verdadeiras linhas de produ\u00e7\u00e3o. N\u00f3s nos focamos em fluxo de produ\u00e7\u00e3o est\u00e1vel, manuten\u00e7\u00e3o pr\u00e1tica e suporte de servi\u00e7o a longo prazo para que sua linha continue funcionando com menos interrup\u00e7\u00f5es. enviarContato Nossa Equipe Explorar Linhas de Produtos Quem Somos Rumtoo Maquinaria de Reciclagem de Pl\u00e1stico \u00e9 um fabricante de prest\u00edgio \u2026 <a href=\"https:\/\/www.recyclemachine.net\/pt\/sobre-nos\/\" class=\"more-link\">continue lendo <span class=\"screen-reader-text\">Sobre n\u00f3s<\/span><\/a><\/p>","protected":false},"author":1,"featured_media":0,"parent":0,"menu_order":8,"comment_status":"closed","ping_status":"closed","template":"","meta":{"footnotes":""},"class_list":["post-3906","page","type-page","status-publish","hentry"],"tsf_title":"About Rumtoo | Leading Plastic Recycling Machinery Manufacturer","tsf_description":"With 20+ years of expertise, Rumtoo manufactures high-quality PET bottle and PP\/PE film recycling machines, including washing lines, shredders, and pelletizing systems for global facilities.","_links":{"self":[{"href":"https:\/\/www.recyclemachine.net\/pt\/wp-json\/wp\/v2\/pages\/3906","targetHints":{"allow":["GET"]}}],"collection":[{"href":"https:\/\/www.recyclemachine.net\/pt\/wp-json\/wp\/v2\/pages"}],"about":[{"href":"https:\/\/www.recyclemachine.net\/pt\/wp-json\/wp\/v2\/types\/page"}],"author":[{"embeddable":true,"href":"https:\/\/www.recyclemachine.net\/pt\/wp-json\/wp\/v2\/users\/1"}],"replies":[{"embeddable":true,"href":"https:\/\/www.recyclemachine.net\/pt\/wp-json\/wp\/v2\/comments?post=3906"}],"version-history":[{"count":0,"href":"https:\/\/www.recyclemachine.net\/pt\/wp-json\/wp\/v2\/pages\/3906\/revisions"}],"wp:attachment":[{"href":"https:\/\/www.recyclemachine.net\/pt\/wp-json\/wp\/v2\/media?parent=3906"}],"curies":[{"name":"wp","href":"https:\/\/api.w.org\/{rel}","templated":true}]}}