{"id":3,"date":"2024-01-21T19:29:56","date_gmt":"2024-01-22T03:29:56","guid":{"rendered":"https:\/\/recyclemachine.net\/?page_id=3"},"modified":"2025-09-06T05:10:14","modified_gmt":"2025-09-06T12:10:14","slug":"politica-de-privacidade","status":"publish","type":"page","link":"https:\/\/www.recyclemachine.net\/pt\/politica-de-privacidade\/","title":{"rendered":"Pol\u00edtica de privacidade"},"content":{"rendered":"<p data-is-html-content=\"true\"><\/p>\n<div class=\"privacy-policy-container\">\n<style>\n\n\n\n\n\n\n\n\n\n<\/style>\n<p>Bem-vindo ao Rumtoo Machine. Estamos empenhados em proteger a sua privacidade. Esta pol\u00edtica detalha a forma como recolhemos, utilizamos e protegemos as suas informa\u00e7\u00f5es pessoais.<\/p>\n<h3>1. Que informa\u00e7\u00f5es recolhemos<\/h3>\n<p>Recolhemos informa\u00e7\u00f5es das seguintes formas:<\/p>\n<ul>\n<li><b>Informa\u00e7\u00f5es fornecidas diretamente pelo utilizador:<\/b> Quando se regista, faz uma encomenda, subscreve a nossa newsletter ou preenche um formul\u00e1rio, podemos recolher o seu nome, endere\u00e7o de correio eletr\u00f3nico, endere\u00e7o postal, n\u00famero de telefone e detalhes de pagamento.<\/li>\n<li><b>Informa\u00e7\u00f5es recolhidas automaticamente:<\/b> Quando visita o nosso s\u00edtio Web, utilizamos cookies e tecnologias semelhantes para recolher automaticamente informa\u00e7\u00f5es sobre o seu dispositivo e comportamento de navega\u00e7\u00e3o. Isto ajuda-nos a compreender as prefer\u00eancias do utilizador e a melhorar o nosso servi\u00e7o.<\/li>\n<\/ul>\n<h3>2. Como utilizamos as suas informa\u00e7\u00f5es<\/h3>\n<p>As suas informa\u00e7\u00f5es s\u00e3o utilizadas para os seguintes fins:<\/p>\n<ul>\n<li><b>Para fornecer e gerir os nossos servi\u00e7os:<\/b> Cumprir as encomendas, processar os pagamentos e entregar os produtos.<\/li>\n<li><b>Para melhorar a sua experi\u00eancia:<\/b> Personalizar o conte\u00fado e as ofertas com base nas suas necessidades e coment\u00e1rios.<\/li>\n<li><b>Para apoio ao cliente:<\/b> Responder aos seus pedidos de informa\u00e7\u00e3o e resolver problemas.<\/li>\n<li><b>Para a comunica\u00e7\u00e3o:<\/b> Enviar-lhe mensagens de correio eletr\u00f3nico sobre as suas encomendas, bem como not\u00edcias, actualiza\u00e7\u00f5es e promo\u00e7\u00f5es da empresa. Pode optar por n\u00e3o receber e-mails de marketing em qualquer altura, clicando na liga\u00e7\u00e3o \"anular a subscri\u00e7\u00e3o\".<\/li>\n<\/ul>\n<h3>3. Cookies e tecnologias de rastreio<\/h3>\n<p>O nosso s\u00edtio Web utiliza cookies para melhorar a funcionalidade. Estes pequenos ficheiros ajudam-nos a recordar as suas prefer\u00eancias e a analisar o tr\u00e1fego do s\u00edtio. Tamb\u00e9m podemos estabelecer parcerias com fornecedores terceiros, como a Google, que utilizam cookies para apresentar an\u00fancios com base nas suas visitas anteriores ao nosso s\u00edtio e a outros s\u00edtios na Internet. O utilizador pode gerir as suas prefer\u00eancias de cookies atrav\u00e9s das defini\u00e7\u00f5es do seu browser.<\/p>\n<h3>4. Partilha e divulga\u00e7\u00e3o de informa\u00e7\u00f5es<\/h3>\n<p>Valorizamos a sua privacidade. N\u00e3o vendemos nem alugamos as suas informa\u00e7\u00f5es pessoais a terceiros. As suas informa\u00e7\u00f5es s\u00f3 ser\u00e3o partilhadas nas seguintes circunst\u00e2ncias<\/p>\n<ul>\n<li><b>Com prestadores de servi\u00e7os de confian\u00e7a:<\/b> Partilhamos informa\u00e7\u00f5es com parceiros que nos ajudam nas opera\u00e7\u00f5es comerciais, tais como processadores de pagamentos e empresas de expedi\u00e7\u00e3o. Estes parceiros est\u00e3o legalmente obrigados a proteger os seus dados.<\/li>\n<li><b>Para cumprimento da lei:<\/b> Podemos divulgar informa\u00e7\u00f5es se tal for exigido por lei ou para proteger os nossos direitos, propriedade ou seguran\u00e7a.<\/li>\n<\/ul>\n<h3>5. Seguran\u00e7a dos dados<\/h3>\n<p>Implementamos medidas de seguran\u00e7a robustas para proteger as suas informa\u00e7\u00f5es pessoais. Os dados sens\u00edveis, como os detalhes do cart\u00e3o de cr\u00e9dito, s\u00e3o transmitidos atrav\u00e9s de encripta\u00e7\u00e3o Secure Socket Layer (SSL). Ap\u00f3s a conclus\u00e3o de uma transa\u00e7\u00e3o, as suas informa\u00e7\u00f5es financeiras privadas n\u00e3o s\u00e3o armazenadas nos nossos servidores.<\/p>\n<h3>6. Os seus direitos e escolhas<\/h3>\n<p>O utilizador tem direitos sobre os seus dados pessoais. Dependendo da sua localiza\u00e7\u00e3o, pode ter o direito de:<\/p>\n<ul>\n<li><b>Acesso:<\/b> Pedir uma c\u00f3pia das informa\u00e7\u00f5es pessoais que temos sobre si.<\/li>\n<li><b>Corre\u00e7\u00e3o:<\/b> Solicitar a corre\u00e7\u00e3o de quaisquer informa\u00e7\u00f5es inexactas ou incompletas.<\/li>\n<li><b>Supress\u00e3o:<\/b> Solicitar a elimina\u00e7\u00e3o das suas informa\u00e7\u00f5es pessoais, sujeito a determinadas obriga\u00e7\u00f5es legais.<\/li>\n<\/ul>\n<p>Para exercer estes direitos, contacte-nos atrav\u00e9s do endere\u00e7o info@recyclemachine.net.<\/p>\n<h3>7. Liga\u00e7\u00f5es de terceiros<\/h3>\n<p>O nosso s\u00edtio Web pode conter liga\u00e7\u00f5es a s\u00edtios externos. N\u00e3o somos respons\u00e1veis pelas pr\u00e1ticas de privacidade desses outros s\u00edtios. Aconselhamos o utilizador a ler as respectivas pol\u00edticas de privacidade.<\/p>\n<h3>8. Privacidade das crian\u00e7as<\/h3>\n<p>Os nossos servi\u00e7os n\u00e3o se destinam a pessoas com idade inferior a 13 anos. N\u00e3o recolhemos intencionalmente informa\u00e7\u00f5es pessoais de crian\u00e7as com menos de 13 anos.<\/p>\n<h3>9. Actualiza\u00e7\u00f5es de pol\u00edticas<\/h3>\n<p>Poderemos atualizar esta pol\u00edtica de privacidade ocasionalmente. Quaisquer altera\u00e7\u00f5es ser\u00e3o publicadas nesta p\u00e1gina e encorajamo-lo a rev\u00ea-la periodicamente.<\/p>\n<p class=\"last-updated\">Esta pol\u00edtica foi atualizada pela \u00faltima vez em 1\u00ba de maio de 2024.<\/p>\n<p>Se tiver alguma d\u00favida sobre esta pol\u00edtica, consulte a nossa <a href=\"#\">Termos e Condi\u00e7\u00f5es<\/a> ou contacte-nos diretamente.<\/p>\n<\/div>\n<p><\/p>","protected":false},"excerpt":{"rendered":"<p>Informa\u00e7\u00f5es que Recolhemos <a href=\"https:\/\/www.recyclemachine.net\/pt\/politica-de-privacidade\/\" class=\"more-link\">continue lendo <span class=\"screen-reader-text\">Pol\u00edtica de privacidade<\/span><\/a><\/p>","protected":false},"author":1,"featured_media":0,"parent":0,"menu_order":0,"comment_status":"closed","ping_status":"open","template":"","meta":{"footnotes":""},"class_list":["post-3","page","type-page","status-publish","hentry"],"tsf_title":"","tsf_description":"In order to provide you with a safe and seamless experience when using the various services and information on our website, we are committed to protecting your privacy","_links":{"self":[{"href":"https:\/\/www.recyclemachine.net\/pt\/wp-json\/wp\/v2\/pages\/3","targetHints":{"allow":["GET"]}}],"collection":[{"href":"https:\/\/www.recyclemachine.net\/pt\/wp-json\/wp\/v2\/pages"}],"about":[{"href":"https:\/\/www.recyclemachine.net\/pt\/wp-json\/wp\/v2\/types\/page"}],"author":[{"embeddable":true,"href":"https:\/\/www.recyclemachine.net\/pt\/wp-json\/wp\/v2\/users\/1"}],"replies":[{"embeddable":true,"href":"https:\/\/www.recyclemachine.net\/pt\/wp-json\/wp\/v2\/comments?post=3"}],"version-history":[{"count":0,"href":"https:\/\/www.recyclemachine.net\/pt\/wp-json\/wp\/v2\/pages\/3\/revisions"}],"wp:attachment":[{"href":"https:\/\/www.recyclemachine.net\/pt\/wp-json\/wp\/v2\/media?parent=3"}],"curies":[{"name":"wp","href":"https:\/\/api.w.org\/{rel}","templated":true}]}}