{"id":9422,"date":"2024-08-16T19:49:26","date_gmt":"2024-08-17T02:49:26","guid":{"rendered":"https:\/\/www.recyclemachine.net\/?page_id=9422"},"modified":"2024-08-16T19:49:27","modified_gmt":"2024-08-17T02:49:27","slug":"przeglad-sprzetu-separatora","status":"publish","type":"page","link":"https:\/\/www.recyclemachine.net\/pl\/przeglad-sprzetu-separatora\/","title":{"rendered":"Przegl\u0105d sprz\u0119tu separuj\u0105cego"},"content":{"rendered":"<h3 class=\"wp-block-heading\">Przegl\u0105d sprz\u0119tu separuj\u0105cego<\/h3>\n\n\n\n<p><strong>Sprz\u0119t separacyjny<\/strong> jest niezb\u0119dny w r\u00f3\u017cnych ga\u0142\u0119ziach przemys\u0142u, szczeg\u00f3lnie w recyklingu i gospodarce odpadami, gdzie odgrywa kluczow\u0105 rol\u0119 w sortowaniu i oddzielaniu materia\u0142\u00f3w na podstawie ich w\u0142a\u015bciwo\u015bci fizycznych, takich jak g\u0119sto\u015b\u0107, magnetyzm i wielko\u015b\u0107 cz\u0105stek. Sprz\u0119t ten jest zaprojektowany w celu zwi\u0119kszenia wydajno\u015bci i skuteczno\u015bci operacji przetwarzania, zapewniaj\u0105c, \u017ce r\u00f3\u017cne materia\u0142y s\u0105 prawid\u0142owo sortowane w celu dalszego przetwarzania lub utylizacji.<\/p>\n\n\n\n<h4 class=\"wp-block-heading\">Rodzaje urz\u0105dze\u0144 separuj\u0105cych:<\/h4>\n\n\n\n<ol class=\"wp-block-list\">\n<li><strong>Separatory magnetyczne<\/strong>:<\/li>\n<\/ol>\n\n\n\n<ul class=\"wp-block-list\">\n<li>Stosowany w celu usuwania metali \u017celaznych ze strumieni odpad\u00f3w.<\/li>\n\n\n\n<li>Idealne dla zak\u0142ad\u00f3w recyklingu, gdzie konieczne jest oddzielenie \u017celaza i stali od innych materia\u0142\u00f3w.<\/li>\n<\/ul>\n\n\n\n<ol class=\"wp-block-list\">\n<li><strong>Separatory wiropr\u0105dowe<\/strong>:<\/li>\n<\/ol>\n\n\n\n<ul class=\"wp-block-list\">\n<li>Stosowany do oddzielania metali nie\u017celaznych, takich jak aluminium i mied\u017a, od innych materia\u0142\u00f3w odpadowych.<\/li>\n\n\n\n<li>Dzia\u0142a poprzez indukowanie pr\u0105du elektrycznego, kt\u00f3ry wypycha metale ze strumienia odpad\u00f3w.<\/li>\n<\/ul>\n\n\n\n<ol class=\"wp-block-list\">\n<li><strong><a href=\"https:\/\/www.recyclemachine.net\/pl\/precyzyjne-sortowanie-klasyfikatora-pneumatycznego-zig-zag-w-najlepszym-wydaniu\/html\/\" data-type=\"post\" data-id=\"7675\">Klasyfikatory powietrza<\/a><\/strong>:<\/li>\n<\/ol>\n\n\n\n<ul class=\"wp-block-list\">\n<li>Rozdziela materia\u0142y na podstawie g\u0119sto\u015bci wykorzystuj\u0105c przep\u0142yw powietrza.<\/li>\n\n\n\n<li>Stosowany powszechnie do oddzielania l\u017cejszych materia\u0142\u00f3w, np. plastiku, od ci\u0119\u017cszych, np. szk\u0142a lub metalu.<\/li>\n<\/ul>\n\n\n\n<ol class=\"wp-block-list\">\n<li><strong>Zbiorniki separacyjne ton\u0105ce\/p\u0142ywaj\u0105ce<\/strong>:<\/li>\n<\/ol>\n\n\n\n<ul class=\"wp-block-list\">\n<li>Zaprojektowane specjalnie do recyklingu tworzyw sztucznych.<\/li>\n\n\n\n<li>Dzia\u0142a poprzez zanurzenie materia\u0142\u00f3w w wodzie, w kt\u00f3rej ci\u0119\u017csze zanieczyszczenia opadaj\u0105, a l\u017cejsze tworzywa sztuczne unosz\u0105 si\u0119 na powierzchni, umo\u017cliwiaj\u0105c \u0142atwe oddzielenie.<\/li>\n<\/ul>\n\n\n\n<ol class=\"wp-block-list\">\n<li><strong><a href=\"https:\/\/www.recyclemachine.net\/pl\/maszyna-do-usuwania-etykiet-z-plastikowych-butelek\/html\/\" data-type=\"post\" data-id=\"7670\">Zmywacze etykiet<\/a><\/strong>:<\/li>\n<\/ol>\n\n\n\n<ul class=\"wp-block-list\">\n<li>Maszyny te s\u0105 niezb\u0119dne w procesie recyklingu plastikowych butelek. Usuwaj\u0105 etykiety i klej, zapewniaj\u0105c czysto\u015b\u0107 poddanego recyklingowi materia\u0142u.<\/li>\n<\/ul>\n\n\n\n<ol class=\"wp-block-list\">\n<li><strong>Baleriny<\/strong>:<\/li>\n<\/ol>\n\n\n\n<ul class=\"wp-block-list\">\n<li>S\u0142u\u017cy do rozdrabniania bel materia\u0142\u00f3w nadaj\u0105cych si\u0119 do recyklingu i przygotowywania ich do dalszego przetwarzania.<\/li>\n<\/ul>\n\n\n\n<h3 class=\"wp-block-heading\">Zastosowania i korzy\u015bci:<\/h3>\n\n\n\n<ul class=\"wp-block-list\">\n<li><strong>Przemys\u0142 recyklingowy<\/strong>:Sprz\u0119t separuj\u0105cy jest niezb\u0119dny do przetwarzania butelek PET, odpad\u00f3w elektronicznych i innych materia\u0142\u00f3w nadaj\u0105cych si\u0119 do recyklingu. Zapewnia on, \u017ce materia\u0142y s\u0105 czysto oddzielone w celu wydajnego recyklingu.<\/li>\n\n\n\n<li><strong>Gospodarowanie odpadami<\/strong>:W strumieniach odpad\u00f3w komunalnych i przemys\u0142owych separatory pomagaj\u0105 w odzyskiwaniu cennych materia\u0142\u00f3w, zmniejszaj\u0105c ilo\u015b\u0107 odpad\u00f3w trafiaj\u0105cych na wysypiska i wspieraj\u0105c zr\u00f3wnowa\u017cony rozw\u00f3j \u015brodowiska.<\/li>\n\n\n\n<li><strong>Odzyskiwanie materia\u0142\u00f3w<\/strong>:Maszyny te umo\u017cliwiaj\u0105 odzyskiwanie materia\u0142\u00f3w, kt\u00f3re mo\u017cna ponownie wykorzysta\u0107, zmniejszaj\u0105c tym samym zapotrzebowanie na surowce pierwotne i minimalizuj\u0105c wp\u0142yw na \u015brodowisko.<\/li>\n<\/ul>\n\n\n\n<h3 class=\"wp-block-heading\">Dostosowywanie i integracja:<\/h3>\n\n\n\n<p>Nowoczesny sprz\u0119t do separacji mo\u017cna dostosowa\u0107 do konkretnych potrzeb r\u00f3\u017cnych bran\u017c. Systemy te s\u0105 cz\u0119sto integrowane z innym sprz\u0119tem do przetwarzania, aby stworzy\u0107 bezproblemow\u0105 operacj\u0119, kt\u00f3ra maksymalizuje wydajno\u015b\u0107 i wydajno\u015b\u0107. Automatyczne sterowanie i monitorowanie w czasie rzeczywistym to typowe cechy, kt\u00f3re pomagaj\u0105 obni\u017cy\u0107 koszty pracy i poprawi\u0107 dok\u0142adno\u015b\u0107 proces\u00f3w separacji.<\/p>","protected":false},"excerpt":{"rendered":"<p>Przegl\u0105d sprz\u0119tu do separacji Sprz\u0119t do separacji jest niezb\u0119dny w r\u00f3\u017cnych ga\u0142\u0119ziach przemys\u0142u, szczeg\u00f3lnie w recyklingu i gospodarce odpadami, gdzie odgrywa kluczow\u0105 rol\u0119 w sortowaniu i oddzielaniu materia\u0142\u00f3w na podstawie ich w\u0142a\u015bciwo\u015bci fizycznych, takich jak g\u0119sto\u015b\u0107, magnetyzm i wielko\u015b\u0107 cz\u0105stek. Sprz\u0119t ten zosta\u0142 zaprojektowany w celu zwi\u0119kszenia wydajno\u015bci i skuteczno\u015bci operacji przetwarzania, zapewniaj\u0105c, \u017ce r\u00f3\u017cne \u2026 <a href=\"https:\/\/www.recyclemachine.net\/pl\/przeglad-sprzetu-separatora\/\" class=\"more-link\">Kontynuuj czytanie <span class=\"screen-reader-text\">Przegl\u0105d sprz\u0119tu separuj\u0105cego<\/span><\/a><\/p>","protected":false},"author":1,"featured_media":9425,"parent":0,"menu_order":0,"comment_status":"closed","ping_status":"closed","template":"","meta":{"footnotes":""},"class_list":["post-9422","page","type-page","status-publish","has-post-thumbnail","hentry"],"tsf_title":"Separator Equipment Overview &#x2d; Premium Plastic Recycling Machines","tsf_description":"Discover advanced separator equipment for recycling and waste management. Improve sorting, increase efficiency, and support sustainability with custom solutions.","_links":{"self":[{"href":"https:\/\/www.recyclemachine.net\/pl\/wp-json\/wp\/v2\/pages\/9422","targetHints":{"allow":["GET"]}}],"collection":[{"href":"https:\/\/www.recyclemachine.net\/pl\/wp-json\/wp\/v2\/pages"}],"about":[{"href":"https:\/\/www.recyclemachine.net\/pl\/wp-json\/wp\/v2\/types\/page"}],"author":[{"embeddable":true,"href":"https:\/\/www.recyclemachine.net\/pl\/wp-json\/wp\/v2\/users\/1"}],"replies":[{"embeddable":true,"href":"https:\/\/www.recyclemachine.net\/pl\/wp-json\/wp\/v2\/comments?post=9422"}],"version-history":[{"count":0,"href":"https:\/\/www.recyclemachine.net\/pl\/wp-json\/wp\/v2\/pages\/9422\/revisions"}],"wp:featuredmedia":[{"embeddable":true,"href":"https:\/\/www.recyclemachine.net\/pl\/wp-json\/wp\/v2\/media\/9425"}],"wp:attachment":[{"href":"https:\/\/www.recyclemachine.net\/pl\/wp-json\/wp\/v2\/media?parent=9422"}],"curies":[{"name":"wp","href":"https:\/\/api.w.org\/{rel}","templated":true}]}}