{"id":8000,"date":"2023-11-28T23:15:57","date_gmt":"2023-11-29T07:15:57","guid":{"rendered":"https:\/\/recyclemachine.net\/?page_id=8000"},"modified":"2026-05-05T20:51:01","modified_gmt":"2026-05-06T03:51:01","slug":"maszyny-sortujace-msw","status":"publish","type":"page","link":"https:\/\/www.recyclemachine.net\/pl\/maszyny-sortujace-msw\/","title":{"rendered":"Maszyny sortuj\u0105ce MSW"},"content":{"rendered":"<style data-rtm-material-symbols=\"\">\n.rtm-ms-chip{\n  display:inline-flex !important;\n  align-items:center !important;\n  justify-content:center !important;\n  width:46px !important;\n  height:46px !important;\n  min-width:46px !important;\n  border-radius:14px !important;\n  border:0 !important;\n  padding:0 !important;\n  background:var(--rtm-ms-bg, rgba(125, 145, 196, 0.14)) !important;\n  color:var(--rtm-ms-fg, #5f739f) !important;\n  box-shadow:none !important;\n  filter:none !important;\n  flex:0 0 auto !important;\n}\n.rtm-ms-chip.rtm-ms-tone-1{--rtm-ms-bg:rgba(124,145,196,0.14);--rtm-ms-fg:#6479a8;}\n.rtm-ms-chip.rtm-ms-tone-2{--rtm-ms-bg:rgba(120,191,173,0.15);--rtm-ms-fg:#4e8f7d;}\n.rtm-ms-chip.rtm-ms-tone-3{--rtm-ms-bg:rgba(236,186,139,0.16);--rtm-ms-fg:#b17849;}\n.rtm-ms-chip.rtm-ms-tone-4{--rtm-ms-bg:rgba(218,166,196,0.16);--rtm-ms-fg:#9f6a8b;}\n.rtm-ms-chip.rtm-ms-tone-5{--rtm-ms-bg:rgba(171,180,229,0.16);--rtm-ms-fg:#6d76b8;}\n.rtm-ms-chip.rtm-ms-tone-6{--rtm-ms-bg:rgba(148,209,205,0.15);--rtm-ms-fg:#4c8f8a;}\n.rtm-ms-glyph{\n  font-family:\"Material Symbols Outlined\" !important;\n  font-weight:400 !important;\n  font-style:normal !important;\n  font-size:24px !important;\n  line-height:1 !important;\n  letter-spacing:normal !important;\n  text-transform:none !important;\n  white-space:nowrap !important;\n  word-wrap:normal !important;\n  direction:ltr !important;\n  display:block !important;\n  -webkit-font-smoothing:antialiased !important;\n  -moz-osx-font-smoothing:grayscale !important;\n  font-feature-settings:\"liga\" 1, \"kern\" 1 !important;\n  font-variation-settings:\"FILL\" 0,\"wght\" 400,\"GRAD\" 0,\"opsz\" 24;\n}\n.rtm-ms-inline{\n  display:inline-flex !important;\n  align-items:center !important;\n  justify-content:center !important;\n  vertical-align:middle !important;\n}\n<\/style>\n<style>\n  .rtm-msw-page {\n    --msw-green: #005D30;\n    --msw-green-soft: rgba(0, 93, 48, 0.10);\n    --msw-green-line: rgba(0, 93, 48, 0.16);\n    --msw-text: #243143;\n    --msw-muted: #4a596e;\n    --msw-card: #ffffff;\n    overflow-x: clip;\n    line-height: 1.65;\n  }\n\n  .rtm-msw-page,\n  .rtm-msw-page * {\n    box-sizing: border-box;\n  }\n\n  .rtm-msw-page a {\n    text-decoration: none;\n  }\n\n  .rtm-msw-wrap {\n    width: 100%;\n    max-width: 1120px;\n    margin: 0 auto;\n    padding: 0 24px;\n  }\n\n  .msw-section {\n    padding: 56px 0;\n    border-bottom: 1px solid var(--msw-green-line);\n  }\n\n  .msw-section:last-child {\n    border-bottom: 0;\n  }\n\n  .msw-hero {\n    display: grid;\n    grid-template-columns: minmax(0, 1fr) minmax(320px, 0.82fr);\n    gap: 34px;\n    align-items: center;\n    padding-top: 44px;\n  }\n\n  .msw-eyebrow {\n    display: inline-flex;\n    align-items: center;\n    margin-bottom: 12px;\n    color: var(--msw-green);\n    font-size: 0.88rem;\n    font-weight: 800;\n    letter-spacing: 0.12em;\n    text-transform: uppercase;\n  }\n\n  .msw-hero h1 {\n    margin: 0 0 18px;\n    color: #173b21;\n    line-height: 1.12;\n    overflow-wrap: break-word;\n  }\n\n  .msw-hero p,\n  .msw-section-intro {\n    color: var(--msw-muted);\n    margin: 0;\n  }\n\n  .msw-hero-actions {\n    display: flex;\n    flex-wrap: wrap;\n    gap: 12px;\n    margin-top: 24px;\n  }\n\n  .msw-button {\n    display: inline-flex;\n    align-items: center;\n    justify-content: center;\n    min-height: 44px;\n    padding: 11px 18px;\n    border: 1px solid var(--msw-green);\n    border-radius: 8px;\n    background: var(--msw-green);\n    color: #ffffff !important;\n    font-weight: 700;\n    text-align: center;\n    transition: background 0.25s ease, border-color 0.25s ease, transform 0.25s ease;\n  }\n\n  .msw-button:hover {\n    background: #004824;\n    border-color: #004824;\n    transform: translateY(-2px);\n  }\n\n  .msw-button.is-secondary {\n    background: #ffffff;\n    color: var(--msw-green) !important;\n  }\n\n  .msw-button.is-secondary:hover {\n    background: var(--msw-green);\n    color: #ffffff !important;\n  }\n\n  .msw-hero-panel {\n    border: 1px solid var(--msw-green-line);\n    border-radius: 8px;\n    background: #ffffff;\n    overflow: hidden;\n  }\n\n  .msw-hero-panel img {\n    display: block;\n    width: 100%;\n    aspect-ratio: 4 \/ 3;\n    object-fit: cover;\n  }\n\n  .msw-quick-points {\n    display: grid;\n    gap: 10px;\n    padding: 16px;\n    margin: 0;\n    list-style: none;\n    border-top: 1px solid var(--msw-green-line);\n  }\n\n  .msw-quick-points li {\n    display: flex;\n    align-items: center;\n    gap: 10px;\n    color: var(--msw-text);\n    font-weight: 700;\n  }\n\n  .msw-quick-points .rtm-ms-chip {\n    width: 38px !important;\n    height: 38px !important;\n    min-width: 38px !important;\n    border-radius: 12px !important;\n    background: var(--msw-green-soft) !important;\n    color: var(--msw-green) !important;\n  }\n\n  .msw-section-head {\n    max-width: 820px;\n    margin: 0 auto 32px;\n    text-align: center;\n  }\n\n  .msw-section-head h2 {\n    margin: 0 0 12px;\n    color: #1f5f39;\n    line-height: 1.22;\n  }\n\n  .msw-equipment-grid {\n    display: grid;\n    grid-template-columns: repeat(3, minmax(0, 1fr));\n    gap: 22px;\n  }\n\n  .msw-equipment-card {\n    position: relative;\n    display: flex;\n    flex-direction: column;\n    min-height: 100%;\n    border: 1px solid var(--msw-green-line);\n    border-radius: 8px;\n    background: var(--msw-card);\n    overflow: hidden;\n    transition: transform 0.25s ease, border-color 0.25s ease, box-shadow 0.25s ease;\n  }\n\n  .msw-equipment-card::before {\n    content: \"\";\n    position: absolute;\n    inset: 0 0 auto 0;\n    height: 4px;\n    background: var(--msw-green);\n    z-index: 1;\n  }\n\n  .msw-equipment-card:hover {\n    transform: translateY(-5px);\n    border-color: rgba(0, 93, 48, 0.34);\n    box-shadow: 0 20px 42px rgba(17, 54, 34, 0.12);\n  }\n\n  .msw-card-image {\n    display: block;\n    overflow: hidden;\n    background: #f8faf8;\n  }\n\n  .msw-card-image img {\n    display: block;\n    width: 100%;\n    aspect-ratio: 4 \/ 3;\n    object-fit: cover;\n    transition: transform 0.3s ease;\n  }\n\n  .msw-equipment-card:hover .msw-card-image img {\n    transform: scale(1.03);\n  }\n\n  .msw-card-body {\n    display: flex;\n    flex-direction: column;\n    flex: 1;\n    padding: 22px;\n  }\n\n  .msw-card-tag {\n    display: inline-flex;\n    align-self: flex-start;\n    margin-bottom: 12px;\n    padding: 5px 10px;\n    border-radius: 999px;\n    background: var(--msw-green-soft);\n    color: var(--msw-green);\n    font-weight: 800;\n    letter-spacing: 0.07em;\n    text-transform: uppercase;\n  }\n\n  .msw-card-body h2 {\n    margin: 0 0 10px;\n    color: #1f5f39;\n    line-height: 1.28;\n  }\n\n  .msw-card-body p {\n    margin: 0 0 18px;\n    color: var(--msw-muted);\n    flex: 1;\n  }\n\n  .msw-card-cta {\n    margin-top: auto;\n  }\n\n  .msw-benefit-grid {\n    display: grid;\n    grid-template-columns: repeat(3, minmax(0, 1fr));\n    gap: 18px;\n  }\n\n  .msw-benefit-card {\n    display: flex;\n    align-items: flex-start;\n    gap: 14px;\n    padding: 22px;\n    border: 1px solid var(--msw-green-line);\n    border-left: 4px solid rgba(0, 93, 48, 0.58);\n    border-radius: 8px;\n    background: #ffffff;\n  }\n\n  .msw-benefit-card .rtm-ms-chip {\n    background: var(--msw-green-soft) !important;\n    color: var(--msw-green) !important;\n  }\n\n  .msw-benefit-card h3 {\n    margin: 0 0 8px;\n    color: #233143;\n    line-height: 1.3;\n  }\n\n  .msw-benefit-card p {\n    margin: 0;\n    color: var(--msw-muted);\n  }\n\n  .msw-proof-strip {\n    display: grid;\n    grid-template-columns: repeat(3, minmax(0, 1fr));\n    gap: 1px;\n    margin-top: 22px;\n    border: 1px solid var(--msw-green-line);\n    border-radius: 8px;\n    overflow: hidden;\n    background: var(--msw-green-line);\n  }\n\n  .msw-proof-item {\n    padding: 18px;\n    background: #ffffff;\n    color: var(--msw-text);\n  }\n\n  .msw-proof-item strong {\n    display: block;\n    color: #1f5f39;\n  }\n\n  @media (max-width: 900px) {\n    .msw-hero,\n    .msw-equipment-grid,\n    .msw-benefit-grid,\n    .msw-proof-strip {\n      grid-template-columns: 1fr;\n    }\n  }\n\n  @media (max-width: 767px) {\n    .rtm-msw-wrap {\n      padding: 0 20px;\n    }\n\n    .msw-section {\n      padding: 42px 0;\n    }\n\n    .msw-hero {\n      padding-top: 28px;\n      gap: 24px;\n    }\n\n    .msw-hero h1,\n    .msw-section-head h2,\n    .msw-card-body h2 {\n      overflow-wrap: break-word;\n    }\n\n    .msw-hero h1 {\n    }\n\n    .msw-hero p,\n    .msw-section-intro,\n    .msw-card-body p,\n    .msw-benefit-card p,\n    .msw-proof-item {\n    }\n\n    .msw-section-head h2 {\n    }\n\n    .msw-card-body h2 {\n    }\n\n    .msw-benefit-card h3 {\n    }\n\n    .msw-quick-points li {\n      line-height: 1.45;\n    }\n\n    .msw-hero-actions {\n      display: grid;\n    }\n  }\n\n<\/style>\n<div class=\"rtm-msw-page\">\n<div class=\"rtm-msw-wrap\">\n<section class=\"msw-section msw-hero\" aria-labelledby=\"msw-title\">\n<div class=\"msw-hero-copy\">\n<span class=\"msw-eyebrow\">Sortowanie odpad\u00f3w komunalnych<\/span>\n<h1 id=\"msw-title\">Maszyny i urz\u0105dzenia do sortowania odpad\u00f3w komunalnych<\/h1>\n<p>Odkryj kompleksowe maszyny do oddzielania i recyklingu odpad\u00f3w komunalnych, od kompleksowych zak\u0142ad\u00f3w sortuj\u0105cych po sita obrotowe i ci\u0119\u017ckie ta\u015bmy transportowe.<\/p>\n<div class=\"msw-hero-actions\">\n<a class=\"msw-button\" href=\"https:\/\/www.recyclemachine.net\/pl\/maszyna-do-sortowania-msw-zarzadzanie-odpadami\/\">Zobacz zak\u0142ad sortuj\u0105cy<\/a>\n<a class=\"msw-button is-secondary\" href=\"https:\/\/www.recyclemachine.net\/pl\/skontaktuj-sie-z-nami\/\">Zapytaj o konfiguracj\u0119<\/a>\n<\/div>\n<\/div>\n<div class=\"msw-hero-panel\">\n<img decoding=\"async\" alt=\"Linia sortuj\u0105ca MSW do recyklingu odpad\u00f3w komunalnych\" src=\"https:\/\/www.recyclemachine.net\/wp-content\/uploads\/2025\/05\/MSW-Sorting-Machine.webp\"\/>\n<ul class=\"msw-quick-points\">\n<li><span class=\"rtm-ms-chip\"><span data-no-translation=\"\" data-no-dynamic-translation=\"\" translate=\"no\" aria-hidden=\"true\" class=\"material-symbols-outlined rtm-ms-glyph\">tune<\/span><\/span>Projekt dostosowany do lokalnego sk\u0142adu odpad\u00f3w<\/li>\n<li><span class=\"rtm-ms-chip\"><span data-no-translation=\"\" data-no-dynamic-translation=\"\" translate=\"no\" aria-hidden=\"true\" class=\"material-symbols-outlined rtm-ms-glyph\">recycling<\/span><\/span>Zaprojektowany do wy\u017cszego odzysku recyklingowego<\/li>\n<li><span class=\"rtm-ms-chip\"><span data-no-translation=\"\" data-no-dynamic-translation=\"\" translate=\"no\" aria-hidden=\"true\" class=\"material-symbols-outlined rtm-ms-glyph\">precision_manufacturing<\/span><\/span>Urz\u0105dzenia do transportu, sortowania i oddzielania<\/li>\n<\/ul>\n<\/div>\n<\/section>\n<section class=\"msw-section\" aria-labelledby=\"msw-equipment-title\">\n<div class=\"msw-section-head\">\n<span class=\"msw-eyebrow\">G\u0142\u00f3wne urz\u0105dzenia<\/span>\n<h2 id=\"msw-equipment-title\">Zbuduj lini\u0119 sortuj\u0105c\u0105 wok\u00f3\u0142 swojego strumienia odpad\u00f3w<\/h2>\n<p class=\"msw-section-intro\">Wybierz kompleksowy zak\u0142ad sortuj\u0105cy MSW lub kluczowe niezale\u017cne maszyny do sortowania, podawania i przekazywania materia\u0142\u00f3w.<\/p>\n<\/div>\n<div class=\"msw-equipment-grid\">\n<a class=\"msw-equipment-card\" href=\"https:\/\/www.recyclemachine.net\/pl\/maszyna-do-sortowania-msw-zarzadzanie-odpadami\/\">\n<span class=\"msw-card-image\"><img decoding=\"async\" alt=\"Maszyna sortuj\u0105ca MSW\" src=\"https:\/\/www.recyclemachine.net\/wp-content\/uploads\/2025\/05\/MSW-Sorting-Machine.webp\"\/><\/span>\n<span class=\"msw-card-body\">\n<span class=\"msw-card-tag\">Zak\u0142ad pod klucz<\/span>\n<h2>Maszyna sortuj\u0105ca MSW \u2013 Zak\u0142ad recyklingu odpad\u00f3w<\/h2>\n<p>Kompleksowe rozwi\u0105zanie kluczowe do automatycznego segregacji mieszanego odpadu komunalnego na frakcje recyklingowe takie jak plastiki, metale i organiczne.<\/p>\n<span class=\"msw-button msw-card-cta\">Wy\u015bwietl system<\/span>\n<\/span>\n<\/a>\n<a class=\"msw-equipment-card\" href=\"https:\/\/www.recyclemachine.net\/pl\/sito-bebnowe\/\">\n<span class=\"msw-card-image\"><img decoding=\"async\" alt=\"Maszyna do sortowania na sitach ko\u0142owych\" src=\"https:\/\/www.recyclemachine.net\/wp-content\/uploads\/2025\/07\/Trommel-Machine-768x432.webp\"\/><\/span>\n<span class=\"msw-card-body\">\n<span class=\"msw-card-tag\">Sortowanie<\/span>\n<h2>Ekran trommelowy<\/h2>\n<p>Ci\u0119\u017ckie sita obrotowe do pierwotnego oddzielania rozmiaru odpad\u00f3w, usuwaj\u0105ce drobiny, organiczne i ma\u0142e resztki z wi\u0119kszych materia\u0142\u00f3w recyklingowych.<\/p>\n<span class=\"msw-button msw-card-cta\">Wy\u015bwietl maszyn\u0119<\/span>\n<\/span>\n<\/a>\n<a class=\"msw-equipment-card\" href=\"https:\/\/www.recyclemachine.net\/pl\/lancuchowy-przenosnik-odpadow\/\">\n<span class=\"msw-card-image\"><img decoding=\"async\" alt=\"Przeno\u015bnik ta\u015bmowy odpad\u00f3w dla linii sortowania MSW\" src=\"https:\/\/www.recyclemachine.net\/wp-content\/uploads\/2025\/01\/Chain-Waste-Conveyor.webp\"\/><\/span>\n<span class=\"msw-card-body\">\n<span class=\"msw-card-tag\">Przekazywanie materia\u0142\u00f3w<\/span>\n<h2>\u0141a\u0144cuchowy przeno\u015bnik odpad\u00f3w<\/h2>\n<p>Solidny system ta\u015bmy transportowej z blachy stalowej zaprojektowany do transportu ci\u0119\u017ckich odpad\u00f3w masowych do tnik\u00f3w lub linii sortuj\u0105cych z wysok\u0105 niezawodno\u015bci\u0105.<\/p>\n<span class=\"msw-button msw-card-cta\">Wy\u015bwietl maszyn\u0119<\/span>\n<\/span>\n<\/a>\n<\/div>\n<\/section>\n<section class=\"msw-section\" aria-labelledby=\"msw-benefits-title\">\n<div class=\"msw-section-head\">\n<span class=\"msw-eyebrow\">Zalety projektu<\/span>\n<h2 id=\"msw-benefits-title\">Dlaczego warto wybra\u0107 rozwi\u0105zania Rumtoo MSW?<\/h2>\n<p class=\"msw-section-intro\">Nasi in\u017cynierowie dostosowuj\u0105 urz\u0105dzenia do materia\u0142\u00f3w wej\u015bciowych, cel\u00f3w odzysku, uk\u0142adu miejsca i wymaga\u0144 przetwarzania poni\u017cej.<\/p>\n<\/div>\n<div class=\"msw-benefit-grid\">\n<div class=\"msw-benefit-card\">\n<span class=\"rtm-ms-chip rtm-ms-tone-2\"><span data-no-translation=\"\" data-no-dynamic-translation=\"\" translate=\"no\" aria-hidden=\"true\" class=\"material-symbols-outlined rtm-ms-glyph\">engineering<\/span><\/span>\n<div><h3>In\u017cynieria pod klucz<\/h3><p>Pe\u0142ne wsparcie projektu od projektowania zak\u0142adu po produkcj\u0119, monta\u017c i komisj\u0119 na miejscu.<\/p><\/div>\n<\/div>\n<div class=\"msw-benefit-card\">\n<span class=\"rtm-ms-chip rtm-ms-tone-6\"><span data-no-translation=\"\" data-no-dynamic-translation=\"\" translate=\"no\" aria-hidden=\"true\" class=\"material-symbols-outlined rtm-ms-glyph\">speed<\/span><\/span>\n<div><h3>Konfiguracja niestandardowa<\/h3><p>Linie sortuj\u0105ce dostosowane do lokalnego sk\u0142adu materia\u0142\u00f3w, wymaganej przepustowo\u015bci i dost\u0119pnej powierzchni zak\u0142adu.<\/p><\/div>\n<\/div>\n<div class=\"msw-benefit-card\">\n<span class=\"rtm-ms-chip rtm-ms-tone-3\"><span data-no-translation=\"\" data-no-dynamic-translation=\"\" translate=\"no\" aria-hidden=\"true\" class=\"material-symbols-outlined rtm-ms-glyph\">recycling<\/span><\/span>\n<div><h3>Wysoki wska\u017anik odzysku<\/h3><p>Modu\u0142y trommel, powietrzne, magnetyczne i transportowe wsp\u00f3\u0142pracuj\u0105ce ze sob\u0105, aby poprawi\u0107 czysto\u015b\u0107 i warto\u015b\u0107 odzyskanych materia\u0142\u00f3w.<\/p><\/div>\n<\/div>\n<\/div>\n<div class=\"msw-proof-strip\" aria-label=\"Kontrolne punkty planowania linii sortuj\u0105cej MSW\">\n<div class=\"msw-proof-item\"><strong>Pierwszy wej\u015bcie<\/strong>Sk\u0142ad odpad\u00f3w, wilgotno\u015b\u0107 i g\u0119sto\u015b\u0107 obj\u0119to\u015bciowa definiuj\u0105 uk\u0142ad linii.<\/div>\n<div class=\"msw-proof-item\"><strong>Modu\u0142owe urz\u0105dzenia<\/strong>Sortowanie, transport, oddzielanie powietrzem i oddzielanie magnetyczne mog\u0105 by\u0107 \u0142\u0105czone.<\/div>\n<div class=\"msw-proof-item\"><strong>Skonfigurowany wyj\u015bcie<\/strong>Odzyskane plastiki, metale, organiczne i strumienie RDF s\u0105 planowane wok\u00f3\u0142 Twojego rynku.<\/div>\n<\/div>\n<\/section>\n<\/div>\n<\/div>","protected":false},"excerpt":{"rendered":"<p>Sortownie odpad\u00f3w komunalnych MSW Sortownie i urz\u0105dzenia Odkryj kompleksow\u0105 maszyn\u0119 do segregacji i recyklingu odpad\u00f3w komunalnych, od kompleksowych zak\u0142ad\u00f3w sortowni po sita obrotowe i ci\u0119\u017ckie przeno\u015bniki odpad\u00f3w. Zobacz Konfiguracja zak\u0142adu sortowni tuneLayout dopasowana do lokalnego sk\u0142adu odpad\u00f3w recykling Designed for higher recyclable recovery precision_manufacturingPrzeno\u015bniki, sita i urz\u0105dzenia do segregacji Core Equipment Stw\u00f3rz \u2026 <a href=\"https:\/\/www.recyclemachine.net\/pl\/maszyny-sortujace-msw\/\" class=\"more-link\">Kontynuuj czytanie <span class=\"screen-reader-text\">Maszyny sortuj\u0105ce MSW<\/span><\/a><\/p>","protected":false},"author":1,"featured_media":0,"parent":0,"menu_order":23,"comment_status":"closed","ping_status":"closed","template":"","meta":{"footnotes":""},"class_list":["post-8000","page","type-page","status-publish","hentry"],"tsf_seo":{"title":"Maszyny sortuj\u0105ce MSW","description":"Maszyny do sortowania MSW znacz\u0105co przyczyniaj\u0105 si\u0119 do zr\u00f3wnowa\u017cenia \u015brodowiskowego, umo\u017cliwiaj\u0105c wy\u017cszy poziom recyklingu i zmniejszaj\u0105c ilo\u015b\u0107 odpad\u00f3w trafiaj\u0105cych na sk\u0142adowiska.","robots":"index, follow","canonical":"https:\/\/www.recyclemachine.net\/pl\/maszyny-sortujace-msw\/","og_title":"MSW Sorting Machines","og_description":"MSW sorting machines significantly contribute to environmental sustainability by facilitating higher recycling rates and reducing the volume of waste sent to landfills.","og_image":""},"_links":{"self":[{"href":"https:\/\/www.recyclemachine.net\/pl\/wp-json\/wp\/v2\/pages\/8000","targetHints":{"allow":["GET"]}}],"collection":[{"href":"https:\/\/www.recyclemachine.net\/pl\/wp-json\/wp\/v2\/pages"}],"about":[{"href":"https:\/\/www.recyclemachine.net\/pl\/wp-json\/wp\/v2\/types\/page"}],"author":[{"embeddable":true,"href":"https:\/\/www.recyclemachine.net\/pl\/wp-json\/wp\/v2\/users\/1"}],"replies":[{"embeddable":true,"href":"https:\/\/www.recyclemachine.net\/pl\/wp-json\/wp\/v2\/comments?post=8000"}],"version-history":[{"count":4,"href":"https:\/\/www.recyclemachine.net\/pl\/wp-json\/wp\/v2\/pages\/8000\/revisions"}],"predecessor-version":[{"id":14061,"href":"https:\/\/www.recyclemachine.net\/pl\/wp-json\/wp\/v2\/pages\/8000\/revisions\/14061"}],"wp:attachment":[{"href":"https:\/\/www.recyclemachine.net\/pl\/wp-json\/wp\/v2\/media?parent=8000"}],"curies":[{"name":"wp","href":"https:\/\/api.w.org\/{rel}","templated":true}]}}