{"id":3906,"date":"2023-09-24T06:15:07","date_gmt":"2023-09-24T13:15:07","guid":{"rendered":"http:\/\/industco-demo.pbminfotech.com\/?page_id=3906"},"modified":"2026-04-04T08:08:30","modified_gmt":"2026-04-04T08:08:30","slug":"o-nas","status":"publish","type":"page","link":"https:\/\/www.recyclemachine.net\/pl\/o-nas\/","title":{"rendered":"O nas"},"content":{"rendered":"<style data-rtm-material-symbols=\"\">\n.rtm-ms-chip{\n  display:inline-flex !important;\n  align-items:center !important;\n  justify-content:center !important;\n  width:46px !important;\n  height:46px !important;\n  min-width:46px !important;\n  border-radius:14px !important;\n  border:0 !important;\n  padding:0 !important;\n  background:var(--rtm-ms-bg, rgba(125, 145, 196, 0.14)) !important;\n  color:var(--rtm-ms-fg, #5f739f) !important;\n  box-shadow:none !important;\n  filter:none !important;\n  flex:0 0 auto !important;\n}\n.rtm-ms-chip.rtm-ms-tone-1{--rtm-ms-bg:rgba(124,145,196,0.14);--rtm-ms-fg:#6479a8;}\n.rtm-ms-chip.rtm-ms-tone-2{--rtm-ms-bg:rgba(120,191,173,0.15);--rtm-ms-fg:#4e8f7d;}\n.rtm-ms-chip.rtm-ms-tone-3{--rtm-ms-bg:rgba(236,186,139,0.16);--rtm-ms-fg:#b17849;}\n.rtm-ms-chip.rtm-ms-tone-4{--rtm-ms-bg:rgba(218,166,196,0.16);--rtm-ms-fg:#9f6a8b;}\n.rtm-ms-chip.rtm-ms-tone-5{--rtm-ms-bg:rgba(171,180,229,0.16);--rtm-ms-fg:#6d76b8;}\n.rtm-ms-chip.rtm-ms-tone-6{--rtm-ms-bg:rgba(148,209,205,0.15);--rtm-ms-fg:#4c8f8a;}\n.rtm-ms-glyph{\n  font-family:\"Material Symbols Outlined\" !important;\n  font-weight:400 !important;\n  font-style:normal !important;\n  font-size:24px !important;\n  line-height:1 !important;\n  letter-spacing:normal !important;\n  text-transform:none !important;\n  white-space:nowrap !important;\n  word-wrap:normal !important;\n  direction:ltr !important;\n  display:block !important;\n  -webkit-font-smoothing:antialiased !important;\n  -moz-osx-font-smoothing:grayscale !important;\n  font-feature-settings:\"liga\" 1, \"kern\" 1 !important;\n  font-variation-settings:\"FILL\" 0,\"wght\" 400,\"GRAD\" 0,\"opsz\" 24;\n}\n.rtm-ms-inline{\n  display:inline-flex !important;\n  align-items:center !important;\n  justify-content:center !important;\n  vertical-align:middle !important;\n}\n<\/style>\n<style>\n    .rtm-about{--brand-green: #62ab66;\n        --brand-green-hover: #69b36d;\n        --bg-a: #121212;\n        --bg-b: #1E1E1E;\n        --text-main: #F5F5F7;\n        --text-muted: #B0B8C4;\n        --line: #2f343a;\n        \n        \n        line-height: 1.68;}\n\n    .rtm-about .section {\n        padding: 48px 20px;\n        \n    }\n\n    .rtm-about .section.alt {\n        \n    }\n\n    .rtm-about .wrap {\n        max-width: 1200px;\n        margin: 0 auto;\n    }\n\n    .rtm-about h1,\n    .rtm-about h2,\n    .rtm-about h3 {\n        margin-top: 0;\n    }\n\n    .rtm-about .kicker {\n        display: inline-block;\n        \n        text-transform: uppercase;\n        letter-spacing: 0.08em;\n        font-weight: 700;\n        margin-bottom: 16px;\n    }\n\n    .rtm-about .hero {\n        display: grid;\n        grid-template-columns: 1.2fr 1fr;\n        gap: 30px;\n        align-items: center;\n    }\n\n    .rtm-about .hero h1 {\n        \n        line-height: 1.12;\n        margin-bottom: 18px;\n    }\n\n    .rtm-about .lead {\n        \n        max-width: 780px;\n    }\n\n    .rtm-about .hero-actions {\n        display: flex;\n        gap: 12px;\n        flex-wrap: wrap;\n        margin-top: 24px;\n    }\n\n    .rtm-about .btn {\n        display: inline-flex;\n        align-items: center;\n        gap: 8px;\n        padding: 13px 22px;\n        border-radius: 8px;\n        text-decoration: none;\n        border: 1px solid transparent;\n        transition: transform .2s ease, box-shadow .2s ease, background-color .2s ease;\n    }\n\n    .rtm-about .btn.primary {\n        background: var(--brand-green);\n        \n        box-shadow: 0 4px 14px rgba(98, 171, 102, .16);\n    }\n\n    .rtm-about .btn.primary:hover {\n        background: var(--brand-green-hover);\n        transform: translateY(-2px);\n        box-shadow: 0 7px 18px rgba(98, 171, 102, .24);\n    }\n\n    .rtm-about .btn.ghost {\n        border-color: var(--line);\n        \n        background: transparent;\n    }\n\n    .rtm-about .btn.ghost:hover {\n        border-color: var(--brand-green);\n        \n        transform: translateY(-2px);\n    }\n\n    .rtm-about .hero-media {\n        border: 1px solid var(--line);\n        border-radius: 14px;\n        overflow: hidden;\n    }\n\n    .rtm-about .hero-media img {\n        width: 100%;\n        height: auto;\n        display: block;\n        aspect-ratio: 4 \/ 3;\n        object-fit: cover;\n    }\n\n    .rtm-about .section-title {\n        \n        text-align: center;\n        margin-bottom: 14px;\n    }\n\n    .rtm-about .section-subtitle {\n        \n        text-align: center;\n        max-width: 800px;\n        margin: 0 auto 38px;\n    }\n\n    .rtm-about .stats {\n        display: grid;\n        grid-template-columns: repeat(4, minmax(0, 1fr));\n        gap: 14px;\n    }\n\n    .rtm-about .stats-block {\n        margin-top: 18px;\n    }\n\n    .rtm-about .stat {border-radius: 10px;\n        \n        padding: 16px;background:#f5f5f7;}\n\n    .rtm-about .stat strong {\n        \n        display: block;\n        margin-bottom: 6px;\n    }\n\n    .rtm-about .grid-2 {\n        display: grid;\n        grid-template-columns: 1fr 1fr;\n        gap: 22px;\n        align-items: start;\n    }\n\n    .rtm-about .card-grid {\n        display: grid;\n        grid-template-columns: repeat(3, minmax(0, 1fr));\n        gap: 16px;\n    }\n\n    .rtm-about .card {border-radius: 12px;\n        padding: 18px;background:#f5f5f7;}\n\n    .rtm-about .card i {\n        \n        font-size: 24px;\n        margin-bottom: 10px;\n    }\n\n    .rtm-about .card h3 {\n        margin-bottom: 8px;\n    }\n\n    .rtm-about .card p {\n        \n        margin: 0;\n    }\n\n    .rtm-about .card ul {\n        margin: 0;\n        padding-left: 18px;\n        \n    }\n\n    .rtm-about .card li {\n        margin-bottom: 8px;\n    }\n\n    .rtm-about .card li:last-child {\n        margin-bottom: 0;\n    }\n\n    .rtm-about .highlight-box {border-radius: 12px;\n        padding: 18px;background:#f5f5f7;}\n\n    .rtm-about .highlight-box h3 {\n        \n        margin-bottom: 10px;\n    }\n\n    .rtm-about .highlight-box p {\n        \n        margin: 0;\n    }\n\n    .rtm-about .process {\n        display: grid;\n        grid-template-columns: repeat(4, minmax(0, 1fr));\n        gap: 16px;\n    }\n\n    .rtm-about .step {border-radius: 12px;\n        padding: 18px;\n        position: relative;background:#f5f5f7;}\n\n    .rtm-about .step .no {\n        width: 34px;\n        height: 34px;\n        border-radius: 50%;\n        display: inline-flex;\n        align-items: center;\n        justify-content: center;\n        \n        \n        font-weight: 700;\n        margin-bottom: 10px;\n    }\n\n    .rtm-about .list-clean {\n        list-style: none;\n        padding: 0;\n        margin: 0;\n    }\n\n    .rtm-about .list-clean li {\n        border-bottom: 1px solid var(--line);\n        padding: 12px 0;\n        \n        display: flex;\n        gap: 10px;\n        align-items: flex-start;\n    }\n\n    .rtm-about .list-clean li:last-child {\n        border-bottom: 0;\n    }\n\n    .rtm-about .list-clean i {\n        \n        margin-top: 3px;\n    }\n\n    @media (max-width: 1024px) {\n        .rtm-about .hero {\n            grid-template-columns: 1fr;\n        }\n\n        .rtm-about .stats {\n            grid-template-columns: repeat(2, minmax(0, 1fr));\n        }\n\n        .rtm-about .card-grid {\n            grid-template-columns: repeat(2, minmax(0, 1fr));\n        }\n\n        .rtm-about .process {\n            grid-template-columns: repeat(2, minmax(0, 1fr));\n        }\n    }\n\n    @media (max-width: 640px) {\n        .rtm-about .section {\n            padding: 36px 20px;\n        }\n\n        .rtm-about .stats,\n        .rtm-about .grid-2,\n        .rtm-about .card-grid,\n        .rtm-about .process {\n            grid-template-columns: 1fr;\n        }\n    }\n\n\/* codex-generic-button-clean-about *\/\n.rtm-about .btn.primary,\n.rtm-about .btn.ghost {\n  display: inline-flex;\n  align-items: center;\n  justify-content: center;\n  gap: 8px;\n  font-weight: 600;\n  transition: background-color 0.2s ease, border-color 0.2s ease, color 0.2s ease, transform 0.2s ease;\n}\n.rtm-about .btn.primary {\n  background: #005D30 !important;\n  color: #FFFFFF !important;\n  border: 0 !important;\n  box-shadow: none !important;\n}\n.rtm-about .btn.primary:hover,\n.rtm-about .btn.primary:focus-visible {\n  background: #004624 !important;\n  color: #FFFFFF !important;\n  border: 0 !important;\n  box-shadow: none !important;\n  transform: translateY(-1px);\n}\n.rtm-about .btn.ghost {\n  background: transparent !important;\n  color: #005D30 !important;\n  border: 1px solid #005D30 !important;\n  box-shadow: none !important;\n}\n.rtm-about .btn.ghost:hover,\n.rtm-about .btn.ghost:focus-visible {\n  background: rgba(0, 93, 48, 0.08) !important;\n  color: #005D30 !important;\n  border-color: #005D30 !important;\n  transform: translateY(-1px);\n}\n.rtm-about .btn.primary:focus-visible,\n.rtm-about .btn.ghost:focus-visible {\n  outline: 3px solid rgba(0, 93, 48, 0.18) !important;\n  outline-offset: 3px !important;\n}\n\n<\/style>\n<div class=\"rtm-about\">\n<section class=\"section alt\">\n<div class=\"wrap hero\">\n<div>\n<span class=\"kicker\">O Rumtoo<\/span>\n<h1>Zbudowany dla niezawodnej wydajno\u015bci recyklingu plastiku<\/h1>\n<p class=\"lead\">Firma Rumtoo projektuje i produkuje maszyny do recyklingu tworzyw sztucznych przeznaczone do rzeczywistych hal produkcyjnych. Koncentrujemy si\u0119 na stabilnej wydajno\u015bci, praktycznej konserwacji i d\u0142ugoterminowym wsparciu serwisowym, aby Twoja linia produkcyjna dzia\u0142a\u0142a z mniejsz\u0105 liczb\u0105 przestoj\u00f3w.<\/p>\n<div class=\"hero-actions\">\n<a class=\"btn primary\" href=\"https:\/\/www.recyclemachine.net\/pl\/skontaktuj-sie-z-nami\/\" rel=\"noopener\" target=\"_blank\"><span class=\"rtm-ms-inline-wrap\"><span data-no-translation=\"\" data-no-dynamic-translation=\"\" translate=\"no\" aria-hidden=\"true\" class=\"material-symbols-outlined rtm-ms-glyph rtm-ms-inline\">send<\/span><\/span>Skontaktuj si\u0119 z naszym zespo\u0142em<\/a>\n<a class=\"btn ghost\" href=\"https:\/\/www.recyclemachine.net\/pl\/plastic-recycling-lines\/\" rel=\"noopener\" target=\"_blank\">Poznaj linie produkt\u00f3w<\/a>\n<\/div>\n<\/div>\n<div class=\"hero-media\">\n<img alt=\"Zak\u0142ad produkcyjny i baza in\u017cynieryjna Rumtoo\" decoding=\"async\" fetchpriority=\"high\" height=\"900\" loading=\"eager\" src=\"https:\/\/recyclemachine.net\/wp-content\/uploads\/2023\/02\/zhangjiagang-1-1.jpg?id=6969\" width=\"1200\"\/>\n<\/div>\n<\/div>\n<\/section>\n<section class=\"section\">\n<div class=\"wrap\">\n<h2 class=\"section-title\">Kim jeste\u015bmy<\/h2>\n<p class=\"section-subtitle\">Rumtoo Plastic Recycling Machinery to wiod\u0105cy producent specjalizuj\u0105cy si\u0119 w wysokowydajnych rozwi\u0105zaniach do recyklingu butelek PET i folii PP\/PE.<\/p>\n<div class=\"grid-2\">\n<div>\n<p class=\"lead\">Dzi\u0119ki ponad dw\u00f3m dekadom \u015bwiadczenia us\u0142ug na rzecz bran\u017cy recyklingu tworzyw sztucznych stali\u015bmy si\u0119 zaufanym liderem w dziedzinie zintegrowanych rozwi\u0105za\u0144 in\u017cynieryjnych rozwi\u0105zuj\u0105cych z\u0142o\u017cone problemy zwi\u0105zane z odpadami.<\/p>\n<p class=\"lead\">Nasza misja jest prosta: dostarcza\u0107 najbardziej niezawodne i wydajne maszyny, kt\u00f3re przetwarzaj\u0105 odpady plastikowe w surowce o wysokiej czysto\u015bci, pomagaj\u0105c naszym partnerom w osi\u0105ganiu zar\u00f3wno sukces\u00f3w ekonomicznych, jak i ekologicznych.<\/p>\n<\/div>\n<div class=\"highlight-box\">\n<h3>Fundacja marki<\/h3>\n<p>\u0141\u0105czymy mo\u017cliwo\u015bci produkcyjne, in\u017cynieri\u0119 procesow\u0105 i wsparcie posprzeda\u017cowe, aby dostarcza\u0107 linie recyklingowe, kt\u00f3re dzia\u0142aj\u0105 stabilnie w rzeczywistych warunkach produkcyjnych.<\/p>\n<\/div>\n<\/div>\n<div class=\"stats stats-block\">\n<div class=\"stat\"><strong>20+ lat<\/strong><span>Ekspertyza w zakresie in\u017cynierii recyklingu tworzyw sztucznych<\/span><\/div>\n<div class=\"stat\"><strong>Setki ro\u015blin<\/strong><span>Obs\u0142ugiwane obiekty globalne<\/span><\/div>\n<div class=\"stat\"><strong>Tysi\u0105ce ton<\/strong><span>Przetwarzane co miesi\u0105c przez operacje partnerskie<\/span><\/div>\n<div class=\"stat\"><strong>Dostawa mi\u0119dzynarodowa<\/strong><span>Profesjonalne uruchomienie i wsparcie techniczne<\/span><\/div>\n<\/div>\n<\/div>\n<\/section>\n<section class=\"section alt\">\n<div class=\"wrap\">\n<h2 class=\"section-title\">Nasza Ekspertyza: Od \u201cBrudnego\u201d Odpadu do Wysokiej czysto\u015bci Granulek<\/h2>\n<p class=\"section-subtitle\">W przeciwie\u0144stwie do standardowych dostawc\u00f3w sprz\u0119tu, Rumtoo specjalizuje si\u0119 w przetwarzaniu mocno zabrudzonych i trudnych materia\u0142\u00f3w pochodz\u0105cych z odzysku.<\/p>\n<div class=\"card-grid\">\n<article class=\"card\">\n<span class=\"rtm-ms-chip rtm-ms-tone-6\"><span data-no-translation=\"\" data-no-dynamic-translation=\"\" translate=\"no\" aria-hidden=\"true\" class=\"material-symbols-outlined rtm-ms-glyph\">recycling<\/span><\/span>\n<h3>Recykling butelek PET<\/h3>\n<p>Wysokowydajne rozwi\u0105zania w zakresie czyszczenia i sortowania p\u0142atk\u00f3w PET przeznaczonych do kontaktu z \u017cywno\u015bci\u0105 lub w\u0142\u00f3knami.<\/p>\n<\/article>\n<article class=\"card\">\n<span class=\"rtm-ms-chip rtm-ms-tone-6\"><span data-no-translation=\"\" data-no-dynamic-translation=\"\" translate=\"no\" aria-hidden=\"true\" class=\"material-symbols-outlined rtm-ms-glyph\">speed<\/span><\/span>\n<h3>Recykling Folii i Torb PP\/PE<\/h3>\n<p>Zaprojektowane do obs\u0142ugi folii stretch LDPE, work\u00f3w PP typu superbag i toreb plastikowych, zapewniaj\u0105c stabiln\u0105 przepustowo\u015b\u0107.<\/p>\n<\/article>\n<article class=\"card\">\n<span class=\"rtm-ms-chip rtm-ms-tone-4\"><span data-no-translation=\"\" data-no-dynamic-translation=\"\" translate=\"no\" aria-hidden=\"true\" class=\"material-symbols-outlined rtm-ms-glyph\">category<\/span><\/span>\n<h3>Materia\u0142y zanieczyszczone<\/h3>\n<p>Wytrzyma\u0142e linie myj\u0105ce przeznaczone do mocno zabrudzonych surowc\u00f3w, przekszta\u0142caj\u0105ce trudne odpady w wysokiej jako\u015bci granulat plastikowy.<\/p>\n<\/article>\n<\/div>\n<\/div>\n<\/section>\n<section class=\"section\">\n<div class=\"wrap\">\n<h2 class=\"section-title\">Kompleksowa linia produkt\u00f3w<\/h2>\n<p class=\"section-subtitle\">Dostarczamy kompletny ekosystem maszyn do recyklingu, umo\u017cliwiaj\u0105cy bezproblemow\u0105 integracj\u0119 i maksymalny czas sprawno\u015bci.<\/p>\n<div class=\"card-grid\">\n<article class=\"card\">\n<span class=\"rtm-ms-chip rtm-ms-tone-6\"><span data-no-translation=\"\" data-no-dynamic-translation=\"\" translate=\"no\" aria-hidden=\"true\" class=\"material-symbols-outlined rtm-ms-glyph\">workspace_premium<\/span><\/span>\n<h3>Systemy Mycia i Oczyszczania<\/h3>\n<p>Zaawansowane systemy mycia i suszenia tworzyw sztucznych zapewniaj\u0105ce stabiln\u0105 jako\u015b\u0107 w dalszej cz\u0119\u015bci procesu.<\/p>\n<\/article>\n<article class=\"card\">\n<span class=\"rtm-ms-chip rtm-ms-tone-6\"><span data-no-translation=\"\" data-no-dynamic-translation=\"\" translate=\"no\" aria-hidden=\"true\" class=\"material-symbols-outlined rtm-ms-glyph\">settings<\/span><\/span>\n<h3>Redukcja rozmiaru<\/h3>\n<p>Wytrzyma\u0142e niszczarki do tworzyw sztucznych i precyzyjne kruszarki do tworzyw sztucznych zapewniaj\u0105ce niezawodne przygotowanie materia\u0142u.<\/p>\n<\/article>\n<article class=\"card\">\n<span class=\"rtm-ms-chip rtm-ms-tone-6\"><span data-no-translation=\"\" data-no-dynamic-translation=\"\" translate=\"no\" aria-hidden=\"true\" class=\"material-symbols-outlined rtm-ms-glyph\">verified<\/span><\/span>\n<h3>Linie do peletyzacji<\/h3>\n<p>Najnowocze\u015bniejsze linie do granulacji tworzyw sztucznych zapewniaj\u0105ce sta\u0142\u0105 jako\u015b\u0107 produkcji i stabilno\u015b\u0107 operacyjn\u0105.<\/p>\n<\/article>\n<article class=\"card\">\n<span class=\"rtm-ms-chip rtm-ms-tone-6\"><span data-no-translation=\"\" data-no-dynamic-translation=\"\" translate=\"no\" aria-hidden=\"true\" class=\"material-symbols-outlined rtm-ms-glyph\">support_agent<\/span><\/span>\n<h3>Wsparcie i Konserwacja<\/h3>\n<p>Sprz\u0119t pomocniczy, maszyny sortuj\u0105ce odpady komunalne, prasy i ostrza maszyn do recyklingu zapewniaj\u0105ce p\u0142ynn\u0105 prac\u0119 zak\u0142ad\u00f3w.<\/p>\n<\/article>\n<\/div>\n<\/div>\n<\/section>\n<section class=\"section alt\">\n<div class=\"wrap\">\n<h2 class=\"section-title\">Dlaczego warto wybra\u0107 Rumtoo?<\/h2>\n<p class=\"section-subtitle\">Zaufany partner techniczny w zakresie d\u0142ugoterminowych operacji recyklingu.<\/p>\n<div class=\"process\">\n<article class=\"step\">\n<span class=\"no\">1<\/span>\n<h3>20+ Lat Ekspertyzy<\/h3>\n<p class=\"lead\">Dziesi\u0119ciolecia do\u015bwiadczenia in\u017cynieryjnego w projektowaniu maszyn i proces\u00f3w recyklingu tworzyw sztucznych.<\/p>\n<\/article>\n<article class=\"step\">\n<span class=\"no\">2<\/span>\n<h3>Globalny zasi\u0119g<\/h3>\n<p class=\"lead\">Wspieramy setki zak\u0142ad\u00f3w recyklingu na ca\u0142ym \u015bwiecie, przetwarzaj\u0105c tysi\u0105ce ton odpad\u00f3w miesi\u0119cznie.<\/p>\n<\/article>\n<article class=\"step\">\n<span class=\"no\">3<\/span>\n<h3>Mi\u0119dzynarodowe standardy<\/h3>\n<p class=\"lead\">Profesjonalne uruchomienie i wsparcie techniczne skomplikowanych, mi\u0119dzynarodowych projekt\u00f3w instalacyjnych.<\/p>\n<\/article>\n<article class=\"step\">\n<span class=\"no\">4<\/span>\n<h3>Trwa\u0142o\u015b\u0107 i Efektywno\u015b\u0107<\/h3>\n<p class=\"lead\">Maszyny zaprojektowane z my\u015bl\u0105 o d\u0142ugim okresie u\u017cytkowania w wymagaj\u0105cych warunkach recyklingu na du\u017c\u0105 skal\u0119.<\/p>\n<\/article>\n<\/div>\n<\/div>\n<\/section>\n<section class=\"section\">\n<div class=\"wrap\">\n<h2 class=\"section-title\">Nap\u0119dzanie gospodarki o obiegu zamkni\u0119tym<\/h2>\n<p class=\"section-subtitle\">W Rumtoo wierzymy, \u017ce plastik nie jest odpadem, lecz zasobem.<\/p>\n<div class=\"highlight-box\">\n<p>Dostarczaj\u0105c technologi\u0119 umo\u017cliwiaj\u0105c\u0105 zamkni\u0119cie obiegu, jeste\u015bmy dumni, \u017ce jeste\u015bmy pionierami \u015bwiatowej gospodarki o obiegu zamkni\u0119tym, pomagaj\u0105c przedsi\u0119biorstwom na ca\u0142ym \u015bwiecie przekszta\u0142ca\u0107 wyzwania \u015brodowiskowe w zr\u00f3wnowa\u017con\u0105 warto\u015b\u0107.<\/p>\n<\/div>\n<\/div>\n<\/section>\n<\/div>","protected":false},"excerpt":{"rendered":"<p>Oko\u0142o Rumtoo Budowany dla Wiarygodnej Wydajno\u015bci Recyklingu Plastiku Rumtoo projektuje i produkuje maszyny do recyklingu plastiku dla prawdziwych hal produkcyjnych. Skupiamy si\u0119 na stabilnym przep\u0142ywie, praktycznej konserwacji i d\u0142ugoterminowym wsparciu technicznym, aby Twoja linia dzia\u0142a\u0142a z mniejsz\u0105 liczb\u0105 przerw. wy\u015blij Kontakt do Naszego Zesp\u00f3\u0142 Eksploruj Linie Produktowe Kim Jeste\u015bmy Rumtoo Maszyny do Recyklingu Plastiku jest wiod\u0105cym producentem \u2026 <a href=\"https:\/\/www.recyclemachine.net\/pl\/o-nas\/\" class=\"more-link\">Kontynuuj czytanie <span class=\"screen-reader-text\">O nas<\/span><\/a><\/p>","protected":false},"author":1,"featured_media":0,"parent":0,"menu_order":8,"comment_status":"closed","ping_status":"closed","template":"","meta":{"footnotes":""},"class_list":["post-3906","page","type-page","status-publish","hentry"],"tsf_seo":{"title":"O firmie Rumtoo | Wiod\u0105cy producent maszyn do recyklingu tworzyw sztucznych","description":"Posiadaj\u0105c ponad 20-letnie do\u015bwiadczenie, firma Rumtoo produkuje wysokiej jako\u015bci maszyny do recyklingu butelek PET i folii PP\/PE, w tym linie myj\u0105ce, rozdrabniacze i systemy peletyzacji dla zak\u0142ad\u00f3w na ca\u0142ym \u015bwiecie.","robots":"index, follow","canonical":"https:\/\/www.recyclemachine.net\/pl\/o-nas\/","og_title":"About Rumtoo | Leading Plastic Recycling Machinery Manufacturer","og_description":"With 20+ years of expertise, Rumtoo manufactures high-quality PET bottle and PP\/PE film recycling machines, including washing lines, shredders, and pelletizing systems for global facilities.","og_image":""},"_links":{"self":[{"href":"https:\/\/www.recyclemachine.net\/pl\/wp-json\/wp\/v2\/pages\/3906","targetHints":{"allow":["GET"]}}],"collection":[{"href":"https:\/\/www.recyclemachine.net\/pl\/wp-json\/wp\/v2\/pages"}],"about":[{"href":"https:\/\/www.recyclemachine.net\/pl\/wp-json\/wp\/v2\/types\/page"}],"author":[{"embeddable":true,"href":"https:\/\/www.recyclemachine.net\/pl\/wp-json\/wp\/v2\/users\/1"}],"replies":[{"embeddable":true,"href":"https:\/\/www.recyclemachine.net\/pl\/wp-json\/wp\/v2\/comments?post=3906"}],"version-history":[{"count":0,"href":"https:\/\/www.recyclemachine.net\/pl\/wp-json\/wp\/v2\/pages\/3906\/revisions"}],"wp:attachment":[{"href":"https:\/\/www.recyclemachine.net\/pl\/wp-json\/wp\/v2\/media?parent=3906"}],"curies":[{"name":"wp","href":"https:\/\/api.w.org\/{rel}","templated":true}]}}