{"id":8324,"date":"2024-03-15T04:26:09","date_gmt":"2024-03-15T11:26:09","guid":{"rendered":"https:\/\/recyclemachine.net\/?page_id=8324"},"modified":"2024-03-15T04:26:09","modified_gmt":"2024-03-15T11:26:09","slug":"termini-condizioni","status":"publish","type":"page","link":"https:\/\/www.recyclemachine.net\/it\/termini-condizioni\/","title":{"rendered":"Termini e condizioni"},"content":{"rendered":"<p>Questo documento stabilisce i termini e le condizioni che regolano l&#039;utilizzo di questo sito Web, inclusi tutti i contenuti, i servizi e i prodotti disponibili al suo interno. Il sito web \u00e8 di propriet\u00e0 e gestito da <a href=\"https:\/\/www.recyclemachine.net\/it\/\">Rumtoo Machinery Co., LTD<\/a>. L&#039;utilizzo del sito Web \u00e8 subordinato all&#039;accordo, senza modifiche, di tutti questi termini e condizioni, nonch\u00e9 di qualsiasi altra regola operativa, politica (inclusa, senza limitazione, Rumtoo Machinery Co., LTD&#039;s <a href=\"https:\/\/www.recyclemachine.net\/it\/politica-sulla-riservatezza\/\">Informativa sulla privacy<\/a>) e le procedure che Rumtoo Machinery Co., LTD pu\u00f2 pubblicare di tanto in tanto su questo sito (collettivamente denominate &quot;Contratto&quot;).<\/p>\n<p>Si consiglia di leggere attentamente il presente Contratto prima di procedere all&#039;accesso o all&#039;utilizzo del sito web. Interagendo con qualsiasi sezione del sito web, accetti di essere vincolato dal presente Accordo. Se non sei d&#039;accordo con qualsiasi parte di questi termini e condizioni, devi astenervi dall&#039;accedere al sito web o dall&#039;utilizzare qualsiasi servizio offerto attraverso di esso. Il presente Contratto rappresenta un&#039;offerta di <a href=\"https:\/\/www.recyclemachine.net\/it\/\" target=\"_new\" rel=\"noopener\">Rumtoo Machinery Co., LTD<\/a>, con accettazione strettamente limitata a questi termini. L&#039;accesso al sito web \u00e8 consentito esclusivamente a soggetti che abbiano compiuto i 13 anni di et\u00e0.<\/p>\n<ol>\n<li><strong>Il tuo account e sito:<br \/>\n<\/strong>Gestione account e sito. Se crei un account sul sito web, ti assumi la responsabilit\u00e0 di salvaguardare il tuo account e il suo contenuto e ti assumi la piena responsabilit\u00e0 per tutte le attivit\u00e0 che si svolgono sotto il tuo account e qualsiasi azione associata sul sito web. \u00c8 fondamentale non travisare o assegnare illegalmente contenuti al proprio account, soprattutto in modi che potrebbero sfruttare il nome o la reputazione di altri. <a href=\"https:\/\/www.recyclemachine.net\/it\/\">Rumtoo Machinery Co., LTD<\/a> si riserva il diritto di modificare o rimuovere qualsiasi descrittore di contenuto o parola chiave ritenuta inappropriata, illegale o potenzialmente suscettibile di causare problemi legali a Rumtoo Machinery Co., LTD. In caso di accesso non autorizzato al tuo account o di eventuali violazioni della sicurezza, \u00e8 tua responsabilit\u00e0 informare tempestivamente Rumtoo Machinery Co., LTD. <a href=\"https:\/\/www.recyclemachine.net\/it\/\">Rumtoo Machinery Co., LTD<\/a> declina ogni responsabilit\u00e0 per le vostre azioni o omissioni, inclusi eventuali danni derivanti da tali incidenti.<\/li>\n<li><strong><strong>Responsabilit\u00e0 dei contributori:<\/strong><\/strong><strong><strong><br \/>\n<\/strong><\/strong>Responsabilit\u00e0 e diritti sui contenuti. Quando gestisci un account, commenti, pubblichi materiale, condividi collegamenti o contribuisci in altro modo a contenuti sul sito Web, sei pienamente responsabile della natura e delle conseguenze di tali contenuti, indipendentemente dal fatto che comprendano testo, grafica o altri formati. Condividendo i contenuti, affermi e garantisci che:<\/p>\n<ul>\n<li>L&#039;utilizzo dei contenuti non viola i diritti di propriet\u00e0, quali diritti d&#039;autore, brevetti, marchi o segreti commerciali, di terze parti.<\/li>\n<li>Se il tuo datore di lavoro detiene i diritti sulla propriet\u00e0 intellettuale che crei, hai ottenuto il permesso di condividere il contenuto o la rinuncia ai diritti da parte del tuo datore di lavoro.<\/li>\n<li>Hai aderito a tutte le licenze di terze parti relative ai contenuti, assicurandoti che tutti i termini necessari vengano trasmessi agli utenti finali.<\/li>\n<li>Il contenuto \u00e8 privo di virus, malware o altri elementi dannosi o distruttivi.<\/li>\n<li>Il contenuto non \u00e8 spam, non \u00e8 generato mediante automazione o in modo casuale e non include messaggi commerciali non etici o indesiderati progettati per indirizzare traffico verso siti di terze parti, migliorare il posizionamento nelle ricerche di siti di terze parti o supportare atti illegali (come il phishing) o ingannare i destinatari circa la fonte (come lo spoofing).<\/li>\n<li>Il contenuto non \u00e8 osceno, calunnioso, diffamatorio, odioso, offensivo dal punto di vista razziale o etnico e non viola la privacy o i diritti di pubblicit\u00e0 di terzi.<\/li>\n<li>Non promuovere il tuo account tramite messaggi elettronici non richiesti o altre tecniche di spam.<\/li>\n<li>Il nome del tuo account non induce i lettori a credere che tu sia qualcun altro o rappresenti un&#039;altra organizzazione.<\/li>\n<li>Nei casi di contenuti che includono codici informatici, l&#039;utente ha categorizzato o descritto accuratamente il tipo, la natura, gli usi e gli effetti, indipendentemente dal fatto che ci\u00f2 sia esplicitamente richiesto.<\/li>\n<\/ul>\n<p><a href=\"https:\/\/www.recyclemachine.net\/it\/\">Rumtoo Machinery Co., LTD<\/a> si riserva il diritto di rimuovere qualsiasi contenuto o limitare l&#039;accesso al servizio per qualsiasi motivo e di utilizzare o distribuire il tuo lavoro sui propri siti Web o piattaforme affiliate. Tutte le opere caricate rimangono protette da copyright dei rispettivi proprietari. <a href=\"https:\/\/www.recyclemachine.net\/it\/\">Rumtoo Machinery Co., LTD<\/a> far\u00e0 ogni ragionevole sforzo per rimuovere i contenuti su richiesta, ma la memorizzazione nella cache o i riferimenti potrebbero non essere cancellati immediatamente.<\/p>\n<p><a href=\"https:\/\/www.recyclemachine.net\/it\/\">Rumtoo Machinery Co., LTD<\/a> si riserva la facolt\u00e0 di rifiutare, rimuovere o modificare contenuti che violino le sue politiche o siano ritenuti dannosi o discutibili e di negare l&#039;accesso al sito web o chiudere gli account per qualsiasi motivo. <a href=\"https:\/\/www.recyclemachine.net\/it\/\">Rumtoo Machinery Co., LTD<\/a> non ha alcun obbligo di rimborsare eventuali pagamenti effettuati in precedenza in tali circostanze.<\/li>\n<li><strong>Responsabilit\u00e0 dei visitatori del sito web:<\/strong><strong><br \/>\n<\/strong><a href=\"https:\/\/www.recyclemachine.net\/it\/\">Rumtoo Machinery Co., LTD<\/a> non esamina tutti i materiali pubblicati sul sito Web e, pertanto, non pu\u00f2 essere ritenuto responsabile per il contenuto, l&#039;utilizzo o le conseguenze di tali materiali. Il funzionamento del sito Web non costituisce un&#039;approvazione da parte di <a href=\"https:\/\/www.recyclemachine.net\/it\/\">Rumtoo Machinery Co., LTD<\/a> di qualsiasi materiale pubblicato, n\u00e9 garantisce l&#039;accuratezza, l&#039;utilit\u00e0 o la sicurezza di tali materiali. \u00c8 tuo dovere prestare attenzione e proteggere i tuoi sistemi informatici da virus, worm, cavalli di Troia e altri elementi dannosi o distruttivi. Il Sito Web pu\u00f2 presentare contenuti che potrebbero essere ritenuti offensivi, indecenti o altrimenti discutibili, oltre a materiale che potrebbe contenere inesattezze tecniche, errori tipografici e altri errori. Inoltre, il Sito potrebbe includere contenuti che violano la privacy, i diritti di pubblicit\u00e0 o altri diritti di propriet\u00e0 di terzi, o contenuti regolati da termini e condizioni aggiuntivi, esplicitamente dichiarati o meno. <a href=\"https:\/\/www.recyclemachine.net\/it\/\">Rumtoo Machinery Co., LTD<\/a> declina espressamente qualsiasi responsabilit\u00e0 per danni derivanti dall&#039;utilizzo del Sito da parte dei visitatori o dal download dei contenuti ivi pubblicati.<strong><br \/>\n<\/strong><\/li>\n<li><strong>Contenuti pubblicati su altri siti Web:<br \/>\n<\/strong><a href=\"https:\/\/www.recyclemachine.net\/it\/\">Rumtoo Machinery Co., LTD<\/a> non ha esaminato tutto il materiale, compreso il software del computer, accessibile tramite siti Web e pagine Web collegati a o da Rumtoo Machinery Co., LTD, n\u00e9 ha il controllo su tali siti e pagine esterne. Pertanto, non pu\u00f2 assumersi la responsabilit\u00e0 per il loro contenuto o utilizzo. L&#039;atto di collegarsi a un sito Web o una pagina Web esterna non implica l&#039;approvazione di Rumtoo Machinery Co., LTD di quel sito o pagina. \u00c8 tua responsabilit\u00e0 prendere le precauzioni necessarie per salvaguardare te stesso e i tuoi sistemi informatici da virus, worm, cavalli di Troia e altri elementi dannosi o distruttivi. Rumtoo Machinery Co., LTD declina espressamente qualsiasi responsabilit\u00e0 per danni derivanti dal tuo impegno con siti Web e pagine Web non affiliati a Rumtoo Machinery Co., LTD.<strong><br \/>\n<\/strong><\/li>\n<li><strong>Violazione del copyright:<br \/>\n<\/strong><a href=\"https:\/\/www.recyclemachine.net\/it\/\">Rumtoo Machinery Co., LTD<\/a>, pur insistendo sul rispetto dei propri diritti di propriet\u00e0 intellettuale, rispetta allo stesso modo i diritti di propriet\u00e0 intellettuale degli altri. Se sospetti che qualsiasi materiale ospitato o collegato da <a href=\"https:\/\/www.recyclemachine.net\/it\/\">Rumtoo Machinery Co., LTD<\/a> viola il tuo diritto d&#039;autore, sei invitato a informarne Rumtoo Machinery Co., LTD. Rumtoo Machinery Co., LTD si impegna a rispondere tempestivamente a tali notifiche, anche, ove necessario o appropriato, rimuovendo il contenuto in violazione o disabilitando tutti i collegamenti al materiale in violazione. Nei casi in cui si scopre che un visitatore viola o viola ripetutamente i diritti d&#039;autore o altri diritti di propriet\u00e0 intellettuale di <a href=\"https:\/\/www.recyclemachine.net\/it\/\">Rumtoo Machinery Co., LTD<\/a> o terze parti, Rumtoo Machinery Co., LTD si riserva il diritto, a sua discrezione, di interrompere o negare l&#039;accesso e l&#039;utilizzo del sito Web. In caso di tale risoluzione, Rumtoo Machinery Co., LTD non ha l&#039;obbligo di emettere un rimborso per eventuali pagamenti precedentemente effettuati.<strong><br \/>\n<\/strong><\/li>\n<li><strong>Propriet\u00e0 intellettuale:<br \/>\n<\/strong>Il presente Contratto non garantisce alcun diritto sulla propriet\u00e0 intellettuale di Rumtoo Machinery Co., LTD o di terze parti. Tutti i diritti, titoli e interessi in tale propriet\u00e0 intellettuale rimarranno esclusivamente con <a href=\"https:\/\/www.recyclemachine.net\/it\/\">Rumtoo Machinery Co., LTD<\/a>. Il logo Rumtoo Machinery Co., LTD, insieme a tutti gli altri marchi commerciali, marchi di servizio, grafica e loghi utilizzati in associazione con Rumtoo Machinery Co., LTD o il sito Web, sono marchi commerciali o marchi registrati di <a href=\"https:\/\/www.recyclemachine.net\/it\/\">Rumtoo Machinery Co., LTD<\/a> o i suoi licenziatari. Marchi, marchi di servizio, grafica e loghi utilizzati sul Sito che appartengono a terzi rimangono di propriet\u00e0 dei rispettivi proprietari. L&#039;accesso al Sito Web non ti conferisce alcuna licenza o diritto d&#039;uso <a href=\"https:\/\/www.recyclemachine.net\/it\/\">Rumtoo Machinery Co., LTD<\/a> o marchi di terze parti senza esplicita autorizzazione.<strong><br \/>\n<\/strong><\/li>\n<li><strong>I cambiamenti:<br \/>\n<\/strong><a href=\"https:\/\/www.recyclemachine.net\/it\/\">Rumtoo Machinery Co., LTD<\/a> si riserva il diritto esclusivo di alterare o modificare qualsiasi parte del presente Contratto a sua discrezione. Spetta a te rivedere regolarmente il presente Contratto per eventuali modifiche. Il tuo impegno continuo o l&#039;accesso al sito Web dopo che sono stati apportati eventuali aggiornamenti al presente Contratto implica l&#039;accettazione di tali modifiche. Inoltre, Rumtoo Machinery Co., LTD potrebbe introdurre in futuro nuovi servizi e\/o funzionalit\u00e0 sul sito Web, inclusi nuovi strumenti e risorse. Anche queste nuove offerte aderiranno ai termini e alle condizioni stabiliti nel presente Contratto.<strong><br \/>\n<\/strong><\/li>\n<li><strong>Terminazione:<br \/>\n<\/strong><a href=\"https:\/\/www.recyclemachine.net\/it\/\">Rumtoo Machinery Co., LTD<\/a> si riserva il diritto di interrompere l&#039;accesso al Sito, in tutto o in parte, in qualsiasi momento e per qualsiasi motivo, con o senza preavviso, con effetto immediato. Se dovessi decidere di risolvere il presente Contratto o il tuo <a href=\"https:\/\/www.recyclemachine.net\/it\/\">Rumtoo Machinery Co., LTD<\/a> account (se ne hai uno), \u00e8 sufficiente interrompere l&#039;utilizzo del sito web. Tuttavia, per coloro che detengono un account Servizi VIP, la risoluzione entro <a href=\"https:\/\/www.recyclemachine.net\/it\/\">Rumtoo Machinery Co., LTD<\/a> \u00e8 subordinato a una violazione materiale del presente Contratto a cui non viene posto rimedio entro trenta (30) giorni dalla notifica di tale violazione da parte di Rumtoo Machinery Co., LTD. Nonostante, <a href=\"https:\/\/www.recyclemachine.net\/it\/\">Rumtoo Machinery Co., LTD<\/a> si riserva il diritto di chiudere immediatamente il Sito come parte di un&#039;interruzione generale del nostro servizio. Dopo la risoluzione, tutti gli elementi del presente Contratto che, per loro natura intrinseca, dovrebbero persistere, rimarranno in vigore, comprese, ma non limitate a, disposizioni relative alla propriet\u00e0, esclusioni di garanzia, indennizzo e limitazioni di responsabilit\u00e0.<strong><br \/>\n<\/strong><\/li>\n<li><strong>Esclusione di garanzie:<br \/>\n<\/strong>Il sito Web \u00e8 reso disponibile &quot;cos\u00ec com&#039;\u00e8&quot;. <a href=\"https:\/\/www.recyclemachine.net\/it\/\">Rumtoo Machinery Co., LTD<\/a>, insieme ai suoi fornitori e licenziatari, declina espressamente tutte le garanzie di qualsiasi tipo, esplicite o implicite, incluse, ma non limitate a, garanzie di commerciabilit\u00e0, idoneit\u00e0 per uno scopo particolare e non violazione. N\u00e9 Rumtoo Machinery Co., LTD n\u00e9 i suoi fornitori e licenziatari garantiscono che il sito Web sar\u00e0 esente da errori o che l&#039;accesso allo stesso sar\u00e0 continuo o senza interruzioni. \u00c8 importante comprendere che qualsiasi contenuto o servizio scaricato o ottenuto in altro modo tramite il sito Web viene acquisito a propria discrezione e a proprio rischio.<strong><br \/>\n<\/strong><\/li>\n<li><strong>Limitazione di responsabilit\u00e0:<br \/>\n<\/strong>In nessun caso lo far\u00e0 <a href=\"https:\/\/www.recyclemachine.net\/it\/\">Rumtoo Machinery Co., LTD<\/a>, o i suoi fornitori o licenziatari, saranno ritenuti responsabili per qualsiasi reclamo relativo al presente accordo, sia esso derivante da contratto, negligenza, responsabilit\u00e0 oggettiva o qualsiasi altra teoria legale o equitativa, incluso ma non limitato a: (i) qualsiasi speciale, incidentale, o danni consequenziali; (ii) il costo di approvvigionamento di prodotti o servizi sostitutivi; (iii) interruzione dell&#039;utilizzo o perdita o danneggiamento dei dati; o (iv) qualsiasi importo eccedente le tariffe pagate a Rumtoo Machinery Co., LTD ai sensi del presente accordo nei dodici (12) mesi precedenti la causa dell&#039;azione. Rumtoo Machinery Co., LTD non \u00e8 responsabile per eventuali guasti o ritardi nelle prestazioni causati da circostanze al di fuori del suo ragionevole controllo. Questa limitazione di responsabilit\u00e0 non si applica laddove sia vietata dalla legge applicabile.<strong><br \/>\n<\/strong><\/li>\n<li><strong>Rappresentanza generale e garanzia:<br \/>\n<\/strong>Dichiari e garantisci che: (i) il tuo impegno con il sito Web aderir\u00e0 rigorosamente al <a href=\"https:\/\/www.recyclemachine.net\/it\/\">Rumtoo Machinery Co., LTD<\/a> <a href=\"https:\/\/www.recyclemachine.net\/it\/politica-sulla-riservatezza\/\">Informativa sulla privacy<\/a>, il presente Contratto e tutte le leggi e i regolamenti pertinenti. Ci\u00f2 include, ma non \u00e8 limitato a, qualsiasi legge o regolamento locale nel tuo paese, stato, citt\u00e0 o altra giurisdizione governativa, riguardante il comportamento online e i contenuti accettabili, nonch\u00e9 tutte le leggi applicabili relative alla trasmissione di dati tecnici esportati dagli Stati Uniti Stati o il Paese in cui risiedi; e (ii) l&#039;utilizzo del Sito Web non violer\u00e0 n\u00e9 si approprier\u00e0 indebitamente dei diritti di propriet\u00e0 intellettuale di terzi.<strong><br \/>\n<\/strong><\/li>\n<li><strong>Indennizzo:<br \/>\n<\/strong>Ti impegni a indennizzare e difendere <a href=\"https:\/\/www.recyclemachine.net\/it\/\">Rumtoo Machinery Co., LTD<\/a>, i suoi appaltatori, licenziatari e i rispettivi direttori, funzionari, dipendenti e agenti contro qualsiasi reclamo e spesa, comprese le spese legali, derivanti dall&#039;utilizzo del sito Web. Ci\u00f2 include, ma non \u00e8 limitato a, qualsiasi reclamo derivante dalla violazione del presente Contratto.<strong><br \/>\n<\/strong><\/li>\n<li><strong>Varie:<br \/>\n<\/strong>Il presente Accordo rappresenta la completa intesa tra <a href=\"https:\/\/www.recyclemachine.net\/it\/\">Rumtoo Machinery Co., LTD<\/a> e te in merito all&#039;oggetto e pu\u00f2 essere modificato solo tramite un emendamento scritto firmato da un dirigente autorizzato di Rumtoo Machinery Co., LTD, o mediante la pubblicazione di una versione rivista da Rumtoo Machinery Co., LTD. Salvo quanto diversamente previsto dalla legge applicabile, il presente Contratto, nonch\u00e9 qualsiasi accesso o utilizzo del Sito Web, sar\u00e0 regolato dalle leggi degli Stati Uniti d&#039;America, del Regno Unito, dal diritto europeo e dal diritto internazionale.<strong><br \/>\n<\/strong><\/li>\n<\/ol>","protected":false},"excerpt":{"rendered":"<p>Il presente documento stabilisce i termini e le condizioni che regolano l&#039;utilizzo di questo sito web, inclusi tutti i contenuti, i servizi e i prodotti disponibili al suo interno. Il sito web \u00e8 di propriet\u00e0 e gestito da Rumtoo Machinery Co., LTD. L&#039;utilizzo del sito web \u00e8 subordinato all&#039;accettazione, senza alcuna modifica, di tutti i presenti termini e condizioni, nonch\u00e9... <a href=\"https:\/\/www.recyclemachine.net\/it\/termini-condizioni\/\" class=\"more-link\">Continua a leggere <span class=\"screen-reader-text\">Termini e condizioni<\/span><\/a><\/p>","protected":false},"author":1,"featured_media":0,"parent":0,"menu_order":0,"comment_status":"closed","ping_status":"open","template":"","meta":{"footnotes":""},"class_list":["post-8324","page","type-page","status-publish","hentry"],"tsf_seo":{"title":"Termini e condizioni - Rumtoo Machinery","description":"Questo documento stabilisce i termini e le condizioni che regolano l&#039;utilizzo di questo sito Web, inclusi tutti i contenuti, i servizi e i prodotti disponibili al suo interno.","robots":"index, follow","canonical":"https:\/\/www.recyclemachine.net\/it\/termini-condizioni\/","og_title":"Terms &#038; Conditions &#x2d; Rumtoo Machinery","og_description":"This document sets forth the terms and conditions that govern your use of this website, including all content, services, and products available within it.","og_image":""},"_links":{"self":[{"href":"https:\/\/www.recyclemachine.net\/it\/wp-json\/wp\/v2\/pages\/8324","targetHints":{"allow":["GET"]}}],"collection":[{"href":"https:\/\/www.recyclemachine.net\/it\/wp-json\/wp\/v2\/pages"}],"about":[{"href":"https:\/\/www.recyclemachine.net\/it\/wp-json\/wp\/v2\/types\/page"}],"author":[{"embeddable":true,"href":"https:\/\/www.recyclemachine.net\/it\/wp-json\/wp\/v2\/users\/1"}],"replies":[{"embeddable":true,"href":"https:\/\/www.recyclemachine.net\/it\/wp-json\/wp\/v2\/comments?post=8324"}],"version-history":[{"count":0,"href":"https:\/\/www.recyclemachine.net\/it\/wp-json\/wp\/v2\/pages\/8324\/revisions"}],"wp:attachment":[{"href":"https:\/\/www.recyclemachine.net\/it\/wp-json\/wp\/v2\/media?parent=8324"}],"curies":[{"name":"wp","href":"https:\/\/api.w.org\/{rel}","templated":true}]}}