{"id":9422,"date":"2024-08-16T19:49:26","date_gmt":"2024-08-17T02:49:26","guid":{"rendered":"https:\/\/www.recyclemachine.net\/?page_id=9422"},"modified":"2024-08-16T19:49:27","modified_gmt":"2024-08-17T02:49:27","slug":"presentation-de-lequipement-separateur","status":"publish","type":"page","link":"https:\/\/www.recyclemachine.net\/fr\/presentation-de-lequipement-separateur\/","title":{"rendered":"Pr\u00e9sentation de l&#039;\u00e9quipement de s\u00e9paration"},"content":{"rendered":"<h3 class=\"wp-block-heading\">Pr\u00e9sentation de l&#039;\u00e9quipement de s\u00e9paration<\/h3>\n\n\n\n<p><strong>Equipement de s\u00e9paration<\/strong> est essentiel dans diverses industries, notamment dans le recyclage et la gestion des d\u00e9chets, o\u00f9 il joue un r\u00f4le essentiel dans le tri et la s\u00e9paration des mat\u00e9riaux en fonction de leurs propri\u00e9t\u00e9s physiques telles que la densit\u00e9, le magn\u00e9tisme et la taille des particules. Cet \u00e9quipement est con\u00e7u pour am\u00e9liorer l&#039;efficacit\u00e9 et l&#039;efficience des op\u00e9rations de traitement, en garantissant que les diff\u00e9rents mat\u00e9riaux sont correctement tri\u00e9s pour un traitement ou une \u00e9limination ult\u00e9rieurs.<\/p>\n\n\n\n<h4 class=\"wp-block-heading\">Types d&#039;\u00e9quipements de s\u00e9paration :<\/h4>\n\n\n\n<ol class=\"wp-block-list\">\n<li><strong>S\u00e9parateurs magn\u00e9tiques<\/strong>:<\/li>\n<\/ol>\n\n\n\n<ul class=\"wp-block-list\">\n<li>Utilis\u00e9 pour \u00e9liminer les m\u00e9taux ferreux des flux de d\u00e9chets.<\/li>\n\n\n\n<li>Id\u00e9al pour les installations de recyclage pour s\u00e9parer le fer et l\u2019acier des autres mat\u00e9riaux.<\/li>\n<\/ul>\n\n\n\n<ol class=\"wp-block-list\">\n<li><strong>S\u00e9parateurs \u00e0 courants de Foucault<\/strong>:<\/li>\n<\/ol>\n\n\n\n<ul class=\"wp-block-list\">\n<li>Utilis\u00e9 pour s\u00e9parer les m\u00e9taux non ferreux comme l&#039;aluminium et le cuivre des autres d\u00e9chets.<\/li>\n\n\n\n<li>Fonctionne en induisant un courant \u00e9lectrique qui repousse les m\u00e9taux du flux de d\u00e9chets.<\/li>\n<\/ul>\n\n\n\n<ol class=\"wp-block-list\">\n<li><strong><a href=\"https:\/\/www.recyclemachine.net\/fr\/tri-de-precision-du-classificateur-dair-en-zigzag-a-son-meilleur\/html\/\" data-type=\"post\" data-id=\"7675\">Classeurs \u00e0 air<\/a><\/strong>:<\/li>\n<\/ol>\n\n\n\n<ul class=\"wp-block-list\">\n<li>S\u00e9pare les mat\u00e9riaux en fonction de la densit\u00e9 \u00e0 l&#039;aide du flux d&#039;air.<\/li>\n\n\n\n<li>Couramment utilis\u00e9 pour trier les mat\u00e9riaux plus l\u00e9gers comme le plastique des mat\u00e9riaux plus lourds comme le verre ou le m\u00e9tal.<\/li>\n<\/ul>\n\n\n\n<ol class=\"wp-block-list\">\n<li><strong>R\u00e9servoirs de s\u00e9paration \u00e9vier\/flotteur<\/strong>:<\/li>\n<\/ol>\n\n\n\n<ul class=\"wp-block-list\">\n<li>Sp\u00e9cialement con\u00e7u pour le recyclage du plastique.<\/li>\n\n\n\n<li>Fonctionne en immergeant les mat\u00e9riaux dans l\u2019eau, o\u00f9 les contaminants plus lourds coulent et les plastiques plus l\u00e9gers flottent pour une s\u00e9paration facile.<\/li>\n<\/ul>\n\n\n\n<ol class=\"wp-block-list\">\n<li><strong><a href=\"https:\/\/www.recyclemachine.net\/fr\/machine-de-retrait-detiquettes-de-bouteilles-en-plastique\/html\/\" data-type=\"post\" data-id=\"7670\">D\u00e9capants d&#039;\u00e9tiquettes<\/a><\/strong>:<\/li>\n<\/ol>\n\n\n\n<ul class=\"wp-block-list\">\n<li>Indispensables au recyclage des bouteilles en plastique, ces machines enl\u00e8vent les \u00e9tiquettes et la colle, garantissant ainsi la puret\u00e9 de la mati\u00e8re recycl\u00e9e.<\/li>\n<\/ul>\n\n\n\n<ol class=\"wp-block-list\">\n<li><strong>D\u00e9balleurs<\/strong>:<\/li>\n<\/ol>\n\n\n\n<ul class=\"wp-block-list\">\n<li>Utilis\u00e9 pour d\u00e9composer les balles de mat\u00e9riaux recyclables, les pr\u00e9parant pour un traitement ult\u00e9rieur.<\/li>\n<\/ul>\n\n\n\n<h3 class=\"wp-block-heading\">Applications et avantages :<\/h3>\n\n\n\n<ul class=\"wp-block-list\">\n<li><strong>Industrie du recyclage<\/strong>:L&#039;\u00e9quipement de s\u00e9paration est essentiel pour le traitement des bouteilles en PET, des d\u00e9chets \u00e9lectroniques et d&#039;autres mat\u00e9riaux recyclables. Il garantit que les mat\u00e9riaux sont s\u00e9par\u00e9s proprement pour un recyclage efficace.<\/li>\n\n\n\n<li><strong>La gestion des d\u00e9chets<\/strong>:Dans les flux de d\u00e9chets municipaux et industriels, les s\u00e9parateurs aident \u00e0 la r\u00e9cup\u00e9ration de mat\u00e9riaux pr\u00e9cieux, r\u00e9duisant ainsi les d\u00e9chets mis en d\u00e9charge et soutenant la durabilit\u00e9 environnementale.<\/li>\n\n\n\n<li><strong>R\u00e9cup\u00e9ration de mat\u00e9riaux<\/strong>:Ces machines permettent de r\u00e9cup\u00e9rer des mat\u00e9riaux pouvant \u00eatre r\u00e9utilis\u00e9s, r\u00e9duisant ainsi le besoin de ressources vierges et minimisant l\u2019impact environnemental.<\/li>\n<\/ul>\n\n\n\n<h3 class=\"wp-block-heading\">Personnalisation et int\u00e9gration :<\/h3>\n\n\n\n<p>Les \u00e9quipements de s\u00e9paration modernes peuvent \u00eatre personnalis\u00e9s pour r\u00e9pondre aux besoins sp\u00e9cifiques de diff\u00e9rentes industries. Ces syst\u00e8mes sont souvent int\u00e9gr\u00e9s \u00e0 d&#039;autres \u00e9quipements de traitement pour cr\u00e9er une op\u00e9ration transparente qui maximise l&#039;efficacit\u00e9 et le rendement. Les contr\u00f4les automatis\u00e9s et la surveillance en temps r\u00e9el sont des fonctionnalit\u00e9s courantes qui aident \u00e0 r\u00e9duire les co\u00fbts de main-d&#039;\u0153uvre et \u00e0 am\u00e9liorer la pr\u00e9cision des processus de s\u00e9paration.<\/p>","protected":false},"excerpt":{"rendered":"<p>Aper\u00e7u de l'\u00e9quipement de s\u00e9paration <a href=\"https:\/\/www.recyclemachine.net\/fr\/presentation-de-lequipement-separateur\/\" class=\"more-link\">continuer la lecture <span class=\"screen-reader-text\">Pr\u00e9sentation de l&#039;\u00e9quipement de s\u00e9paration<\/span><\/a><\/p>","protected":false},"author":1,"featured_media":9425,"parent":0,"menu_order":0,"comment_status":"closed","ping_status":"closed","template":"","meta":{"footnotes":""},"class_list":["post-9422","page","type-page","status-publish","has-post-thumbnail","hentry"],"tsf_title":"Separator Equipment Overview &#x2d; Premium Plastic Recycling Machines","tsf_description":"Discover advanced separator equipment for recycling and waste management. Improve sorting, increase efficiency, and support sustainability with custom solutions.","_links":{"self":[{"href":"https:\/\/www.recyclemachine.net\/fr\/wp-json\/wp\/v2\/pages\/9422","targetHints":{"allow":["GET"]}}],"collection":[{"href":"https:\/\/www.recyclemachine.net\/fr\/wp-json\/wp\/v2\/pages"}],"about":[{"href":"https:\/\/www.recyclemachine.net\/fr\/wp-json\/wp\/v2\/types\/page"}],"author":[{"embeddable":true,"href":"https:\/\/www.recyclemachine.net\/fr\/wp-json\/wp\/v2\/users\/1"}],"replies":[{"embeddable":true,"href":"https:\/\/www.recyclemachine.net\/fr\/wp-json\/wp\/v2\/comments?post=9422"}],"version-history":[{"count":0,"href":"https:\/\/www.recyclemachine.net\/fr\/wp-json\/wp\/v2\/pages\/9422\/revisions"}],"wp:featuredmedia":[{"embeddable":true,"href":"https:\/\/www.recyclemachine.net\/fr\/wp-json\/wp\/v2\/media\/9425"}],"wp:attachment":[{"href":"https:\/\/www.recyclemachine.net\/fr\/wp-json\/wp\/v2\/media?parent=9422"}],"curies":[{"name":"wp","href":"https:\/\/api.w.org\/{rel}","templated":true}]}}