{"id":8324,"date":"2024-03-15T04:26:09","date_gmt":"2024-03-15T11:26:09","guid":{"rendered":"https:\/\/recyclemachine.net\/?page_id=8324"},"modified":"2024-03-15T04:26:09","modified_gmt":"2024-03-15T11:26:09","slug":"conditions-generales","status":"publish","type":"page","link":"https:\/\/www.recyclemachine.net\/fr\/conditions-generales\/","title":{"rendered":"Conditions g\u00e9n\u00e9rales d'utilisation"},"content":{"rendered":"<p>Le pr\u00e9sent document \u00e9nonce les termes et conditions qui r\u00e9gissent l'utilisation de ce site web, y compris l'ensemble du contenu, des services et des produits qui y sont disponibles. Le site web est d\u00e9tenu et exploit\u00e9 par <a href=\"https:\/\/www.recyclemachine.net\/fr\/\">Rumtoo Machinery Co. LTD<\/a>. Votre utilisation du site Web est subordonn\u00e9e \u00e0 votre acceptation, sans modification, de tous ces termes et conditions, ainsi que de toutes les autres r\u00e8gles de fonctionnement, politiques (y compris, mais sans s'y limiter, les conditions d'utilisation de Rumtoo Machinery Co, LTD). <a href=\"https:\/\/www.recyclemachine.net\/fr\/politique-de-confidentialite\/\">Politique de confidentialit\u00e9<\/a>), et les proc\u00e9dures que Rumtoo Machinery Co., LTD peut publier sur ce site de temps \u00e0 autre (collectivement d\u00e9nomm\u00e9s \"l'accord\").<\/p>\n<p>Il vous est conseill\u00e9 de lire attentivement le pr\u00e9sent accord avant d'acc\u00e9der au site web ou de l'utiliser. En vous engageant dans une section quelconque du site web, vous acceptez d'\u00eatre li\u00e9 par le pr\u00e9sent accord. Si vous n'\u00eates pas d'accord avec une partie de ces conditions, vous devez vous abstenir d'acc\u00e9der au site web ou d'utiliser les services offerts par son interm\u00e9diaire. Le pr\u00e9sent accord repr\u00e9sente une offre de la part de <a href=\"https:\/\/www.recyclemachine.net\/fr\/\" target=\"_new\" rel=\"noopener\">Rumtoo Machinery Co. LTD<\/a>L'acceptation est strictement limit\u00e9e \u00e0 ces conditions. L'acc\u00e8s au site web est exclusivement r\u00e9serv\u00e9 aux personnes \u00e2g\u00e9es d'au moins 13 ans.<\/p>\n<ol>\n<li><strong>Votre compte et le site\uff1a<br \/>\n<\/strong>Gestion du compte et du site. Si vous cr\u00e9ez un compte sur le site web, vous \u00eates responsable de la protection de votre compte et de son contenu, et vous assumez l'enti\u00e8re responsabilit\u00e9 de toutes les activit\u00e9s qui se d\u00e9roulent sous votre compte et de toutes les actions qui y sont associ\u00e9es sur le site web. Il est imp\u00e9ratif que vous ne fassiez pas de fausses d\u00e9clarations et que vous n'attribuiez pas ill\u00e9galement du contenu \u00e0 votre compte, en particulier d'une mani\u00e8re qui pourrait exploiter le nom ou la r\u00e9putation d'autrui. <a href=\"https:\/\/www.recyclemachine.net\/fr\/\">Rumtoo Machinery Co. LTD<\/a> se r\u00e9serve le droit de modifier ou de supprimer tout descripteur de contenu ou mot-cl\u00e9 jug\u00e9 inappropri\u00e9, ill\u00e9gal ou potentiellement susceptible de causer des probl\u00e8mes juridiques \u00e0 Rumtoo Machinery Co. En cas d'acc\u00e8s non autoris\u00e9 \u00e0 votre compte ou de violation de la s\u00e9curit\u00e9, il est de votre responsabilit\u00e9 d'informer rapidement Rumtoo Machinery Co, LTD. <a href=\"https:\/\/www.recyclemachine.net\/fr\/\">Rumtoo Machinery Co. LTD<\/a> d\u00e9cline toute responsabilit\u00e9 pour vos actions ou omissions, y compris tout dommage r\u00e9sultant de tels incidents.<\/li>\n<li><strong><strong>Responsabilit\u00e9 des contributeurs\uff1a<\/strong><\/strong><strong><strong><br \/>\n<\/strong><\/strong>Responsabilit\u00e9 et droits en mati\u00e8re de contenu. Lorsque vous g\u00e9rez un compte, faites des commentaires, publiez des documents, partagez des liens ou contribuez d'une autre mani\u00e8re au contenu du site web, vous assumez l'enti\u00e8re responsabilit\u00e9 de la nature et des cons\u00e9quences de ce contenu, qu'il s'agisse de textes, de graphiques ou d'autres formats. En partageant du contenu, vous affirmez et garantissez que :<\/p>\n<ul>\n<li>Votre utilisation du contenu ne viole pas les droits de propri\u00e9t\u00e9, tels que les droits d'auteur, les brevets, les marques ou les secrets commerciaux, d'un tiers.<\/li>\n<li>Si votre employeur d\u00e9tient des droits sur la propri\u00e9t\u00e9 intellectuelle que vous cr\u00e9ez, vous avez obtenu soit l'autorisation de partager le contenu, soit une renonciation aux droits de la part de votre employeur.<\/li>\n<li>Vous avez respect\u00e9 toutes les licences de tiers li\u00e9es au contenu, en veillant \u00e0 ce que toutes les conditions n\u00e9cessaires soient transmises aux utilisateurs finaux.<\/li>\n<li>Le contenu est exempt de virus, de logiciels malveillants ou d'autres \u00e9l\u00e9ments malveillants ou destructeurs.<\/li>\n<li>Le contenu n'est pas du spam, n'est pas g\u00e9n\u00e9r\u00e9 par automatisation ou de mani\u00e8re al\u00e9atoire, et n'inclut pas de messages commerciaux contraires \u00e0 l'\u00e9thique ou non d\u00e9sir\u00e9s, con\u00e7us pour g\u00e9n\u00e9rer du trafic vers des sites tiers, am\u00e9liorer le classement des sites tiers dans les moteurs de recherche, soutenir des actes ill\u00e9gaux (tels que l'hame\u00e7onnage) ou tromper les destinataires quant \u00e0 la source (tels que l'usurpation d'identit\u00e9).<\/li>\n<li>Le contenu n'est pas obsc\u00e8ne, calomnieux, diffamatoire, haineux, racialement ou ethniquement offensant, et ne porte pas atteinte \u00e0 la vie priv\u00e9e ou aux droits de publicit\u00e9 d'un tiers.<\/li>\n<li>Vous ne faites pas la promotion de votre compte au moyen de messages \u00e9lectroniques non sollicit\u00e9s ou de toute autre technique de spamming.<\/li>\n<li>Le nom de votre compte ne doit pas faire croire aux lecteurs que vous \u00eates quelqu'un d'autre ou que vous repr\u00e9sentez une autre organisation.<\/li>\n<li>Dans le cas d'un contenu comprenant un code informatique, vous avez cat\u00e9goris\u00e9 ou d\u00e9crit avec pr\u00e9cision son type, sa nature, son utilisation et ses effets, m\u00eame si cela est explicitement demand\u00e9.<\/li>\n<\/ul>\n<p><a href=\"https:\/\/www.recyclemachine.net\/fr\/\">Rumtoo Machinery Co. LTD<\/a> se r\u00e9serve le droit de supprimer tout contenu ou de restreindre l'acc\u00e8s au service pour quelque raison que ce soit, et d'utiliser ou de distribuer votre travail sur ses sites web ou ses plateformes affili\u00e9es. Toutes les \u0153uvres t\u00e9l\u00e9charg\u00e9es restent prot\u00e9g\u00e9es par les droits d'auteur de leurs propri\u00e9taires respectifs. <a href=\"https:\/\/www.recyclemachine.net\/fr\/\">Rumtoo Machinery Co. LTD<\/a> fera des efforts raisonnables pour supprimer le contenu sur demande, mais la mise en cache ou les r\u00e9f\u00e9rences peuvent ne pas \u00eatre imm\u00e9diatement effac\u00e9es.<\/p>\n<p><a href=\"https:\/\/www.recyclemachine.net\/fr\/\">Rumtoo Machinery Co. LTD<\/a> se r\u00e9serve le droit de refuser, de supprimer ou d'\u00e9diter le contenu qui enfreint ses politiques ou qui est jug\u00e9 nuisible ou r\u00e9pr\u00e9hensible, et de refuser l'acc\u00e8s au site web ou de r\u00e9silier des comptes pour quelque raison que ce soit. <a href=\"https:\/\/www.recyclemachine.net\/fr\/\">Rumtoo Machinery Co. LTD<\/a> n'est pas tenu de rembourser les paiements effectu\u00e9s ant\u00e9rieurement dans de telles circonstances.<\/li>\n<li><strong>Responsabilit\u00e9 des visiteurs du site web\uff1a<\/strong><strong><br \/>\n<\/strong><a href=\"https:\/\/www.recyclemachine.net\/fr\/\">Rumtoo Machinery Co. LTD<\/a> n'examine pas tous les documents publi\u00e9s sur le site web et ne peut donc \u00eatre tenu responsable du contenu, de l'utilisation ou des cons\u00e9quences de ces documents. L'exploitation du site web ne constitue pas une approbation de la part de <a href=\"https:\/\/www.recyclemachine.net\/fr\/\">Rumtoo Machinery Co. LTD<\/a> Il ne garantit pas non plus l'exactitude, l'utilit\u00e9 ou la s\u00e9curit\u00e9 de ce mat\u00e9riel. Il vous incombe de faire preuve de prudence et de prot\u00e9ger vos syst\u00e8mes informatiques contre les virus, les vers, les chevaux de Troie et autres \u00e9l\u00e9ments nuisibles ou destructeurs. Le site web peut pr\u00e9senter un contenu qui pourrait \u00eatre consid\u00e9r\u00e9 comme offensant, ind\u00e9cent ou autrement r\u00e9pr\u00e9hensible, ainsi que du mat\u00e9riel pouvant contenir des inexactitudes techniques, des erreurs typographiques et d'autres erreurs. En outre, le site web peut inclure un contenu qui porte atteinte \u00e0 la vie priv\u00e9e, aux droits de publicit\u00e9 ou \u00e0 d'autres droits de propri\u00e9t\u00e9 de tiers, ou un contenu qui est r\u00e9gi par des conditions g\u00e9n\u00e9rales suppl\u00e9mentaires, qu'elles soient explicitement mentionn\u00e9es ou non. <a href=\"https:\/\/www.recyclemachine.net\/fr\/\">Rumtoo Machinery Co. LTD<\/a> d\u00e9cline express\u00e9ment toute responsabilit\u00e9 en cas de pr\u00e9judice r\u00e9sultant de l'utilisation du site web par les visiteurs ou du t\u00e9l\u00e9chargement du contenu qui y est publi\u00e9.<strong><br \/>\n<\/strong><\/li>\n<li><strong>Contenu affich\u00e9 sur d'autres sites web\uff1a<br \/>\n<\/strong><a href=\"https:\/\/www.recyclemachine.net\/fr\/\">Rumtoo Machinery Co. LTD<\/a> n'a pas examin\u00e9 l'ensemble du mat\u00e9riel, y compris les logiciels, accessible sur les sites et pages web li\u00e9s \u00e0 ou depuis Rumtoo Machinery Co., LTD, et n'a pas non plus le contr\u00f4le de ces sites et pages externes. Elle n'a pas non plus le contr\u00f4le de ces sites et pages externes et ne peut donc pas assumer la responsabilit\u00e9 de leur contenu ou de leur utilisation. L'\u00e9tablissement d'un lien vers un site ou une page web externe ne signifie pas que Rumtoo Machinery Co, LTD approuve ce site ou cette page. Il vous incombe de prendre les pr\u00e9cautions n\u00e9cessaires pour vous prot\u00e9ger et prot\u00e9ger vos syst\u00e8mes informatiques contre les virus, les vers, les chevaux de Troie et autres \u00e9l\u00e9ments nuisibles ou destructeurs. Rumtoo Machinery Co. d\u00e9cline express\u00e9ment toute responsabilit\u00e9 pour les dommages r\u00e9sultant de votre engagement sur des sites web et des pages web non affili\u00e9s \u00e0 Rumtoo Machinery Co.<strong><br \/>\n<\/strong><\/li>\n<li><strong>Violation des droits d'auteur\uff1a<br \/>\n<\/strong><a href=\"https:\/\/www.recyclemachine.net\/fr\/\">Rumtoo Machinery Co. LTD<\/a>tout en insistant sur le respect de ses propres droits de propri\u00e9t\u00e9 intellectuelle, respecte \u00e9galement les droits de propri\u00e9t\u00e9 intellectuelle d'autrui. Si vous soup\u00e7onnez qu'un mat\u00e9riel h\u00e9berg\u00e9 sur le site ou li\u00e9 \u00e0 celui-ci par l'interm\u00e9diaire de <a href=\"https:\/\/www.recyclemachine.net\/fr\/\">Rumtoo Machinery Co. LTD<\/a> enfreint vos droits d'auteur, vous \u00eates pri\u00e9 d'en informer Rumtoo Machinery Co, LTD. Rumtoo Machinery Co., LTD s'engage \u00e0 traiter ces notifications rapidement, y compris, si n\u00e9cessaire ou appropri\u00e9, en supprimant le contenu en infraction ou en d\u00e9sactivant tous les liens vers le mat\u00e9riel en infraction. Dans les cas o\u00f9 il s'av\u00e8re qu'un visiteur enfreint ou enfreint de mani\u00e8re r\u00e9p\u00e9t\u00e9e les droits d'auteur ou autres droits de propri\u00e9t\u00e9 intellectuelle de <a href=\"https:\/\/www.recyclemachine.net\/fr\/\">Rumtoo Machinery Co. LTD<\/a> ou des tiers, Rumtoo Machinery Co., LTD se r\u00e9serve le droit, \u00e0 sa discr\u00e9tion, de r\u00e9silier ou de refuser l'acc\u00e8s et l'utilisation du site web. En cas de r\u00e9siliation, Rumtoo Machinery Co., LTD n'a aucune obligation de rembourser les paiements effectu\u00e9s pr\u00e9c\u00e9demment.<strong><br \/>\n<\/strong><\/li>\n<li><strong>Propri\u00e9t\u00e9 intellectuelle\uff1a<br \/>\n<\/strong>Le pr\u00e9sent accord ne vous conf\u00e8re aucun droit sur la propri\u00e9t\u00e9 intellectuelle de Rumtoo Machinery Co. LTD ou d'un tiers. Tous les droits, titres et int\u00e9r\u00eats relatifs \u00e0 cette propri\u00e9t\u00e9 intellectuelle resteront exclusivement la propri\u00e9t\u00e9 de <a href=\"https:\/\/www.recyclemachine.net\/fr\/\">Rumtoo Machinery Co. LTD<\/a>. Le logo de Rumtoo Machinery Co., LTD, ainsi que toutes les autres marques commerciales, marques de service, graphiques et logos utilis\u00e9s en association avec Rumtoo Machinery Co., LTD ou le site Web, sont des marques commerciales ou des marques d\u00e9pos\u00e9es de Rumtoo Machinery Co. <a href=\"https:\/\/www.recyclemachine.net\/fr\/\">Rumtoo Machinery Co. LTD<\/a> ou ses conc\u00e9dants de licence. Les marques commerciales, les marques de service, les graphiques et les logos utilis\u00e9s sur le site web qui appartiennent \u00e0 des tiers restent la propri\u00e9t\u00e9 de leurs propri\u00e9taires respectifs. Votre acc\u00e8s au site web ne vous conf\u00e8re aucune licence ni aucun droit d'utilisation des marques de commerce, des marques de service, des graphiques et des logos utilis\u00e9s sur le site web qui appartiennent \u00e0 des tiers. <a href=\"https:\/\/www.recyclemachine.net\/fr\/\">Rumtoo Machinery Co. LTD<\/a> ou des marques de tiers sans autorisation explicite.<strong><br \/>\n<\/strong><\/li>\n<li><strong>Changements\uff1a<br \/>\n<\/strong><a href=\"https:\/\/www.recyclemachine.net\/fr\/\">Rumtoo Machinery Co. LTD<\/a> se r\u00e9serve le droit exclusif de modifier ou d'amender toute partie du pr\u00e9sent accord \u00e0 sa discr\u00e9tion. Il vous incombe de v\u00e9rifier r\u00e9guli\u00e8rement si des modifications ont \u00e9t\u00e9 apport\u00e9es au pr\u00e9sent accord. En continuant \u00e0 utiliser le site web ou en y acc\u00e9dant apr\u00e8s toute mise \u00e0 jour du pr\u00e9sent accord, vous acceptez ces modifications. En outre, Rumtoo Machinery Co. LTD peut introduire de nouveaux services et\/ou de nouvelles fonctionnalit\u00e9s sur le site web \u00e0 l'avenir, y compris de nouveaux outils et de nouvelles ressources. Ces nouvelles offres adh\u00e9reront \u00e9galement aux termes et conditions \u00e9nonc\u00e9s dans le pr\u00e9sent accord.<strong><br \/>\n<\/strong><\/li>\n<li><strong>Terminaison\uff1a<br \/>\n<\/strong><a href=\"https:\/\/www.recyclemachine.net\/fr\/\">Rumtoo Machinery Co. LTD<\/a> se r\u00e9serve le droit de mettre fin \u00e0 votre acc\u00e8s au site web, en tout ou en partie, \u00e0 tout moment et pour quelque raison que ce soit, avec ou sans pr\u00e9avis, avec effet imm\u00e9diat. Si vous d\u00e9cidez de mettre fin au pr\u00e9sent accord ou \u00e0 votre acc\u00e8s au site web, vous pouvez r\u00e9silier votre acc\u00e8s au site web. <a href=\"https:\/\/www.recyclemachine.net\/fr\/\">Rumtoo Machinery Co. LTD<\/a> (si vous en avez un), il suffit de cesser d'utiliser le site Web. Toutefois, pour les d\u00e9tenteurs d'un compte VIP Services, la r\u00e9siliation par <a href=\"https:\/\/www.recyclemachine.net\/fr\/\">Rumtoo Machinery Co. LTD<\/a> est subordonn\u00e9e \u00e0 une violation substantielle du pr\u00e9sent accord \u00e0 laquelle il n'est pas rem\u00e9di\u00e9 dans les trente (30) jours suivant la notification de cette violation par Rumtoo Machinery Co, LTD. Nonobstant, <a href=\"https:\/\/www.recyclemachine.net\/fr\/\">Rumtoo Machinery Co. LTD<\/a> se r\u00e9serve le droit de mettre imm\u00e9diatement fin au site web dans le cadre d'une interruption g\u00e9n\u00e9rale de nos services. Apr\u00e8s la r\u00e9siliation, tous les \u00e9l\u00e9ments du pr\u00e9sent accord qui, de par leur nature, devraient subsister, resteront en vigueur, y compris, mais sans s'y limiter, les dispositions relatives \u00e0 la propri\u00e9t\u00e9, aux exclusions de garantie, \u00e0 l'indemnisation et aux limitations de responsabilit\u00e9.<strong><br \/>\n<\/strong><\/li>\n<li><strong>Exclusion de garantie\uff1a<br \/>\n<\/strong>Le site web est mis \u00e0 votre disposition \"en l'\u00e9tat\". <a href=\"https:\/\/www.recyclemachine.net\/fr\/\">Rumtoo Machinery Co. LTD<\/a>LTD, ainsi que ses fournisseurs et conc\u00e9dants de licence, d\u00e9clinent express\u00e9ment toute garantie de quelque nature que ce soit, expresse ou implicite, y compris, mais sans s'y limiter, les garanties de qualit\u00e9 marchande, d'ad\u00e9quation \u00e0 un usage particulier et d'absence de contrefa\u00e7on. Ni Rumtoo Machinery Co., LTD ni ses fournisseurs et conc\u00e9dants de licence ne garantissent que le site web sera exempt d'erreurs ou que l'acc\u00e8s \u00e0 celui-ci sera continu ou sans interruption. Il est important de comprendre que tout contenu ou service que vous t\u00e9l\u00e9chargez \u00e0 partir du site web ou que vous obtenez de toute autre mani\u00e8re par le biais du site web est acquis \u00e0 votre propre discr\u00e9tion et \u00e0 vos propres risques.<strong><br \/>\n<\/strong><\/li>\n<li><strong>Limitation de la responsabilit\u00e9\uff1a<br \/>\n<\/strong>En aucun cas, les <a href=\"https:\/\/www.recyclemachine.net\/fr\/\">Rumtoo Machinery Co. LTD<\/a>ou ses fournisseurs ou conc\u00e9dants de licence, soient tenus responsables de toute r\u00e9clamation li\u00e9e \u00e0 cet accord, qu'elle d\u00e9coule d'un contrat, d'une n\u00e9gligence, d'une responsabilit\u00e9 stricte ou de toute autre th\u00e9orie juridique ou \u00e9quitable, y compris, mais sans s'y limiter, les \u00e9l\u00e9ments suivants : (i) tout dommage sp\u00e9cial, accessoire ou cons\u00e9cutif ; (ii) le co\u00fbt de l'approvisionnement en produits ou services de substitution ; (iii) l'interruption de l'utilisation ou la perte ou la corruption de donn\u00e9es ; ou (iv) tout montant d\u00e9passant les frais que vous avez pay\u00e9s \u00e0 Rumtoo Machinery Co., LTD en vertu de cet accord dans les douze (12) mois pr\u00e9c\u00e9dant la cause de l'action. Rumtoo Machinery Co., LTD n'est pas responsable des d\u00e9faillances ou des retards d'ex\u00e9cution dus \u00e0 des circonstances \u00e9chappant \u00e0 son contr\u00f4le raisonnable. Cette limitation de responsabilit\u00e9 ne s'applique pas dans les cas o\u00f9 elle est interdite par la loi applicable.<strong><br \/>\n<\/strong><\/li>\n<li><strong>D\u00e9claration et garantie g\u00e9n\u00e9rales\uff1a<br \/>\n<\/strong>Vous affirmez et garantissez que (i) votre engagement sur le site Web respectera strictement les conditions d'utilisation du site Web. <a href=\"https:\/\/www.recyclemachine.net\/fr\/\">Rumtoo Machinery Co. LTD<\/a> <a href=\"https:\/\/www.recyclemachine.net\/fr\/politique-de-confidentialite\/\">Politique de confidentialit\u00e9<\/a>Les utilisateurs sont tenus de respecter les dispositions de la pr\u00e9sente convention, ainsi que toutes les lois et r\u00e9glementations applicables. Cela inclut, sans s'y limiter, toute loi ou r\u00e9glementation locale dans votre pays, \u00e9tat, ville ou autre juridiction gouvernementale, concernant le comportement en ligne et le contenu acceptable, ainsi que toutes les lois applicables concernant la transmission de donn\u00e9es techniques export\u00e9es des \u00c9tats-Unis ou du pays o\u00f9 vous r\u00e9sidez ; et (ii) votre utilisation du site web n'enfreindra ni ne d\u00e9tournera les droits de propri\u00e9t\u00e9 intellectuelle d'aucune tierce partie.<strong><br \/>\n<\/strong><\/li>\n<li><strong>Indemnisation\uff1a<br \/>\n<\/strong>Vous vous engagez \u00e0 indemniser et \u00e0 d\u00e9fendre <a href=\"https:\/\/www.recyclemachine.net\/fr\/\">Rumtoo Machinery Co. LTD<\/a>, ses contractants, ses conc\u00e9dants de licence et leurs administrateurs, dirigeants, employ\u00e9s et agents respectifs contre toute r\u00e9clamation et toute d\u00e9pense, y compris les honoraires d'avocat, r\u00e9sultant de l'utilisation du site web par l'utilisateur. Ceci inclut, mais n'est pas limit\u00e9 \u00e0, toute r\u00e9clamation r\u00e9sultant de votre violation du pr\u00e9sent accord.<strong><br \/>\n<\/strong><\/li>\n<li><strong>Divers\uff1a<br \/>\n<\/strong>Le pr\u00e9sent accord repr\u00e9sente l'entente compl\u00e8te entre <a href=\"https:\/\/www.recyclemachine.net\/fr\/\">Rumtoo Machinery Co. LTD<\/a> et vous concernant son objet et ne peut \u00eatre modifi\u00e9 que par un amendement \u00e9crit sign\u00e9 par un cadre autoris\u00e9 de Rumtoo Machinery Co., LTD, ou par la publication d'une version r\u00e9vis\u00e9e par Rumtoo Machinery Co., LTD. Sauf disposition contraire de la loi applicable, cet accord, ainsi que tout acc\u00e8s ou utilisation du site Internet, sera r\u00e9gi par les lois des \u00c9tats-Unis d'Am\u00e9rique, du Royaume-Uni, de la loi europ\u00e9enne et de la loi internationale.<strong><br \/>\n<\/strong><\/li>\n<\/ol>","protected":false},"excerpt":{"rendered":"<p>Ce document d\u00e9finit les conditions g\u00e9n\u00e9rales d&#039;utilisation de ce site web, y compris l&#039;ensemble de son contenu, de ses services et de ses produits. Ce site web est d\u00e9tenu et exploit\u00e9 par Rumtoo Machinery Co., LTD. Votre utilisation de ce site web est soumise \u00e0 votre acceptation, sans modification, de l&#039;ensemble des pr\u00e9sentes conditions g\u00e9n\u00e9rales, ainsi que\u2026 <a href=\"https:\/\/www.recyclemachine.net\/fr\/conditions-generales\/\" class=\"more-link\">continuer la lecture <span class=\"screen-reader-text\">Conditions g\u00e9n\u00e9rales d'utilisation<\/span><\/a><\/p>","protected":false},"author":1,"featured_media":0,"parent":0,"menu_order":0,"comment_status":"closed","ping_status":"open","template":"","meta":{"footnotes":""},"class_list":["post-8324","page","type-page","status-publish","hentry"],"tsf_seo":{"title":"Conditions g\u00e9n\u00e9rales - Rumtoo Machinery","description":"Le pr\u00e9sent document \u00e9nonce les termes et conditions qui r\u00e9gissent l'utilisation de ce site web, y compris l'ensemble du contenu, des services et des produits qui y sont disponibles.","robots":"index, follow","canonical":"https:\/\/www.recyclemachine.net\/fr\/conditions-generales\/","og_title":"Terms &#038; Conditions &#x2d; Rumtoo Machinery","og_description":"This document sets forth the terms and conditions that govern your use of this website, including all content, services, and products available within it.","og_image":""},"_links":{"self":[{"href":"https:\/\/www.recyclemachine.net\/fr\/wp-json\/wp\/v2\/pages\/8324","targetHints":{"allow":["GET"]}}],"collection":[{"href":"https:\/\/www.recyclemachine.net\/fr\/wp-json\/wp\/v2\/pages"}],"about":[{"href":"https:\/\/www.recyclemachine.net\/fr\/wp-json\/wp\/v2\/types\/page"}],"author":[{"embeddable":true,"href":"https:\/\/www.recyclemachine.net\/fr\/wp-json\/wp\/v2\/users\/1"}],"replies":[{"embeddable":true,"href":"https:\/\/www.recyclemachine.net\/fr\/wp-json\/wp\/v2\/comments?post=8324"}],"version-history":[{"count":0,"href":"https:\/\/www.recyclemachine.net\/fr\/wp-json\/wp\/v2\/pages\/8324\/revisions"}],"wp:attachment":[{"href":"https:\/\/www.recyclemachine.net\/fr\/wp-json\/wp\/v2\/media?parent=8324"}],"curies":[{"name":"wp","href":"https:\/\/api.w.org\/{rel}","templated":true}]}}