{"id":7982,"date":"2023-11-26T18:37:59","date_gmt":"2023-11-27T02:37:59","guid":{"rendered":"https:\/\/recyclemachine.net\/?page_id=7982"},"modified":"2024-07-16T23:50:47","modified_gmt":"2024-07-17T06:50:47","slug":"lames-de-machine-de-recyclage","status":"publish","type":"page","link":"https:\/\/www.recyclemachine.net\/fr\/lames-de-machine-de-recyclage\/","title":{"rendered":"Lames de machines de recyclage"},"content":{"rendered":"<div class=\"wpb-content-wrapper\">\r\n<div class=\"vc_row ts-row wpb_row vc_row-fluid ts-total-col-1 ts-zindex-0 container ts-bgimage-position-center_center\">\r\n\r\n        \r\n\t\r\n\t\r\n\t\t\r\n<div class=\"ts-column wpb_column vc_column_container vc_col-sm-12 ts-zindex-0\">\r\n\t<div class=\"vc_column-inner\">\r\n\t\t\t\t<div class=\"wpb_wrapper\">\r\n\t\t\t<div class=\"themestek-boxes themestek-boxes-blog themestek-boxes-view-default themestek-boxes-col-three themestek-boxes-sortable-no themestek-boxes-textalign-center themestek-boxes-sortablebutton-  wpb_animate_when_almost_visible wpb_fadeInDown fadeInDown\">\r\n\t\t<div class=\"themestek-boxes-inner themestek-boxes-blog-inner\"><div class=\"themestek-box-heading-wrapper ts-element-align-center\"><div class=\"ts-element-heading-wrapper ts-heading-inner ts-element-align-center ts-seperator-none\"><section class=\"ts-vc_cta3-container\"><div class=\"ts-vc_general ts-vc_cta3 ts-cta3-only ts-vc_cta3-style-classic ts-vc_cta3-shape-rounded ts-vc_cta3-align-center ts-vc_cta3-color-transparent ts-vc_cta3-icon-size-md ts-vc_cta3-actions-no ts-cta3-with-desc\"><div class=\"ts-vc_cta3_content-container\"><div class=\"ts-vc_cta3-content\"><div class=\"ts-vc_cta3-content-header ts-wrap\"><div class=\"ts-vc_cta3-headers ts-wrap-cell\"><h4 class=\"ts-custom-heading\" >Efficacit\u00e9 incassable\u00a0:\u00a0lames durables pour un recyclage continu<\/h4>\n<h2 class=\"ts-custom-heading\" ><a href=\"https:\/\/www.recyclemachine.net\/fr\/lames-de-machine-de-recyclage\/\">Lames de machines de recyclage<\/a><\/h2>\n<\/div><\/div><div class=\"ts-cta3-content-wrapper\"><p>Bord de pr\u00e9cision, performances maximales\u00a0: des lames de recyclage con\u00e7ues pour gagner<br \/>\nShred Power Unleashed\u00a0: des lames qui transforment les d\u00e9chets en profit<br \/>\nmachine de recyclage puissante \u00e9quip\u00e9e de lames d\u00e9chiquetant divers mat\u00e9riaux<\/p><\/div><\/div><\/div><\/div><\/section><\/div> <!-- .ts-element-heading-wrapper container --> <\/div> <!-- .ts-element-heading-wrapper container --> \n\t\t\t\n\t\t\t<div class=\"row multi-columns-row themestek-boxes-row-wrapper themestek-boxes-row-wrapper-blog\">\n\t\t\t\t<div class=\"ts-box-col-wrapper col-lg-4 col-sm-6 col-md-4 col-xs-12 ts-term-236\"><article class=\"themestek-box themestek-box-blog ts-blogbox-style-1 themestek-box-style1 themestek-blogbox-format-image\">\r\n\t<div class=\"post-item\">\r\n\t\t\r\n\t\t<div class=\"ts-blog-image-with-meta\">\r\n\t\t\t<div class=\"ts-featured-wrapper ts-post-featured-wrapper ts-post-format-image\"><img loading=\"lazy\" decoding=\"async\" width=\"864\" height=\"590\" src=\"https:\/\/www.recyclemachine.net\/wp-content\/uploads\/2024\/01\/01bbb0a6-520c-4cd5-83ff-e1c438c885b4.webp\" class=\"attachment-themestek-img-800x700 size-themestek-img-800x700 wp-post-image\" alt=\"Lames de broyage et de d\u00e9chiquetage en plastique de qualit\u00e9 sup\u00e9rieure\" srcset=\"https:\/\/www.recyclemachine.net\/wp-content\/uploads\/2024\/01\/01bbb0a6-520c-4cd5-83ff-e1c438c885b4.webp 864w, https:\/\/www.recyclemachine.net\/wp-content\/uploads\/2024\/01\/01bbb0a6-520c-4cd5-83ff-e1c438c885b4-300x205.webp 300w, https:\/\/www.recyclemachine.net\/wp-content\/uploads\/2024\/01\/01bbb0a6-520c-4cd5-83ff-e1c438c885b4-768x524.webp 768w\" sizes=\"auto, (max-width: 864px) 100vw, 864px\" data-id=\"8241\" \/><\/div>\t\t\t\t\t<div class=\"ts-featured-meta-wrapper ts-featured-overlay\">\t\t\t\t\t\t\t\r\n\r\n\t\t\t\t\t\t\t\t\t\t\t\t\t<span class=\"ts-meta-line cat-links\"><i class=\"ts-industco-icon-category\"><\/i> <span class=\"screen-reader-text ts-hide\">Cat\u00e9gories <\/span><a href=\"https:\/\/www.recyclemachine.net\/fr\/categorie\/lames\/\">Lames de machines de recyclage<\/a><\/span>\r\n\t\t\t\t\t\t\r\n\t\t\t\t\t\t\t\t\t\t\t\t<span class=\"ts-meta-line posted-on\">\r\n\t\t\t\t\t\t\t<i class=\"ts-industco-icon-clock\"><\/i> \r\n\t\t\t\t\t\t\t<span class=\"screen-reader-text ts-hide\">Publi\u00e9 le <\/span>\r\n\t\t\t\t\t\t\t<a href=\"https:\/\/www.recyclemachine.net\/fr\/lames-pour-concasseurs-granulateurs-en-plastique\/\" rel=\"bookmark\">\r\n\t\t\t\t\t\t\t\t<time class=\"entry-date published\" datetime=\"2025-10-15T01:31:49-07:00\">10\/15\/2025<\/time>\r\n\t\t\t\t\t\t\t\t<time class=\"updated ts-hide\" datetime=\"2026-04-07T05:20:24-07:00\">04\/07\/2026<\/time>\r\n\t\t\t\t\t\t\t<\/a>\r\n\t\t\t\t\t\t<\/span>\r\n\r\n\t\t\t\t\t<\/div>\r\n\t\t<\/div>\t\t\r\n\r\n\t\t<div class=\"themestek-box-content\">\t\r\n\t\t\t<div class=\"themestek-box-title\"><h4><a href=\"https:\/\/www.recyclemachine.net\/fr\/lames-pour-concasseurs-granulateurs-en-plastique\/\">Le guide ultime de SKD-11, D2, DC53 et 55SiCr pour les lames de recyclage du plastique<\/a><\/h4><\/div>\t\t\t<div class=\"themestek-box-desc\">\r\n\t\t\t\t<div class=\"themestek-box-desc-text\">Essentiel pour l'industrie du recyclage des plastiques : Comparaison compl\u00e8te et guide sur les mat\u00e9riaux de coupe SKD-11, D2, DC53 et 55SiCr<\/div>\r\n\t\t\t<\/div>\r\n\r\n\t\t\t<div class=\"themestek-blogbox-footer-readmore\">\r\n\t\t\t\t\t\t\t<\/div>\r\n\r\n\t\t<\/div>\r\n\t<\/div>\r\n<\/article>\r\n\r\n<\/div><div class=\"ts-box-col-wrapper col-lg-4 col-sm-6 col-md-4 col-xs-12 ts-term-236\"><article class=\"themestek-box themestek-box-blog ts-blogbox-style-1 themestek-box-style1 themestek-blogbox-format-image\">\r\n\t<div class=\"post-item\">\r\n\t\t\r\n\t\t<div class=\"ts-blog-image-with-meta\">\r\n\t\t\t<div class=\"ts-featured-wrapper ts-post-featured-wrapper ts-post-format-image\"><img loading=\"lazy\" decoding=\"async\" width=\"1920\" height=\"1080\" src=\"https:\/\/www.recyclemachine.net\/wp-content\/uploads\/2023\/11\/Shredder_Rotor_Knives.webp\" class=\"attachment-themestek-img-800x700 size-themestek-img-800x700 wp-post-image\" alt=\"L&#039;image montre deux composants m\u00e9talliques avec des surfaces concaves et des trous centraux, g\u00e9n\u00e9ralement connus sous le nom de couteaux de rotor de d\u00e9chiqueteuse. Ils sont utilis\u00e9s dans les broyeurs industriels pour couper ou broyer des mat\u00e9riaux. Les diff\u00e9rentes tailles sugg\u00e8rent qu&#039;ils peuvent \u00eatre destin\u00e9s \u00e0 diff\u00e9rentes capacit\u00e9s ou \u00e9tapes de broyage. La conception est ax\u00e9e sur la durabilit\u00e9 et l&#039;efficacit\u00e9, essentielles pour les op\u00e9rations continues et intensives dans les processus de recyclage ou de fabrication.\" srcset=\"https:\/\/www.recyclemachine.net\/wp-content\/uploads\/2023\/11\/Shredder_Rotor_Knives.webp 1920w, https:\/\/www.recyclemachine.net\/wp-content\/uploads\/2023\/11\/Shredder_Rotor_Knives-300x169.webp 300w, https:\/\/www.recyclemachine.net\/wp-content\/uploads\/2023\/11\/Shredder_Rotor_Knives-1024x576.webp 1024w, https:\/\/www.recyclemachine.net\/wp-content\/uploads\/2023\/11\/Shredder_Rotor_Knives-768x432.webp 768w, https:\/\/www.recyclemachine.net\/wp-content\/uploads\/2023\/11\/Shredder_Rotor_Knives-1536x864.webp 1536w\" sizes=\"auto, (max-width: 1920px) 100vw, 1920px\" data-id=\"7975\" \/><\/div>\t\t\t\t\t<div class=\"ts-featured-meta-wrapper ts-featured-overlay\">\t\t\t\t\t\t\t\r\n\r\n\t\t\t\t\t\t\t\t\t\t\t\t\t<span class=\"ts-meta-line cat-links\"><i class=\"ts-industco-icon-category\"><\/i> <span class=\"screen-reader-text ts-hide\">Cat\u00e9gories <\/span><a href=\"https:\/\/www.recyclemachine.net\/fr\/categorie\/lames\/\">Lames de machines de recyclage<\/a><\/span>\r\n\t\t\t\t\t\t\r\n\t\t\t\t\t\t\t\t\t\t\t\t<span class=\"ts-meta-line posted-on\">\r\n\t\t\t\t\t\t\t<i class=\"ts-industco-icon-clock\"><\/i> \r\n\t\t\t\t\t\t\t<span class=\"screen-reader-text ts-hide\">Publi\u00e9 le <\/span>\r\n\t\t\t\t\t\t\t<a href=\"https:\/\/www.recyclemachine.net\/fr\/couteaux-de-rotor-de-broyeur\/\" rel=\"bookmark\">\r\n\t\t\t\t\t\t\t\t<time class=\"entry-date published\" datetime=\"2025-01-30T04:53:02-08:00\">01\/30\/2025<\/time>\r\n\t\t\t\t\t\t\t\t<time class=\"updated ts-hide\" datetime=\"2026-04-07T05:20:25-07:00\">04\/07\/2026<\/time>\r\n\t\t\t\t\t\t\t<\/a>\r\n\t\t\t\t\t\t<\/span>\r\n\r\n\t\t\t\t\t<\/div>\r\n\t\t<\/div>\t\t\r\n\r\n\t\t<div class=\"themestek-box-content\">\t\r\n\t\t\t<div class=\"themestek-box-title\"><h4><a href=\"https:\/\/www.recyclemachine.net\/fr\/couteaux-de-rotor-de-broyeur\/\">Couteaux pour rotor de broyeur<\/a><\/h4><\/div>\t\t\t<div class=\"themestek-box-desc\">\r\n\t\t\t\t<div class=\"themestek-box-desc-text\">D\u00e9couvrez la qualit\u00e9 sup\u00e9rieure des couteaux de rotor de broyeur Rumtoo, dot\u00e9s d&#039;incrustations en carbure de tungst\u00e8ne, d&#039;un traitement thermique avanc\u00e9 et de solutions personnalis\u00e9es pour un recyclage efficace du plastique.<\/div>\r\n\t\t\t<\/div>\r\n\r\n\t\t\t<div class=\"themestek-blogbox-footer-readmore\">\r\n\t\t\t\t\t\t\t<\/div>\r\n\r\n\t\t<\/div>\r\n\t<\/div>\r\n<\/article>\r\n\r\n<\/div>\n\t\t\t<\/div>\n\t\t<div class=\"clearfix\"><\/div><\/div><!-- .themestek-boxes-inner -->   <\/div><!-- .themestek-boxes -->  \t\t<\/div>\r\n\t<\/div>\r\n<\/div>\r\n\r\n\r\n\t<\/div>\r\n\r\n\r\n\n<\/div>","protected":false},"excerpt":{"rendered":"Couteaux de rotor de broyeur \u00e0 d\u00e9chets en carbure de tungst\u00e8ne, con\u00e7us pour une r\u00e9sistance \u00e0 l'usure maximale et une longue dur\u00e9e de vie, nos couteaux de rotor de broyeur sont au c\u0153ur de votre Broyeur plastique. Nous offrons des lames premium et personnalis\u00e9es pour am\u00e9liorer les performances et l'efficacit\u00e9 de votre machine. Demandez un devis L'avantage Rumtoo Nos couteaux de broyeur sont confiance par les professionnels du recyclage \u00e0 travers le monde pour leur performance et \u2026 <a href=\"https:\/\/www.recyclemachine.net\/fr\/couteaux-de-rotor-de-broyeur\/\" class=\"more-link\">continuer la lecture <span class=\"screen-reader-text\">Couteaux pour rotor de broyeur<\/span><\/a>","protected":false},"author":1,"featured_media":0,"parent":0,"menu_order":23,"comment_status":"closed","ping_status":"closed","template":"","meta":{"footnotes":""},"class_list":["post-7982","page","type-page","status-publish","hentry"],"tsf_seo":{"title":"Lames de machines de recyclage","description":"Prolongez la dur\u00e9e de vie de votre \u00e9quipement de recyclage avec nos lames hautes performances, con\u00e7ues pour une durabilit\u00e9 et des performances de coupe optimales dans les applications exigeantes.","robots":"index, follow","canonical":"https:\/\/www.recyclemachine.net\/fr\/lames-de-machine-de-recyclage\/","og_title":"Recycling Machine Blades","og_description":"Extend the life of your recycling equipment with our high&#x2d;performance blades, designed for durability and optimal cutting performance in demanding applications.","og_image":""},"_links":{"self":[{"href":"https:\/\/www.recyclemachine.net\/fr\/wp-json\/wp\/v2\/pages\/7982","targetHints":{"allow":["GET"]}}],"collection":[{"href":"https:\/\/www.recyclemachine.net\/fr\/wp-json\/wp\/v2\/pages"}],"about":[{"href":"https:\/\/www.recyclemachine.net\/fr\/wp-json\/wp\/v2\/types\/page"}],"author":[{"embeddable":true,"href":"https:\/\/www.recyclemachine.net\/fr\/wp-json\/wp\/v2\/users\/1"}],"replies":[{"embeddable":true,"href":"https:\/\/www.recyclemachine.net\/fr\/wp-json\/wp\/v2\/comments?post=7982"}],"version-history":[{"count":0,"href":"https:\/\/www.recyclemachine.net\/fr\/wp-json\/wp\/v2\/pages\/7982\/revisions"}],"wp:attachment":[{"href":"https:\/\/www.recyclemachine.net\/fr\/wp-json\/wp\/v2\/media?parent=7982"}],"curies":[{"name":"wp","href":"https:\/\/api.w.org\/{rel}","templated":true}]}}