{"id":3906,"date":"2023-09-24T06:15:07","date_gmt":"2023-09-24T13:15:07","guid":{"rendered":"http:\/\/industco-demo.pbminfotech.com\/?page_id=3906"},"modified":"2026-04-04T08:08:30","modified_gmt":"2026-04-04T08:08:30","slug":"a-propos-de-nous","status":"publish","type":"page","link":"https:\/\/www.recyclemachine.net\/fr\/a-propos-de-nous\/","title":{"rendered":"\u00c0 propos de nous"},"content":{"rendered":"<style data-rtm-material-symbols=\"\">\n.rtm-ms-chip{\n  display:inline-flex !important;\n  align-items:center !important;\n  justify-content:center !important;\n  width:46px !important;\n  height:46px !important;\n  min-width:46px !important;\n  border-radius:14px !important;\n  border:0 !important;\n  padding:0 !important;\n  background:var(--rtm-ms-bg, rgba(125, 145, 196, 0.14)) !important;\n  color:var(--rtm-ms-fg, #5f739f) !important;\n  box-shadow:none !important;\n  filter:none !important;\n  flex:0 0 auto !important;\n}\n.rtm-ms-chip.rtm-ms-tone-1{--rtm-ms-bg:rgba(124,145,196,0.14);--rtm-ms-fg:#6479a8;}\n.rtm-ms-chip.rtm-ms-tone-2{--rtm-ms-bg:rgba(120,191,173,0.15);--rtm-ms-fg:#4e8f7d;}\n.rtm-ms-chip.rtm-ms-tone-3{--rtm-ms-bg:rgba(236,186,139,0.16);--rtm-ms-fg:#b17849;}\n.rtm-ms-chip.rtm-ms-tone-4{--rtm-ms-bg:rgba(218,166,196,0.16);--rtm-ms-fg:#9f6a8b;}\n.rtm-ms-chip.rtm-ms-tone-5{--rtm-ms-bg:rgba(171,180,229,0.16);--rtm-ms-fg:#6d76b8;}\n.rtm-ms-chip.rtm-ms-tone-6{--rtm-ms-bg:rgba(148,209,205,0.15);--rtm-ms-fg:#4c8f8a;}\n.rtm-ms-glyph{\n  font-family:\"Material Symbols Outlined\" !important;\n  font-weight:400 !important;\n  font-style:normal !important;\n  font-size:24px !important;\n  line-height:1 !important;\n  letter-spacing:normal !important;\n  text-transform:none !important;\n  white-space:nowrap !important;\n  word-wrap:normal !important;\n  direction:ltr !important;\n  display:block !important;\n  -webkit-font-smoothing:antialiased !important;\n  -moz-osx-font-smoothing:grayscale !important;\n  font-feature-settings:\"liga\" 1, \"kern\" 1 !important;\n  font-variation-settings:\"FILL\" 0,\"wght\" 400,\"GRAD\" 0,\"opsz\" 24;\n}\n.rtm-ms-inline{\n  display:inline-flex !important;\n  align-items:center !important;\n  justify-content:center !important;\n  vertical-align:middle !important;\n}\n<\/style>\n<style>\n    .rtm-about{--brand-green: #62ab66;\n        --brand-green-hover: #69b36d;\n        --bg-a: #121212;\n        --bg-b: #1E1E1E;\n        --text-main: #F5F5F7;\n        --text-muted: #B0B8C4;\n        --line: #2f343a;\n        \n        \n        line-height: 1.68;}\n\n    .rtm-about .section {\n        padding: 48px 20px;\n        \n    }\n\n    .rtm-about .section.alt {\n        \n    }\n\n    .rtm-about .wrap {\n        max-width: 1200px;\n        margin: 0 auto;\n    }\n\n    .rtm-about h1,\n    .rtm-about h2,\n    .rtm-about h3 {\n        margin-top: 0;\n    }\n\n    .rtm-about .kicker {\n        display: inline-block;\n        \n        text-transform: uppercase;\n        letter-spacing: 0.08em;\n        font-weight: 700;\n        margin-bottom: 16px;\n    }\n\n    .rtm-about .hero {\n        display: grid;\n        grid-template-columns: 1.2fr 1fr;\n        gap: 30px;\n        align-items: center;\n    }\n\n    .rtm-about .hero h1 {\n        \n        line-height: 1.12;\n        margin-bottom: 18px;\n    }\n\n    .rtm-about .lead {\n        \n        max-width: 780px;\n    }\n\n    .rtm-about .hero-actions {\n        display: flex;\n        gap: 12px;\n        flex-wrap: wrap;\n        margin-top: 24px;\n    }\n\n    .rtm-about .btn {\n        display: inline-flex;\n        align-items: center;\n        gap: 8px;\n        padding: 13px 22px;\n        border-radius: 8px;\n        text-decoration: none;\n        border: 1px solid transparent;\n        transition: transform .2s ease, box-shadow .2s ease, background-color .2s ease;\n    }\n\n    .rtm-about .btn.primary {\n        background: var(--brand-green);\n        \n        box-shadow: 0 4px 14px rgba(98, 171, 102, .16);\n    }\n\n    .rtm-about .btn.primary:hover {\n        background: var(--brand-green-hover);\n        transform: translateY(-2px);\n        box-shadow: 0 7px 18px rgba(98, 171, 102, .24);\n    }\n\n    .rtm-about .btn.ghost {\n        border-color: var(--line);\n        \n        background: transparent;\n    }\n\n    .rtm-about .btn.ghost:hover {\n        border-color: var(--brand-green);\n        \n        transform: translateY(-2px);\n    }\n\n    .rtm-about .hero-media {\n        border: 1px solid var(--line);\n        border-radius: 14px;\n        overflow: hidden;\n    }\n\n    .rtm-about .hero-media img {\n        width: 100%;\n        height: auto;\n        display: block;\n        aspect-ratio: 4 \/ 3;\n        object-fit: cover;\n    }\n\n    .rtm-about .section-title {\n        \n        text-align: center;\n        margin-bottom: 14px;\n    }\n\n    .rtm-about .section-subtitle {\n        \n        text-align: center;\n        max-width: 800px;\n        margin: 0 auto 38px;\n    }\n\n    .rtm-about .stats {\n        display: grid;\n        grid-template-columns: repeat(4, minmax(0, 1fr));\n        gap: 14px;\n    }\n\n    .rtm-about .stats-block {\n        margin-top: 18px;\n    }\n\n    .rtm-about .stat {border-radius: 10px;\n        \n        padding: 16px;background:#f5f5f7;}\n\n    .rtm-about .stat strong {\n        \n        display: block;\n        margin-bottom: 6px;\n    }\n\n    .rtm-about .grid-2 {\n        display: grid;\n        grid-template-columns: 1fr 1fr;\n        gap: 22px;\n        align-items: start;\n    }\n\n    .rtm-about .card-grid {\n        display: grid;\n        grid-template-columns: repeat(3, minmax(0, 1fr));\n        gap: 16px;\n    }\n\n    .rtm-about .card {border-radius: 12px;\n        padding: 18px;background:#f5f5f7;}\n\n    .rtm-about .card i {\n        \n        font-size: 24px;\n        margin-bottom: 10px;\n    }\n\n    .rtm-about .card h3 {\n        margin-bottom: 8px;\n    }\n\n    .rtm-about .card p {\n        \n        margin: 0;\n    }\n\n    .rtm-about .card ul {\n        margin: 0;\n        padding-left: 18px;\n        \n    }\n\n    .rtm-about .card li {\n        margin-bottom: 8px;\n    }\n\n    .rtm-about .card li:last-child {\n        margin-bottom: 0;\n    }\n\n    .rtm-about .highlight-box {border-radius: 12px;\n        padding: 18px;background:#f5f5f7;}\n\n    .rtm-about .highlight-box h3 {\n        \n        margin-bottom: 10px;\n    }\n\n    .rtm-about .highlight-box p {\n        \n        margin: 0;\n    }\n\n    .rtm-about .process {\n        display: grid;\n        grid-template-columns: repeat(4, minmax(0, 1fr));\n        gap: 16px;\n    }\n\n    .rtm-about .step {border-radius: 12px;\n        padding: 18px;\n        position: relative;background:#f5f5f7;}\n\n    .rtm-about .step .no {\n        width: 34px;\n        height: 34px;\n        border-radius: 50%;\n        display: inline-flex;\n        align-items: center;\n        justify-content: center;\n        \n        \n        font-weight: 700;\n        margin-bottom: 10px;\n    }\n\n    .rtm-about .list-clean {\n        list-style: none;\n        padding: 0;\n        margin: 0;\n    }\n\n    .rtm-about .list-clean li {\n        border-bottom: 1px solid var(--line);\n        padding: 12px 0;\n        \n        display: flex;\n        gap: 10px;\n        align-items: flex-start;\n    }\n\n    .rtm-about .list-clean li:last-child {\n        border-bottom: 0;\n    }\n\n    .rtm-about .list-clean i {\n        \n        margin-top: 3px;\n    }\n\n    @media (max-width: 1024px) {\n        .rtm-about .hero {\n            grid-template-columns: 1fr;\n        }\n\n        .rtm-about .stats {\n            grid-template-columns: repeat(2, minmax(0, 1fr));\n        }\n\n        .rtm-about .card-grid {\n            grid-template-columns: repeat(2, minmax(0, 1fr));\n        }\n\n        .rtm-about .process {\n            grid-template-columns: repeat(2, minmax(0, 1fr));\n        }\n    }\n\n    @media (max-width: 640px) {\n        .rtm-about .section {\n            padding: 36px 20px;\n        }\n\n        .rtm-about .stats,\n        .rtm-about .grid-2,\n        .rtm-about .card-grid,\n        .rtm-about .process {\n            grid-template-columns: 1fr;\n        }\n    }\n\n\/* codex-generic-button-clean-about *\/\n.rtm-about .btn.primary,\n.rtm-about .btn.ghost {\n  display: inline-flex;\n  align-items: center;\n  justify-content: center;\n  gap: 8px;\n  font-weight: 600;\n  transition: background-color 0.2s ease, border-color 0.2s ease, color 0.2s ease, transform 0.2s ease;\n}\n.rtm-about .btn.primary {\n  background: #005D30 !important;\n  color: #FFFFFF !important;\n  border: 0 !important;\n  box-shadow: none !important;\n}\n.rtm-about .btn.primary:hover,\n.rtm-about .btn.primary:focus-visible {\n  background: #004624 !important;\n  color: #FFFFFF !important;\n  border: 0 !important;\n  box-shadow: none !important;\n  transform: translateY(-1px);\n}\n.rtm-about .btn.ghost {\n  background: transparent !important;\n  color: #005D30 !important;\n  border: 1px solid #005D30 !important;\n  box-shadow: none !important;\n}\n.rtm-about .btn.ghost:hover,\n.rtm-about .btn.ghost:focus-visible {\n  background: rgba(0, 93, 48, 0.08) !important;\n  color: #005D30 !important;\n  border-color: #005D30 !important;\n  transform: translateY(-1px);\n}\n.rtm-about .btn.primary:focus-visible,\n.rtm-about .btn.ghost:focus-visible {\n  outline: 3px solid rgba(0, 93, 48, 0.18) !important;\n  outline-offset: 3px !important;\n}\n\n<\/style>\n<div class=\"rtm-about\">\n<section class=\"section alt\">\n<div class=\"wrap hero\">\n<div>\n<span class=\"kicker\">\u00c0 propos de Rumtoo<\/span>\n<h1>Con\u00e7u pour une performance de recyclage du plastique fiable<\/h1>\n<p class=\"lead\">Rumtoo con\u00e7oit et fabrique des machines de recyclage du plastique pour les lignes de production r\u00e9elles. Nous privil\u00e9gions un d\u00e9bit stable, une maintenance ais\u00e9e et un service apr\u00e8s-vente \u00e0 long terme afin d&#039;assurer la continuit\u00e9 de votre production avec un minimum d&#039;interruptions.<\/p>\n<div class=\"hero-actions\">\n<a class=\"btn primary\" href=\"https:\/\/www.recyclemachine.net\/fr\/nous-contacter\/\" rel=\"noopener\" target=\"_blank\"><span class=\"rtm-ms-inline-wrap\"><span data-no-translation=\"\" data-no-dynamic-translation=\"\" translate=\"no\" aria-hidden=\"true\" class=\"material-symbols-outlined rtm-ms-glyph rtm-ms-inline\">send<\/span><\/span>Contactez notre \u00e9quipe<\/a>\n<a class=\"btn ghost\" href=\"https:\/\/www.recyclemachine.net\/fr\/plastic-recycling-lines\/\" rel=\"noopener\" target=\"_blank\">Explorez nos gammes de produits<\/a>\n<\/div>\n<\/div>\n<div class=\"hero-media\">\n<img alt=\"Site de production et base d&#039;ing\u00e9nierie Rumtoo\" decoding=\"async\" fetchpriority=\"high\" height=\"900\" loading=\"eager\" src=\"https:\/\/recyclemachine.net\/wp-content\/uploads\/2023\/02\/zhangjiagang-1-1.jpg?id=6969\" width=\"1200\"\/>\n<\/div>\n<\/div>\n<\/section>\n<section class=\"section\">\n<div class=\"wrap\">\n<h2 class=\"section-title\">Qui sommes-nous<\/h2>\n<p class=\"section-subtitle\">Rumtoo Plastic Recycling Machinery est un fabricant de premier plan sp\u00e9cialis\u00e9 dans les solutions haute performance pour le recyclage des bouteilles PET et des films PP\/PE.<\/p>\n<div class=\"grid-2\">\n<div>\n<p class=\"lead\">Avec plus de deux d\u00e9cennies d&#039;exp\u00e9rience au service de l&#039;industrie du recyclage des plastiques, nous nous sommes impos\u00e9s comme un leader de confiance dans la fourniture de solutions d&#039;ing\u00e9nierie int\u00e9gr\u00e9es pour relever les d\u00e9fis complexes li\u00e9s aux d\u00e9chets.<\/p>\n<p class=\"lead\">Notre mission est simple : fournir les machines les plus fiables et efficaces pour transformer les d\u00e9chets plastiques en mati\u00e8res premi\u00e8res de haute puret\u00e9, aidant ainsi nos partenaires \u00e0 atteindre le succ\u00e8s \u00e9conomique et environnemental.<\/p>\n<\/div>\n<div class=\"highlight-box\">\n<h3>Fondation de marque<\/h3>\n<p>Nous combinons capacit\u00e9 de production, ing\u00e9nierie des proc\u00e9d\u00e9s et assistance apr\u00e8s-vente pour fournir des lignes de recyclage performantes et constantes dans des conditions de production r\u00e9elles.<\/p>\n<\/div>\n<\/div>\n<div class=\"stats stats-block\">\n<div class=\"stat\"><strong>Plus de 20 ans<\/strong><span>expertise en ing\u00e9nierie du recyclage du plastique<\/span><\/div>\n<div class=\"stat\"><strong>Des centaines de plantes<\/strong><span>Les installations mondiales ont \u00e9t\u00e9 soutenues.<\/span><\/div>\n<div class=\"stat\"><strong>Des milliers de tonnes<\/strong><span>Trait\u00e9 mensuellement par les op\u00e9rations partenaires<\/span><\/div>\n<div class=\"stat\"><strong>Livraison internationale<\/strong><span>Mise en service professionnelle et assistance technique<\/span><\/div>\n<\/div>\n<\/div>\n<\/section>\n<section class=\"section alt\">\n<div class=\"wrap\">\n<h2 class=\"section-title\">Notre expertise : De d\u00e9chets \u201csales\u201d \u00e0 des granul\u00e9s de haute puret\u00e9<\/h2>\n<p class=\"section-subtitle\">Contrairement aux fournisseurs d&#039;\u00e9quipements standards, Rumtoo se sp\u00e9cialise dans le traitement de mat\u00e9riaux post-consommation tr\u00e8s sales et difficiles \u00e0 traiter.<\/p>\n<div class=\"card-grid\">\n<article class=\"card\">\n<span class=\"rtm-ms-chip rtm-ms-tone-6\"><span data-no-translation=\"\" data-no-dynamic-translation=\"\" translate=\"no\" aria-hidden=\"true\" class=\"material-symbols-outlined rtm-ms-glyph\">recycling<\/span><\/span>\n<h3>Recyclage des bouteilles PET<\/h3>\n<p>Solutions de nettoyage et de tri haute performance pour les flocons de PET de qualit\u00e9 alimentaire ou de qualit\u00e9 fibreuse.<\/p>\n<\/article>\n<article class=\"card\">\n<span class=\"rtm-ms-chip rtm-ms-tone-6\"><span data-no-translation=\"\" data-no-dynamic-translation=\"\" translate=\"no\" aria-hidden=\"true\" class=\"material-symbols-outlined rtm-ms-glyph\">speed<\/span><\/span>\n<h3>Recyclage de film et de sac en PP\/PE<\/h3>\n<p>Con\u00e7ue pour traiter les films \u00e9tirables en PEBD, les super-sacs non tiss\u00e9s en PP et les sacs en plastique avec un d\u00e9bit stable.<\/p>\n<\/article>\n<article class=\"card\">\n<span class=\"rtm-ms-chip rtm-ms-tone-4\"><span data-no-translation=\"\" data-no-dynamic-translation=\"\" translate=\"no\" aria-hidden=\"true\" class=\"material-symbols-outlined rtm-ms-glyph\">category<\/span><\/span>\n<h3>Mat\u00e9riaux contamin\u00e9s<\/h3>\n<p>Lignes de lavage robustes con\u00e7ues pour les mati\u00e8res premi\u00e8res tr\u00e8s sales, transformant les d\u00e9chets difficiles en granul\u00e9s de plastique de qualit\u00e9 sup\u00e9rieure.<\/p>\n<\/article>\n<\/div>\n<\/div>\n<\/section>\n<section class=\"section\">\n<div class=\"wrap\">\n<h2 class=\"section-title\">Gamme de produits compl\u00e8te<\/h2>\n<p class=\"section-subtitle\">Nous fournissons un \u00e9cosyst\u00e8me complet de machines de recyclage pour une int\u00e9gration parfaite et une disponibilit\u00e9 maximale.<\/p>\n<div class=\"card-grid\">\n<article class=\"card\">\n<span class=\"rtm-ms-chip rtm-ms-tone-6\"><span data-no-translation=\"\" data-no-dynamic-translation=\"\" translate=\"no\" aria-hidden=\"true\" class=\"material-symbols-outlined rtm-ms-glyph\">workspace_premium<\/span><\/span>\n<h3>Syst\u00e8mes de lavage et de nettoyage<\/h3>\n<p>Syst\u00e8mes de lavage et de s\u00e9chage avanc\u00e9s pour le recyclage du plastique, garantissant une qualit\u00e9 stable en aval.<\/p>\n<\/article>\n<article class=\"card\">\n<span class=\"rtm-ms-chip rtm-ms-tone-6\"><span data-no-translation=\"\" data-no-dynamic-translation=\"\" translate=\"no\" aria-hidden=\"true\" class=\"material-symbols-outlined rtm-ms-glyph\">settings<\/span><\/span>\n<h3>R\u00e9duction de taille<\/h3>\n<p>Broyeurs de plastique robustes et concasseurs de plastique de haute pr\u00e9cision pour une pr\u00e9paration fiable des mat\u00e9riaux.<\/p>\n<\/article>\n<article class=\"card\">\n<span class=\"rtm-ms-chip rtm-ms-tone-6\"><span data-no-translation=\"\" data-no-dynamic-translation=\"\" translate=\"no\" aria-hidden=\"true\" class=\"material-symbols-outlined rtm-ms-glyph\">verified<\/span><\/span>\n<h3>Lignes de granulation<\/h3>\n<p>Lignes de granulation de plastique \u00e0 la pointe de la technologie pour une qualit\u00e9 de production constante et une stabilit\u00e9 op\u00e9rationnelle.<\/p>\n<\/article>\n<article class=\"card\">\n<span class=\"rtm-ms-chip rtm-ms-tone-6\"><span data-no-translation=\"\" data-no-dynamic-translation=\"\" translate=\"no\" aria-hidden=\"true\" class=\"material-symbols-outlined rtm-ms-glyph\">support_agent<\/span><\/span>\n<h3>Support et maintenance<\/h3>\n<p>\u00c9quipements auxiliaires, machines de tri des d\u00e9chets m\u00e9nagers, presses \u00e0 balles et lames de machines de recyclage pour assurer le bon fonctionnement des installations.<\/p>\n<\/article>\n<\/div>\n<\/div>\n<\/section>\n<section class=\"section alt\">\n<div class=\"wrap\">\n<h2 class=\"section-title\">Pourquoi choisir Rumtoo ?<\/h2>\n<p class=\"section-subtitle\">Un partenaire technique de confiance pour les op\u00e9rations de recyclage \u00e0 long terme.<\/p>\n<div class=\"process\">\n<article class=\"step\">\n<span class=\"no\">1<\/span>\n<h3>20+ Ans d'Expertise<\/h3>\n<p class=\"lead\">Des d\u00e9cennies d&#039;exp\u00e9rience en ing\u00e9nierie dans la conception de machines et de proc\u00e9d\u00e9s de recyclage du plastique.<\/p>\n<\/article>\n<article class=\"step\">\n<span class=\"no\">2<\/span>\n<h3>Port\u00e9e mondiale<\/h3>\n<p class=\"lead\">Nous soutenons des centaines d&#039;installations de recyclage dans le monde entier, traitant des milliers de tonnes par mois.<\/p>\n<\/article>\n<article class=\"step\">\n<span class=\"no\">3<\/span>\n<h3>Normes internationales<\/h3>\n<p class=\"lead\">Mise en service experte et assistance technique pour des projets d&#039;installation internationaux complexes.<\/p>\n<\/article>\n<article class=\"step\">\n<span class=\"no\">4<\/span>\n<h3>Durabilit\u00e9 et efficacit\u00e9<\/h3>\n<p class=\"lead\">Machines con\u00e7ues pour une longue dur\u00e9e de vie dans des conditions de recyclage exigeantes et \u00e0 grande \u00e9chelle.<\/p>\n<\/article>\n<\/div>\n<\/div>\n<\/section>\n<section class=\"section\">\n<div class=\"wrap\">\n<h2 class=\"section-title\">Promouvoir l&#039;\u00e9conomie circulaire<\/h2>\n<p class=\"section-subtitle\">Chez Rumtoo, nous pensons que le plastique n&#039;est pas un d\u00e9chet, mais une ressource.<\/p>\n<div class=\"highlight-box\">\n<p>En fournissant la technologie permettant de boucler la boucle, nous sommes fiers d&#039;\u00eatre \u00e0 l&#039;avant-garde de l&#039;\u00e9conomie circulaire mondiale, aidant les installations du monde entier \u00e0 transformer les d\u00e9fis environnementaux en valeur durable.<\/p>\n<\/div>\n<\/div>\n<\/section>\n<\/div>","protected":false},"excerpt":{"rendered":"<p>\u00c0 propos de la machine de recyclage de plastique Rumtoo con\u00e7ue pour une performance fiable en recyclage de plastique Rumtoo con\u00e7oit et fabrique des machines de recyclage de plastique pour des lignes de production r\u00e9elles. Nous nous concentrons sur un d\u00e9bit stable, une maintenance pratique et un soutien technique \u00e0 long terme afin que votre ligne continue de fonctionner avec moins d'interruptions. envoyerContactez notre \u00e9quipe Explorer les gammes de produits Qui sommes-nous Rumtoo Machines de recyclage de plastique est un fabricant de premier plan \u2026 <a href=\"https:\/\/www.recyclemachine.net\/fr\/a-propos-de-nous\/\" class=\"more-link\">continuer la lecture <span class=\"screen-reader-text\">\u00c0 propos de nous<\/span><\/a><\/p>","protected":false},"author":1,"featured_media":0,"parent":0,"menu_order":8,"comment_status":"closed","ping_status":"closed","template":"","meta":{"footnotes":""},"class_list":["post-3906","page","type-page","status-publish","hentry"],"tsf_title":"About Rumtoo | Leading Plastic Recycling Machinery Manufacturer","tsf_description":"With 20+ years of expertise, Rumtoo manufactures high-quality PET bottle and PP\/PE film recycling machines, including washing lines, shredders, and pelletizing systems for global facilities.","_links":{"self":[{"href":"https:\/\/www.recyclemachine.net\/fr\/wp-json\/wp\/v2\/pages\/3906","targetHints":{"allow":["GET"]}}],"collection":[{"href":"https:\/\/www.recyclemachine.net\/fr\/wp-json\/wp\/v2\/pages"}],"about":[{"href":"https:\/\/www.recyclemachine.net\/fr\/wp-json\/wp\/v2\/types\/page"}],"author":[{"embeddable":true,"href":"https:\/\/www.recyclemachine.net\/fr\/wp-json\/wp\/v2\/users\/1"}],"replies":[{"embeddable":true,"href":"https:\/\/www.recyclemachine.net\/fr\/wp-json\/wp\/v2\/comments?post=3906"}],"version-history":[{"count":0,"href":"https:\/\/www.recyclemachine.net\/fr\/wp-json\/wp\/v2\/pages\/3906\/revisions"}],"wp:attachment":[{"href":"https:\/\/www.recyclemachine.net\/fr\/wp-json\/wp\/v2\/media?parent=3906"}],"curies":[{"name":"wp","href":"https:\/\/api.w.org\/{rel}","templated":true}]}}