{"id":3,"date":"2024-01-21T19:29:56","date_gmt":"2024-01-22T03:29:56","guid":{"rendered":"https:\/\/recyclemachine.net\/?page_id=3"},"modified":"2025-09-06T05:10:14","modified_gmt":"2025-09-06T12:10:14","slug":"politique-de-confidentialite","status":"publish","type":"page","link":"https:\/\/www.recyclemachine.net\/fr\/politique-de-confidentialite\/","title":{"rendered":"Politique de confidentialit\u00e9"},"content":{"rendered":"<p data-is-html-content=\"true\"><\/p>\n<div class=\"privacy-policy-container\">\n<style>\n\n\n\n\n\n\n\n\n\n<\/style>\n<p>Bienvenue \u00e0 Rumtoo Machine. Nous nous engageons \u00e0 prot\u00e9ger votre vie priv\u00e9e. Cette politique d\u00e9taille la mani\u00e8re dont nous recueillons, utilisons et prot\u00e9geons vos informations personnelles.<\/p>\n<h3>1. Quelles sont les informations que nous recueillons ?<\/h3>\n<p>Nous recueillons des informations de la mani\u00e8re suivante :<\/p>\n<ul>\n<li><b>Les informations que vous fournissez directement :<\/b> Lorsque vous vous inscrivez, passez une commande, vous abonnez \u00e0 notre bulletin d'information ou remplissez un formulaire, nous pouvons recueillir votre nom, votre adresse \u00e9lectronique, votre adresse postale, votre num\u00e9ro de t\u00e9l\u00e9phone et vos donn\u00e9es de paiement.<\/li>\n<li><b>Informations collect\u00e9es automatiquement :<\/b> Lorsque vous visitez notre site web, nous utilisons des cookies et des technologies similaires pour collecter automatiquement des informations sur votre appareil et votre comportement de navigation. Ces informations nous aident \u00e0 comprendre les pr\u00e9f\u00e9rences des utilisateurs et \u00e0 am\u00e9liorer notre service.<\/li>\n<\/ul>\n<h3>2. Comment nous utilisons vos informations<\/h3>\n<p>Vos informations sont utilis\u00e9es aux fins suivantes :<\/p>\n<ul>\n<li><b>Fournir et g\u00e9rer nos services :<\/b> Ex\u00e9cuter les commandes, traiter les paiements et livrer les produits.<\/li>\n<li><b>Pour am\u00e9liorer votre exp\u00e9rience :<\/b> Personnaliser le contenu et les offres en fonction de vos besoins et de vos commentaires.<\/li>\n<li><b>Pour l'assistance \u00e0 la client\u00e8le :<\/b> R\u00e9pondre \u00e0 vos demandes et r\u00e9soudre les probl\u00e8mes.<\/li>\n<li><b>Pour la communication :<\/b> vous envoyer des courriers \u00e9lectroniques concernant vos commandes, ainsi que des informations sur l'entreprise, des mises \u00e0 jour et des promotions. Vous pouvez \u00e0 tout moment vous d\u00e9sabonner des courriers \u00e9lectroniques de marketing en cliquant sur le lien \"se d\u00e9sabonner\".<\/li>\n<\/ul>\n<h3>3. Cookies et technologies de suivi<\/h3>\n<p>Notre site web utilise des cookies pour am\u00e9liorer la fonctionnalit\u00e9. Ces petits fichiers nous aident \u00e0 m\u00e9moriser vos pr\u00e9f\u00e9rences et \u00e0 analyser le trafic sur le site. Nous pouvons \u00e9galement collaborer avec des fournisseurs tiers, tels que Google, qui utilisent des cookies pour diffuser des annonces en fonction de vos visites ant\u00e9rieures sur notre site et d'autres sites Internet. Vous pouvez g\u00e9rer vos pr\u00e9f\u00e9rences en mati\u00e8re de cookies par le biais des param\u00e8tres de votre navigateur.<\/p>\n<h3>4. Partage et divulgation d'informations<\/h3>\n<p>Nous accordons de l'importance \u00e0 votre vie priv\u00e9e. Nous ne vendons ni ne louons vos informations personnelles \u00e0 des tiers. Vos informations ne seront partag\u00e9es que dans les circonstances suivantes :<\/p>\n<ul>\n<li><b>Avec des prestataires de services de confiance :<\/b> Nous partageons des informations avec des partenaires qui nous aident dans nos activit\u00e9s commerciales, comme les soci\u00e9t\u00e9s de traitement des paiements et les soci\u00e9t\u00e9s d'exp\u00e9dition. Ces partenaires sont l\u00e9galement tenus de prot\u00e9ger vos donn\u00e9es.<\/li>\n<li><b>Pour des raisons de conformit\u00e9 l\u00e9gale :<\/b> Nous pouvons divulguer des informations si la loi l'exige ou pour prot\u00e9ger nos droits, nos biens ou notre s\u00e9curit\u00e9.<\/li>\n<\/ul>\n<h3>5. S\u00e9curit\u00e9 des donn\u00e9es<\/h3>\n<p>Nous mettons en \u0153uvre des mesures de s\u00e9curit\u00e9 solides pour prot\u00e9ger vos informations personnelles. Les donn\u00e9es sensibles, telles que les informations relatives aux cartes de cr\u00e9dit, sont transmises via un syst\u00e8me de cryptage SSL (Secure Socket Layer). Une fois la transaction termin\u00e9e, vos informations financi\u00e8res priv\u00e9es ne sont pas stock\u00e9es sur nos serveurs.<\/p>\n<h3>6. Vos droits et vos choix<\/h3>\n<p>Vous avez des droits sur vos donn\u00e9es personnelles. En fonction de votre lieu de r\u00e9sidence, vous pouvez avoir le droit de :<\/p>\n<ul>\n<li><b>Acc\u00e8s :<\/b> Demander une copie des informations personnelles que nous d\u00e9tenons \u00e0 votre sujet.<\/li>\n<li><b>Correction :<\/b> demander que nous corrigions toute information inexacte ou incompl\u00e8te.<\/li>\n<li><b>Suppression :<\/b> demander que nous supprimions vos informations personnelles, sous r\u00e9serve de certaines obligations l\u00e9gales.<\/li>\n<\/ul>\n<p>Pour exercer ces droits, veuillez nous contacter \u00e0 l'adresse suivante : info@recyclemachine.net.<\/p>\n<h3>7. Liens avec des tiers<\/h3>\n<p>Notre site web peut contenir des liens vers des sites externes. Nous ne sommes pas responsables des pratiques de ces autres sites en mati\u00e8re de protection de la vie priv\u00e9e. Nous vous encourageons \u00e0 lire leurs politiques de confidentialit\u00e9.<\/p>\n<h3>8. Vie priv\u00e9e des enfants<\/h3>\n<p>Nos services ne s'adressent pas aux personnes de moins de 13 ans. Nous ne recueillons pas sciemment d'informations personnelles aupr\u00e8s d'enfants de moins de 13 ans.<\/p>\n<h3>9. Mises \u00e0 jour des politiques<\/h3>\n<p>Nous pouvons mettre \u00e0 jour cette politique de confidentialit\u00e9 de temps \u00e0 autre. Toute modification sera publi\u00e9e sur cette page et nous vous encourageons \u00e0 la consulter r\u00e9guli\u00e8rement.<\/p>\n<p class=\"last-updated\">Cette politique a \u00e9t\u00e9 mise \u00e0 jour pour la derni\u00e8re fois le 1er\u00a0mai\u00a02024.<\/p>\n<p>Si vous avez des questions concernant cette politique, veuillez consulter notre site web. <a href=\"#\">Termes et conditions<\/a> ou nous contacter directement.<\/p>\n<\/div>\n<p><\/p>","protected":false},"excerpt":{"rendered":"<p>Bienvenue sur Rumtoo Machine. Nous nous engageons \u00e0 prot\u00e9ger votre vie priv\u00e9e. Cette politique d\u00e9taille la mani\u00e8re dont nous collectons, utilisons et s\u00e9curisons vos informations personnelles. 1. Les informations que nous collectons Nous collectons des informations de la mani\u00e8re suivante : Informations que vous fournissez directement : Lorsque vous vous inscrivez, passez une commande, vous abonnez \u00e0 notre newsletter ou remplissez un formulaire, nous \u2026 <a href=\"https:\/\/www.recyclemachine.net\/fr\/politique-de-confidentialite\/\" class=\"more-link\">continuer la lecture <span class=\"screen-reader-text\">Politique de confidentialit\u00e9<\/span><\/a><\/p>","protected":false},"author":1,"featured_media":0,"parent":0,"menu_order":0,"comment_status":"closed","ping_status":"open","template":"","meta":{"footnotes":""},"class_list":["post-3","page","type-page","status-publish","hentry"],"tsf_seo":{"title":"Politique de confidentialit\u00e9","description":"Afin de vous offrir une exp\u00e9rience s\u00fbre et transparente lors de l&#039;utilisation des diff\u00e9rents services et informations de notre site Web, nous nous engageons \u00e0 prot\u00e9ger votre vie priv\u00e9e.","robots":"index, follow","canonical":"https:\/\/www.recyclemachine.net\/fr\/politique-de-confidentialite\/","og_title":"Privacy Policy","og_description":"In order to provide you with a safe and seamless experience when using the various services and information on our website, we are committed to protecting your privacy","og_image":""},"_links":{"self":[{"href":"https:\/\/www.recyclemachine.net\/fr\/wp-json\/wp\/v2\/pages\/3","targetHints":{"allow":["GET"]}}],"collection":[{"href":"https:\/\/www.recyclemachine.net\/fr\/wp-json\/wp\/v2\/pages"}],"about":[{"href":"https:\/\/www.recyclemachine.net\/fr\/wp-json\/wp\/v2\/types\/page"}],"author":[{"embeddable":true,"href":"https:\/\/www.recyclemachine.net\/fr\/wp-json\/wp\/v2\/users\/1"}],"replies":[{"embeddable":true,"href":"https:\/\/www.recyclemachine.net\/fr\/wp-json\/wp\/v2\/comments?post=3"}],"version-history":[{"count":0,"href":"https:\/\/www.recyclemachine.net\/fr\/wp-json\/wp\/v2\/pages\/3\/revisions"}],"wp:attachment":[{"href":"https:\/\/www.recyclemachine.net\/fr\/wp-json\/wp\/v2\/media?parent=3"}],"curies":[{"name":"wp","href":"https:\/\/api.w.org\/{rel}","templated":true}]}}