{"id":8000,"date":"2023-11-28T23:15:57","date_gmt":"2023-11-29T07:15:57","guid":{"rendered":"https:\/\/recyclemachine.net\/?page_id=8000"},"modified":"2026-04-04T08:08:42","modified_gmt":"2026-04-04T08:08:42","slug":"maquinas-clasificadoras-de-msw","status":"publish","type":"page","link":"https:\/\/www.recyclemachine.net\/es\/maquinas-clasificadoras-de-msw\/","title":{"rendered":"Clasificadoras de RSU"},"content":{"rendered":"<style data-rtm-material-symbols=\"\">\n.rtm-ms-chip{\n  display:inline-flex !important;\n  align-items:center !important;\n  justify-content:center !important;\n  width:46px !important;\n  height:46px !important;\n  min-width:46px !important;\n  border-radius:14px !important;\n  border:0 !important;\n  padding:0 !important;\n  background:var(--rtm-ms-bg, rgba(125, 145, 196, 0.14)) !important;\n  color:var(--rtm-ms-fg, #5f739f) !important;\n  box-shadow:none !important;\n  filter:none !important;\n  flex:0 0 auto !important;\n}\n.rtm-ms-chip.rtm-ms-tone-1{--rtm-ms-bg:rgba(124,145,196,0.14);--rtm-ms-fg:#6479a8;}\n.rtm-ms-chip.rtm-ms-tone-2{--rtm-ms-bg:rgba(120,191,173,0.15);--rtm-ms-fg:#4e8f7d;}\n.rtm-ms-chip.rtm-ms-tone-3{--rtm-ms-bg:rgba(236,186,139,0.16);--rtm-ms-fg:#b17849;}\n.rtm-ms-chip.rtm-ms-tone-4{--rtm-ms-bg:rgba(218,166,196,0.16);--rtm-ms-fg:#9f6a8b;}\n.rtm-ms-chip.rtm-ms-tone-5{--rtm-ms-bg:rgba(171,180,229,0.16);--rtm-ms-fg:#6d76b8;}\n.rtm-ms-chip.rtm-ms-tone-6{--rtm-ms-bg:rgba(148,209,205,0.15);--rtm-ms-fg:#4c8f8a;}\n.rtm-ms-glyph{\n  font-family:\"Material Symbols Outlined\" !important;\n  font-weight:400 !important;\n  font-style:normal !important;\n  font-size:24px !important;\n  line-height:1 !important;\n  letter-spacing:normal !important;\n  text-transform:none !important;\n  white-space:nowrap !important;\n  word-wrap:normal !important;\n  direction:ltr !important;\n  display:block !important;\n  -webkit-font-smoothing:antialiased !important;\n  -moz-osx-font-smoothing:grayscale !important;\n  font-feature-settings:\"liga\" 1, \"kern\" 1 !important;\n  font-variation-settings:\"FILL\" 0,\"wght\" 400,\"GRAD\" 0,\"opsz\" 24;\n}\n.rtm-ms-inline{\n  display:inline-flex !important;\n  align-items:center !important;\n  justify-content:center !important;\n  vertical-align:middle !important;\n}\n<\/style>\n<style>\n    \/* Scoped Dark Theme for Hub Page *\/\n    .rtm-hub-container{--hub-primary: #4bd6a0;\n        --hub-primary-hover: #3ac98f;\n        --hub-bg-main: #04070c;\n        --hub-bg-card: #0b121c;\n        --hub-text-main: #f3f6ff;\n        --hub-text-sub: #9ba8bc;\n        --hub-border: rgba(75, 214, 160, 0.22);\n\n        \n        \/* Inherit WordPress font *\/\n        \n        \n        padding: 60px 0;\n        line-height: 1.6;}\n\n    .rtm-hub-container * {\n        box-sizing: border-box;\n    }\n\n    .rtm-hub-container a {\n        text-decoration: none;\n        \n    }\n\n    .rtm-hub-wrapper {\n        max-width: 1200px;\n        margin: 0 auto;\n        padding: 0 24px;\n    }\n\n    \/* Hero Section *\/\n    .hub-hero {\n        text-align: center;\n        margin-bottom: 60px;\n        padding: 60px 20px;\n        \n        border-radius: 20px;\n        border: 1px solid var(--hub-border);\n    }\n\n    .hub-hero h1 {\n        \n        margin-bottom: 20px;\n        \n    }\n\n    .hub-hero h1 span {\n        \n    }\n\n    .hub-hero p {\n        \n        \n        max-width: 800px;\n        margin: 0 auto;\n    }\n\n    \/* Product Grid *\/\n    .hub-grid {\n        display: grid;\n        grid-template-columns: repeat(auto-fit, minmax(320px, 1fr));\n        gap: 30px;\n    }\n\n    .hub-card {border-radius: 16px;\n        overflow: hidden;\n        transition: transform 0.3s ease, box-shadow 0.3s ease, border-color 0.3s ease;\n        display: flex;\n        flex-direction: column;background:#f5f5f7;}\n\n    .hub-card:hover {transform: translateY(-8px);\n        box-shadow: 0 15px 40px rgba(4, 7, 12, 0.6);background:#f5f5f7;}\n\n    .card-image {\n        height: 240px;\n        \n        display: flex;\n        align-items: center;\n        justify-content: center;\n        overflow: hidden;\n        position: relative;\n    }\n\n    .card-image img {\n        width: 100%;\n        height: 100%;\n        object-fit: cover;\n        transition: transform 0.5s ease;\n    }\n\n    .hub-card:hover .card-image img {\n        transform: scale(1.05);\n    }\n\n    .card-icon {\n        \n        color: rgba(75, 214, 160, 0.2);\n    }\n\n    .card-content {\n        padding: 30px;\n        flex-grow: 1;\n        display: flex;\n        flex-direction: column;\n    }\n\n    .card-content h2 {\n        \n        margin: 0 0 15px 0;\n        \n    }\n\n    .card-content p {\n        \n        margin-bottom: 25px;\n        flex-grow: 1;\n    }\n\n    .card-btn {\n        display: inline-block;\n        padding: 12px 24px;\n        background: rgba(75, 214, 160, 0.1);\n        color: var(--hub-primary);\n        border: 1px solid var(--hub-border);\n        border-radius: 8px;\n        text-align: center;\n        font-weight: 600;\n        transition: all 0.3s ease;\n    }\n\n    .hub-card:hover .card-btn {\n        background: var(--hub-primary);\n        \n    }\n\n    @media (max-width: 768px){\n        .hub-hero h1 {\n            \n        }\n\n        .hub-hero {\n            padding: 40px 20px;\n        }\n    }\n\n    \/* Benefits Section *\/\n    .hub-benefits {\n        margin-top: 80px;\n        padding-top: 60px;\n        border-top: 1px solid var(--hub-border);\n    }\n\n    .hub-benefits h2 {\n        text-align: center;\n        \n        margin-bottom: 50px;\n        \n    }\n\n    .benefits-wrapper {\n        display: grid;\n        grid-template-columns: repeat(auto-fit, minmax(300px, 1fr));\n        gap: 40px;\n    }\n\n    .benefit-box {\n        text-align: center;\n        padding: 0 20px;\n    }\n\n    .benefit-box i {\n        font-size: 2.5em;\n        \n        margin-bottom: 20px;\n        \n        width: 80px;\n        height: 80px;\n        line-height: 80px;\n        border-radius: 50%;\n        display: inline-block;\n    }\n\n    .benefit-box h3 {\n        \n        margin-bottom: 15px;\n        \n    }\n\n    .benefit-box p {\n        \n    }\n<\/style>\n<div class=\"rtm-hub-container\">\n<div class=\"rtm-hub-wrapper\">\n<!-- Hero Header -->\n<div class=\"hub-hero\">\n<h1><span>Clasificadoras de RSU<\/span> &amp; Equipo<\/h1>\n<p>Explore nuestra amplia gama de maquinaria dise\u00f1ada para la separaci\u00f3n y el reciclaje efectivos de residuos s\u00f3lidos urbanos (RSU).<\/p>\n<\/div>\n<!-- Product List -->\n<div class=\"hub-grid\">\n<!-- 1. MSW Sorting Machine (Main Plant) -->\n<a class=\"hub-card\" href=\"\/es\/msw-sorting-machine-waste-management.html\/\">\n<div class=\"card-image\">\n<img decoding=\"async\" alt=\"Planta de clasificaci\u00f3n de RSU\" src=\"https:\/\/www.recyclemachine.net\/wp-content\/uploads\/2025\/05\/MSW-Sorting-Machine.webp\"\/>\n<\/div>\n<div class=\"card-content\">\n<h2>M\u00e1quina clasificadora de RSU \u2014 Planta de reciclaje de residuos<\/h2>\n<p>Una soluci\u00f3n completa llave en mano para la segregaci\u00f3n autom\u00e1tica de residuos municipales mixtos en fracciones reciclables como pl\u00e1sticos, metales y materiales org\u00e1nicos.<\/p>\n<span class=\"card-btn\">Sistema de visualizaci\u00f3n<\/span>\n<\/div>\n<\/a>\n<!-- 2. Trommel Screen -->\n<a class=\"hub-card\" href=\"https:\/\/www.recyclemachine.net\/es\/pantalla-de-tromel\/\">\n<div class=\"card-image\">\n<img decoding=\"async\" alt=\"M\u00e1quina de criba de tambor\" src=\"https:\/\/www.recyclemachine.net\/wp-content\/uploads\/2025\/07\/Trommel-Machine-768x432.webp\"\/>\n<\/div>\n<div class=\"card-content\">\n<h2>Criba de tr\u00f3mel<\/h2>\n<p>Criba rotativa de alta resistencia para la separaci\u00f3n de residuos por tama\u00f1o primario. Separa eficazmente finos, materia org\u00e1nica y residuos peque\u00f1os de los materiales reciclables de mayor tama\u00f1o.<\/p>\n<span class=\"card-btn\">Ver m\u00e1quina<\/span>\n<\/div>\n<\/a>\n<!-- 3. Chain Waste Conveyor -->\n<a class=\"hub-card\" href=\"https:\/\/www.recyclemachine.net\/es\/transportador-de-residuos-de-cadena\/\">\n<div class=\"card-image\">\n<img decoding=\"async\" alt=\"Transportador de residuos de cadena\" src=\"https:\/\/www.recyclemachine.net\/wp-content\/uploads\/2025\/01\/Chain-Waste-Conveyor.webp\"\/>\n<\/div>\n<div class=\"card-content\">\n<h2>Transportador de residuos de cadena<\/h2>\n<p>Sistema transportador de placa de acero robusto dise\u00f1ado para transportar cargas pesadas de residuos a granel a trituradoras o l\u00edneas de clasificaci\u00f3n con la m\u00e1xima confiabilidad.<\/p>\n<span class=\"card-btn\">Ver m\u00e1quina<\/span>\n<\/div>\n<\/a>\n<\/div>\n<!-- Why Choose Section -->\n<div class=\"hub-benefits\">\n<h2>\u00bfPor qu\u00e9 elegir Rumtoo MSW Solutions?<\/h2>\n<div class=\"benefits-wrapper\">\n<div class=\"benefit-box\">\n<span class=\"rtm-ms-chip rtm-ms-tone-4\"><span data-no-translation=\"\" data-no-dynamic-translation=\"\" translate=\"no\" aria-hidden=\"true\" class=\"material-symbols-outlined rtm-ms-glyph\">engineering<\/span><\/span>\n<h3>Ingenier\u00eda llave en mano<\/h3>\n<p>Brindamos soporte completo para proyectos desde el dise\u00f1o inicial del dise\u00f1o de la planta hasta la fabricaci\u00f3n, instalaci\u00f3n y puesta en marcha en el sitio.<\/p>\n<\/div>\n<div class=\"benefit-box\">\n<span class=\"rtm-ms-chip rtm-ms-tone-4\"><span data-no-translation=\"\" data-no-dynamic-translation=\"\" translate=\"no\" aria-hidden=\"true\" class=\"material-symbols-outlined rtm-ms-glyph\">speed<\/span><\/span>\n<h3>Configuraci\u00f3n personalizada<\/h3>\n<p>Cada flujo de residuos es \u00fanico. Adaptamos nuestras l\u00edneas de clasificaci\u00f3n a la composici\u00f3n de sus materiales y requisitos de producci\u00f3n locales.<\/p>\n<\/div>\n<div class=\"benefit-box\">\n<span class=\"rtm-ms-chip rtm-ms-tone-3\"><span data-no-translation=\"\" data-no-dynamic-translation=\"\" translate=\"no\" aria-hidden=\"true\" class=\"material-symbols-outlined rtm-ms-glyph\">recycling<\/span><\/span>\n<h3>Alta tasa de recuperaci\u00f3n<\/h3>\n<p>Integrado con tecnolog\u00edas avanzadas de separaci\u00f3n magn\u00e9tica, de aire y de tambor para maximizar la pureza y el valor de los materiales reciclables recuperados.<\/p>\n<\/div>\n<\/div>\n<\/div>\n<\/div>\n<\/div>","protected":false},"excerpt":{"rendered":"<p>M\u00e1quinas y Equipos de Clasificaci\u00f3n de RSU Explora nuestra amplia gama de maquinaria dise\u00f1ada para la separaci\u00f3n y reciclaje efectivo de Residuos S\u00f3lidos Urbanos (RSU). M\u00e1quina de Clasificaci\u00f3n de RSU \u2014 Planta de Reciclaje de Residuos Un completo paquete de soluciones llave en mano para la segregaci\u00f3n autom\u00e1tica de residuos municipales mezclados en fracciones reciclables como pl\u00e1sticos, metales y org\u00e1nicos. Ver Sistema de Tamiz Rotatorio Pesado \u2026 <a href=\"https:\/\/www.recyclemachine.net\/es\/maquinas-clasificadoras-de-msw\/\" class=\"more-link\">sigue leyendo <span class=\"screen-reader-text\">Clasificadoras de RSU<\/span><\/a><\/p>","protected":false},"author":1,"featured_media":0,"parent":0,"menu_order":23,"comment_status":"closed","ping_status":"closed","template":"","meta":{"footnotes":""},"class_list":["post-8000","page","type-page","status-publish","hentry"],"tsf_seo":{"title":"Clasificadoras de RSU","description":"Las m\u00e1quinas clasificadoras de RSU contribuyen significativamente a la sostenibilidad ambiental al facilitar tasas de reciclaje m\u00e1s altas y reducir el volumen de residuos enviados a los vertederos.","robots":"index, follow","canonical":"https:\/\/www.recyclemachine.net\/es\/maquinas-clasificadoras-de-msw\/","og_title":"MSW Sorting Machines","og_description":"MSW sorting machines significantly contribute to environmental sustainability by facilitating higher recycling rates and reducing the volume of waste sent to landfills.","og_image":""},"_links":{"self":[{"href":"https:\/\/www.recyclemachine.net\/es\/wp-json\/wp\/v2\/pages\/8000","targetHints":{"allow":["GET"]}}],"collection":[{"href":"https:\/\/www.recyclemachine.net\/es\/wp-json\/wp\/v2\/pages"}],"about":[{"href":"https:\/\/www.recyclemachine.net\/es\/wp-json\/wp\/v2\/types\/page"}],"author":[{"embeddable":true,"href":"https:\/\/www.recyclemachine.net\/es\/wp-json\/wp\/v2\/users\/1"}],"replies":[{"embeddable":true,"href":"https:\/\/www.recyclemachine.net\/es\/wp-json\/wp\/v2\/comments?post=8000"}],"version-history":[{"count":0,"href":"https:\/\/www.recyclemachine.net\/es\/wp-json\/wp\/v2\/pages\/8000\/revisions"}],"wp:attachment":[{"href":"https:\/\/www.recyclemachine.net\/es\/wp-json\/wp\/v2\/media?parent=8000"}],"curies":[{"name":"wp","href":"https:\/\/api.w.org\/{rel}","templated":true}]}}