{"id":7982,"date":"2023-11-26T18:37:59","date_gmt":"2023-11-27T02:37:59","guid":{"rendered":"https:\/\/recyclemachine.net\/?page_id=7982"},"modified":"2024-07-16T23:50:47","modified_gmt":"2024-07-17T06:50:47","slug":"cuchillas-de-la-maquina-de-reciclaje","status":"publish","type":"page","link":"https:\/\/www.recyclemachine.net\/es\/cuchillas-de-la-maquina-de-reciclaje\/","title":{"rendered":"Cuchillas para m\u00e1quinas de reciclaje"},"content":{"rendered":"<div class=\"wpb-content-wrapper\">\r\n<div class=\"vc_row ts-row wpb_row vc_row-fluid ts-total-col-1 ts-zindex-0 container ts-bgimage-position-center_center\">\r\n\r\n        \r\n\t\r\n\t\r\n\t\t\r\n<div class=\"ts-column wpb_column vc_column_container vc_col-sm-12 ts-zindex-0\">\r\n\t<div class=\"vc_column-inner\">\r\n\t\t\t\t<div class=\"wpb_wrapper\">\r\n\t\t\t<div class=\"themestek-boxes themestek-boxes-blog themestek-boxes-view-default themestek-boxes-col-three themestek-boxes-sortable-no themestek-boxes-textalign-center themestek-boxes-sortablebutton-  wpb_animate_when_almost_visible wpb_fadeInDown fadeInDown\">\r\n\t\t<div class=\"themestek-boxes-inner themestek-boxes-blog-inner\"><div class=\"themestek-box-heading-wrapper ts-element-align-center\"><div class=\"ts-element-heading-wrapper ts-heading-inner ts-element-align-center ts-seperator-none\"><section class=\"ts-vc_cta3-container\"><div class=\"ts-vc_general ts-vc_cta3 ts-cta3-only ts-vc_cta3-style-classic ts-vc_cta3-shape-rounded ts-vc_cta3-align-center ts-vc_cta3-color-transparent ts-vc_cta3-icon-size-md ts-vc_cta3-actions-no ts-cta3-with-desc\"><div class=\"ts-vc_cta3_content-container\"><div class=\"ts-vc_cta3-content\"><div class=\"ts-vc_cta3-content-header ts-wrap\"><div class=\"ts-vc_cta3-headers ts-wrap-cell\"><h4 class=\"ts-custom-heading\" >Eficiencia irrompible: cuchillas duraderas para un reciclaje continuo<\/h4>\n<h2 class=\"ts-custom-heading\" ><a href=\"https:\/\/www.recyclemachine.net\/es\/cuchillas-de-la-maquina-de-reciclaje\/\">Cuchillas para m\u00e1quinas de reciclaje<\/a><\/h2>\n<\/div><\/div><div class=\"ts-cta3-content-wrapper\"><p>Borde de precisi\u00f3n, m\u00e1ximo rendimiento: hojas de reciclaje dise\u00f1adas para ganar<br \/>\nShred Power Unleashed: cuchillas que transforman los residuos en ganancias<br \/>\nPotente m\u00e1quina de reciclaje equipada con cuchillas que trituran diversos materiales.<\/p><\/div><\/div><\/div><\/div><\/section><\/div> <!-- .ts-element-heading-wrapper container --> <\/div> <!-- .ts-element-heading-wrapper container --> \n\t\t\t\n\t\t\t<div class=\"row multi-columns-row themestek-boxes-row-wrapper themestek-boxes-row-wrapper-blog\">\n\t\t\t\t<div class=\"ts-box-col-wrapper col-lg-4 col-sm-6 col-md-4 col-xs-12 ts-term-236\"><article class=\"themestek-box themestek-box-blog ts-blogbox-style-1 themestek-box-style1 themestek-blogbox-format-image\">\r\n\t<div class=\"post-item\">\r\n\t\t\r\n\t\t<div class=\"ts-blog-image-with-meta\">\r\n\t\t\t<div class=\"ts-featured-wrapper ts-post-featured-wrapper ts-post-format-image\"><img loading=\"lazy\" decoding=\"async\" width=\"864\" height=\"590\" src=\"https:\/\/www.recyclemachine.net\/wp-content\/uploads\/2024\/01\/01bbb0a6-520c-4cd5-83ff-e1c438c885b4.webp\" class=\"attachment-themestek-img-800x700 size-themestek-img-800x700 wp-post-image\" alt=\"Cuchillas trituradoras de pl\u00e1stico de alta calidad\" srcset=\"https:\/\/www.recyclemachine.net\/wp-content\/uploads\/2024\/01\/01bbb0a6-520c-4cd5-83ff-e1c438c885b4.webp 864w, https:\/\/www.recyclemachine.net\/wp-content\/uploads\/2024\/01\/01bbb0a6-520c-4cd5-83ff-e1c438c885b4-300x205.webp 300w, https:\/\/www.recyclemachine.net\/wp-content\/uploads\/2024\/01\/01bbb0a6-520c-4cd5-83ff-e1c438c885b4-768x524.webp 768w\" sizes=\"auto, (max-width: 864px) 100vw, 864px\" data-id=\"8241\" \/><\/div>\t\t\t\t\t<div class=\"ts-featured-meta-wrapper ts-featured-overlay\">\t\t\t\t\t\t\t\r\n\r\n\t\t\t\t\t\t\t\t\t\t\t\t\t<span class=\"ts-meta-line cat-links\"><i class=\"ts-industco-icon-category\"><\/i> <span class=\"screen-reader-text ts-hide\">Categor\u00edas <\/span><a href=\"https:\/\/www.recyclemachine.net\/es\/categoria\/cuchillas\/\">Cuchillas para m\u00e1quinas de reciclaje<\/a><\/span>\r\n\t\t\t\t\t\t\r\n\t\t\t\t\t\t\t\t\t\t\t\t<span class=\"ts-meta-line posted-on\">\r\n\t\t\t\t\t\t\t<i class=\"ts-industco-icon-clock\"><\/i> \r\n\t\t\t\t\t\t\t<span class=\"screen-reader-text ts-hide\">Publicado el <\/span>\r\n\t\t\t\t\t\t\t<a href=\"https:\/\/www.recyclemachine.net\/es\/cuchillas-de-trituradora-granuladora-de-plastico\/\" rel=\"bookmark\">\r\n\t\t\t\t\t\t\t\t<time class=\"entry-date published\" datetime=\"2025-10-15T01:31:49-07:00\">10\/15\/2025<\/time>\r\n\t\t\t\t\t\t\t\t<time class=\"updated ts-hide\" datetime=\"2026-04-07T05:20:24-07:00\">04\/07\/2026<\/time>\r\n\t\t\t\t\t\t\t<\/a>\r\n\t\t\t\t\t\t<\/span>\r\n\r\n\t\t\t\t\t<\/div>\r\n\t\t<\/div>\t\t\r\n\r\n\t\t<div class=\"themestek-box-content\">\t\r\n\t\t\t<div class=\"themestek-box-title\"><h4><a href=\"https:\/\/www.recyclemachine.net\/es\/cuchillas-de-trituradora-granuladora-de-plastico\/\">Gu\u00eda definitiva de SKD-11, D2, DC53 y 55SiCr para cuchillas de reciclado de pl\u00e1stico<\/a><\/h4><\/div>\t\t\t<div class=\"themestek-box-desc\">\r\n\t\t\t\t<div class=\"themestek-box-desc-text\">Esencial para la Industria del Reciclaje de Pl\u00e1sticos: Comparaci\u00f3n exhaustiva y gu\u00eda sobre los materiales de corte SKD-11, D2, DC53 y 55SiCr<\/div>\r\n\t\t\t<\/div>\r\n\r\n\t\t\t<div class=\"themestek-blogbox-footer-readmore\">\r\n\t\t\t\t\t\t\t<\/div>\r\n\r\n\t\t<\/div>\r\n\t<\/div>\r\n<\/article>\r\n\r\n<\/div><div class=\"ts-box-col-wrapper col-lg-4 col-sm-6 col-md-4 col-xs-12 ts-term-236\"><article class=\"themestek-box themestek-box-blog ts-blogbox-style-1 themestek-box-style1 themestek-blogbox-format-image\">\r\n\t<div class=\"post-item\">\r\n\t\t\r\n\t\t<div class=\"ts-blog-image-with-meta\">\r\n\t\t\t<div class=\"ts-featured-wrapper ts-post-featured-wrapper ts-post-format-image\"><img loading=\"lazy\" decoding=\"async\" width=\"1920\" height=\"1080\" src=\"https:\/\/www.recyclemachine.net\/wp-content\/uploads\/2023\/11\/Shredder_Rotor_Knives.webp\" class=\"attachment-themestek-img-800x700 size-themestek-img-800x700 wp-post-image\" alt=\"La imagen muestra dos componentes met\u00e1licos con superficies c\u00f3ncavas y orificios centrales, t\u00edpicamente conocidos como cuchillas de rotor de trituradora. Se utilizan en trituradoras industriales para cortar o triturar materiales. Los distintos tama\u00f1os sugieren que pueden ser para distintas capacidades o etapas de trituraci\u00f3n. El dise\u00f1o se centra en la durabilidad y la eficacia, cruciales para operaciones continuas y pesadas en procesos de reciclaje o fabricaci\u00f3n.\" srcset=\"https:\/\/www.recyclemachine.net\/wp-content\/uploads\/2023\/11\/Shredder_Rotor_Knives.webp 1920w, https:\/\/www.recyclemachine.net\/wp-content\/uploads\/2023\/11\/Shredder_Rotor_Knives-300x169.webp 300w, https:\/\/www.recyclemachine.net\/wp-content\/uploads\/2023\/11\/Shredder_Rotor_Knives-1024x576.webp 1024w, https:\/\/www.recyclemachine.net\/wp-content\/uploads\/2023\/11\/Shredder_Rotor_Knives-768x432.webp 768w, https:\/\/www.recyclemachine.net\/wp-content\/uploads\/2023\/11\/Shredder_Rotor_Knives-1536x864.webp 1536w\" sizes=\"auto, (max-width: 1920px) 100vw, 1920px\" data-id=\"7975\" \/><\/div>\t\t\t\t\t<div class=\"ts-featured-meta-wrapper ts-featured-overlay\">\t\t\t\t\t\t\t\r\n\r\n\t\t\t\t\t\t\t\t\t\t\t\t\t<span class=\"ts-meta-line cat-links\"><i class=\"ts-industco-icon-category\"><\/i> <span class=\"screen-reader-text ts-hide\">Categor\u00edas <\/span><a href=\"https:\/\/www.recyclemachine.net\/es\/categoria\/cuchillas\/\">Cuchillas para m\u00e1quinas de reciclaje<\/a><\/span>\r\n\t\t\t\t\t\t\r\n\t\t\t\t\t\t\t\t\t\t\t\t<span class=\"ts-meta-line posted-on\">\r\n\t\t\t\t\t\t\t<i class=\"ts-industco-icon-clock\"><\/i> \r\n\t\t\t\t\t\t\t<span class=\"screen-reader-text ts-hide\">Publicado el <\/span>\r\n\t\t\t\t\t\t\t<a href=\"https:\/\/www.recyclemachine.net\/es\/cuchillas-del-rotor-de-la-trituradora\/\" rel=\"bookmark\">\r\n\t\t\t\t\t\t\t\t<time class=\"entry-date published\" datetime=\"2025-01-30T04:53:02-08:00\">01\/30\/2025<\/time>\r\n\t\t\t\t\t\t\t\t<time class=\"updated ts-hide\" datetime=\"2026-04-07T05:20:25-07:00\">04\/07\/2026<\/time>\r\n\t\t\t\t\t\t\t<\/a>\r\n\t\t\t\t\t\t<\/span>\r\n\r\n\t\t\t\t\t<\/div>\r\n\t\t<\/div>\t\t\r\n\r\n\t\t<div class=\"themestek-box-content\">\t\r\n\t\t\t<div class=\"themestek-box-title\"><h4><a href=\"https:\/\/www.recyclemachine.net\/es\/cuchillas-del-rotor-de-la-trituradora\/\">Cuchillas de rotor triturador<\/a><\/h4><\/div>\t\t\t<div class=\"themestek-box-desc\">\r\n\t\t\t\t<div class=\"themestek-box-desc-text\">Explore la calidad superior de las cuchillas rotativas para trituradoras Rumtoo, que cuentan con incrustaciones de carburo de tungsteno, tratamiento t\u00e9rmico avanzado y soluciones personalizadas para un reciclaje eficiente de pl\u00e1stico.<\/div>\r\n\t\t\t<\/div>\r\n\r\n\t\t\t<div class=\"themestek-blogbox-footer-readmore\">\r\n\t\t\t\t\t\t\t<\/div>\r\n\r\n\t\t<\/div>\r\n\t<\/div>\r\n<\/article>\r\n\r\n<\/div>\n\t\t\t<\/div>\n\t\t<div class=\"clearfix\"><\/div><\/div><!-- .themestek-boxes-inner -->   <\/div><!-- .themestek-boxes -->  \t\t<\/div>\r\n\t<\/div>\r\n<\/div>\r\n\r\n\r\n\t<\/div>\r\n\r\n\r\n\n<\/div>","protected":false},"excerpt":{"rendered":"Cuchillas de Rotor de Desmenuzador de Carburo de Tungsteno Ingeniadas para una resistencia al desgaste y una longevidad m\u00e1ximas, nuestras cuchillas de rotor de desmenuzador son el coraz\u00f3n de su Desmenuzador de Pl\u00e1stico. Ofrecemos cuchillas premium y personalizadas para mejorar el rendimiento y la eficiencia de su m\u00e1quina. Obt\u00e9n una Cotizaci\u00f3n La Ventaja del Rumtoo Nuestros cuchillos de desmenuzador son confiables por profesionales de la reciclaje en todo el mundo por su desempe\u00f1o y \u2026 <a href=\"https:\/\/www.recyclemachine.net\/es\/cuchillas-del-rotor-de-la-trituradora\/\" class=\"more-link\">sigue leyendo <span class=\"screen-reader-text\">Cuchillas de rotor triturador<\/span><\/a>","protected":false},"author":1,"featured_media":0,"parent":0,"menu_order":23,"comment_status":"closed","ping_status":"closed","template":"","meta":{"footnotes":""},"class_list":["post-7982","page","type-page","status-publish","hentry"],"tsf_seo":{"title":"Cuchillas para m\u00e1quinas de reciclaje","description":"Prolongue la vida \u00fatil de su equipo de reciclaje con nuestras cuchillas de alto rendimiento, dise\u00f1adas para ofrecer durabilidad y un rendimiento de corte \u00f3ptimo en aplicaciones exigentes.","robots":"index, follow","canonical":"https:\/\/www.recyclemachine.net\/es\/cuchillas-de-la-maquina-de-reciclaje\/","og_title":"Recycling Machine Blades","og_description":"Extend the life of your recycling equipment with our high&#x2d;performance blades, designed for durability and optimal cutting performance in demanding applications.","og_image":""},"_links":{"self":[{"href":"https:\/\/www.recyclemachine.net\/es\/wp-json\/wp\/v2\/pages\/7982","targetHints":{"allow":["GET"]}}],"collection":[{"href":"https:\/\/www.recyclemachine.net\/es\/wp-json\/wp\/v2\/pages"}],"about":[{"href":"https:\/\/www.recyclemachine.net\/es\/wp-json\/wp\/v2\/types\/page"}],"author":[{"embeddable":true,"href":"https:\/\/www.recyclemachine.net\/es\/wp-json\/wp\/v2\/users\/1"}],"replies":[{"embeddable":true,"href":"https:\/\/www.recyclemachine.net\/es\/wp-json\/wp\/v2\/comments?post=7982"}],"version-history":[{"count":0,"href":"https:\/\/www.recyclemachine.net\/es\/wp-json\/wp\/v2\/pages\/7982\/revisions"}],"wp:attachment":[{"href":"https:\/\/www.recyclemachine.net\/es\/wp-json\/wp\/v2\/media?parent=7982"}],"curies":[{"name":"wp","href":"https:\/\/api.w.org\/{rel}","templated":true}]}}