{"id":3,"date":"2024-01-21T19:29:56","date_gmt":"2024-01-22T03:29:56","guid":{"rendered":"https:\/\/recyclemachine.net\/?page_id=3"},"modified":"2025-09-06T05:10:14","modified_gmt":"2025-09-06T12:10:14","slug":"politica-de-privacidad","status":"publish","type":"page","link":"https:\/\/www.recyclemachine.net\/es\/politica-de-privacidad\/","title":{"rendered":"Pol\u00edtica de privacidad"},"content":{"rendered":"<p data-is-html-content=\"true\"><\/p>\n<div class=\"privacy-policy-container\">\n<style>\n\n\n\n\n\n\n\n\n\n<\/style>\n<p>Bienvenido a Rumtoo Machine. Nos comprometemos a proteger su privacidad. Esta pol\u00edtica detalla c\u00f3mo recogemos, utilizamos y salvaguardamos su informaci\u00f3n personal.<\/p>\n<h3>1. Qu\u00e9 informaci\u00f3n recopilamos<\/h3>\n<p>Recogemos informaci\u00f3n de las siguientes maneras:<\/p>\n<ul>\n<li><b>Informaci\u00f3n que usted proporciona directamente:<\/b> Cuando se registra, realiza un pedido, se suscribe a nuestro bolet\u00edn de noticias o rellena un formulario, podemos recopilar su nombre, direcci\u00f3n de correo electr\u00f3nico, direcci\u00f3n postal, n\u00famero de tel\u00e9fono y datos de pago.<\/li>\n<li><b>Informaci\u00f3n recogida autom\u00e1ticamente:<\/b> Cuando visita nuestro sitio web, utilizamos cookies y tecnolog\u00edas similares para recopilar autom\u00e1ticamente informaci\u00f3n sobre su dispositivo y su comportamiento de navegaci\u00f3n. Esto nos ayuda a comprender las preferencias del usuario y a mejorar nuestro servicio.<\/li>\n<\/ul>\n<h3>2. C\u00f3mo utilizamos su informaci\u00f3n<\/h3>\n<p>Sus datos se utilizan para los siguientes fines:<\/p>\n<ul>\n<li><b>Para prestar y gestionar nuestros servicios:<\/b> Cumplimentaci\u00f3n de pedidos, tramitaci\u00f3n de pagos y entrega de productos.<\/li>\n<li><b>Para mejorar su experiencia:<\/b> Personalizar los contenidos y las ofertas en funci\u00f3n de sus necesidades y comentarios.<\/li>\n<li><b>Para atenci\u00f3n al cliente:<\/b> Responder a sus consultas y resolver problemas.<\/li>\n<li><b>Para la comunicaci\u00f3n:<\/b> Enviarle correos electr\u00f3nicos sobre sus pedidos, as\u00ed como noticias, actualizaciones y promociones de la empresa. Puede darse de baja en cualquier momento haciendo clic en el enlace \"Cancelar suscripci\u00f3n\".<\/li>\n<\/ul>\n<h3>3. Cookies y tecnolog\u00edas de seguimiento<\/h3>\n<p>Nuestro sitio web utiliza cookies para mejorar su funcionalidad. Estos peque\u00f1os archivos nos ayudan a recordar sus preferencias y a analizar el tr\u00e1fico del sitio. Tambi\u00e9n podemos asociarnos con proveedores externos, como Google, que utilizan cookies para publicar anuncios basados en sus visitas anteriores a nuestro sitio y a otros sitios de Internet. Puede gestionar sus preferencias de cookies a trav\u00e9s de la configuraci\u00f3n de su navegador.<\/p>\n<h3>4. Intercambio y divulgaci\u00f3n de informaci\u00f3n<\/h3>\n<p>Valoramos su privacidad. No vendemos ni alquilamos su informaci\u00f3n personal a terceros. Su informaci\u00f3n solo se compartir\u00e1 en las siguientes circunstancias:<\/p>\n<ul>\n<li><b>Con proveedores de servicios de confianza:<\/b> Compartimos informaci\u00f3n con socios que nos ayudan en las operaciones comerciales, como procesadores de pagos y empresas de transporte. Estos socios est\u00e1n legalmente obligados a proteger sus datos.<\/li>\n<li><b>Por cumplimiento legal:<\/b> Podemos revelar informaci\u00f3n si as\u00ed lo exige la ley o para proteger nuestros derechos, propiedad o seguridad.<\/li>\n<\/ul>\n<h3>5. 5. Seguridad de los datos<\/h3>\n<p>Aplicamos s\u00f3lidas medidas de seguridad para proteger su informaci\u00f3n personal. Los datos confidenciales, como los de la tarjeta de cr\u00e9dito, se transmiten mediante cifrado SSL (Secure Socket Layer). Una vez finalizada la transacci\u00f3n, su informaci\u00f3n financiera privada no se almacena en nuestros servidores.<\/p>\n<h3>6. Sus derechos y opciones<\/h3>\n<p>Usted tiene derechos sobre sus datos personales. Dependiendo de su ubicaci\u00f3n, puede tener derecho a:<\/p>\n<ul>\n<li><b>Acceso:<\/b> Solicitar una copia de la informaci\u00f3n personal que tenemos sobre usted.<\/li>\n<li><b>Correcci\u00f3n:<\/b> Solicitar que corrijamos cualquier informaci\u00f3n inexacta o incompleta.<\/li>\n<li><b>Supresi\u00f3n:<\/b> Solicitar que eliminemos su informaci\u00f3n personal, sujeto a ciertas obligaciones legales.<\/li>\n<\/ul>\n<p>Para ejercer estos derechos, p\u00f3ngase en contacto con nosotros en info@recyclemachine.net.<\/p>\n<h3>7. Enlaces de terceros<\/h3>\n<p>Nuestro sitio web puede contener enlaces a sitios externos. No somos responsables de las pr\u00e1cticas de privacidad de estos otros sitios. Le recomendamos que lea sus pol\u00edticas de privacidad.<\/p>\n<h3>8. Privacidad infantil<\/h3>\n<p>Nuestros servicios no est\u00e1n dirigidos a personas menores de 13 a\u00f1os. No recopilamos conscientemente informaci\u00f3n personal de ni\u00f1os menores de 13 a\u00f1os.<\/p>\n<h3>9. Actualizaciones pol\u00edticas<\/h3>\n<p>Es posible que actualicemos esta pol\u00edtica de privacidad de vez en cuando. Cualquier cambio se publicar\u00e1 en esta p\u00e1gina, y le recomendamos que la revise peri\u00f3dicamente.<\/p>\n<p class=\"last-updated\">Esta pol\u00edtica se actualiz\u00f3 por \u00faltima vez el 1 de mayo de 2024.<\/p>\n<p>Si tiene alguna duda sobre esta pol\u00edtica, consulte nuestro <a href=\"#\">T\u00e9rminos y condiciones<\/a> o p\u00f3ngase en contacto con nosotros directamente.<\/p>\n<\/div>\n<p><\/p>","protected":false},"excerpt":{"rendered":"<p>Bienvenido a Rumtoo Machine. Nos comprometemos a proteger su privacidad. Esta pol\u00edtica detalla c\u00f3mo recopilamos, utilizamos y salvaguardamos su informaci\u00f3n personal. 1. Recogemos informaci\u00f3n de las siguientes maneras: Informaci\u00f3n que usted nos proporciona directamente: Cuando se registra, realiza un pedido, se suscribe a nuestro bolet\u00edn de noticias o rellena un formulario, ... <a href=\"https:\/\/www.recyclemachine.net\/es\/politica-de-privacidad\/\" class=\"more-link\">sigue leyendo <span class=\"screen-reader-text\">Pol\u00edtica de privacidad<\/span><\/a><\/p>","protected":false},"author":1,"featured_media":0,"parent":0,"menu_order":0,"comment_status":"closed","ping_status":"open","template":"","meta":{"footnotes":""},"class_list":["post-3","page","type-page","status-publish","hentry"],"tsf_seo":{"title":"Pol\u00edtica de privacidad","description":"Para brindarle una experiencia segura y fluida al utilizar los diversos servicios e informaci\u00f3n de nuestro sitio web, nos comprometemos a proteger su privacidad.","robots":"index, follow","canonical":"https:\/\/www.recyclemachine.net\/es\/politica-de-privacidad\/","og_title":"Privacy Policy","og_description":"In order to provide you with a safe and seamless experience when using the various services and information on our website, we are committed to protecting your privacy","og_image":""},"_links":{"self":[{"href":"https:\/\/www.recyclemachine.net\/es\/wp-json\/wp\/v2\/pages\/3","targetHints":{"allow":["GET"]}}],"collection":[{"href":"https:\/\/www.recyclemachine.net\/es\/wp-json\/wp\/v2\/pages"}],"about":[{"href":"https:\/\/www.recyclemachine.net\/es\/wp-json\/wp\/v2\/types\/page"}],"author":[{"embeddable":true,"href":"https:\/\/www.recyclemachine.net\/es\/wp-json\/wp\/v2\/users\/1"}],"replies":[{"embeddable":true,"href":"https:\/\/www.recyclemachine.net\/es\/wp-json\/wp\/v2\/comments?post=3"}],"version-history":[{"count":0,"href":"https:\/\/www.recyclemachine.net\/es\/wp-json\/wp\/v2\/pages\/3\/revisions"}],"wp:attachment":[{"href":"https:\/\/www.recyclemachine.net\/es\/wp-json\/wp\/v2\/media?parent=3"}],"curies":[{"name":"wp","href":"https:\/\/api.w.org\/{rel}","templated":true}]}}