{"id":8324,"date":"2024-03-15T04:26:09","date_gmt":"2024-03-15T11:26:09","guid":{"rendered":"https:\/\/recyclemachine.net\/?page_id=8324"},"modified":"2024-03-15T04:26:09","modified_gmt":"2024-03-15T11:26:09","slug":"terms-amp-bedingungen","status":"publish","type":"page","link":"https:\/\/www.recyclemachine.net\/de\/terms-amp-bedingungen\/","title":{"rendered":"Terms &amp; amp; Bedingungen"},"content":{"rendered":"<p>Dieses Dokument legt die Bedingungen fest, die Ihre Nutzung dieser Website regeln, einschlie\u00dflich aller darin verf\u00fcgbaren Inhalte, Dienste und Produkte. Die Website ist Eigentum von und wird betrieben von <a href=\"https:\/\/www.recyclemachine.net\/de\/\">Rumtoo Machinery Co., LTD<\/a>. Ihre Nutzung der Website setzt voraus, dass Sie diesen Bedingungen sowie allen anderen Betriebsregeln, Richtlinien (einschlie\u00dflich, aber nicht beschr\u00e4nkt auf die Rumtoo Machinery Co., LTD&#039;s) ohne \u00c4nderungen zustimmen. <a href=\"https:\/\/www.recyclemachine.net\/de\/datenschutzrichtlinie\/\">Datenschutzrichtlinie<\/a>) und Verfahren, die Rumtoo Machinery Co., LTD von Zeit zu Zeit auf dieser Site ver\u00f6ffentlichen kann (zusammen als \u201eVereinbarung\u201c bezeichnet).<\/p>\n<p>Wir empfehlen Ihnen, diese Vereinbarung sorgf\u00e4ltig zu lesen, bevor Sie auf die Website zugreifen oder sie nutzen. Indem Sie mit einem beliebigen Abschnitt der Website interagieren, erkl\u00e4ren Sie sich mit dieser Vereinbarung einverstanden. Sollten Sie mit einem Teil dieser Bedingungen nicht einverstanden sein, d\u00fcrfen Sie nicht auf die Website zugreifen oder die dort angebotenen Dienste nutzen. Diese Vereinbarung stellt ein Angebot von <a href=\"https:\/\/www.recyclemachine.net\/de\/\" target=\"_new\" rel=\"noopener\">Rumtoo Machinery Co., LTD<\/a>, wobei die Annahme streng auf diese Bedingungen beschr\u00e4nkt ist. Der Zugriff auf die Website ist ausschlie\u00dflich Personen gestattet, die mindestens 13 Jahre alt sind.<\/p>\n<ol>\n<li><strong>Ihr Konto und Ihre Site:<br \/>\n<\/strong>Konto- und Site-Verwaltung. Wenn Sie ein Konto auf der Website einrichten, tragen Sie die Verantwortung f\u00fcr den Schutz Ihres Kontos und dessen Inhalte und \u00fcbernehmen die volle Verantwortung f\u00fcr alle Aktivit\u00e4ten, die \u00fcber Ihr Konto stattfinden, sowie f\u00fcr alle damit verbundenen Aktionen auf der Website. Es ist zwingend erforderlich, dass Sie Ihrem Konto keine Inhalte falsch darstellen oder unrechtm\u00e4\u00dfig zuweisen, insbesondere nicht auf eine Weise, die den Namen oder den Ruf anderer ausnutzen k\u00f6nnte. <a href=\"https:\/\/www.recyclemachine.net\/de\/\">Rumtoo Machinery Co., LTD<\/a> beh\u00e4lt sich das Recht vor, Inhaltsbeschreibungen oder Schl\u00fcsselw\u00f6rter zu \u00e4ndern oder zu entfernen, die als unangemessen, rechtswidrig oder potenziell geeignet erachtet werden, Rumtoo Machinery Co., LTD rechtliche Probleme zu bereiten. Im Falle eines unbefugten Zugriffs auf Ihr Konto oder von Sicherheitsverletzungen liegt es in Ihrer Verantwortung, Rumtoo Machinery Co., LTD unverz\u00fcglich zu informieren. <a href=\"https:\/\/www.recyclemachine.net\/de\/\">Rumtoo Machinery Co., LTD<\/a> lehnt jegliche Haftung f\u00fcr Ihre Handlungen oder Unterlassungen ab, einschlie\u00dflich aller Sch\u00e4den, die aus solchen Vorf\u00e4llen entstehen.<\/li>\n<li><strong><strong>Verantwortung der Mitwirkenden:<\/strong><\/strong><strong><strong><br \/>\n<\/strong><\/strong>Verantwortung und Rechte f\u00fcr Inhalte. Wenn Sie ein Konto betreiben, Kommentare abgeben, Material ver\u00f6ffentlichen, Links teilen oder auf andere Weise Inhalte zur Website beitragen, tragen Sie die volle Verantwortung f\u00fcr die Art und die Folgen dieser Inhalte, unabh\u00e4ngig davon, ob es sich um Text, Grafiken oder andere Formate handelt. Indem Sie Inhalte teilen, best\u00e4tigen und garantieren Sie Folgendes:<\/p>\n<ul>\n<li>Ihre Nutzung der Inhalte verletzt keine Eigentumsrechte wie etwa Urheberrechte, Patente, Marken oder Gesch\u00e4ftsgeheimnisse Dritter.<\/li>\n<li>Sollte Ihr Arbeitgeber Rechte an dem von Ihnen geschaffenen geistigen Eigentum besitzen, haben Sie von Ihrem Arbeitgeber entweder die Erlaubnis zur Weitergabe der Inhalte oder einen Verzicht auf diese Rechte eingeholt.<\/li>\n<li>Sie haben s\u00e4mtliche Lizenzen Dritter in Bezug auf den Inhalt eingehalten und sichergestellt, dass alle notwendigen Bedingungen an die Endbenutzer weitergegeben werden.<\/li>\n<li>Der Inhalt ist frei von Viren, Malware oder anderen b\u00f6sartigen oder zerst\u00f6rerischen Elementen.<\/li>\n<li>Der Inhalt ist kein Spam, wird nicht automatisch oder zuf\u00e4llig generiert und enth\u00e4lt keine unethischen oder unerw\u00fcnschten kommerziellen Nachrichten, die den Datenverkehr auf Websites von Drittanbietern erh\u00f6hen, das Suchranking von Websites von Drittanbietern verbessern oder illegale Handlungen unterst\u00fctzen (wie etwa Phishing) oder Empf\u00e4nger \u00fcber die Quelle t\u00e4uschen (wie etwa Spoofing).<\/li>\n<li>Der Inhalt ist nicht obsz\u00f6n, verleumderisch, diffamierend, hasserf\u00fcllt, rassistisch oder ethnisch anst\u00f6\u00dfig und verletzt weder die Privatsph\u00e4re noch die Pers\u00f6nlichkeitsrechte Dritter.<\/li>\n<li>Sie machen keine Werbung f\u00fcr Ihr Konto durch unerw\u00fcnschte elektronische Nachrichten oder andere Spamming-Techniken.<\/li>\n<li>Ihr Kontoname f\u00fchrt die Leser nicht in die Irre und l\u00e4sst sie glauben, Sie seien jemand anderes oder w\u00fcrden eine andere Organisation vertreten.<\/li>\n<li>Bei Inhalten, die Computercode enthalten, haben Sie dessen Art, Beschaffenheit, Verwendung und Auswirkungen genau kategorisiert oder beschrieben, unabh\u00e4ngig davon, ob dies ausdr\u00fccklich verlangt wird.<\/li>\n<\/ul>\n<p><a href=\"https:\/\/www.recyclemachine.net\/de\/\">Rumtoo Machinery Co., LTD<\/a> beh\u00e4lt sich das Recht vor, aus beliebigen Gr\u00fcnden Inhalte zu entfernen oder den Zugriff auf den Dienst einzuschr\u00e4nken und Ihre Arbeit auf seinen Websites oder verbundenen Plattformen zu verwenden oder zu verbreiten. Alle hochgeladenen Werke bleiben urheberrechtlich gesch\u00fctzt und Eigentum ihrer jeweiligen Eigent\u00fcmer. <a href=\"https:\/\/www.recyclemachine.net\/de\/\">Rumtoo Machinery Co., LTD<\/a> wird auf Anfrage angemessene Anstrengungen unternehmen, um Inhalte zu entfernen. Allerdings werden Caching oder Verweise m\u00f6glicherweise nicht sofort gel\u00f6scht.<\/p>\n<p><a href=\"https:\/\/www.recyclemachine.net\/de\/\">Rumtoo Machinery Co., LTD<\/a> beh\u00e4lt sich das Recht vor, Inhalte abzulehnen, zu entfernen oder zu bearbeiten, die gegen die Richtlinien versto\u00dfen oder als sch\u00e4dlich oder anst\u00f6\u00dfig erachtet werden, sowie den Zugriff auf die Website zu verweigern oder Konten aus beliebigen Gr\u00fcnden zu k\u00fcndigen. <a href=\"https:\/\/www.recyclemachine.net\/de\/\">Rumtoo Machinery Co., LTD<\/a> ist unter diesen Umst\u00e4nden nicht verpflichtet, bereits geleistete Zahlungen zur\u00fcckzuerstatten.<\/li>\n<li><strong>Verantwortung der Website-Besucher:<\/strong><strong><br \/>\n<\/strong><a href=\"https:\/\/www.recyclemachine.net\/de\/\">Rumtoo Machinery Co., LTD<\/a> \u00fcberpr\u00fcft nicht alle auf der Website ver\u00f6ffentlichten Materialien und kann daher nicht f\u00fcr den Inhalt, die Verwendung oder die Folgen solcher Materialien verantwortlich gemacht werden. Der Betrieb der Website stellt keine Billigung durch <a href=\"https:\/\/www.recyclemachine.net\/de\/\">Rumtoo Machinery Co., LTD<\/a> aller ver\u00f6ffentlichten Materialien und garantiert auch nicht die Genauigkeit, N\u00fctzlichkeit oder Sicherheit dieser Materialien. Es liegt in Ihrer Pflicht, Vorsicht walten zu lassen und Ihre Computersysteme vor Viren, W\u00fcrmern, Trojanern und anderen sch\u00e4dlichen oder zerst\u00f6rerischen Elementen zu sch\u00fctzen. Die Website kann Inhalte enthalten, die als beleidigend, unanst\u00e4ndig oder anderweitig anst\u00f6\u00dfig erachtet werden k\u00f6nnten, sowie Materialien, die technische Ungenauigkeiten, typografische Fehler und andere Irrt\u00fcmer enthalten k\u00f6nnen. Dar\u00fcber hinaus kann die Website Inhalte enthalten, die die Privatsph\u00e4re, Pers\u00f6nlichkeitsrechte oder andere Eigentumsrechte Dritter verletzen, oder Inhalte, die zus\u00e4tzlichen Bedingungen unterliegen, ob ausdr\u00fccklich angegeben oder nicht. <a href=\"https:\/\/www.recyclemachine.net\/de\/\">Rumtoo Machinery Co., LTD<\/a> lehnt ausdr\u00fccklich jegliche Haftung f\u00fcr Sch\u00e4den ab, die aus der Nutzung der Website durch Besucher oder aus dem Herunterladen der dort ver\u00f6ffentlichten Inhalte entstehen.<strong><br \/>\n<\/strong><\/li>\n<li><strong>Auf anderen Websites ver\u00f6ffentlichte Inhalte:<br \/>\n<\/strong><a href=\"https:\/\/www.recyclemachine.net\/de\/\">Rumtoo Machinery Co., LTD<\/a> hat nicht alle Materialien, einschlie\u00dflich Computersoftware, gepr\u00fcft, die \u00fcber Websites und Webseiten zug\u00e4nglich sind, die mit Rumtoo Machinery Co., LTD verlinkt sind oder von Rumtoo Machinery Co., LTD stammen, noch hat es Kontrolle \u00fcber diese externen Websites und Seiten. Daher kann es keine Verantwortung f\u00fcr deren Inhalt oder Nutzung \u00fcbernehmen. Das Verlinken auf eine externe Website oder Webseite bedeutet nicht, dass Rumtoo Machinery Co., LTD diese Website oder Seite unterst\u00fctzt. Es liegt in Ihrer Verantwortung, die notwendigen Vorkehrungen zu treffen, um sich und Ihre Computersysteme vor Viren, W\u00fcrmern, Trojanern und anderen sch\u00e4dlichen oder zerst\u00f6rerischen Elementen zu sch\u00fctzen. Rumtoo Machinery Co., LTD lehnt ausdr\u00fccklich jegliche Haftung f\u00fcr Sch\u00e4den ab, die aus Ihrer Nutzung von Websites und Webseiten entstehen, die nicht mit Rumtoo Machinery Co., LTD verbunden sind.<strong><br \/>\n<\/strong><\/li>\n<li><strong>Copyright-Verletzung:<br \/>\n<\/strong><a href=\"https:\/\/www.recyclemachine.net\/de\/\">Rumtoo Machinery Co., LTD<\/a>, w\u00e4hrend es auf Respektierung seiner eigenen geistigen Eigentumsrechte besteht, respektiert gleicherma\u00dfen die geistigen Eigentumsrechte anderer. Wenn Sie vermuten, dass Material, das entweder auf gehostet wird oder mit dem verlinkt wird, <a href=\"https:\/\/www.recyclemachine.net\/de\/\">Rumtoo Machinery Co., LTD<\/a> gegen Ihr Urheberrecht verst\u00f6\u00dft, werden Sie gebeten, Rumtoo Machinery Co., LTD dar\u00fcber zu informieren. Rumtoo Machinery Co., LTD verpflichtet sich, solche Benachrichtigungen umgehend zu bearbeiten, einschlie\u00dflich, sofern erforderlich oder angemessen, durch Entfernen des verletzenden Inhalts oder Deaktivieren aller Links zu dem verletzenden Material. In F\u00e4llen, in denen festgestellt wird, dass ein Besucher die Urheberrechte oder andere geistige Eigentumsrechte verletzt oder wiederholt verletzt <a href=\"https:\/\/www.recyclemachine.net\/de\/\">Rumtoo Machinery Co., LTD<\/a> oder Drittparteien, Rumtoo Machinery Co., LTD beh\u00e4lt sich das Recht vor, nach eigenem Ermessen den Zugriff auf die Website und deren Nutzung zu beenden oder zu verweigern. Sollte eine solche Beendigung erfolgen, ist Rumtoo Machinery Co., LTD nicht verpflichtet, bereits geleistete Zahlungen zu erstatten.<strong><br \/>\n<\/strong><\/li>\n<li><strong>Geistiges Eigentum:<br \/>\n<\/strong>Diese Vereinbarung gew\u00e4hrt Ihnen keine Rechte am geistigen Eigentum von Rumtoo Machinery Co., LTD oder Dritten. Alle Rechte, Titel und Interessen an diesem geistigen Eigentum verbleiben ausschlie\u00dflich bei <a href=\"https:\/\/www.recyclemachine.net\/de\/\">Rumtoo Machinery Co., LTD<\/a>. Das Logo von Rumtoo Machinery Co., LTD sowie alle anderen Marken, Dienstleistungsmarken, Grafiken und Logos, die in Verbindung mit Rumtoo Machinery Co., LTD oder der Website verwendet werden, sind Marken oder eingetragene Marken von <a href=\"https:\/\/www.recyclemachine.net\/de\/\">Rumtoo Machinery Co., LTD<\/a> oder seine Lizenzgeber. Auf der Website verwendete Marken, Dienstleistungsmarken, Grafiken und Logos, die Dritten geh\u00f6ren, bleiben Eigentum dieser jeweiligen Eigent\u00fcmer. Ihr Zugriff auf die Website verleiht Ihnen weder eine Lizenz noch das Recht zur Nutzung <a href=\"https:\/\/www.recyclemachine.net\/de\/\">Rumtoo Machinery Co., LTD<\/a> oder Marken Dritter ohne ausdr\u00fcckliche Genehmigung.<strong><br \/>\n<\/strong><\/li>\n<li><strong>\u00c4nderungen:<br \/>\n<\/strong><a href=\"https:\/\/www.recyclemachine.net\/de\/\">Rumtoo Machinery Co., LTD<\/a> beh\u00e4lt sich das ausschlie\u00dfliche Recht vor, Teile dieser Vereinbarung nach eigenem Ermessen zu \u00e4ndern oder zu erg\u00e4nzen. Es obliegt Ihnen, diese Vereinbarung regelm\u00e4\u00dfig auf \u00c4nderungen zu \u00fcberpr\u00fcfen. Ihre fortgesetzte Nutzung oder Ihr Zugriff auf die Website nach Aktualisierungen dieser Vereinbarung bedeutet, dass Sie diese \u00c4nderungen akzeptieren. Dar\u00fcber hinaus kann Rumtoo Machinery Co., LTD in Zukunft neue Dienste und\/oder Funktionen auf der Website einf\u00fchren, darunter neue Tools und Ressourcen. Diese neuen Angebote unterliegen ebenfalls den in dieser Vereinbarung festgelegten Bedingungen.<strong><br \/>\n<\/strong><\/li>\n<li><strong>Beendigung:<br \/>\n<\/strong><a href=\"https:\/\/www.recyclemachine.net\/de\/\">Rumtoo Machinery Co., LTD<\/a> beh\u00e4lt sich das Recht vor, Ihren Zugriff auf die Website jederzeit und aus beliebigem Grund mit oder ohne vorherige Ank\u00fcndigung mit sofortiger Wirkung ganz oder teilweise zu beenden. Sollten Sie sich entscheiden, diese Vereinbarung oder Ihre <a href=\"https:\/\/www.recyclemachine.net\/de\/\">Rumtoo Machinery Co., LTD<\/a> Konto (falls Sie eines haben), gen\u00fcgt es, die Nutzung der Website einzustellen. F\u00fcr Inhaber eines VIP Services-Kontos ist die K\u00fcndigung durch <a href=\"https:\/\/www.recyclemachine.net\/de\/\">Rumtoo Machinery Co., LTD<\/a> ist an einen wesentlichen Versto\u00df gegen diese Vereinbarung gekn\u00fcpft, der nicht innerhalb von drei\u00dfig (30) Tagen nach der Benachrichtigung von Rumtoo Machinery Co., LTD \u00fcber diesen Versto\u00df behoben wird. Ungeachtet dessen <a href=\"https:\/\/www.recyclemachine.net\/de\/\">Rumtoo Machinery Co., LTD<\/a> beh\u00e4lt sich das Recht vor, die Website im Rahmen einer allgemeinen Einstellung unseres Dienstes sofort zu beenden. Nach der Beendigung bleiben alle Elemente dieser Vereinbarung, die ihrer Natur nach fortbestehen sollten, in Kraft, einschlie\u00dflich, aber nicht beschr\u00e4nkt auf Bestimmungen zu Eigentum, Gew\u00e4hrleistungsausschl\u00fcssen, Freistellungen und Haftungsbeschr\u00e4nkungen.<strong><br \/>\n<\/strong><\/li>\n<li><strong>Gew\u00e4hrleistungsausschluss:<br \/>\n<\/strong>Die Website wird Ihnen \u201eim Ist-Zustand\u201c zur Verf\u00fcgung gestellt. <a href=\"https:\/\/www.recyclemachine.net\/de\/\">Rumtoo Machinery Co., LTD<\/a>, zusammen mit seinen Lieferanten und Lizenzgebern, lehnt ausdr\u00fccklich alle Garantien jeglicher Art ab, ob ausdr\u00fccklich oder stillschweigend, einschlie\u00dflich, aber nicht beschr\u00e4nkt auf Garantien f\u00fcr Marktg\u00e4ngigkeit, Eignung f\u00fcr einen bestimmten Zweck und Nichtverletzung. Weder Rumtoo Machinery Co., LTD noch seine Lieferanten und Lizenzgeber garantieren, dass die Website fehlerfrei ist oder dass der Zugriff darauf kontinuierlich oder ohne Unterbrechung m\u00f6glich ist. Es ist wichtig zu verstehen, dass alle Inhalte oder Dienste, die Sie von der Website herunterladen oder anderweitig \u00fcber die Website beziehen, nach eigenem Ermessen und auf eigenes Risiko erworben werden.<strong><br \/>\n<\/strong><\/li>\n<li><strong>Haftungsbeschr\u00e4nkung:<br \/>\n<\/strong>Unter keinen Umst\u00e4nden werden <a href=\"https:\/\/www.recyclemachine.net\/de\/\">Rumtoo Machinery Co., LTD<\/a>, oder seine Lieferanten oder Lizenzgeber, haftbar gemacht werden f\u00fcr jegliche Anspr\u00fcche im Zusammenhang mit dieser Vereinbarung, ob aus Vertrag, Fahrl\u00e4ssigkeit, verschuldensunabh\u00e4ngiger Haftung oder jeder anderen gesetzlichen oder rechtsg\u00fcltigen Theorie, einschlie\u00dflich aber nicht beschr\u00e4nkt auf: (i) jegliche besonderen, zuf\u00e4lligen oder Folgesch\u00e4den; (ii) die Kosten f\u00fcr die Beschaffung von Ersatzprodukten oder -dienstleistungen; (iii) Nutzungsunterbrechung oder Verlust bzw. Besch\u00e4digung von Daten; oder (iv) jegliche Betr\u00e4ge, die die Geb\u00fchren \u00fcbersteigen, die Sie im Rahmen dieser Vereinbarung in den zw\u00f6lf (12) Monaten vor dem Klagegrund an Rumtoo Machinery Co., LTD bezahlt haben. Rumtoo Machinery Co., LTD ist nicht haftbar f\u00fcr Leistungsausf\u00e4lle oder Leistungsverz\u00f6gerungen, die durch Umst\u00e4nde verursacht werden, die au\u00dferhalb seiner angemessenen Kontrolle liegen. Diese Haftungsbeschr\u00e4nkung gilt nicht, wo sie durch geltendes Recht verboten ist.<strong><br \/>\n<\/strong><\/li>\n<li><strong>Allgemeine Zusicherung und Gew\u00e4hrleistung:<br \/>\n<\/strong>Sie best\u00e4tigen und garantieren, dass: (i) Sie bei Ihrer Nutzung der Website die folgenden <a href=\"https:\/\/www.recyclemachine.net\/de\/\">Rumtoo Machinery Co., LTD<\/a> <a href=\"https:\/\/www.recyclemachine.net\/de\/datenschutzrichtlinie\/\">Datenschutzrichtlinie<\/a>, diese Vereinbarung und alle relevanten Gesetze und Vorschriften. Dies umfasst, ist jedoch nicht beschr\u00e4nkt auf, alle lokalen Gesetze oder Vorschriften in Ihrem Land, Staat, Ihrer Stadt oder einer anderen staatlichen Gerichtsbarkeit in Bezug auf Online-Verhalten und akzeptable Inhalte sowie alle geltenden Gesetze in Bezug auf die \u00dcbertragung technischer Daten, die aus den Vereinigten Staaten oder dem Land, in dem Sie wohnen, exportiert werden; und (ii) Ihre Nutzung der Website verletzt oder missbraucht weder die geistigen Eigentumsrechte Dritter.<strong><br \/>\n<\/strong><\/li>\n<li><strong>Schadloshaltung:<br \/>\n<\/strong>Sie verpflichten sich zur Schadloshaltung und Verteidigung <a href=\"https:\/\/www.recyclemachine.net\/de\/\">Rumtoo Machinery Co., LTD<\/a>, seine Vertragspartner, Lizenzgeber und deren jeweilige Direktoren, leitenden Angestellten, Mitarbeiter und Vertreter von allen Anspr\u00fcchen und Kosten, einschlie\u00dflich Anwaltskosten, freizustellen, die sich aus Ihrer Nutzung der Website ergeben. Dies umfasst, ist jedoch nicht beschr\u00e4nkt auf, alle Anspr\u00fcche, die sich aus Ihrem Versto\u00df gegen diese Vereinbarung ergeben.<strong><br \/>\n<\/strong><\/li>\n<li><strong>Verschiedenes:<br \/>\n<\/strong>Diese Vereinbarung stellt die vollst\u00e4ndige \u00dcbereinkunft zwischen <a href=\"https:\/\/www.recyclemachine.net\/de\/\">Rumtoo Machinery Co., LTD<\/a> und Ihnen hinsichtlich des Vertragsgegenstands und kann nur durch eine schriftliche, von einem autorisierten Gesch\u00e4ftsf\u00fchrer von Rumtoo Machinery Co., LTD unterzeichnete \u00c4nderung oder durch die Ver\u00f6ffentlichung einer \u00fcberarbeiteten Version durch Rumtoo Machinery Co., LTD ge\u00e4ndert werden. Sofern nicht anders durch geltendes Recht vorgesehen, unterliegen diese Vereinbarung sowie jeder Zugriff auf oder jede Nutzung der Website den Gesetzen der Vereinigten Staaten von Amerika, des Vereinigten K\u00f6nigreichs, dem europ\u00e4ischen Recht und dem V\u00f6lkerrecht.<strong><br \/>\n<\/strong><\/li>\n<\/ol>","protected":false},"excerpt":{"rendered":"<p>Dieses Dokument legt die Bedingungen f\u00fcr die Nutzung dieser Website, einschlie\u00dflich aller darin verf\u00fcgbaren Inhalte, Dienste und Produkte, fest. Die Website ist Eigentum der Rumtoo Machinery Co., LTD. und wird von ihr betrieben. Ihre Nutzung der Website setzt voraus, dass Sie diesen Bedingungen ohne \u00c4nderungen zustimmen. <a href=\"https:\/\/www.recyclemachine.net\/de\/terms-amp-bedingungen\/\" class=\"more-link\">Weiterlesen <span class=\"screen-reader-text\">Terms &amp; amp; Bedingungen<\/span><\/a><\/p>","protected":false},"author":1,"featured_media":0,"parent":0,"menu_order":0,"comment_status":"closed","ping_status":"open","template":"","meta":{"footnotes":""},"class_list":["post-8324","page","type-page","status-publish","hentry"],"tsf_seo":{"title":"Allgemeine Gesch\u00e4ftsbedingungen - Rumtoo Machinery","description":"In diesem Dokument werden die Bedingungen dargelegt, die f\u00fcr Ihre Nutzung dieser Website gelten, einschlie\u00dflich aller darin verf\u00fcgbaren Inhalte, Dienste und Produkte.","robots":"index, follow","canonical":"https:\/\/www.recyclemachine.net\/de\/terms-amp-bedingungen\/","og_title":"Terms &#038; Conditions &#x2d; Rumtoo Machinery","og_description":"This document sets forth the terms and conditions that govern your use of this website, including all content, services, and products available within it.","og_image":""},"_links":{"self":[{"href":"https:\/\/www.recyclemachine.net\/de\/wp-json\/wp\/v2\/pages\/8324","targetHints":{"allow":["GET"]}}],"collection":[{"href":"https:\/\/www.recyclemachine.net\/de\/wp-json\/wp\/v2\/pages"}],"about":[{"href":"https:\/\/www.recyclemachine.net\/de\/wp-json\/wp\/v2\/types\/page"}],"author":[{"embeddable":true,"href":"https:\/\/www.recyclemachine.net\/de\/wp-json\/wp\/v2\/users\/1"}],"replies":[{"embeddable":true,"href":"https:\/\/www.recyclemachine.net\/de\/wp-json\/wp\/v2\/comments?post=8324"}],"version-history":[{"count":0,"href":"https:\/\/www.recyclemachine.net\/de\/wp-json\/wp\/v2\/pages\/8324\/revisions"}],"wp:attachment":[{"href":"https:\/\/www.recyclemachine.net\/de\/wp-json\/wp\/v2\/media?parent=8324"}],"curies":[{"name":"wp","href":"https:\/\/api.w.org\/{rel}","templated":true}]}}