{"id":4080,"date":"2021-04-27T10:38:18","date_gmt":"2021-04-27T17:38:18","guid":{"rendered":"http:\/\/industco-demo.pbminfotech.com\/?page_id=4080"},"modified":"2023-04-09T23:10:57","modified_gmt":"2023-04-10T06:10:57","slug":"projekte-stil","status":"publish","type":"page","link":"https:\/\/www.recyclemachine.net\/de\/projekte-stil\/","title":{"rendered":"Projekte Stil"},"content":{"rendered":"<div class=\"wpb-content-wrapper\">\r\n<div class=\"vc_row ts-row wpb_row vc_row-fluid ts-total-col-1 ts-zindex-0 container ts-bgimage-position-center_center\">\r\n\r\n        \r\n\t\r\n\t\r\n\t\t\r\n<div class=\"ts-column wpb_column vc_column_container vc_col-sm-12 ts-zindex-0\">\r\n\t<div class=\"vc_column-inner\">\r\n\t\t\t\t<div class=\"wpb_wrapper\">\r\n\t\t\t<div class=\"themestek-boxes themestek-boxes-portfolio themestek-boxes-view-default themestek-boxes-col-three themestek-boxes-sortable-yes themestek-boxes-textalign-center themestek-boxes-sortablebutton-\">\r\n\t\t<div class=\"themestek-boxes-inner themestek-boxes-portfolio-inner\">\n\t\t\t<div class=\"ts-sortable-wrapper ts-sortable-wrapper-portfolio\"><nav class=\"ts-sortable-list\"><ul><li class=\"ts-sortable-link ts-sortable-all-link\"><a class=\"selected\" href=\"javascript:void(0);\" data-filter=\"*\"> Alle <\/a><\/li><li class=\"ts-sortable-link\"><a href=\"javascript:void(0);\" data-filter=\".ts-term-18\">Projektfall<\/a><\/li><li class=\"ts-sortable-link\"><a href=\"javascript:void(0);\" data-filter=\".ts-term-1998\">Industrie-Brecher<\/a><\/li><li class=\"ts-sortable-link\"><a href=\"javascript:void(0);\" data-filter=\".ts-term-23\">Bilder anzeigen<\/a><\/li><\/ul><\/nav><\/div>\n\t\t\t<div class=\"row multi-columns-row themestek-boxes-row-wrapper themestek-boxes-row-wrapper-portfolio\">\n\t\t\t\t<div class=\"ts-box-col-wrapper col-lg-4 col-sm-6 col-md-4 col-xs-12 ts-term-18\"><article class=\"themestek-box themestek-box-portfolio ts-portfoliobox-style-2 themestek-box-view-overlay ts-hover-style-3\">\r\n\t<div class=\"themestek-post-item\">\r\n\t\t\t\t<div class=\"themestek-box-content themestek-overlay\">\r\n\t\t\t<div class=\"themestek-box-content-inner\">\t\t\t  \r\n\t\t\t\t<div class=\"themestek-pf-box-title\">\r\n\t\t\t\t\t<h3><a href=\"https:\/\/www.recyclemachine.net\/de\/produkt-2\/500-kg-h-pp-gewebesacke-wasch-und-quetschrecyclinglinie\/\">500KG\/H PP Gewebtasche-Waschanlage und Pressen-Recycling-Linie<\/a><\/h3>\r\n\t\t\t\t\t<div class=\"themestek-box-category\"><a href=\"https:\/\/www.recyclemachine.net\/de\/produktkategorie\/projektfall\/\" rel=\"tag\">Projektfall<\/a><\/div>\r\n\t\t\t\t<\/div>\t\r\n\t\t\t\t<div class=\"themestek-icon-box themestek-media-link\">\r\n\t\t\t\t\t<a class=\"ts_prettyphoto\" title=\"500KG\/H PP Gewebtasche-Waschanlage und Pressen-Recycling-Linie\" href=\"\"><i class=\"demo-icon ts-industco-icon-resize-full\"><\/i><\/a>\t\t\t\t<\/div>\r\n            <\/div>\r\n\t\t<\/div>\r\n\t<\/div>\r\n<\/article><\/div><div class=\"ts-box-col-wrapper col-lg-4 col-sm-6 col-md-4 col-xs-12 ts-term-18\"><article class=\"themestek-box themestek-box-portfolio ts-portfoliobox-style-2 themestek-box-view-overlay ts-hover-style-3\">\r\n\t<div class=\"themestek-post-item\">\r\n\t\t\t\t<div class=\"themestek-box-content themestek-overlay\">\r\n\t\t\t<div class=\"themestek-box-content-inner\">\t\t\t  \r\n\t\t\t\t<div class=\"themestek-pf-box-title\">\r\n\t\t\t\t\t<h3><a href=\"https:\/\/www.recyclemachine.net\/de\/produkt-2\/500-kg-pp-pe-gewebte-sacke-wasch-recycling-linie\/\">500KG\/H PP\/PE Gewebes\u00e4cke Waschen Recycling Linie<\/a><\/h3>\r\n\t\t\t\t\t<div class=\"themestek-box-category\"><a href=\"https:\/\/www.recyclemachine.net\/de\/produktkategorie\/projektfall\/\" rel=\"tag\">Projektfall<\/a><\/div>\r\n\t\t\t\t<\/div>\t\r\n\t\t\t\t<div class=\"themestek-icon-box themestek-media-link\">\r\n\t\t\t\t\t<a class=\"ts_prettyphoto\" title=\"500KG\/H PP\/PE Gewebes\u00e4cke Waschen Recycling Linie\" href=\"\"><i class=\"demo-icon ts-industco-icon-resize-full\"><\/i><\/a>\t\t\t\t<\/div>\r\n            <\/div>\r\n\t\t<\/div>\r\n\t<\/div>\r\n<\/article><\/div><div class=\"ts-box-col-wrapper col-lg-4 col-sm-6 col-md-4 col-xs-12 ts-term-18\"><article class=\"themestek-box themestek-box-portfolio ts-portfoliobox-style-2 themestek-box-view-overlay ts-hover-style-3\">\r\n\t<div class=\"themestek-post-item\">\r\n\t\t\t\t<div class=\"themestek-box-content themestek-overlay\">\r\n\t\t\t<div class=\"themestek-box-content-inner\">\t\t\t  \r\n\t\t\t\t<div class=\"themestek-pf-box-title\">\r\n\t\t\t\t\t<h3><a href=\"https:\/\/www.recyclemachine.net\/de\/produkt-2\/waschstrase-fur-pet-flaschen-nach-sudafrika\/\">PET-Flaschen-Waschanlage nach S\u00fcdafrika<\/a><\/h3>\r\n\t\t\t\t\t<div class=\"themestek-box-category\"><a href=\"https:\/\/www.recyclemachine.net\/de\/produktkategorie\/projektfall\/\" rel=\"tag\">Projektfall<\/a><\/div>\r\n\t\t\t\t<\/div>\t\r\n\t\t\t\t<div class=\"themestek-icon-box themestek-media-link\">\r\n\t\t\t\t\t<a class=\"ts_prettyphoto\" title=\"PET-Flaschen-Waschanlage nach S\u00fcdafrika\" href=\"\"><i class=\"demo-icon ts-industco-icon-resize-full\"><\/i><\/a>\t\t\t\t<\/div>\r\n            <\/div>\r\n\t\t<\/div>\r\n\t<\/div>\r\n<\/article><\/div><div class=\"ts-box-col-wrapper col-lg-4 col-sm-6 col-md-4 col-xs-12 ts-term-18\"><article class=\"themestek-box themestek-box-portfolio ts-portfoliobox-style-2 themestek-box-view-overlay ts-hover-style-3\">\r\n\t<div class=\"themestek-post-item\">\r\n\t\t\t\t<div class=\"themestek-box-content themestek-overlay\">\r\n\t\t\t<div class=\"themestek-box-content-inner\">\t\t\t  \r\n\t\t\t\t<div class=\"themestek-pf-box-title\">\r\n\t\t\t\t\t<h3><a href=\"https:\/\/www.recyclemachine.net\/de\/produkt-2\/wasch-und-recyclinglinie-fur-500-kg-kunststoffeimer-fur-chemikalien\/\">500KG Kunststoffchemikalien-Eimer-Waschanlage zur Recycling<\/a><\/h3>\r\n\t\t\t\t\t<div class=\"themestek-box-category\"><a href=\"https:\/\/www.recyclemachine.net\/de\/produktkategorie\/projektfall\/\" rel=\"tag\">Projektfall<\/a><\/div>\r\n\t\t\t\t<\/div>\t\r\n\t\t\t\t<div class=\"themestek-icon-box themestek-media-link\">\r\n\t\t\t\t\t<a class=\"ts_prettyphoto\" title=\"500KG Kunststoffchemikalien-Eimer-Waschanlage zur Recycling\" href=\"\"><i class=\"demo-icon ts-industco-icon-resize-full\"><\/i><\/a>\t\t\t\t<\/div>\r\n            <\/div>\r\n\t\t<\/div>\r\n\t<\/div>\r\n<\/article><\/div><div class=\"ts-box-col-wrapper col-lg-4 col-sm-6 col-md-4 col-xs-12 ts-term-18\"><article class=\"themestek-box themestek-box-portfolio ts-portfoliobox-style-2 themestek-box-view-overlay ts-hover-style-3\">\r\n\t<div class=\"themestek-post-item\">\r\n\t\t\t\t<div class=\"themestek-box-content themestek-overlay\">\r\n\t\t\t<div class=\"themestek-box-content-inner\">\t\t\t  \r\n\t\t\t\t<div class=\"themestek-pf-box-title\">\r\n\t\t\t\t\t<h3><a href=\"https:\/\/www.recyclemachine.net\/de\/produkt-2\/wasch-und-recyclinglinie-2-fur-500-kg-kunststoffeimer-fur-chemikalien\/\">500KG\/H Kunststoffchemikalien-Eimer-Waschanlage zur Recycling-Recycling-Linie<\/a><\/h3>\r\n\t\t\t\t\t<div class=\"themestek-box-category\"><a href=\"https:\/\/www.recyclemachine.net\/de\/produktkategorie\/projektfall\/\" rel=\"tag\">Projektfall<\/a><\/div>\r\n\t\t\t\t<\/div>\t\r\n\t\t\t\t<div class=\"themestek-icon-box themestek-media-link\">\r\n\t\t\t\t\t<a class=\"ts_prettyphoto\" title=\"500KG\/H Kunststoffchemikalien-Eimer-Waschanlage zur Recycling-Recycling-Linie\" href=\"\"><i class=\"demo-icon ts-industco-icon-resize-full\"><\/i><\/a>\t\t\t\t<\/div>\r\n            <\/div>\r\n\t\t<\/div>\r\n\t<\/div>\r\n<\/article><\/div><div class=\"ts-box-col-wrapper col-lg-4 col-sm-6 col-md-4 col-xs-12 ts-term-18\"><article class=\"themestek-box themestek-box-portfolio ts-portfoliobox-style-2 themestek-box-view-overlay ts-hover-style-3\">\r\n\t<div class=\"themestek-post-item\">\r\n\t\t\t\t<div class=\"themestek-box-content themestek-overlay\">\r\n\t\t\t<div class=\"themestek-box-content-inner\">\t\t\t  \r\n\t\t\t\t<div class=\"themestek-pf-box-title\">\r\n\t\t\t\t\t<h3><a href=\"https:\/\/www.recyclemachine.net\/de\/produkt-2\/500-kg-recyclinganlage-zum-waschen-und-recyceln-von-pe-folien\/\">500KG\/H PE-Film-Waschanlage zur Recycling-Recycling-Linie<\/a><\/h3>\r\n\t\t\t\t\t<div class=\"themestek-box-category\"><a href=\"https:\/\/www.recyclemachine.net\/de\/produktkategorie\/projektfall\/\" rel=\"tag\">Projektfall<\/a><\/div>\r\n\t\t\t\t<\/div>\t\r\n\t\t\t\t<div class=\"themestek-icon-box themestek-media-link\">\r\n\t\t\t\t\t<a class=\"ts_prettyphoto\" title=\"500KG\/H PE-Film-Waschanlage zur Recycling-Recycling-Linie\" href=\"\"><i class=\"demo-icon ts-industco-icon-resize-full\"><\/i><\/a>\t\t\t\t<\/div>\r\n            <\/div>\r\n\t\t<\/div>\r\n\t<\/div>\r\n<\/article><\/div><div class=\"ts-box-col-wrapper col-lg-4 col-sm-6 col-md-4 col-xs-12 ts-term-1998\"><article class=\"themestek-box themestek-box-portfolio ts-portfoliobox-style-2 themestek-box-view-overlay ts-hover-style-3\">\r\n\t<div class=\"themestek-post-item\">\r\n\t\t\r\n\t\t<span class=\"themestek-item-thumbnail\">\r\n\t\t\t<span class=\"themestek-item-thumbnail-inner\">\r\n\t\t\t\t<img loading=\"lazy\" decoding=\"async\" width=\"800\" height=\"715\" src=\"https:\/\/www.recyclemachine.net\/wp-content\/uploads\/2025\/01\/Standard-Plastic-Crusher-01-800x715.webp\" class=\"attachment-themestek-img-800x715 size-themestek-img-800x715 wp-post-image\" alt=\"Standard-Kunststoffzerkleinerer\" data-id=\"13160\" \/>\r\n\t\t\t<\/span>\r\n\t\t<\/span>\t\t<div class=\"themestek-box-content themestek-overlay\">\r\n\t\t\t<div class=\"themestek-box-content-inner\">\t\t\t  \r\n\t\t\t\t<div class=\"themestek-pf-box-title\">\r\n\t\t\t\t\t<h3><a href=\"https:\/\/www.recyclemachine.net\/de\/produkt-2\/standard-kunststoffzerkleinerer\/\">Standard-Kunststoffzerkleinerer<\/a><\/h3>\r\n\t\t\t\t\t<div class=\"themestek-box-category\"><a href=\"https:\/\/www.recyclemachine.net\/de\/produktkategorie\/industriebrecher\/\" rel=\"tag\">Industrie-Brecher<\/a><\/div>\r\n\t\t\t\t<\/div>\t\r\n\t\t\t\t<div class=\"themestek-icon-box themestek-media-link\">\r\n\t\t\t\t\t<a class=\"ts_prettyphoto\" title=\"Standard-Kunststoffzerkleinerer\" href=\"https:\/\/www.recyclemachine.net\/wp-content\/uploads\/2025\/01\/Standard-Plastic-Crusher-01.webp\"><i class=\"demo-icon ts-industco-icon-resize-full\"><\/i><\/a>\t\t\t\t<\/div>\r\n            <\/div>\r\n\t\t<\/div>\r\n\t<\/div>\r\n<\/article><\/div><div class=\"ts-box-col-wrapper col-lg-4 col-sm-6 col-md-4 col-xs-12 ts-term-23\"><article class=\"themestek-box themestek-box-portfolio ts-portfoliobox-style-2 themestek-box-view-overlay ts-hover-style-3\">\r\n\t<div class=\"themestek-post-item\">\r\n\t\t\t\t<div class=\"themestek-box-content themestek-overlay\">\r\n\t\t\t<div class=\"themestek-box-content-inner\">\t\t\t  \r\n\t\t\t\t<div class=\"themestek-pf-box-title\">\r\n\t\t\t\t\t<h3><a href=\"https:\/\/www.recyclemachine.net\/de\/produkt-2\/wascheleine-fur-pet-flaschen-usa\/\">PET-Flaschenwaschanlage USA<\/a><\/h3>\r\n\t\t\t\t\t<div class=\"themestek-box-category\"><a href=\"https:\/\/www.recyclemachine.net\/de\/produktkategorie\/bilder-zeigen\/\" rel=\"tag\">Bilder anzeigen<\/a><\/div>\r\n\t\t\t\t<\/div>\t\r\n\t\t\t\t<div class=\"themestek-icon-box themestek-media-link\">\r\n\t\t\t\t\t<a class=\"ts_prettyphoto\" title=\"PET-Flaschenwaschanlage USA\" href=\"\"><i class=\"demo-icon ts-industco-icon-resize-full\"><\/i><\/a>\t\t\t\t<\/div>\r\n            <\/div>\r\n\t\t<\/div>\r\n\t<\/div>\r\n<\/article><\/div>\n\t\t\t<\/div>\n\t\t<\/div><!-- .themestek-boxes-inner -->   <\/div><!-- .themestek-boxes -->  \t\t<\/div>\r\n\t<\/div>\r\n<\/div>\r\n\r\n\r\n\t<\/div>\r\n\r\n\r\n\n<\/div>","protected":false},"excerpt":{"rendered":"Recycling-Projekt\u00fcbersicht: PET-Flaschenrecycling in den USA Dieses Flaggschiff-Projektbeispiel betont die erfolgreiche Einf\u00fchrung unserer fortschrittlichen PET-Flaschen-Waschanlage auf dem US-Markt. Getrieben durch strenge lokale Umweltvorschriften und die hohen Reinheitsstandards, die f\u00fcr die nachgelagerten Fasern und Verpackungsanwendungen erforderlich sind, ben\u00f6tigte der Kunde eine robuste, hochautomatisierte L\u00f6sung. Rumtoo \u2026 <a href=\"https:\/\/www.recyclemachine.net\/de\/produkt-2\/wascheleine-fur-pet-flaschen-usa\/\" class=\"more-link\">Weiterlesen <span class=\"screen-reader-text\">PET-Flaschenwaschanlage USA<\/span><\/a>","protected":false},"author":1,"featured_media":0,"parent":0,"menu_order":19,"comment_status":"closed","ping_status":"closed","template":"","meta":{"footnotes":""},"class_list":["post-4080","page","type-page","status-publish","hentry"],"tsf_title":"","tsf_description":"","_links":{"self":[{"href":"https:\/\/www.recyclemachine.net\/de\/wp-json\/wp\/v2\/pages\/4080","targetHints":{"allow":["GET"]}}],"collection":[{"href":"https:\/\/www.recyclemachine.net\/de\/wp-json\/wp\/v2\/pages"}],"about":[{"href":"https:\/\/www.recyclemachine.net\/de\/wp-json\/wp\/v2\/types\/page"}],"author":[{"embeddable":true,"href":"https:\/\/www.recyclemachine.net\/de\/wp-json\/wp\/v2\/users\/1"}],"replies":[{"embeddable":true,"href":"https:\/\/www.recyclemachine.net\/de\/wp-json\/wp\/v2\/comments?post=4080"}],"version-history":[{"count":0,"href":"https:\/\/www.recyclemachine.net\/de\/wp-json\/wp\/v2\/pages\/4080\/revisions"}],"wp:attachment":[{"href":"https:\/\/www.recyclemachine.net\/de\/wp-json\/wp\/v2\/media?parent=4080"}],"curies":[{"name":"wp","href":"https:\/\/api.w.org\/{rel}","templated":true}]}}