{"id":3906,"date":"2023-09-24T06:15:07","date_gmt":"2023-09-24T13:15:07","guid":{"rendered":"http:\/\/industco-demo.pbminfotech.com\/?page_id=3906"},"modified":"2026-04-04T08:08:30","modified_gmt":"2026-04-04T08:08:30","slug":"uber-uns","status":"publish","type":"page","link":"https:\/\/www.recyclemachine.net\/de\/uber-uns\/","title":{"rendered":"\u00dcber uns"},"content":{"rendered":"<style data-rtm-material-symbols=\"\">\n.rtm-ms-chip{\n  display:inline-flex !important;\n  align-items:center !important;\n  justify-content:center !important;\n  width:46px !important;\n  height:46px !important;\n  min-width:46px !important;\n  border-radius:14px !important;\n  border:0 !important;\n  padding:0 !important;\n  background:var(--rtm-ms-bg, rgba(125, 145, 196, 0.14)) !important;\n  color:var(--rtm-ms-fg, #5f739f) !important;\n  box-shadow:none !important;\n  filter:none !important;\n  flex:0 0 auto !important;\n}\n.rtm-ms-chip.rtm-ms-tone-1{--rtm-ms-bg:rgba(124,145,196,0.14);--rtm-ms-fg:#6479a8;}\n.rtm-ms-chip.rtm-ms-tone-2{--rtm-ms-bg:rgba(120,191,173,0.15);--rtm-ms-fg:#4e8f7d;}\n.rtm-ms-chip.rtm-ms-tone-3{--rtm-ms-bg:rgba(236,186,139,0.16);--rtm-ms-fg:#b17849;}\n.rtm-ms-chip.rtm-ms-tone-4{--rtm-ms-bg:rgba(218,166,196,0.16);--rtm-ms-fg:#9f6a8b;}\n.rtm-ms-chip.rtm-ms-tone-5{--rtm-ms-bg:rgba(171,180,229,0.16);--rtm-ms-fg:#6d76b8;}\n.rtm-ms-chip.rtm-ms-tone-6{--rtm-ms-bg:rgba(148,209,205,0.15);--rtm-ms-fg:#4c8f8a;}\n.rtm-ms-glyph{\n  font-family:\"Material Symbols Outlined\" !important;\n  font-weight:400 !important;\n  font-style:normal !important;\n  font-size:24px !important;\n  line-height:1 !important;\n  letter-spacing:normal !important;\n  text-transform:none !important;\n  white-space:nowrap !important;\n  word-wrap:normal !important;\n  direction:ltr !important;\n  display:block !important;\n  -webkit-font-smoothing:antialiased !important;\n  -moz-osx-font-smoothing:grayscale !important;\n  font-feature-settings:\"liga\" 1, \"kern\" 1 !important;\n  font-variation-settings:\"FILL\" 0,\"wght\" 400,\"GRAD\" 0,\"opsz\" 24;\n}\n.rtm-ms-inline{\n  display:inline-flex !important;\n  align-items:center !important;\n  justify-content:center !important;\n  vertical-align:middle !important;\n}\n<\/style>\n<style>\n    .rtm-about{--brand-green: #62ab66;\n        --brand-green-hover: #69b36d;\n        --bg-a: #121212;\n        --bg-b: #1E1E1E;\n        --text-main: #F5F5F7;\n        --text-muted: #B0B8C4;\n        --line: #2f343a;\n        \n        \n        line-height: 1.68;}\n\n    .rtm-about .section {\n        padding: 48px 20px;\n        \n    }\n\n    .rtm-about .section.alt {\n        \n    }\n\n    .rtm-about .wrap {\n        max-width: 1200px;\n        margin: 0 auto;\n    }\n\n    .rtm-about h1,\n    .rtm-about h2,\n    .rtm-about h3 {\n        margin-top: 0;\n    }\n\n    .rtm-about .kicker {\n        display: inline-block;\n        \n        text-transform: uppercase;\n        letter-spacing: 0.08em;\n        font-weight: 700;\n        margin-bottom: 16px;\n    }\n\n    .rtm-about .hero {\n        display: grid;\n        grid-template-columns: 1.2fr 1fr;\n        gap: 30px;\n        align-items: center;\n    }\n\n    .rtm-about .hero h1 {\n        \n        line-height: 1.12;\n        margin-bottom: 18px;\n    }\n\n    .rtm-about .lead {\n        \n        max-width: 780px;\n    }\n\n    .rtm-about .hero-actions {\n        display: flex;\n        gap: 12px;\n        flex-wrap: wrap;\n        margin-top: 24px;\n    }\n\n    .rtm-about .btn {\n        display: inline-flex;\n        align-items: center;\n        gap: 8px;\n        padding: 13px 22px;\n        border-radius: 8px;\n        text-decoration: none;\n        border: 1px solid transparent;\n        transition: transform .2s ease, box-shadow .2s ease, background-color .2s ease;\n    }\n\n    .rtm-about .btn.primary {\n        background: var(--brand-green);\n        \n        box-shadow: 0 4px 14px rgba(98, 171, 102, .16);\n    }\n\n    .rtm-about .btn.primary:hover {\n        background: var(--brand-green-hover);\n        transform: translateY(-2px);\n        box-shadow: 0 7px 18px rgba(98, 171, 102, .24);\n    }\n\n    .rtm-about .btn.ghost {\n        border-color: var(--line);\n        \n        background: transparent;\n    }\n\n    .rtm-about .btn.ghost:hover {\n        border-color: var(--brand-green);\n        \n        transform: translateY(-2px);\n    }\n\n    .rtm-about .hero-media {\n        border: 1px solid var(--line);\n        border-radius: 14px;\n        overflow: hidden;\n    }\n\n    .rtm-about .hero-media img {\n        width: 100%;\n        height: auto;\n        display: block;\n        aspect-ratio: 4 \/ 3;\n        object-fit: cover;\n    }\n\n    .rtm-about .section-title {\n        \n        text-align: center;\n        margin-bottom: 14px;\n    }\n\n    .rtm-about .section-subtitle {\n        \n        text-align: center;\n        max-width: 800px;\n        margin: 0 auto 38px;\n    }\n\n    .rtm-about .stats {\n        display: grid;\n        grid-template-columns: repeat(4, minmax(0, 1fr));\n        gap: 14px;\n    }\n\n    .rtm-about .stats-block {\n        margin-top: 18px;\n    }\n\n    .rtm-about .stat {border-radius: 10px;\n        \n        padding: 16px;background:#f5f5f7;}\n\n    .rtm-about .stat strong {\n        \n        display: block;\n        margin-bottom: 6px;\n    }\n\n    .rtm-about .grid-2 {\n        display: grid;\n        grid-template-columns: 1fr 1fr;\n        gap: 22px;\n        align-items: start;\n    }\n\n    .rtm-about .card-grid {\n        display: grid;\n        grid-template-columns: repeat(3, minmax(0, 1fr));\n        gap: 16px;\n    }\n\n    .rtm-about .card {border-radius: 12px;\n        padding: 18px;background:#f5f5f7;}\n\n    .rtm-about .card i {\n        \n        font-size: 24px;\n        margin-bottom: 10px;\n    }\n\n    .rtm-about .card h3 {\n        margin-bottom: 8px;\n    }\n\n    .rtm-about .card p {\n        \n        margin: 0;\n    }\n\n    .rtm-about .card ul {\n        margin: 0;\n        padding-left: 18px;\n        \n    }\n\n    .rtm-about .card li {\n        margin-bottom: 8px;\n    }\n\n    .rtm-about .card li:last-child {\n        margin-bottom: 0;\n    }\n\n    .rtm-about .highlight-box {border-radius: 12px;\n        padding: 18px;background:#f5f5f7;}\n\n    .rtm-about .highlight-box h3 {\n        \n        margin-bottom: 10px;\n    }\n\n    .rtm-about .highlight-box p {\n        \n        margin: 0;\n    }\n\n    .rtm-about .process {\n        display: grid;\n        grid-template-columns: repeat(4, minmax(0, 1fr));\n        gap: 16px;\n    }\n\n    .rtm-about .step {border-radius: 12px;\n        padding: 18px;\n        position: relative;background:#f5f5f7;}\n\n    .rtm-about .step .no {\n        width: 34px;\n        height: 34px;\n        border-radius: 50%;\n        display: inline-flex;\n        align-items: center;\n        justify-content: center;\n        \n        \n        font-weight: 700;\n        margin-bottom: 10px;\n    }\n\n    .rtm-about .list-clean {\n        list-style: none;\n        padding: 0;\n        margin: 0;\n    }\n\n    .rtm-about .list-clean li {\n        border-bottom: 1px solid var(--line);\n        padding: 12px 0;\n        \n        display: flex;\n        gap: 10px;\n        align-items: flex-start;\n    }\n\n    .rtm-about .list-clean li:last-child {\n        border-bottom: 0;\n    }\n\n    .rtm-about .list-clean i {\n        \n        margin-top: 3px;\n    }\n\n    @media (max-width: 1024px) {\n        .rtm-about .hero {\n            grid-template-columns: 1fr;\n        }\n\n        .rtm-about .stats {\n            grid-template-columns: repeat(2, minmax(0, 1fr));\n        }\n\n        .rtm-about .card-grid {\n            grid-template-columns: repeat(2, minmax(0, 1fr));\n        }\n\n        .rtm-about .process {\n            grid-template-columns: repeat(2, minmax(0, 1fr));\n        }\n    }\n\n    @media (max-width: 640px) {\n        .rtm-about .section {\n            padding: 36px 20px;\n        }\n\n        .rtm-about .stats,\n        .rtm-about .grid-2,\n        .rtm-about .card-grid,\n        .rtm-about .process {\n            grid-template-columns: 1fr;\n        }\n    }\n\n\/* codex-generic-button-clean-about *\/\n.rtm-about .btn.primary,\n.rtm-about .btn.ghost {\n  display: inline-flex;\n  align-items: center;\n  justify-content: center;\n  gap: 8px;\n  font-weight: 600;\n  transition: background-color 0.2s ease, border-color 0.2s ease, color 0.2s ease, transform 0.2s ease;\n}\n.rtm-about .btn.primary {\n  background: #005D30 !important;\n  color: #FFFFFF !important;\n  border: 0 !important;\n  box-shadow: none !important;\n}\n.rtm-about .btn.primary:hover,\n.rtm-about .btn.primary:focus-visible {\n  background: #004624 !important;\n  color: #FFFFFF !important;\n  border: 0 !important;\n  box-shadow: none !important;\n  transform: translateY(-1px);\n}\n.rtm-about .btn.ghost {\n  background: transparent !important;\n  color: #005D30 !important;\n  border: 1px solid #005D30 !important;\n  box-shadow: none !important;\n}\n.rtm-about .btn.ghost:hover,\n.rtm-about .btn.ghost:focus-visible {\n  background: rgba(0, 93, 48, 0.08) !important;\n  color: #005D30 !important;\n  border-color: #005D30 !important;\n  transform: translateY(-1px);\n}\n.rtm-about .btn.primary:focus-visible,\n.rtm-about .btn.ghost:focus-visible {\n  outline: 3px solid rgba(0, 93, 48, 0.18) !important;\n  outline-offset: 3px !important;\n}\n\n<\/style>\n<div class=\"rtm-about\">\n<section class=\"section alt\">\n<div class=\"wrap hero\">\n<div>\n<span class=\"kicker\">\u00dcber Rumtoo<\/span>\n<h1>Entwickelt f\u00fcr zuverl\u00e4ssige Kunststoffrecyclingleistung<\/h1>\n<p class=\"lead\">Rumtoo entwickelt und fertigt Kunststoffrecyclingmaschinen f\u00fcr den realen Produktionsbetrieb. Wir konzentrieren uns auf einen stabilen Durchsatz, wartungsfreundliche L\u00f6sungen und langfristigen Service, damit Ihre Produktionslinie mit weniger Unterbrechungen l\u00e4uft.<\/p>\n<div class=\"hero-actions\">\n<a class=\"btn primary\" href=\"https:\/\/www.recyclemachine.net\/de\/kontaktiere-uns\/\" rel=\"noopener\" target=\"_blank\"><span class=\"rtm-ms-inline-wrap\"><span data-no-translation=\"\" data-no-dynamic-translation=\"\" translate=\"no\" aria-hidden=\"true\" class=\"material-symbols-outlined rtm-ms-glyph rtm-ms-inline\">send<\/span><\/span>Kontaktieren Sie unser Team<\/a>\n<a class=\"btn ghost\" href=\"https:\/\/www.recyclemachine.net\/de\/plastic-recycling-lines\/\" rel=\"noopener\" target=\"_blank\">Produktlinien entdecken<\/a>\n<\/div>\n<\/div>\n<div class=\"hero-media\">\n<img alt=\"Rumtoo-Fertigungsanlage und Entwicklungsbasis\" decoding=\"async\" fetchpriority=\"high\" height=\"900\" loading=\"eager\" src=\"https:\/\/recyclemachine.net\/wp-content\/uploads\/2023\/02\/zhangjiagang-1-1.jpg?id=6969\" width=\"1200\"\/>\n<\/div>\n<\/div>\n<\/section>\n<section class=\"section\">\n<div class=\"wrap\">\n<h2 class=\"section-title\">Wer wir sind<\/h2>\n<p class=\"section-subtitle\">Rumtoo Plastic Recycling Machinery ist ein f\u00fchrender Hersteller, der sich auf Hochleistungsl\u00f6sungen f\u00fcr das Recycling von PET-Flaschen und PP\/PE-Folien spezialisiert hat.<\/p>\n<div class=\"grid-2\">\n<div>\n<p class=\"lead\">Mit mehr als zwei Jahrzehnten Erfahrung in der Kunststoffrecyclingindustrie haben wir uns als vertrauensw\u00fcrdiger Marktf\u00fchrer bei der Bereitstellung integrierter Ingenieurl\u00f6sungen f\u00fcr komplexe Abfallprobleme etabliert.<\/p>\n<p class=\"lead\">Unsere Mission ist einfach: Wir bieten die zuverl\u00e4ssigsten und effizientesten Maschinen, die Kunststoffabf\u00e4lle in hochreine Rohstoffe verwandeln und unseren Partnern so zu wirtschaftlichem und \u00f6kologischem Erfolg verhelfen.<\/p>\n<\/div>\n<div class=\"highlight-box\">\n<h3>Markenfundament<\/h3>\n<p>Wir kombinieren Fertigungskompetenz, Verfahrenstechnik und Kundendienst, um Recyclinganlagen zu liefern, die unter realen Produktionsbedingungen konstant gute Leistungen erbringen.<\/p>\n<\/div>\n<\/div>\n<div class=\"stats stats-block\">\n<div class=\"stat\"><strong>\u00dcber 20 Jahre<\/strong><span>Fachkompetenz im Bereich Kunststoffrecycling<\/span><\/div>\n<div class=\"stat\"><strong>Hunderte von Pflanzen<\/strong><span>Globale Einrichtungen werden unterst\u00fctzt<\/span><\/div>\n<div class=\"stat\"><strong>Tausende Tonnen<\/strong><span>Monatlich von den Partnerbetrieben verarbeitet.<\/span><\/div>\n<div class=\"stat\"><strong>Internationaler Versand<\/strong><span>Professionelle Inbetriebnahme und technischer Support<\/span><\/div>\n<\/div>\n<\/div>\n<\/section>\n<section class=\"section alt\">\n<div class=\"wrap\">\n<h2 class=\"section-title\">Unsere Expertise: Vom \u201cSchmutzigen\u201d Abfall zu hochreinen Granulaten<\/h2>\n<p class=\"section-subtitle\">Im Gegensatz zu Anbietern von Standardausr\u00fcstung hat sich Rumtoo auf die Verarbeitung stark verschmutzter und anspruchsvoller Post-Consumer-Materialien spezialisiert.<\/p>\n<div class=\"card-grid\">\n<article class=\"card\">\n<span class=\"rtm-ms-chip rtm-ms-tone-6\"><span data-no-translation=\"\" data-no-dynamic-translation=\"\" translate=\"no\" aria-hidden=\"true\" class=\"material-symbols-outlined rtm-ms-glyph\">recycling<\/span><\/span>\n<h3>Recycling von PET-Flaschen<\/h3>\n<p>Hocheffiziente Reinigungs- und Sortierl\u00f6sungen f\u00fcr PET-Flakes in Lebensmittel- oder Faserqualit\u00e4t.<\/p>\n<\/article>\n<article class=\"card\">\n<span class=\"rtm-ms-chip rtm-ms-tone-6\"><span data-no-translation=\"\" data-no-dynamic-translation=\"\" translate=\"no\" aria-hidden=\"true\" class=\"material-symbols-outlined rtm-ms-glyph\">speed<\/span><\/span>\n<h3>PP\/PE-Film- &amp; Taschenrecycling<\/h3>\n<p>Konzipiert f\u00fcr die Verarbeitung von LDPE-Stretchfolien, PP-Vliess\u00e4cken und Plastikt\u00fcten mit stabilem Durchsatz.<\/p>\n<\/article>\n<article class=\"card\">\n<span class=\"rtm-ms-chip rtm-ms-tone-4\"><span data-no-translation=\"\" data-no-dynamic-translation=\"\" translate=\"no\" aria-hidden=\"true\" class=\"material-symbols-outlined rtm-ms-glyph\">category<\/span><\/span>\n<h3>Kontaminierte Materialien<\/h3>\n<p>Langlebige W\u00e4scheleinen, die f\u00fcr stark verschmutztes Ausgangsmaterial entwickelt wurden und schwierige Abf\u00e4lle in hochwertiges Kunststoffgranulat verwandeln.<\/p>\n<\/article>\n<\/div>\n<\/div>\n<\/section>\n<section class=\"section\">\n<div class=\"wrap\">\n<h2 class=\"section-title\">Umfassendes Produktsortiment<\/h2>\n<p class=\"section-subtitle\">Wir bieten ein komplettes \u00d6kosystem an Recyclingmaschinen f\u00fcr eine nahtlose Integration und maximale Betriebszeit.<\/p>\n<div class=\"card-grid\">\n<article class=\"card\">\n<span class=\"rtm-ms-chip rtm-ms-tone-6\"><span data-no-translation=\"\" data-no-dynamic-translation=\"\" translate=\"no\" aria-hidden=\"true\" class=\"material-symbols-outlined rtm-ms-glyph\">workspace_premium<\/span><\/span>\n<h3>Wasch- &amp; Reinigungssysteme<\/h3>\n<p>Fortschrittliche Wasch- und Trocknungssysteme f\u00fcr das Kunststoffrecycling zur Sicherstellung einer gleichbleibenden Produktqualit\u00e4t im nachgelagerten Bereich.<\/p>\n<\/article>\n<article class=\"card\">\n<span class=\"rtm-ms-chip rtm-ms-tone-6\"><span data-no-translation=\"\" data-no-dynamic-translation=\"\" translate=\"no\" aria-hidden=\"true\" class=\"material-symbols-outlined rtm-ms-glyph\">settings<\/span><\/span>\n<h3>Verkleinerung<\/h3>\n<p>Hochleistungsf\u00e4hige Kunststoffzerkleinerer und hochpr\u00e4zise Kunststoffbrecher f\u00fcr eine zuverl\u00e4ssige Materialaufbereitung.<\/p>\n<\/article>\n<article class=\"card\">\n<span class=\"rtm-ms-chip rtm-ms-tone-6\"><span data-no-translation=\"\" data-no-dynamic-translation=\"\" translate=\"no\" aria-hidden=\"true\" class=\"material-symbols-outlined rtm-ms-glyph\">verified<\/span><\/span>\n<h3>Pelletieranlagen<\/h3>\n<p>Modernste Anlagen zur Kunststoffgranulierung f\u00fcr gleichbleibende Ausgabequalit\u00e4t und Betriebsstabilit\u00e4t.<\/p>\n<\/article>\n<article class=\"card\">\n<span class=\"rtm-ms-chip rtm-ms-tone-6\"><span data-no-translation=\"\" data-no-dynamic-translation=\"\" translate=\"no\" aria-hidden=\"true\" class=\"material-symbols-outlined rtm-ms-glyph\">support_agent<\/span><\/span>\n<h3>Support &amp; Wartung<\/h3>\n<p>Zusatzausr\u00fcstung, Hausm\u00fcllsortiermaschinen, Ballenpressen und Recyclingmaschinenmesser, um einen reibungslosen Anlagenbetrieb zu gew\u00e4hrleisten.<\/p>\n<\/article>\n<\/div>\n<\/div>\n<\/section>\n<section class=\"section alt\">\n<div class=\"wrap\">\n<h2 class=\"section-title\">Warum Rumtoo w\u00e4hlen?<\/h2>\n<p class=\"section-subtitle\">Ein verl\u00e4sslicher technischer Partner f\u00fcr langfristige Recyclingprozesse.<\/p>\n<div class=\"process\">\n<article class=\"step\">\n<span class=\"no\">1<\/span>\n<h3>20+ Jahre Erfahrung<\/h3>\n<p class=\"lead\">Jahrzehntelange Erfahrung im Bereich der Konstruktion von Kunststoffrecyclingmaschinen und -verfahren.<\/p>\n<\/article>\n<article class=\"step\">\n<span class=\"no\">2<\/span>\n<h3>Globale Reichweite<\/h3>\n<p class=\"lead\">Wir unterst\u00fctzen Hunderte von Recyclinganlagen weltweit und verarbeiten monatlich Tausende von Tonnen.<\/p>\n<\/article>\n<article class=\"step\">\n<span class=\"no\">3<\/span>\n<h3>Internationale Standards<\/h3>\n<p class=\"lead\">Fachgerechte Inbetriebnahme und technischer Support f\u00fcr komplexe internationale Installationsprojekte.<\/p>\n<\/article>\n<article class=\"step\">\n<span class=\"no\">4<\/span>\n<h3>Robustheit &amp; Effizienz<\/h3>\n<p class=\"lead\">Maschinen, die f\u00fcr eine lange Lebensdauer unter anspruchsvollen Bedingungen im gro\u00dftechnischen Recyclingprozess ausgelegt sind.<\/p>\n<\/article>\n<\/div>\n<\/div>\n<\/section>\n<section class=\"section\">\n<div class=\"wrap\">\n<h2 class=\"section-title\">F\u00f6rderung der Kreislaufwirtschaft<\/h2>\n<p class=\"section-subtitle\">Bei Rumtoo glauben wir, dass Plastik kein Abfall, sondern eine Ressource ist.<\/p>\n<div class=\"highlight-box\">\n<p>Mit der Bereitstellung der Technologie zur Schlie\u00dfung des Kreislaufs sind wir stolz darauf, an der Spitze der globalen Kreislaufwirtschaft zu stehen und Einrichtungen weltweit dabei zu helfen, \u00f6kologische Herausforderungen in nachhaltigen Wert zu verwandeln.<\/p>\n<\/div>\n<\/div>\n<\/section>\n<\/div>","protected":false},"excerpt":{"rendered":"<p>\u00dcber Rumtoo f\u00fcr zuverl\u00e4ssige Kunststoffrecyclingleistung Rumtoo entwirft und fertigt Kunststoffrecyclingmaschinen f\u00fcr echte Produktionsfl\u00e4chen. Wir legen Wert auf stabile Durchsatzleistung, praktische Wartung und langfristige Serviceunterst\u00fctzung, damit Ihre Linie mit weniger Unterbrechungen l\u00e4uft. Kontaktieren Sie unser Team Produktlinien entdecken Wer wir sind Rumtoo Kunststoffrecyclingmaschinen ist ein f\u00fchrender Hersteller \u2026 <a href=\"https:\/\/www.recyclemachine.net\/de\/uber-uns\/\" class=\"more-link\">Weiterlesen <span class=\"screen-reader-text\">\u00dcber uns<\/span><\/a><\/p>","protected":false},"author":1,"featured_media":0,"parent":0,"menu_order":8,"comment_status":"closed","ping_status":"closed","template":"","meta":{"footnotes":""},"class_list":["post-3906","page","type-page","status-publish","hentry"],"tsf_title":"About Rumtoo | Leading Plastic Recycling Machinery Manufacturer","tsf_description":"With 20+ years of expertise, Rumtoo manufactures high-quality PET bottle and PP\/PE film recycling machines, including washing lines, shredders, and pelletizing systems for global facilities.","_links":{"self":[{"href":"https:\/\/www.recyclemachine.net\/de\/wp-json\/wp\/v2\/pages\/3906","targetHints":{"allow":["GET"]}}],"collection":[{"href":"https:\/\/www.recyclemachine.net\/de\/wp-json\/wp\/v2\/pages"}],"about":[{"href":"https:\/\/www.recyclemachine.net\/de\/wp-json\/wp\/v2\/types\/page"}],"author":[{"embeddable":true,"href":"https:\/\/www.recyclemachine.net\/de\/wp-json\/wp\/v2\/users\/1"}],"replies":[{"embeddable":true,"href":"https:\/\/www.recyclemachine.net\/de\/wp-json\/wp\/v2\/comments?post=3906"}],"version-history":[{"count":0,"href":"https:\/\/www.recyclemachine.net\/de\/wp-json\/wp\/v2\/pages\/3906\/revisions"}],"wp:attachment":[{"href":"https:\/\/www.recyclemachine.net\/de\/wp-json\/wp\/v2\/media?parent=3906"}],"curies":[{"name":"wp","href":"https:\/\/api.w.org\/{rel}","templated":true}]}}