{"id":3,"date":"2024-01-21T19:29:56","date_gmt":"2024-01-22T03:29:56","guid":{"rendered":"https:\/\/recyclemachine.net\/?page_id=3"},"modified":"2025-09-06T05:10:14","modified_gmt":"2025-09-06T12:10:14","slug":"datenschutzrichtlinie","status":"publish","type":"page","link":"https:\/\/www.recyclemachine.net\/de\/datenschutzrichtlinie\/","title":{"rendered":"Datenschutzrichtlinie"},"content":{"rendered":"<p data-is-html-content=\"true\"><\/p>\n<div class=\"privacy-policy-container\">\n<style>\n\n\n\n\n\n\n\n\n\n<\/style>\n<p>Willkommen bei Rumtoo Machine. Wir verpflichten uns, Ihre Privatsph\u00e4re zu sch\u00fctzen. Diese Richtlinie beschreibt, wie wir Ihre pers\u00f6nlichen Daten sammeln, verwenden und sch\u00fctzen.<\/p>\n<h3>1. Welche Informationen wir sammeln<\/h3>\n<p>Wir sammeln Informationen auf folgende Weise:<\/p>\n<ul>\n<li><b>Informationen, die Sie direkt zur Verf\u00fcgung stellen:<\/b> Wenn Sie sich registrieren, eine Bestellung aufgeben, unseren Newsletter abonnieren oder ein Formular ausf\u00fcllen, k\u00f6nnen wir Ihren Namen, Ihre E-Mail-Adresse, Ihre Postanschrift, Ihre Telefonnummer und Ihre Zahlungsdaten erfassen.<\/li>\n<li><b>Automatisch erfasste Informationen:<\/b> Wenn Sie unsere Website besuchen, verwenden wir Cookies und \u00e4hnliche Technologien, um automatisch Informationen \u00fcber Ihr Ger\u00e4t und Ihr Surfverhalten zu sammeln. Dies hilft uns, die Pr\u00e4ferenzen der Nutzer zu verstehen und unseren Service zu verbessern.<\/li>\n<\/ul>\n<h3>2. Wie wir Ihre Informationen verwenden<\/h3>\n<p>Ihre Daten werden f\u00fcr die folgenden Zwecke verwendet:<\/p>\n<ul>\n<li><b>Zur Bereitstellung und Verwaltung unserer Dienste:<\/b> Ausf\u00fchrung von Bestellungen, Bearbeitung von Zahlungen und Lieferung von Produkten.<\/li>\n<li><b>Um Ihr Erlebnis zu verbessern:<\/b> Personalisierung von Inhalten und Angeboten auf der Grundlage Ihrer Bed\u00fcrfnisse und Ihres Feedbacks.<\/li>\n<li><b>F\u00fcr die Kundenbetreuung:<\/b> Beantwortung Ihrer Anfragen und L\u00f6sung von Problemen.<\/li>\n<li><b>F\u00fcr die Kommunikation:<\/b> Wir senden Ihnen E-Mails zu Ihren Bestellungen sowie zu Unternehmensnachrichten, Aktualisierungen und Werbeaktionen. Sie k\u00f6nnen Marketing-E-Mails jederzeit abbestellen, indem Sie auf den Link \"Abbestellen\" klicken.<\/li>\n<\/ul>\n<h3>3. Cookies und Tracking-Technologien<\/h3>\n<p>Unsere Website verwendet Cookies, um die Funktionalit\u00e4t zu verbessern. Diese kleinen Dateien helfen uns, Ihre Pr\u00e4ferenzen zu speichern und den Websiteverkehr zu analysieren. Wir arbeiten m\u00f6glicherweise auch mit Drittanbietern wie Google zusammen, die Cookies verwenden, um Anzeigen auf der Grundlage Ihrer fr\u00fcheren Besuche auf unserer Website und anderen Websites im Internet zu schalten. Sie k\u00f6nnen Ihre Cookie-Pr\u00e4ferenzen \u00fcber Ihre Browser-Einstellungen verwalten.<\/p>\n<h3>4. Weitergabe und Offenlegung von Informationen<\/h3>\n<p>Wir sch\u00e4tzen Ihre Privatsph\u00e4re. Wir verkaufen oder vermieten Ihre pers\u00f6nlichen Daten nicht an Dritte. Ihre Daten werden nur unter den folgenden Umst\u00e4nden weitergegeben:<\/p>\n<ul>\n<li><b>Mit vertrauensw\u00fcrdigen Dienstleistern:<\/b> Wir geben Informationen an Partner weiter, die uns bei der Abwicklung von Gesch\u00e4ftsvorg\u00e4ngen unterst\u00fctzen, wie z. B. Zahlungsabwickler und Versandunternehmen. Diese Partner sind gesetzlich verpflichtet, Ihre Daten zu sch\u00fctzen.<\/li>\n<li><b>Zur Einhaltung der Rechtsvorschriften:<\/b> Wir k\u00f6nnen Informationen offenlegen, wenn dies gesetzlich vorgeschrieben ist oder um unsere Rechte, unser Eigentum oder unsere Sicherheit zu sch\u00fctzen.<\/li>\n<\/ul>\n<h3>5. Datensicherheit<\/h3>\n<p>Wir setzen robuste Sicherheitsma\u00dfnahmen ein, um Ihre pers\u00f6nlichen Daten zu sch\u00fctzen. Sensible Daten, wie z. B. Kreditkartendaten, werden \u00fcber eine SSL-Verschl\u00fcsselung (Secure Socket Layer) \u00fcbertragen. Nachdem eine Transaktion abgeschlossen ist, werden Ihre privaten Finanzdaten nicht auf unseren Servern gespeichert.<\/p>\n<h3>6. Ihre Rechte und Wahlm\u00f6glichkeiten<\/h3>\n<p>Sie haben Rechte in Bezug auf Ihre personenbezogenen Daten. Je nach Ihrem Wohnort haben Sie m\u00f6glicherweise das Recht auf:<\/p>\n<ul>\n<li><b>Zugang:<\/b> Sie k\u00f6nnen eine Kopie der pers\u00f6nlichen Daten anfordern, die wir \u00fcber Sie gespeichert haben.<\/li>\n<li><b>Berichtigung:<\/b> Sie k\u00f6nnen verlangen, dass wir ungenaue oder unvollst\u00e4ndige Informationen korrigieren.<\/li>\n<li><b>L\u00f6schung:<\/b> die L\u00f6schung Ihrer personenbezogenen Daten zu verlangen, vorbehaltlich bestimmter rechtlicher Verpflichtungen.<\/li>\n<\/ul>\n<p>Um diese Rechte auszu\u00fcben, wenden Sie sich bitte an info@recyclemachine.net.<\/p>\n<h3>7. Links von Drittanbietern<\/h3>\n<p>Unsere Website kann Links zu externen Websites enthalten. Wir sind nicht verantwortlich f\u00fcr die Datenschutzpraktiken dieser anderen Websites. Wir empfehlen Ihnen, deren Datenschutzrichtlinien zu lesen.<\/p>\n<h3>8. Privatsph\u00e4re der Kinder<\/h3>\n<p>Unsere Dienste richten sich nicht an Personen unter 13 Jahren. Wir sammeln nicht wissentlich pers\u00f6nliche Daten von Kindern unter 13 Jahren.<\/p>\n<h3>9. Politische Aktualisierungen<\/h3>\n<p>Wir k\u00f6nnen diese Datenschutzrichtlinie von Zeit zu Zeit aktualisieren. Alle \u00c4nderungen werden auf dieser Seite ver\u00f6ffentlicht, und wir empfehlen Ihnen, sie regelm\u00e4\u00dfig zu \u00fcberpr\u00fcfen.<\/p>\n<p class=\"last-updated\">Diese Richtlinie wurde zuletzt am 1. Mai 2024 aktualisiert.<\/p>\n<p>Wenn Sie Fragen zu dieser Richtlinie haben, lesen Sie bitte unsere <a href=\"#\">Gesch\u00e4ftsbedingungen<\/a> oder kontaktieren Sie uns direkt.<\/p>\n<\/div>\n<p><\/p>","protected":false},"excerpt":{"rendered":"<p>Willkommen bei Rumtoo Machine. Wir sind verpflichtet, Ihre Privatsph\u00e4re zu sch\u00fctzen. Diese Richtlinie erl\u00e4utert, wie wir Ihre pers\u00f6nlichen Informationen sammeln, nutzen und sch\u00fctzen. 1. Welche Informationen wir sammeln Wir sammeln Informationen auf folgende Weise: Direkt von Ihnen bereitgestellte Informationen: Wenn Sie sich registrieren, eine Bestellung aufgeben, unseren Newsletter abonnieren oder ein Formular ausf\u00fcllen, erfassen wir \u2026 <a href=\"https:\/\/www.recyclemachine.net\/de\/datenschutzrichtlinie\/\" class=\"more-link\">Weiterlesen <span class=\"screen-reader-text\">Datenschutzrichtlinie<\/span><\/a><\/p>","protected":false},"author":1,"featured_media":0,"parent":0,"menu_order":0,"comment_status":"closed","ping_status":"open","template":"","meta":{"footnotes":""},"class_list":["post-3","page","type-page","status-publish","hentry"],"tsf_seo":{"title":"Datenschutzrichtlinie","description":"Um Ihnen eine sichere und nahtlose Nutzung der verschiedenen Dienste und Informationen auf unserer Website zu erm\u00f6glichen, verpflichten wir uns, Ihre Privatsph\u00e4re zu sch\u00fctzen.","robots":"index, follow","canonical":"https:\/\/www.recyclemachine.net\/de\/datenschutzrichtlinie\/","og_title":"Privacy Policy","og_description":"In order to provide you with a safe and seamless experience when using the various services and information on our website, we are committed to protecting your privacy","og_image":""},"_links":{"self":[{"href":"https:\/\/www.recyclemachine.net\/de\/wp-json\/wp\/v2\/pages\/3","targetHints":{"allow":["GET"]}}],"collection":[{"href":"https:\/\/www.recyclemachine.net\/de\/wp-json\/wp\/v2\/pages"}],"about":[{"href":"https:\/\/www.recyclemachine.net\/de\/wp-json\/wp\/v2\/types\/page"}],"author":[{"embeddable":true,"href":"https:\/\/www.recyclemachine.net\/de\/wp-json\/wp\/v2\/users\/1"}],"replies":[{"embeddable":true,"href":"https:\/\/www.recyclemachine.net\/de\/wp-json\/wp\/v2\/comments?post=3"}],"version-history":[{"count":0,"href":"https:\/\/www.recyclemachine.net\/de\/wp-json\/wp\/v2\/pages\/3\/revisions"}],"wp:attachment":[{"href":"https:\/\/www.recyclemachine.net\/de\/wp-json\/wp\/v2\/media?parent=3"}],"curies":[{"name":"wp","href":"https:\/\/api.w.org\/{rel}","templated":true}]}}